{"id":14462,"date":"2025-05-24T10:29:57","date_gmt":"2025-05-24T08:29:57","guid":{"rendered":"https:\/\/electro-tot-menage.es\/?post_type=product&#038;p=14462"},"modified":"2025-05-24T10:29:57","modified_gmt":"2025-05-24T08:29:57","slug":"microsistema-bluetooth-dab-denon-d-m41-en-plata-y-madera","status":"publish","type":"product","link":"https:\/\/electro-tot-menage.es\/index.php\/produit\/microsistema-bluetooth-dab-denon-d-m41-en-plata-y-madera\/","title":{"rendered":"Microsistema Bluetooth DAB Denon D-M41 en plata y madera"},"content":{"rendered":"<section id=\"Characteristics\" class=\"productStrates__row js-productStrate\" data-strate-type=\"Characteristics\" data-strate-async=\"false\" data-strate-url=\"\/Nav\/API\/Article\/GetStrate?prid=10679751&amp;catalogRef=1&amp;strateType=Characteristics\">\n<div class=\"productStrates__column\">\n<div class=\"productStrate characteristicsStrate js-expand js-expand-active js-expand-opened\">\n<div class=\"characteristicsStrate__lists\">\n<div class=\"characteristicsStrate__item\">\n<p>Altavoces sat\u00e9lite: 2<br \/>\nCaracter\u00edsticas adicionalesConectividad: Funci\u00f3n de control de tono (graves, agudos), SDB (Super Dynamic Bass), Funci\u00f3n de fuente directa, Alarma (una vez, diaria, suspensi\u00f3n), Repetici\u00f3n de CD, modo aleatorio, Sintonizador DAB Banda III 174 MHz \u2013 240 MHz (solo versi\u00f3n DAB), FM 87.50 MHz \u2013 108.00 MHz, RDS, Radiotexto, Multisincronizaci\u00f3n: 8<br \/>\nAlimentaci\u00f3n: CA 230 V, 50\/60 Hz<br \/>\nPotencia de salida (en vatios): 30 W + 30 W (6 ohmios, 1 kHz)<br \/>\nEntrada(s) de audio: 2 digitales \u00f3pticas \u2013 1 anal\u00f3gica<br \/>\nComunicaci\u00f3n inal\u00e1mbrica: Bluetooth<br \/>\nTipo de unidad: Unidad de CD-ROM<br \/>\nConectado: S\u00ed<br \/>\nSintonizador: FM \u2013 DAB +<br \/>\nCaracter\u00edsticas HiFi: Funci\u00f3n de radio<br \/>\nTipo de cadena y plato giratorio: Micro cadena<br \/>\nAltura del producto: 309 mm<br \/>\nAncho del producto: 115 mm<br \/>\nLongitud del producto: 210 mm<br \/>\nPeso del producto: 4000 g<br \/>\nColor: Plata y Madera<br \/>\nDimensiones: Dimensiones del altavoz AnxAlxPr (cm): 14,5 x 23,8 x 23,4 cm; Dimensiones del bloque LxHxP (cm): 21 x 11,5 x 30,9 cm; Dimensiones del altavoz An. x Al. x Pr. (cm): 14,5 x 23,8 x 23,4 cm<br \/>\nDIGNO HEREDERO DEL D-M40, CON FUNCI\u00d3N<\/p>\n<p>BLUETOOTH Y MEJOR CALIDAD DE AUDIO<\/p>\n<p>El microsistema Hi-Fi DAB D-M41 con reproductor de CD y Bluetooth ofrece una versi\u00f3n mejorada del sonido caracter\u00edstico de la Serie M de Denon desde un chasis compacto con su sistema de altavoces a juego.<\/p>\n<p>&#8211; PUNTOS FUERTES<\/p>\n<p>Reproductor de CD de calidad Hi-Fi de tama\u00f1o compacto<\/p>\n<p>Salida de 2 x 30 W, m\u00e1s conector de preamplificador para un subwoofer activo<\/p>\n<p>Nuevos circuitos anal\u00f3gicos y discretos<\/p>\n<p>Dise\u00f1o de circuitos sencillos y directos y dise\u00f1o de triple reducci\u00f3n de ruido (TNRD)<\/p>\n<p>Funcionalidad Bluetooth incorporada<\/p>\n<p>Modo Bluetooth desactivado para una mejor calidad de sonido<\/p>\n<p>CD, radio FM (FM\/DAB\/DAB+ en RCD-M41DAB) y dos entradas digitales \u00f3pticas<\/p>\n<p>Pantalla FL de dos l\u00edneas<\/p>\n<p>Nuevo dise\u00f1o industrial del ic\u00f3nico receptor NE<\/p>\n<p>Sistema de altavoces SC-M41<\/p>\n<p>-TUS BENEFICIOS<\/p>\n<p>Sonido Hi-Fi de alta calidad desde un chasis sorprendentemente peque\u00f1o<\/p>\n<p>Potencia de salida adecuada para habitaciones de tama\u00f1o peque\u00f1o a mediano.<\/p>\n<p>Mejor calidad de audio<\/p>\n<p>Preservando la pureza de la se\u00f1al de audio<\/p>\n<p>Transmisi\u00f3n inal\u00e1mbrica instant\u00e1nea desde tel\u00e9fonos inteligentes y tabletas<\/p>\n<p>Capacidad de desactivar la se\u00f1al de radio para obtener sonido puro<\/p>\n<p>Muchas opciones de lectura<\/p>\n<p>Pantalla de estaciones de radio y nombres de carpetas de m\u00fasica f\u00e1ciles de leer, configuraci\u00f3n de navegaci\u00f3n simplificada<\/p>\n<p>Dise\u00f1o moderno, componentes Hi-Fi de alta gama<\/p>\n<p>Mejor calidad con RCD-M41 (DAB)<\/p>\n<p>Alta potencia de salida con circuito amplificador digital de nuevo dise\u00f1o y totalmente independiente<\/p>\n<p>Los ingenieros de Denon han reinventado por completo el dise\u00f1o de la Serie M, desde el estilo hasta la funcionalidad y los circuitos de audio, para ofrecer mejor calidad y rendimiento.<\/p>\n<p>El nuevo circuito amplificador ofrece 2x30W, suficiente para manejar los altavoces SC-M41 correspondientes u otros altavoces del mercado (el modelo RCD-M41 se puede comprar por separado) y tambi\u00e9n hay una secci\u00f3n de amplificador de auriculares para escucha individual.<\/p>\n<p>Dise\u00f1o de circuito simple y directo para una pureza de sonido.<\/p>\n<p>La serie M de Denon le ofrece un sonido de alta calidad basado en el concepto &#8220;simple y directo&#8221;. Los circuitos son simples, el recorrido de la se\u00f1al de audio es corto y se han limitado todas las influencias adversas sobre la calidad del sonido. El dise\u00f1o y la fabricaci\u00f3n del circuito dan como resultado una reproducci\u00f3n de sonido extremadamente fiel a la calidad original.<\/p>\n<p>Dise\u00f1o de triple reducci\u00f3n de ruido (TNRD) para preservar la pureza de la se\u00f1al<\/p>\n<p>En un componente de audio donde diferentes configuraciones de circuitos, placas y cables pueden influir entre s\u00ed, no es posible lograr caracter\u00edsticas o sonido satisfactorios simplemente reforzando el circuito del amplificador de potencia. Como resultado, Denon ha eliminado tres fuentes de ruido para garantizar que el sonido sea lo m\u00e1s puro posible. Se ha eliminado la distorsi\u00f3n del selector de entrada, del volumen electr\u00f3nico y del amplificador de potencia para mejorar la relaci\u00f3n se\u00f1al-ruido y ofrecer un sonido a\u00fan m\u00e1s suave y melodioso.<\/p>\n<p>Bluetooth para transmisi\u00f3n inal\u00e1mbrica instant\u00e1nea desde tel\u00e9fonos inteligentes y tabletas<\/p>\n<p>Bluetooth est\u00e1 integrado para permitir la conectividad inal\u00e1mbrica instant\u00e1nea con tel\u00e9fonos inteligentes, tabletas y computadoras, entre otras caracter\u00edsticas dise\u00f1adas para una m\u00e1xima flexibilidad. El circuito Bluetooth ha sido completamente dise\u00f1ado con un interruptor de encendido\/apagado, que permite una conexi\u00f3n inal\u00e1mbrica conveniente cuando sea necesario, as\u00ed como una mejor calidad de sonido de otras fuentes como CD, DAB\/DAB+ (modelo selectivo), FM o digital cuando no est\u00e1 en uso.<\/p>\n<p>Disfrute de un sonido premium en casa, en su oficina, dormitorio o cualquier otra habitaci\u00f3n.<\/p>\n<\/div>\n<\/div>\n<\/div>\n<\/div>\n<\/section>\n","protected":false},"excerpt":{"rendered":"<p>\u2705 Env\u00edo gratuito: de 5 a 7 d\u00edas<br \/>\n\u2705 Env\u00edo expr\u00e9s (9\u202f\u20ac): de 2 a 3 d\u00edas<br \/>\n\u2705 Pago seguro<br \/>\n\u2705 Devoluci\u00f3n en 30 d\u00edas<\/p>\n<p>DIGNO HEREDERO DEL D-M40, CON FUNCI\u00d3N BLUETOOTH Y MEJOR CALIDAD DE AUDIO El microsistema Hi-Fi DAB D-M41 con reproductor de CD y Bluetooth ofrece una versi\u00f3n mejorada del sonido caracter\u00edstico de la Serie M de Denon, desde un chasis compacto con su sistema de altavoces a juego. &#8211; CARACTER\u00cdSTICAS DESTACADAS Reproductor de CD de calidad Hi-Fi de tama\u00f1o compacto Salida de 2 x 30 W, m\u00e1s conector de preamplificador para un subwoofer activo Nuevos circuitos anal\u00f3gicos y discretos Dise\u00f1o de circuitos simple y directo<\/p>\n","protected":false},"featured_media":14463,"comment_status":"closed","ping_status":"closed","template":"","meta":[],"product_cat":[131],"product_tag":[],"class_list":["post-14462","product","type-product","status-publish","has-post-thumbnail","hentry","product_cat-cine-en-casa"],"_links":{"self":[{"href":"https:\/\/electro-tot-menage.es\/index.php\/wp-json\/wp\/v2\/product\/14462"}],"collection":[{"href":"https:\/\/electro-tot-menage.es\/index.php\/wp-json\/wp\/v2\/product"}],"about":[{"href":"https:\/\/electro-tot-menage.es\/index.php\/wp-json\/wp\/v2\/types\/product"}],"replies":[{"embeddable":true,"href":"https:\/\/electro-tot-menage.es\/index.php\/wp-json\/wp\/v2\/comments?post=14462"}],"version-history":[{"count":1,"href":"https:\/\/electro-tot-menage.es\/index.php\/wp-json\/wp\/v2\/product\/14462\/revisions"}],"predecessor-version":[{"id":14468,"href":"https:\/\/electro-tot-menage.es\/index.php\/wp-json\/wp\/v2\/product\/14462\/revisions\/14468"}],"wp:featuredmedia":[{"embeddable":true,"href":"https:\/\/electro-tot-menage.es\/index.php\/wp-json\/wp\/v2\/media\/14463"}],"wp:attachment":[{"href":"https:\/\/electro-tot-menage.es\/index.php\/wp-json\/wp\/v2\/media?parent=14462"}],"wp:term":[{"taxonomy":"product_cat","embeddable":true,"href":"https:\/\/electro-tot-menage.es\/index.php\/wp-json\/wp\/v2\/product_cat?post=14462"},{"taxonomy":"product_tag","embeddable":true,"href":"https:\/\/electro-tot-menage.es\/index.php\/wp-json\/wp\/v2\/product_tag?post=14462"}],"curies":[{"name":"wp","href":"https:\/\/api.w.org\/{rel}","templated":true}]}}