{"id":14441,"date":"2025-05-24T10:19:37","date_gmt":"2025-05-24T08:19:37","guid":{"rendered":"https:\/\/electro-tot-menage.es\/?post_type=product&#038;p=14441"},"modified":"2025-05-24T10:19:37","modified_gmt":"2025-05-24T08:19:37","slug":"jbl-partybox-300-eu-altavoz-pa-para-dj","status":"publish","type":"product","link":"https:\/\/electro-tot-menage.es\/index.php\/produit\/jbl-partybox-300-eu-altavoz-pa-para-dj\/","title":{"rendered":"JBL PARTYBOX 300 EU Altavoz PA para DJ"},"content":{"rendered":"<table class=\"font-2\">\n<tbody>\n<tr class=\"odd\">\n<th scope=\"row\"><span>Caracter\u00edsticas adicionales<\/span><\/th>\n<td class=\"font-2-b\">\n<ul class=\"characteristics\" data-switch=\"\">\n<li class=\"\"><span>Tipo de altavoz: Altavoz port\u00e1til<\/span><br \/>\n<span>Caracter\u00edsticas destacadas: Efectos de luz y entradas de micr\u00f3fono\/guitarra.<\/span><br \/>\n<span>Conexiones: RCA L\/R, puerto USB, entrada auxiliar de 3,5 mm, micr\u00f3fono\/guitarra<\/span><\/li>\n<\/ul>\n<\/td>\n<\/tr>\n<tr class=\"\">\n<th scope=\"row\"><span>Compatibilidad con equipos de alta fidelidad<\/span><\/th>\n<td class=\"font-2-b\">\n<ul class=\"characteristics\" data-switch=\"\">\n<li class=\"\"><span>Cualquier dispositivo Bluetooth<\/span><\/li>\n<\/ul>\n<\/td>\n<\/tr>\n<tr class=\"odd\">\n<th scope=\"row\"><span>Caracter\u00edsticas HIFI<\/span><\/th>\n<td class=\"font-2-b\">\n<ul class=\"characteristics\" data-switch=\"\">\n<li class=\"\"><span>Efectos de luz<\/span><\/li>\n<\/ul>\n<\/td>\n<\/tr>\n<tr class=\"\">\n<th scope=\"row\"><span>Potencia de salida (en vatios)<\/span><\/th>\n<td class=\"font-2-b\">\n<ul class=\"characteristics\" data-switch=\"\">\n<li class=\"\"><span>240 vatios<\/span><\/li>\n<\/ul>\n<\/td>\n<\/tr>\n<tr class=\"odd\">\n<th scope=\"row\"><span>Alimento<\/span><\/th>\n<td class=\"font-2-b\">\n<ul class=\"characteristics\" data-switch=\"\">\n<li class=\"\"><span>100-240 V CA, 50\/60 Hz<\/span><\/li>\n<\/ul>\n<\/td>\n<\/tr>\n<tr class=\"\">\n<th scope=\"row\"><span>Accesorios suministrados<\/span><\/th>\n<td class=\"font-2-b\">\n<ul class=\"characteristics\" data-switch=\"\">\n<li class=\"\"><span>Fuente de alimentaci\u00f3n de 220 V + cable de alimentaci\u00f3n de 12 V<\/span><\/li>\n<\/ul>\n<\/td>\n<\/tr>\n<tr class=\"odd\">\n<th scope=\"row\"><span>Disponibilidad de repuestos<\/span><\/th>\n<td class=\"font-2-b\">\n<ul class=\"characteristics\" data-switch=\"\">\n<li class=\"\"><span>2 a\u00f1os<\/span><\/li>\n<\/ul>\n<\/td>\n<\/tr>\n<tr class=\"\">\n<th scope=\"row\"><\/th>\n<td class=\"font-2-b\"><\/td>\n<\/tr>\n<\/tbody>\n<\/table>\n<div><\/div>\n<div class=\"product_bloc_content bloc ombre font-2\">\n<div class=\"columns\">\n<div><b><span>Sonido caracter\u00edstico de JBL<\/span><\/b><\/div>\n<div><span>Experimente un sonido impresionante y envolvente en casa o en fiestas, que s\u00f3lo JBL puede ofrecer.<\/span><\/div>\n<div><\/div>\n<div><b><span>Juegos de luz<\/span><\/b><\/div>\n<div><span>Un modo de iluminaci\u00f3n para cada estado de \u00e1nimo: modos \u201cMedidor\u201d, \u201cPulso\u201d y \u201cFiesta\u201d.<\/span><\/div>\n<div><\/div>\n<div><b><span>Port\u00e1til, con bater\u00eda recargable incorporada.<\/span><\/b><\/div>\n<div><span>Con\u00e9ctelo a la toma de corriente de 12 V CC de su autom\u00f3vil o conf\u00ede en la bater\u00eda incorporada de 10 000 mAh para 18 horas de escucha continua.<\/span><\/div>\n<div><\/div>\n<div><b><span>Entradas de micr\u00f3fono y guitarra<\/span><\/b><\/div>\n<div><span>Conecta tu micr\u00f3fono o guitarra y convi\u00e9rtete en la estrella de la fiesta.<\/span><\/div>\n<div><\/div>\n<div><b><span>Transmisi\u00f3n inal\u00e1mbrica por Bluetooth<\/span><\/b><\/div>\n<div><span>Transmita de forma inal\u00e1mbrica audio de alta calidad desde su tel\u00e9fono inteligente o tableta.<\/span><\/div>\n<div><\/div>\n<div><b><span>Lector USB<\/span><\/b><\/div>\n<div><span>Prepara con antelaci\u00f3n tus fiestas y eventos creando una lista de reproducci\u00f3n con todas tus canciones favoritas en una memoria USB.<\/span><\/div>\n<\/div>\n<\/div>\n","protected":false},"excerpt":{"rendered":"<p>\u2705 Env\u00edo gratuito: de 5 a 7 d\u00edas<br \/>\n\u2705 Env\u00edo expr\u00e9s (9\u202f\u20ac): de 2 a 3 d\u00edas<br \/>\n\u2705 Pago seguro<br \/>\n\u2705 Devoluci\u00f3n en 30 d\u00edas<\/p>\n<p class=\"product_section_title font-2-b\"><span>Los puntos fuertes:<\/span><\/p>\n<ul class=\"product_details_items font-2-l\">\n<li class=\"product_details_item\"><span>Altavoz de audio de alta potencia: 240 vatios de potencia<\/span><\/li>\n<li class=\"product_details_item\"><span>Bater\u00eda incorporada: 18 horas de duraci\u00f3n de la bater\u00eda<\/span><\/li>\n<li class=\"product_details_item\"><span>Bluetooth<\/span><\/li>\n<li class=\"product_details_item\"><span>Espect\u00e1culos de luces \u2013 Entradas de micr\u00f3fono\/guitarra<\/span><\/li>\n<\/ul>\n","protected":false},"featured_media":14442,"comment_status":"closed","ping_status":"closed","template":"","meta":[],"product_cat":[131],"product_tag":[],"class_list":["post-14441","product","type-product","status-publish","has-post-thumbnail","hentry","product_cat-cine-en-casa"],"_links":{"self":[{"href":"https:\/\/electro-tot-menage.es\/index.php\/wp-json\/wp\/v2\/product\/14441"}],"collection":[{"href":"https:\/\/electro-tot-menage.es\/index.php\/wp-json\/wp\/v2\/product"}],"about":[{"href":"https:\/\/electro-tot-menage.es\/index.php\/wp-json\/wp\/v2\/types\/product"}],"replies":[{"embeddable":true,"href":"https:\/\/electro-tot-menage.es\/index.php\/wp-json\/wp\/v2\/comments?post=14441"}],"version-history":[{"count":1,"href":"https:\/\/electro-tot-menage.es\/index.php\/wp-json\/wp\/v2\/product\/14441\/revisions"}],"predecessor-version":[{"id":14448,"href":"https:\/\/electro-tot-menage.es\/index.php\/wp-json\/wp\/v2\/product\/14441\/revisions\/14448"}],"wp:featuredmedia":[{"embeddable":true,"href":"https:\/\/electro-tot-menage.es\/index.php\/wp-json\/wp\/v2\/media\/14442"}],"wp:attachment":[{"href":"https:\/\/electro-tot-menage.es\/index.php\/wp-json\/wp\/v2\/media?parent=14441"}],"wp:term":[{"taxonomy":"product_cat","embeddable":true,"href":"https:\/\/electro-tot-menage.es\/index.php\/wp-json\/wp\/v2\/product_cat?post=14441"},{"taxonomy":"product_tag","embeddable":true,"href":"https:\/\/electro-tot-menage.es\/index.php\/wp-json\/wp\/v2\/product_tag?post=14441"}],"curies":[{"name":"wp","href":"https:\/\/api.w.org\/{rel}","templated":true}]}}