{"id":14425,"date":"2025-05-24T10:09:14","date_gmt":"2025-05-24T08:09:14","guid":{"rendered":"https:\/\/electro-tot-menage.es\/?post_type=product&#038;p=14425"},"modified":"2025-05-24T10:09:37","modified_gmt":"2025-05-24T08:09:37","slug":"altavoz-inalambrico-jbl-boombox-black","status":"publish","type":"product","link":"https:\/\/electro-tot-menage.es\/index.php\/produit\/altavoz-inalambrico-jbl-boombox-black\/","title":{"rendered":"Altavoz inal\u00e1mbrico JBL BOOMBOX BLACK"},"content":{"rendered":"<div class=\"product_bloc_content bloc ombre product_bloc_caracteristics_odd\">\n<table class=\"font-2\">\n<caption class=\"caption_hidden\">Caracter\u00edsticas<\/caption>\n<tbody>\n<tr class=\"odd\">\n<th scope=\"row\">Dispositivo conectado<\/th>\n<td class=\"font-2-b\">\n<ul class=\"characteristics\" data-switch=\"\">\n<li class=\"\">S\u00ed<\/li>\n<\/ul>\n<\/td>\n<\/tr>\n<tr class=\"\">\n<th scope=\"row\">Compatibilidad con equipos de alta fidelidad<\/th>\n<td class=\"font-2-b\">\n<ul class=\"characteristics\" data-switch=\"\">\n<li class=\"\">Cualquier dispositivo Bluetooth a trav\u00e9s de AirPlay<\/li>\n<\/ul>\n<\/td>\n<\/tr>\n<tr class=\"odd\">\n<th scope=\"row\">Potencia de salida (en vatios)<\/th>\n<td class=\"font-2-b\">\n<ul class=\"characteristics\" data-switch=\"\">\n<li class=\"\">60 W<\/li>\n<\/ul>\n<\/td>\n<\/tr>\n<tr class=\"\">\n<th scope=\"row\">Accesorios suministrados<\/th>\n<td class=\"font-2-b\">\n<ul class=\"characteristics\" data-switch=\"\">\n<li class=\"\">Adaptador de corriente, cable<\/li>\n<\/ul>\n<\/td>\n<\/tr>\n<tr class=\"odd\">\n<th scope=\"row\">Alimento<\/th>\n<td class=\"font-2-b\">\n<ul class=\"characteristics\" data-switch=\"\">\n<li class=\"\">red el\u00e9ctrica y bater\u00eda recargable de iones de litio<\/li>\n<\/ul>\n<\/td>\n<\/tr>\n<tr class=\"\">\n<th scope=\"row\">Caracter\u00edsticas adicionales<\/th>\n<td class=\"font-2-b\">\n<ul class=\"characteristics\" data-switch=\"\">\n<li class=\"\">Tipo de altavoz:<br \/>\nAltavoz port\u00e1til Aspectos destacados: Resistente al agua \u2013 Asa integrada<\/li>\n<\/ul>\n<\/td>\n<\/tr>\n<tr class=\"odd\">\n<th scope=\"row\">Kit manos libres<\/th>\n<td class=\"font-2-b\">\n<ul class=\"characteristics\" data-switch=\"\">\n<li class=\"\">No<\/li>\n<\/ul>\n<\/td>\n<\/tr>\n<\/tbody>\n<\/table>\n<\/div>\n<div><\/div>\n<div class=\"product_bloc_content bloc ombre font-2\">\n<div class=\"columns\">\n<div><b>\u00a1Descubre el JBL Blue BOOMBOX!<\/b><\/div>\n<div><\/div>\n<div><b>El Boombox se une a la familia de altavoces port\u00e1tiles JBL y hace una entrada sorprendente con su excepcional calidad de sonido.<\/b>\u00a0\u00a0Este altavoz redefine literalmente el concepto de fiesta.\u00a0\u00a0<b>Con graves potentes, cuatro altavoces y portabilidad, el JBL Boombox ofrece una experiencia de sonido \u00e9pica.<\/b>\u00a0\u00a0Su dise\u00f1o moderno le da cierta elegancia a este altavoz inal\u00e1mbrico. Te seguir\u00e1 a todas partes durante tus salidas, tus vacaciones, tus viajes&#8230; Gracias a\u00a0\u00a0<b>su conexi\u00f3n Bluetooth<\/b>\u00a0, podr\u00e1s transmitir tus canciones favoritas desde tu smartphone o tableta. El JBL Boombox es realmente un altavoz que te encantar\u00e1 por muchas razones.<\/div>\n<div><b>\u00a0<\/b><\/div>\n<div><b>Potencia y autonom\u00eda:\u00a0<\/b><\/div>\n<div><b>El JBL Boombox te permite escuchar m\u00fasica durante casi 24 horas.\u00a0<\/b>\u00a0Su\u00a0\u00a0<b>bater\u00eda de larga duraci\u00f3n de 20.000 mAh\u00a0<\/b>\u00a0te permitir\u00e1 utilizar el altavoz sin preocupaciones. Ofrece un sonido brillante y claro gracias a sus\u00a0\u00a0<b>cuatro altavoces activos y dos salidas de graves<\/b>\u00a0. Ocultos detr\u00e1s de la gran rejilla, ofrecen un sonido potente y mejoran la calidad del sonido. Este altavoz ofrece dos modos de sonido para mejorar tu experiencia.\u00a0<b>El modo interior<\/b>\u00a0te permite\u00a0\u00a0\u00a0disfrutar de graves m\u00e1s profundos y ricos.\u00a0<b>El modo exterior<\/b>\u00a0se adapta\u00a0\u00a0\u00a0a tu espacio y ofrece un sonido m\u00e1s amplio con graves potentes y mejor duraci\u00f3n de la bater\u00eda. El Boombox tambi\u00e9n cuenta con\u00a0\u00a0<b>cuatro controladores activos y dos salidas de graves JBL<\/b>\u00a0\u00a0que brindan una calidad de sonido explosiva. \u00a1Gracias a su potencia sonora podr\u00e1s marcar el ritmo de tus momentos de relax! Disfruta de tu m\u00fasica donde quiera que est\u00e9s (al aire libre, en el trabajo, en la playa, etc.) \u00a1y p\u00e1salo en grande!<\/div>\n<div><\/div>\n<div><b>Mango integrado:<\/b><\/div>\n<div><b>El altavoz Bluetooth port\u00e1til JBL Boombox cuenta con un asa de transporte incorporada para facilitar su transporte.\u00a0<\/b>\u00a0El asa de transporte y los extremos del altavoz est\u00e1n hechos de un pl\u00e1stico negro muy duradero.<\/div>\n<div><b>\u00a0<\/b><\/div>\n<div><b>Bluetooth:\u00a0<\/b><\/div>\n<div><b>El Boombox permite la conectividad Bluetooth para transmitir m\u00fasica desde su tel\u00e9fono inteligente o tableta.<\/b>\u00a0\u00a0Puedes conectar\u00a0\u00a0<b>hasta 2 dispositivos<\/b>\u00a0\u00a0al altavoz para escuchar y compartir tu m\u00fasica por turnos.<\/div>\n<div><b>\u00a0<\/b><\/div>\n<div><b>Resistente a salpicaduras:\u00a0<\/b><\/div>\n<div>Este altavoz cuenta\u00a0\u00a0<b>con certificaci\u00f3n IPX7,<\/b>\u00a0\u00a0lo que agrega una nueva dimensi\u00f3n a su experiencia auditiva. Esta norma garantiza que el BoomBox sea\u00a0\u00a0<b>resistente al agua<\/b>\u00a0. Ya sea que est\u00e9s junto a la piscina, cerca de la plaza o cerca de un cuerpo de agua, \u00a1no tengas miedo! No supone ning\u00fan riesgo y te permite disfrutar plenamente de tus momentos de relax sin estr\u00e9s.<\/div>\n<div><\/div>\n<div><b>Conexiones:<\/b><\/div>\n<div>El JBL Boombox tiene\u00a0\u00a0<b>dos puertos USB<\/b>\u00a0\u00a0que le permiten recargar la bater\u00eda. La\u00a0\u00a0<b>funci\u00f3n JBL Connect+\u00a0<\/b>\u00a0le permite conectar m\u00e1s de cien altavoces que tienen esta funci\u00f3n. Mejora tu experiencia musical y festeja en un ambiente c\u00e1lido.<\/div>\n<\/div>\n<\/div>\n","protected":false},"excerpt":{"rendered":"<p>\u2705 Env\u00edo gratuito: de 5 a 7 d\u00edas<br \/>\n\u2705 Env\u00edo expr\u00e9s (9\u202f\u20ac): de 2 a 3 d\u00edas<br \/>\n\u2705 Pago seguro<br \/>\n\u2705 Devoluci\u00f3n en 30 d\u00edas<\/p>\n<p class=\"product_section_title font-2-b\">Los puntos fuertes:<\/p>\n<ul class=\"product_details_items font-2-l\">\n<li class=\"product_details_item\">Altavoz Bluetooth port\u00e1til<\/li>\n<li class=\"product_details_item\">Duraci\u00f3n de la bater\u00eda hasta 24 horas<\/li>\n<li class=\"product_details_item\">Asa integrada: resistente al agua y a las salpicaduras.<\/li>\n<li class=\"product_details_item\">2 puertos USB<\/li>\n<\/ul>\n","protected":false},"featured_media":14426,"comment_status":"closed","ping_status":"closed","template":"","meta":[],"product_cat":[131],"product_tag":[],"class_list":["post-14425","product","type-product","status-publish","has-post-thumbnail","hentry","product_cat-cine-en-casa"],"_links":{"self":[{"href":"https:\/\/electro-tot-menage.es\/index.php\/wp-json\/wp\/v2\/product\/14425"}],"collection":[{"href":"https:\/\/electro-tot-menage.es\/index.php\/wp-json\/wp\/v2\/product"}],"about":[{"href":"https:\/\/electro-tot-menage.es\/index.php\/wp-json\/wp\/v2\/types\/product"}],"replies":[{"embeddable":true,"href":"https:\/\/electro-tot-menage.es\/index.php\/wp-json\/wp\/v2\/comments?post=14425"}],"version-history":[{"count":2,"href":"https:\/\/electro-tot-menage.es\/index.php\/wp-json\/wp\/v2\/product\/14425\/revisions"}],"predecessor-version":[{"id":14433,"href":"https:\/\/electro-tot-menage.es\/index.php\/wp-json\/wp\/v2\/product\/14425\/revisions\/14433"}],"wp:featuredmedia":[{"embeddable":true,"href":"https:\/\/electro-tot-menage.es\/index.php\/wp-json\/wp\/v2\/media\/14426"}],"wp:attachment":[{"href":"https:\/\/electro-tot-menage.es\/index.php\/wp-json\/wp\/v2\/media?parent=14425"}],"wp:term":[{"taxonomy":"product_cat","embeddable":true,"href":"https:\/\/electro-tot-menage.es\/index.php\/wp-json\/wp\/v2\/product_cat?post=14425"},{"taxonomy":"product_tag","embeddable":true,"href":"https:\/\/electro-tot-menage.es\/index.php\/wp-json\/wp\/v2\/product_tag?post=14425"}],"curies":[{"name":"wp","href":"https:\/\/api.w.org\/{rel}","templated":true}]}}