{"id":14403,"date":"2025-05-24T09:59:39","date_gmt":"2025-05-24T07:59:39","guid":{"rendered":"https:\/\/electro-tot-menage.es\/?post_type=product&#038;p=14403"},"modified":"2025-05-24T09:59:39","modified_gmt":"2025-05-24T07:59:39","slug":"altavoz-inalambrico-bang-and-olufsen-m5-gris-natural","status":"publish","type":"product","link":"https:\/\/electro-tot-menage.es\/index.php\/produit\/altavoz-inalambrico-bang-and-olufsen-m5-gris-natural\/","title":{"rendered":"Altavoz inal\u00e1mbrico BANG AND OLUFSEN M5 GRIS NATURAL"},"content":{"rendered":"<div class=\"product_bloc_content bloc ombre \">\n<table class=\"font-2\">\n<caption class=\"caption_hidden\"><span>Caracter\u00edsticas<\/span><\/caption>\n<tbody>\n<tr class=\"odd\">\n<th scope=\"row\"><span>Comunicaci\u00f3n inal\u00e1mbrica<\/span><\/th>\n<td class=\"font-2-b\">\n<ul class=\"characteristics\" data-switch=\"\">\n<li class=\"\"><span>Salida en antena<\/span><\/li>\n<\/ul>\n<\/td>\n<\/tr>\n<tr class=\"\">\n<th scope=\"row\"><span>Dispositivo conectado<\/span><\/th>\n<td class=\"font-2-b\">\n<ul class=\"characteristics\" data-switch=\"\">\n<li class=\"\"><span>S\u00ed<\/span><\/li>\n<\/ul>\n<\/td>\n<\/tr>\n<tr class=\"odd\">\n<th scope=\"row\"><span>Compatibilidad con equipos de alta fidelidad<\/span><\/th>\n<td class=\"font-2-b\">\n<ul class=\"characteristics\" data-switch=\"\">\n<li class=\"\"><span>Cualquier dispositivo Bluetooth a trav\u00e9s de AirPlay<\/span><\/li>\n<\/ul>\n<\/td>\n<\/tr>\n<tr class=\"\">\n<th scope=\"row\"><span>Potencia de salida (en vatios)<\/span><\/th>\n<td class=\"font-2-b\">\n<ul class=\"characteristics\" data-switch=\"\">\n<li class=\"\"><span>40 vatios (woofer de 12,7 cm) + 30 vatios (frecuencia media de 3,8 cm) + 3 tweeters de 30 vatios (1,9 cm)<\/span><\/li>\n<\/ul>\n<\/td>\n<\/tr>\n<tr class=\"odd\">\n<th scope=\"row\"><span>Caracter\u00edsticas adicionales<\/span><\/th>\n<td class=\"font-2-b\">\n<ul class=\"characteristics\" data-switch=\"\">\n<li class=\"\"><span>Tipo de altavoz:<\/span><br \/>\n<span>Altavoz Caracter\u00edsticas destacadas: Compatible con BeoLink y ChromeCast multiroom<\/span><br \/>\n<span>Conexiones: 1 toma Ethernet, 1 entrada de l\u00ednea (conector anal\u00f3gico\/\u00f3ptico de 3,5 mm)<\/span><\/li>\n<\/ul>\n<\/td>\n<\/tr>\n<\/tbody>\n<\/table>\n<\/div>\n<div><\/div>\n<div class=\"product_bloc_content bloc ombre font-2\">\n<div class=\"columns\">\n<div><span>\u00a1El\u00a0\u00a0<\/span><b><span>altavoz inal\u00e1mbrico Bang &amp; Olufsen BeoPlay M5<\/span><\/b><span>\u00a0\u00a0te seducir\u00e1 con su dise\u00f1o elegante y refinado!<\/span><\/div>\n<div><span>Gracias a\u00a0\u00a0<\/span><b><span>Bluetooth 4.0,\u00a0\u00a0<\/span><\/b><b><span>la compatibilidad con ChromeCast<\/span><\/b><span>\u00a0y\u00a0\u00a0\u00a0el\u00a0<\/span><b><span>sistema multiroom BeoLink<\/span><\/b><span>\u00a0,\u00a0\u00a0<\/span><b>\u00a0<\/b><span>podr\u00e1s escuchar tu m\u00fasica de forma inal\u00e1mbrica con una calidad de sonido excepcional y\u00a0\u00a0<\/span><b><span>160 vatios de potencia de sonido<\/span><\/b><span>\u00a0.<\/span><\/div>\n<div><\/div>\n<div><b><span>Dise\u00f1o<\/span><\/b><\/div>\n<div><span>Su dise\u00f1o de Cecilie Manz destacar\u00e1 perfectamente en su interior. El Bang&amp;Olufsen M5 se adaptar\u00e1 a tus preferencias gracias a su frontal intercambiable de mezcla de lana Kvadrat.<\/span><\/div>\n<div><\/div>\n<div><b><span>Wifi, Bluetooth 4.0, AirPlay y ChromeCast<\/span><\/b><\/div>\n<div><span>Para disfrutar de tu m\u00fasica, simplemente conecta el altavoz a la red a trav\u00e9s del\u00a0\u00a0<\/span><b><span>Wi-Fi integrado<\/span><\/b><span>\u00a0\u00a0(aplicaci\u00f3n gratuita BeoPlay) o en modo cableado a trav\u00e9s de un cable Ethernet (\u00a0\u00a0<\/span><b><span>no incluido<\/span><\/b><span>\u00a0).<\/span><\/div>\n<div><span>Compatible con tecnolog\u00eda inal\u00e1mbrica y\u00a0\u00a0<\/span><b><span>Bluetooth 4.0<\/span><\/b><span>\u00a0, \u00a1puedes transmitir tus canciones favoritas desde cualquier dispositivo compatible (tel\u00e9fono inteligente, tableta, etc.) en cualquier momento del d\u00eda y en cualquier lugar con un sonido extraordinario y una calidad de sonido excepcional!<\/span><br \/>\n<span>La compatibilidad con la\u00a0\u00a0<\/span><b><span>funci\u00f3n Google Cast<\/span><\/b><span>\u00a0\u00a0permite enviar el sonido de la aplicaci\u00f3n a los altavoces con s\u00f3lo pulsar un bot\u00f3n en aplicaciones Android e iOS compatibles (por ejemplo, YouTube, Deezer, etc.), o incluso a varios altavoces simult\u00e1neamente para tener sonido en todas las habitaciones de la casa al mismo tiempo (multiroom).<\/span><\/div>\n<div><span>Tienes acceso a servicios de transmisi\u00f3n de m\u00fasica en l\u00ednea como Spotify Connect y Deezer.<\/span>&nbsp;<\/p>\n<p><b><span>BeoLink Multiroom<\/span><\/b><\/p>\n<div><span>Adem\u00e1s, el altavoz M5 es compatible con BeoLink, el sistema multisala de B&amp;o Play, que permite reproducir archivos de alta definici\u00f3n desde una red local,\u00a0\u00a0<\/span><b><span>\u00a0hasta 24 bits \/ 96 kHz<\/span><\/b><span>\u00a0.<\/span><\/div>\n<\/div>\n<div>\n<div><span>Los altavoces colocados en habitaciones separadas pueden reproducir la misma m\u00fasica o m\u00fasica diferente seg\u00fan sus necesidades.<\/span><\/div>\n<div><span>Sincroniza tus altavoces Multi-room para reproducir la misma canci\u00f3n en todas las habitaciones.<\/span><\/div>\n<\/div>\n<div><b><span>Fuerza<\/span><\/b><\/div>\n<div><span>El altavoz cuenta con\u00a0\u00a0<\/span><b><span>5 altavoces<\/span><\/b><span>\u00a0\u00a0:\u00a0\u00a0<\/span><b><span>1\u00a0<\/span><\/b>\u00a0\u00a0<b><span>woofer de 12,7 cm<\/span><\/b><span>\u00a0\u00a0con una\u00a0<\/span><b><span>potencia de 40 Watts Clase D<\/span><\/b><span>\u00a0,\u00a0\u00a0<\/span><b><span>1 altavoz de 3,8 cm<\/span><\/b><span>\u00a0\u00a0para las\u00a0<\/span><b><span>frecuencias medias<\/span><\/b><span>\u00a0\u00a0de\u00a0\u00a0<\/span><b><span>30 Watts Clase D<\/span><\/b><span>\u00a0, as\u00ed como\u00a0\u00a0<\/span><b><span>1 tweeter frontal\u00a0<\/span><\/b><span>\u00a0y\u00a0\u00a0\u00a0<\/span><b><span>2 tweeters traseros de 1,9 cm cada uno Clase D<\/span><\/b><span>\u00a0, con una potencia de 90 Watts (3\u00d730 Watts) para los agudos, para ofrecerte\u00a0\u00a0<\/span><b><span>una reproducci\u00f3n est\u00e9reo perfecta<\/span><\/b><span>\u00a0\u00a0de todos tus sonidos favoritos.<\/span><\/div>\n<div><span>\u00a1Con una\u00a0\u00a0<\/span><b><span>potencia total de 160 vatios<\/span><\/b><span>\u00a0, BeoPlay M5 ofrece un sonido fabuloso y cautivador!<\/span><\/div>\n<div><span>Adem\u00e1s, el altavoz cuenta con\u00a0\u00a0<\/span><b><span>tecnolog\u00eda True360<\/span><\/b><span>\u00a0\u00a0(altavoces en ambos lados del dispositivo) que le permite disfrutar de\u00a0\u00a0<\/span><b><span>un sonido omnidireccional<\/span><\/b><span>\u00a0\u00a0para una calidad constante independientemente de su ubicaci\u00f3n.<\/span><\/div>\n<div>\n<div><\/div>\n<div><b><span>Controles t\u00e1ctiles<\/span><\/b><\/div>\n<div><span>Simplemente ajusta el volumen, desliza para cambiar de pista,\u2026 con un simple gesto, controlar tu altavoz M5 se convierte en un juego de ni\u00f1os, gracias a los controles t\u00e1ctiles ubicados en la parte superior del aluminio trabajado del altavoz.<\/span><\/div>\n<div><\/div>\n<\/div>\n<div><b><span>Conectividad<\/span><\/b><\/div>\n<div><span>El altavoz BeoPlay M5 cuenta con un\u00a0\u00a0<\/span><b><span>puerto Ethernet<\/span><\/b><span>\u00a0\u00a0y una\u00a0\u00a0<\/span><b><span>entrada auxiliar de 3,5 mm<\/span><\/b><span>\u00a0, dise\u00f1ado para poder conectar cualquier tipo de dispositivo port\u00e1til (iPhone, iPad, iPod, smartphones Android, Windows, ordenadores, reproductores de audio, etc.) y as\u00ed disfrutar de toda tu biblioteca musical.<\/span><\/div>\n<\/div>\n<\/div>\n","protected":false},"excerpt":{"rendered":"<p>\u2705 Env\u00edo gratuito: de 5 a 7 d\u00edas<br \/>\n\u2705 Env\u00edo expr\u00e9s (9\u202f\u20ac): de 2 a 3 d\u00edas<br \/>\n\u2705 Pago seguro<br \/>\n\u2705 Devoluci\u00f3n en 30 d\u00edas<\/p>\n<p class=\"product_section_title font-2-b\"><span>Los puntos fuertes:<\/span><\/p>\n<ul class=\"product_details_items font-2-l\">\n<li class=\"product_details_item\"><span>Altavoz inal\u00e1mbrico \u2013 Potencia total 160 vatios<\/span><\/li>\n<li class=\"product_details_item\"><span>Compatible con Google Chromecast: tecnolog\u00edas Bluetooth, Wi-Fi y AirPlay<\/span><\/li>\n<li class=\"product_details_item\"><span>Controles t\u00e1ctiles intuitivos \u2013 Servicios de m\u00fasica en l\u00ednea<\/span><\/li>\n<li class=\"product_details_item\"><span>Compatible con BeoLink Multiroom: difusi\u00f3n del sonido de 360\u00b0<\/span><\/li>\n<\/ul>\n","protected":false},"featured_media":14404,"comment_status":"closed","ping_status":"closed","template":"","meta":[],"product_cat":[131],"product_tag":[],"class_list":["post-14403","product","type-product","status-publish","has-post-thumbnail","hentry","product_cat-cine-en-casa"],"_links":{"self":[{"href":"https:\/\/electro-tot-menage.es\/index.php\/wp-json\/wp\/v2\/product\/14403"}],"collection":[{"href":"https:\/\/electro-tot-menage.es\/index.php\/wp-json\/wp\/v2\/product"}],"about":[{"href":"https:\/\/electro-tot-menage.es\/index.php\/wp-json\/wp\/v2\/types\/product"}],"replies":[{"embeddable":true,"href":"https:\/\/electro-tot-menage.es\/index.php\/wp-json\/wp\/v2\/comments?post=14403"}],"version-history":[{"count":1,"href":"https:\/\/electro-tot-menage.es\/index.php\/wp-json\/wp\/v2\/product\/14403\/revisions"}],"predecessor-version":[{"id":14410,"href":"https:\/\/electro-tot-menage.es\/index.php\/wp-json\/wp\/v2\/product\/14403\/revisions\/14410"}],"wp:featuredmedia":[{"embeddable":true,"href":"https:\/\/electro-tot-menage.es\/index.php\/wp-json\/wp\/v2\/media\/14404"}],"wp:attachment":[{"href":"https:\/\/electro-tot-menage.es\/index.php\/wp-json\/wp\/v2\/media?parent=14403"}],"wp:term":[{"taxonomy":"product_cat","embeddable":true,"href":"https:\/\/electro-tot-menage.es\/index.php\/wp-json\/wp\/v2\/product_cat?post=14403"},{"taxonomy":"product_tag","embeddable":true,"href":"https:\/\/electro-tot-menage.es\/index.php\/wp-json\/wp\/v2\/product_tag?post=14403"}],"curies":[{"name":"wp","href":"https:\/\/api.w.org\/{rel}","templated":true}]}}