{"id":14386,"date":"2025-05-24T09:53:31","date_gmt":"2025-05-24T07:53:31","guid":{"rendered":"https:\/\/electro-tot-menage.es\/?post_type=product&#038;p=14386"},"modified":"2025-05-24T09:53:31","modified_gmt":"2025-05-24T07:53:31","slug":"devialet-classic-phantom-altavoz-inalambrico","status":"publish","type":"product","link":"https:\/\/electro-tot-menage.es\/index.php\/produit\/devialet-classic-phantom-altavoz-inalambrico\/","title":{"rendered":"Devialet Classic Phantom &#8211; Altavoz inal\u00e1mbrico"},"content":{"rendered":"<p><span>Altavoz inal\u00e1mbrico de 3 v\u00edas<\/span><br \/>\n<span>Ethernet y WiFi<\/span><br \/>\n<span>AirPlay y multisala<\/span><br \/>\n<span>Bluetooth SBC, AAC y aptX<\/span><br \/>\n<span>Amplificaci\u00f3n ADH (H\u00edbrido Anal\u00f3gico Digital) DAC\u00a0Procesador ARM de doble n\u00facleo<\/span><br \/>\n<span>TI Burr Brown PCM1798 con 512 MB de RAM<\/span><\/p>\n<p><span>Formatos de audio<\/span><br \/>\n<span>HE-AAC (V1), AAC (16 a 320 kbit\/s), WMA (16 bit), MP3 (16 a 320 kbit\/s), MP3 VBR, Apple Lossless, AIFF y WAV, FLAC, OGG, VORBIS<\/span><\/p>\n<p><strong><span>Construcci\u00f3n<\/span><\/strong><br \/>\n<span>N\u00facleo central en aluminio inyectado, capa interna en policarbonato reforzado con fibra de vidrio, carcasa de composite bi-inyectado<\/span><br \/>\n<span>Placas laterales en acero inoxidable pulido<\/span><br \/>\n<span>espejo Altavoces de aluminio<\/span><\/p>\n<p><strong><span>Medidas<\/span><\/strong><br \/>\n<span>Respuesta de frecuencia: 16 Hz a 25 kHz (-6 dB) y 20 Hz a 20 kHz (+\/- 2 dB)<\/span><br \/>\n<span>M\u00e1x. Volumen del sonido: 101 dB<\/span><br \/>\n<span>Potencia del amplificador: 2000 W<\/span><br \/>\n<span>THD del amplificador: 0,0005%<\/span><\/p>\n<p><strong><span>Conexiones<\/span><\/strong><br \/>\n<span>1x RJ-45<\/span><br \/>\n<span>1x entrada digital \u00f3ptica Toslink<\/span><\/p>\n<p><strong><span>Accesorios suministrados<\/span><\/strong><br \/>\n<span>Altavoz Phantom, cable de alimentaci\u00f3n de 2m, dos manuales de usuario.<\/span><\/p>\n<p><span>Dimensiones\u00a0<strong>generales<\/strong><\/span><br \/>\n<span>(An. x Al. x Pr.): 253 x 255 x 343 mm Peso: 11,4 kg<\/span><\/p>\n","protected":false},"excerpt":{"rendered":"<p>\u2705 Env\u00edo gratuito: de 5 a 7 d\u00edas<br \/>\n\u2705 Env\u00edo expr\u00e9s (9\u202f\u20ac): de 2 a 3 d\u00edas<br \/>\n\u2705 Pago seguro<br \/>\n\u2705 Devoluci\u00f3n en 30 d\u00edas<\/p>\n<p><span>Altavoz inal\u00e1mbrico de 3 v\u00edas<\/span><br \/>\n<span>Ethernet y WiFi<\/span><br \/>\n<span>AirPlay y multisala<\/span><br \/>\n<span>Bluetooth SBC, AAC y aptX<\/span><br \/>\n<span>Amplificaci\u00f3n ADH (H\u00edbrido Anal\u00f3gico Digital) DAC\u00a0Procesador ARM de doble n\u00facleo<\/span><br \/>\n<span>TI Burr Brown PCM1798 con 512 MB de RAM<\/span><\/p>\n","protected":false},"featured_media":14387,"comment_status":"closed","ping_status":"closed","template":"","meta":[],"product_cat":[131],"product_tag":[],"class_list":["post-14386","product","type-product","status-publish","has-post-thumbnail","hentry","product_cat-cine-en-casa"],"_links":{"self":[{"href":"https:\/\/electro-tot-menage.es\/index.php\/wp-json\/wp\/v2\/product\/14386"}],"collection":[{"href":"https:\/\/electro-tot-menage.es\/index.php\/wp-json\/wp\/v2\/product"}],"about":[{"href":"https:\/\/electro-tot-menage.es\/index.php\/wp-json\/wp\/v2\/types\/product"}],"replies":[{"embeddable":true,"href":"https:\/\/electro-tot-menage.es\/index.php\/wp-json\/wp\/v2\/comments?post=14386"}],"version-history":[{"count":1,"href":"https:\/\/electro-tot-menage.es\/index.php\/wp-json\/wp\/v2\/product\/14386\/revisions"}],"predecessor-version":[{"id":14395,"href":"https:\/\/electro-tot-menage.es\/index.php\/wp-json\/wp\/v2\/product\/14386\/revisions\/14395"}],"wp:featuredmedia":[{"embeddable":true,"href":"https:\/\/electro-tot-menage.es\/index.php\/wp-json\/wp\/v2\/media\/14387"}],"wp:attachment":[{"href":"https:\/\/electro-tot-menage.es\/index.php\/wp-json\/wp\/v2\/media?parent=14386"}],"wp:term":[{"taxonomy":"product_cat","embeddable":true,"href":"https:\/\/electro-tot-menage.es\/index.php\/wp-json\/wp\/v2\/product_cat?post=14386"},{"taxonomy":"product_tag","embeddable":true,"href":"https:\/\/electro-tot-menage.es\/index.php\/wp-json\/wp\/v2\/product_tag?post=14386"}],"curies":[{"name":"wp","href":"https:\/\/api.w.org\/{rel}","templated":true}]}}