{"id":14367,"date":"2025-05-24T09:42:27","date_gmt":"2025-05-24T07:42:27","guid":{"rendered":"https:\/\/electro-tot-menage.es\/?post_type=product&#038;p=14367"},"modified":"2025-05-24T09:42:27","modified_gmt":"2025-05-24T07:42:27","slug":"receptor-onkyo-tx-nr686-b-de-7-2-canales-con-bluetooth-color-negro","status":"publish","type":"product","link":"https:\/\/electro-tot-menage.es\/index.php\/produit\/receptor-onkyo-tx-nr686-b-de-7-2-canales-con-bluetooth-color-negro\/","title":{"rendered":"Receptor Onkyo TX-NR686-B de 7.2 canales con Bluetooth, color negro"},"content":{"rendered":"<div class=\"characteristicsStrate__item\">Subwoofer: S\u00ed 2 salidas de subwoofer RCA mono<br \/>\nEfecto envolvente: Dolby Atmos y DTS:X (compatibilidad con 5.2.2 canales)<br \/>\nCaracter\u00edsticas adicionalesCircuito de amplificaci\u00f3n de fase cero para una claridad y precisi\u00f3n \u00f3ptimas; Circuitos de etapa de salida separados que proporcionan baja distorsi\u00f3n; Sonido de calidad cinematogr\u00e1fica con certificaci\u00f3n THX\u00ae Select<br \/>\nPotencia de salida (en vatios): 165 W\/canal (6 \u03a9, 1 kHz, 1 % THD, 1 canal en funcionamiento, IEC); 120 W\/canal a 8 ohmios<br \/>\nDisponibilidad de repuestos: 5 A\u00d1OS<br \/>\nSalida(s) de audio: 1 Jack 6,35 mm \u2013 6 RCA Est\u00e9reo \u2013 1 Mini Jack 3,5 mm (panel frontal): Conexiones: 1 Ethernet RJ-45 \u2013 1 USB Tipo A<br \/>\nComunicaci\u00f3n inal\u00e1mbrica: Bluetooth 4.1<br \/>\nImpedancia nominal: 4 ohmios<br \/>\nAltura del producto: 18 cm<br \/>\nAncho del producto: 38 cm<br \/>\nLongitud del producto: 43,5 cm<br \/>\nPeso del producto: 12,5 kg<br \/>\nColor: Negro<br \/>\nEntrada(s) de v\u00eddeo: 7 HDMI<br \/>\nSalida(s) de v\u00eddeo: 2 HDMI<\/div>\n","protected":false},"excerpt":{"rendered":"<p>\u2705 Env\u00edo gratuito: de 5 a 7 d\u00edas<br \/>\n\u2705 Env\u00edo expr\u00e9s (9\u202f\u20ac): de 2 a 3 d\u00edas<br \/>\n\u2705 Pago seguro<br \/>\n\u2705 Devoluci\u00f3n en 30 d\u00edas<\/p>\n","protected":false},"featured_media":14368,"comment_status":"closed","ping_status":"closed","template":"","meta":[],"product_cat":[131],"product_tag":[],"class_list":["post-14367","product","type-product","status-publish","has-post-thumbnail","hentry","product_cat-cine-en-casa"],"_links":{"self":[{"href":"https:\/\/electro-tot-menage.es\/index.php\/wp-json\/wp\/v2\/product\/14367"}],"collection":[{"href":"https:\/\/electro-tot-menage.es\/index.php\/wp-json\/wp\/v2\/product"}],"about":[{"href":"https:\/\/electro-tot-menage.es\/index.php\/wp-json\/wp\/v2\/types\/product"}],"replies":[{"embeddable":true,"href":"https:\/\/electro-tot-menage.es\/index.php\/wp-json\/wp\/v2\/comments?post=14367"}],"version-history":[{"count":1,"href":"https:\/\/electro-tot-menage.es\/index.php\/wp-json\/wp\/v2\/product\/14367\/revisions"}],"predecessor-version":[{"id":14373,"href":"https:\/\/electro-tot-menage.es\/index.php\/wp-json\/wp\/v2\/product\/14367\/revisions\/14373"}],"wp:featuredmedia":[{"embeddable":true,"href":"https:\/\/electro-tot-menage.es\/index.php\/wp-json\/wp\/v2\/media\/14368"}],"wp:attachment":[{"href":"https:\/\/electro-tot-menage.es\/index.php\/wp-json\/wp\/v2\/media?parent=14367"}],"wp:term":[{"taxonomy":"product_cat","embeddable":true,"href":"https:\/\/electro-tot-menage.es\/index.php\/wp-json\/wp\/v2\/product_cat?post=14367"},{"taxonomy":"product_tag","embeddable":true,"href":"https:\/\/electro-tot-menage.es\/index.php\/wp-json\/wp\/v2\/product_tag?post=14367"}],"curies":[{"name":"wp","href":"https:\/\/api.w.org\/{rel}","templated":true}]}}