{"id":14244,"date":"2025-05-24T00:54:35","date_gmt":"2025-05-23T22:54:35","guid":{"rendered":"https:\/\/electro-tot-menage.es\/?post_type=product&#038;p=14244"},"modified":"2025-05-28T20:03:04","modified_gmt":"2025-05-28T18:03:04","slug":"robot-de-cocina-magimix-cook-expert-cromo-mate","status":"publish","type":"product","link":"https:\/\/electro-tot-menage.es\/index.php\/produit\/robot-de-cocina-magimix-cook-expert-cromo-mate\/","title":{"rendered":"Robot de cocina MAGIMIX COOK EXPERT CROMO MATE"},"content":{"rendered":"<div>\n<p><b>ipci\u00f3n :<\/b><\/p>\n<p><b>Multifuncional y compacto, el procesador de alimentos Magimix Cook Expert es perfecto para todo, desde entrantes hasta postres, \u00a1ideal tanto para principiantes como para expertos!\u00a0<\/b><\/p>\n<p>Equipado con 4 recipientes y numerosos accesorios, el procesador de alimentos Cook Expert es ultravers\u00e1til. Cuenta con un recipiente de acero inoxidable para cocinar y 3 recipientes transparentes para preparaciones culinarias. No hace falta multiplicar el equipamiento, con este completo robot podr\u00e1s acertar en todo, desde entrantes hasta postres: sopas, salsas, guisos, cocciones al vapor, risottos, pur\u00e9s, panes y brioches, claras de huevo, bebidas, postres, yogures, papillas&#8230;<\/p>\n<div><\/div>\n<div>\n<div><b>Programas inteligentes<\/b><\/div>\n<div><b>F\u00e1cil de usar<\/b>\u00a0\u00a0y programar gracias a su\u00a0<b>\u00a0pantalla digital\u00a0<\/b>\u00a0con colores intuitivos y\u00a0\u00a0<b>pictogramas sencillos y legibles.\u00a0<\/b><\/div>\n<div><\/div>\n<div>El robot Cook Expert cuenta con\u00a0\u00a0<b>15 programas de recetas AUTO<\/b>\u00a0, recetas preprogramadas para hacerte el d\u00eda a d\u00eda m\u00e1s f\u00e1cil:<\/div>\n<div>\u2013\u00a0\u00a0<b>Cocci\u00f3n\u00a0<\/b>\u00a0: sopa licuada, sopa aterciopelada, hervir a fuego lento durante 4 horas, cocinar al vapor para una cocci\u00f3n ligera, dorar.<\/div>\n<div>\u2013\u00a0\u00a0<b>Panader\u00eda\u00a0<\/b>\u00a0: preparaci\u00f3n y fermentaci\u00f3n de masas de pan\/brioche, masas de bizcochos, claras de huevo.<\/div>\n<div>\u2013\u00a0\u00a0<b>Licuadora\u00a0<\/b>\u00a0: batidos, hielo picado, postres helados.<\/div>\n<div>\u2013\u00a0\u00a0<b>Robot\u00a0<\/b>\u00a0: picar, rallar, rebanar.<\/div>\n<div>\n<div><\/div>\n<div>\u00bfQuieres crear tus propias recetas?\u00a0\u00a0<b>El modo experto<\/b>\u00a0\u00a0le permite realizar manualmente\u00a0\u00a0<b>sus propios ajustes.<\/b><\/div>\n<div>Adem\u00e1s, con el\u00a0\u00a0<b>programa AUTO Rinse\u00a0<\/b>\u00a0la limpieza despu\u00e9s de utilizar el aparato es m\u00e1s sencilla.<\/div>\n<div>\n<p>Tambi\u00e9n puedes configurar\u00a0\u00a0<b>el sue\u00f1o autom\u00e1tico<\/b>\u00a0\u00a0(de 5 a 30 minutos), el sonido y el idioma del comando.\u00a0\u00a0<b>\u00a1Te avisa cuando est\u00e1 listo!<\/b><b>\u00a0<\/b><b><\/b><\/p>\n<\/div>\n<div><b>Recipiente de acero inoxidable con capacidad de 3,5 litros<\/b>\u00a0, podr\u00e1s preparar:<\/div>\n<div>\n<div>\u2013 2,5 litros de sopa.<\/div>\n<div>\u2013 2,5 litros de preparaci\u00f3n cocinada a fuego lento (risottos, tagines, etc.).<\/div>\n<div>\u2013 1 kg de pur\u00e9.<\/div>\n<div>\u2013 6 claras de huevo (para bizcochos, sufl\u00e9s, etc.).<\/div>\n<div>\u2013 1 kg de verduras al vapor (patatas, zanahorias, etc.).<\/div>\n<div>\u2013 0,6 kg de masa de brioche.<\/div>\n<div>\u2013 0,8 kg de masa de pan.<\/div>\n<div>\u2013 1,2 kg de masa para bizcocho.<\/div>\n<div>\u2013 400 g de fruta congelada (para tus postres helados).<\/div>\n<div><\/div>\n<div>\n<div><b>El recipiente t\u00e9rmico de acero inoxidable con doble pared\u00a0<\/b>\u00a0te permite preparar tus recetas con antelaci\u00f3n y mantenerlas calientes durante 2 horas.<\/div>\n<div>\n<p><b>Su tapa de vidrio sellada\u00a0<\/b>\u00a0ofrece una\u00a0\u00a0<b>vista de 360\u00b0 del interior\u00a0<\/b>\u00a0del recipiente, lo que facilita el control de la cocci\u00f3n o la mezcla.<\/p>\n<div>El bol viene con una\u00a0<b>\u00a0cuchilla universal\u00a0<\/b>\u00a0para mezclar mientras se calienta y mezclar directamente en el bol,\u00a0<b>\u00a0una canasta vaporera con bandeja intermedia,<\/b>\u00a0\u00a0un\u00a0\u00a0<b>batidor\u00a0<\/b>\u00a0para batir claras de huevo y una\u00a0\u00a0<b>esp\u00e1tula\u00a0<\/b>\u00a0especial resistente al calor para vaciar f\u00e1cilmente el contenido del bol.<\/div>\n<div><\/div>\n<div><b>Cocci\u00f3n por inducci\u00f3n:\u00a0<\/b><\/div>\n<div>Cook Expert es una aut\u00e9ntica cocina con\u00a0\u00a0<b>sistema de calentamiento por inducci\u00f3n,<\/b>\u00a0\u00a0que permite un aumento de la temperatura m\u00e1s r\u00e1pido y seguro.\u00a0\u00a0<b>Cocina de 30 a 160\u00b0C<\/b>\u00a0\u00a0y tiene un control de temperatura preciso, para cocinar tus alimentos al grado m\u00e1s cercano.<\/div>\n<div>Un temporizador, de\u00a0<b>\u00a05 segundos a 4 horas<\/b>\u00a0, le permite medir con precisi\u00f3n el tiempo de sus preparaciones.<\/div>\n<div><\/div>\n<div>\n<div><b>Robot multifunci\u00f3n:\u00a0<\/b><\/div>\n<div><b>\u00a1Con sus 3 cuencos transparentes se transforma en un robot multifunci\u00f3n en un instante!\u00a0<\/b><\/div>\n<div>\u2013\u00a0\u00a0<b>1 recipiente grande de 3,6 litros<\/b>\u00a0\u00a0para picar y mezclar hasta 1,4 kg de verduras, hortalizas crudas o carne.<\/div>\n<div>\u2013\u00a0<b>\u00a01 recipiente midi de 2,6 litros<\/b>\u00a0\u00a0para cortar y rallar<\/div>\n<div>\u2013\u00a0\u00a0<b>1 mini bowl de 1,2 litros<\/b>\u00a0\u00a0para peque\u00f1as preparaciones, como papillas, picar hierbas arom\u00e1ticas, ajo, etc.<\/div>\n<div>Se suministran con un\u00a0\u00a0<b>cuchillo met\u00e1lico\u00a0<\/b>\u00a0y su protecci\u00f3n, para picar y mezclar, 4 discos ralladores con su caja protectora con tapa giratoria (1 cortador de 2 mm, 1 rallador de 2 mm, 1 cortador de 4 mm y 1 rallador de 4 mm),\u00a0\u00a0<b>1 esp\u00e1tula especial, un adaptador para bol, un mini bol + mini cuchillo.<\/b><\/div>\n<div><\/div>\n<div><b>Otros accesorios opcionales:\u00a0<\/b><\/div>\n<div>\u2013 Una cesta de vapor XXL: 5,5 L<\/div>\n<div>\u2013 Una amasadora XL: doble capacidad para pan\/masa.<\/div>\n<div>\u2013 Una prensa Extra XL,<\/div>\n<div>\u2013 Un exprimidor de c\u00edtricos<\/div>\n<div>\u2013 El experto en espiral<\/div>\n<div>\u2013 Una caja de cubos y palos<\/div>\n<div>\u2013 Caja de Cocina Creativa (discos ondulados, tagliatelle y juliana).<\/div>\n<div><\/div>\n<div>\n<div>Se proporciona un libro de 300 recetas para inspirarte y guiarte. Tambi\u00e9n est\u00e1 disponible de forma gratuita y se actualiza peri\u00f3dicamente una aplicaci\u00f3n que contiene m\u00e1s de 1.600 recetas, consejos y herramientas para la vida diaria.\u00a0\u00a0<b>Compatible con Apple y Android.\u00a0<\/b><\/div>\n<div><b>\u00a0<\/b><\/div>\n<div><b>Tanques y tapas garantizados 0% Bisfenol A.<\/b><\/div>\n<\/div>\n<\/div>\n<\/div>\n<\/div>\n<\/div>\n<\/div>\n<\/div>\n<\/div>\n<div class=\"product_bloc_content bloc ombre \">\n<table class=\"font-2\">\n<caption class=\"caption_hidden\">Caracter\u00edsticas<\/caption>\n<tbody>\n<tr class=\"odd\">\n<th scope=\"row\">Gama de productos de cocina<\/th>\n<td class=\"font-2-b\">\n<ul class=\"characteristics\" data-switch=\"\">\n<li class=\"\">Experto en cocina<\/li>\n<\/ul>\n<\/td>\n<\/tr>\n<tr class=\"\">\n<th scope=\"row\">Caracter\u00edsticas del procesador de alimentos\/licuadora<\/th>\n<td class=\"font-2-b\">\n<ul class=\"characteristics\" data-switch=\"\">\n<li class=\"\">Apagado autom\u00e1tico<\/li>\n<\/ul>\n<\/td>\n<\/tr>\n<tr class=\"odd\">\n<th scope=\"row\">Conectado<\/th>\n<td class=\"font-2-b\">\n<ul class=\"characteristics\" data-switch=\"\">\n<li class=\"\">No<\/li>\n<\/ul>\n<\/td>\n<\/tr>\n<tr class=\"\">\n<th scope=\"row\">Capacidad del recipiente<\/th>\n<td class=\"font-2-b\">\n<ul class=\"characteristics\" data-switch=\"\">\n<li class=\"\">3,5 litros<\/li>\n<\/ul>\n<\/td>\n<\/tr>\n<tr class=\"odd\">\n<th scope=\"row\">Tema principal<\/th>\n<td class=\"font-2-b\">\n<ul class=\"characteristics\" data-switch=\"\">\n<li class=\"\">Metal<\/li>\n<\/ul>\n<\/td>\n<\/tr>\n<tr class=\"\">\n<th scope=\"row\">Fuerza<\/th>\n<td class=\"font-2-b\">\n<ul class=\"characteristics\" data-switch=\"\">\n<li class=\"\">1700 W<\/li>\n<\/ul>\n<\/td>\n<\/tr>\n<tr class=\"odd\">\n<th scope=\"row\">Libro de recetas<\/th>\n<td class=\"font-2-b\">\n<ul class=\"characteristics\" data-switch=\"\">\n<li class=\"\">S\u00ed<\/li>\n<\/ul>\n<\/td>\n<\/tr>\n<tr class=\"\">\n<th scope=\"row\">Mostrar<\/th>\n<td class=\"font-2-b\">\n<ul class=\"characteristics\" data-switch=\"\">\n<li class=\"\">Pantalla digital de temperatura; Visualizaci\u00f3n digital de la hora<\/li>\n<\/ul>\n<\/td>\n<\/tr>\n<tr class=\"odd\">\n<th scope=\"row\">Tipo de motor<\/th>\n<td class=\"font-2-b\">\n<ul class=\"characteristics\" data-switch=\"\">\n<li class=\"\"><\/li>\n<\/ul>\n<\/td>\n<\/tr>\n<tr class=\"\">\n<th scope=\"row\">M\u00e9todo de cocci\u00f3n<\/th>\n<td class=\"font-2-b\">\n<ul class=\"characteristics\" data-switch=\"\">\n<li class=\"\">Cocinar al vapor<\/li>\n<li class=\"\">Hervir a fuego lento<\/li>\n<\/ul>\n<\/td>\n<\/tr>\n<tr class=\"odd\">\n<th scope=\"row\">Potencia de inducci\u00f3n<\/th>\n<td class=\"font-2-b\">\n<ul class=\"characteristics\" data-switch=\"\">\n<li class=\"\">800 vatios<\/li>\n<\/ul>\n<\/td>\n<\/tr>\n<tr class=\"\">\n<th scope=\"row\">Temperatura m\u00ednima<\/th>\n<td class=\"font-2-b\">\n<ul class=\"characteristics\" data-switch=\"\">\n<li class=\"\">30\u00b0C<\/li>\n<\/ul>\n<\/td>\n<\/tr>\n<tr class=\"odd\">\n<th scope=\"row\">N\u00famero de velocidades<\/th>\n<td class=\"font-2-b\">\n<ul class=\"characteristics\" data-switch=\"\">\n<li class=\"\">18<\/li>\n<\/ul>\n<\/td>\n<\/tr>\n<tr class=\"\">\n<th scope=\"row\">Accesorios suministrados<\/th>\n<td class=\"font-2-b\">\n<ul class=\"characteristics\" data-switch=\"\">\n<li class=\"\">B\u00e1scula, cuchilla universal, cesta de vapor + bandeja intermedia: batidor de huevos de 2,5 L, bol de acero inoxidable resistente al calor, esp\u00e1tula, cuchillo met\u00e1lico (con protecci\u00f3n de cuchilla) 4 discos: 2 para rebanar (2 y 4 mm), 2 para rallar (2-4 mm) Caja de almacenamiento 4 discos Mini bol + mini cuchillo Adaptador de bol transparente Esp\u00e1tula robot<\/li>\n<\/ul>\n<\/td>\n<\/tr>\n<tr class=\"odd\">\n<th scope=\"row\">Caracter\u00edsticas adicionales<\/th>\n<td class=\"font-2-b\">\n<ul class=\"characteristics\" data-switch=\"\">\n<li class=\"\">El robot de cocina multifuncional y escalable con m\u00e1s de 1.600 recetas gratuitas. Funciones del procesador de alimentos: licuadora, rallador, mezclar, batidora, batidor, picadora, batidora, amasadora. M\u00e9todo de cocci\u00f3n: Cocci\u00f3n al vapor, cocci\u00f3n a fuego lento, sopa caliente, turbo.<\/li>\n<\/ul>\n<\/td>\n<\/tr>\n<tr class=\"\">\n<th scope=\"row\">Peso<\/th>\n<td class=\"font-2-b\">\n<ul class=\"characteristics\" data-switch=\"\">\n<li class=\"\">11 kilos<\/li>\n<\/ul>\n<\/td>\n<\/tr>\n<tr class=\"odd\">\n<th scope=\"row\">Altura del producto<\/th>\n<td class=\"font-2-b\">\n<ul class=\"characteristics\" data-switch=\"\">\n<li class=\"\">37 cent\u00edmetros<\/li>\n<\/ul>\n<\/td>\n<\/tr>\n<tr class=\"\">\n<th scope=\"row\">Origen de fabricaci\u00f3n<\/th>\n<td class=\"font-2-b\">\n<ul class=\"characteristics\" data-switch=\"\">\n<li class=\"\">Francia<\/li>\n<\/ul>\n<\/td>\n<\/tr>\n<tr class=\"odd\">\n<th scope=\"row\">Temperatura (\u00b0C)<\/th>\n<td class=\"font-2-b\">\n<ul class=\"characteristics\" data-switch=\"\">\n<li class=\"\">Temperatura m\u00e1xima (\u00b0C): 160<\/li>\n<\/ul>\n<\/td>\n<\/tr>\n<tr class=\"\">\n<th scope=\"row\">Profundidad del producto<\/th>\n<td class=\"font-2-b\">\n<ul class=\"characteristics\" data-switch=\"\">\n<li class=\"\">35 cent\u00edmetros<\/li>\n<\/ul>\n<\/td>\n<\/tr>\n<tr class=\"odd\">\n<th scope=\"row\">Ancho<\/th>\n<td class=\"font-2-b\">\n<ul class=\"characteristics\" data-switch=\"\">\n<li class=\"\">34 cent\u00edmetros<\/li>\n<\/ul>\n<\/td>\n<\/tr>\n<tr class=\"\">\n<th scope=\"row\">Funciones del procesador de alimentos\/licuadora<\/th>\n<td class=\"font-2-b\">\n<ul class=\"characteristics\" data-switch=\"\">\n<li>\n<ul class=\"characteristics\" data-switch=\"\">\n<li class=\"\">Licuadora<\/li>\n<li class=\"\">Rebanada<\/li>\n<li class=\"\">Hervir a fuego lento<\/li>\n<li class=\"\">Rallar<\/li>\n<li class=\"\">Mezcla<\/li>\n<\/ul>\n<\/li>\n<\/ul>\n<p><button class=\"btn-reset\">Ver m\u00e1s<\/button><\/td>\n<\/tr>\n<tr class=\"odd\">\n<th scope=\"row\">Disponibilidad de repuestos<\/th>\n<td class=\"font-2-b\">\n<ul class=\"characteristics\" data-switch=\"\">\n<li class=\"\">10 a\u00f1os<\/li>\n<\/ul>\n<\/td>\n<\/tr>\n<\/tbody>\n<\/table>\n<\/div>\n","protected":false},"excerpt":{"rendered":"<div class=\"elementor-element elementor-element-0468b6c elementor-icon-list--layout-traditional elementor-list-item-link-full_width elementor-widget elementor-widget-icon-list\" data-id=\"0468b6c\" data-element_type=\"widget\" data-widget_type=\"icon-list.default\">\n<div class=\"elementor-widget-container\">\n<p>\u2705 Env\u00edo gratuito: de 5 a 7 d\u00edas<br \/>\n\u2705 Env\u00edo expr\u00e9s (9\u202f\u20ac): de 2 a 3 d\u00edas<br \/>\n\u2705 Pago seguro<br \/>\n\u2705 Devoluci\u00f3n en 30 d\u00edas<\/p>\n<\/div>\n<\/div>\n<div class=\"elementor-element elementor-element-4377a70 elementor-widget elementor-widget-wpr-product-excerpt\" data-id=\"4377a70\" data-element_type=\"widget\" data-widget_type=\"wpr-product-excerpt.default\">\n<div class=\"elementor-widget-container\">\n<div class=\"wpr-product-excerpt\">\n<div class=\"product_head\">\n<h1>Robot de cocina <span class=\"product_name font-2-b\">MAGIMIX COOK EXPERT CROMO MATE<\/span><\/h1>\n<\/div>\n<\/div>\n<\/div>\n<\/div>\n","protected":false},"featured_media":14245,"comment_status":"closed","ping_status":"closed","template":"","meta":[],"product_cat":[134],"product_tag":[],"class_list":["post-14244","product","type-product","status-publish","has-post-thumbnail","hentry","product_cat-cocina-coccion"],"_links":{"self":[{"href":"https:\/\/electro-tot-menage.es\/index.php\/wp-json\/wp\/v2\/product\/14244"}],"collection":[{"href":"https:\/\/electro-tot-menage.es\/index.php\/wp-json\/wp\/v2\/product"}],"about":[{"href":"https:\/\/electro-tot-menage.es\/index.php\/wp-json\/wp\/v2\/types\/product"}],"replies":[{"embeddable":true,"href":"https:\/\/electro-tot-menage.es\/index.php\/wp-json\/wp\/v2\/comments?post=14244"}],"version-history":[{"count":2,"href":"https:\/\/electro-tot-menage.es\/index.php\/wp-json\/wp\/v2\/product\/14244\/revisions"}],"predecessor-version":[{"id":14652,"href":"https:\/\/electro-tot-menage.es\/index.php\/wp-json\/wp\/v2\/product\/14244\/revisions\/14652"}],"wp:featuredmedia":[{"embeddable":true,"href":"https:\/\/electro-tot-menage.es\/index.php\/wp-json\/wp\/v2\/media\/14245"}],"wp:attachment":[{"href":"https:\/\/electro-tot-menage.es\/index.php\/wp-json\/wp\/v2\/media?parent=14244"}],"wp:term":[{"taxonomy":"product_cat","embeddable":true,"href":"https:\/\/electro-tot-menage.es\/index.php\/wp-json\/wp\/v2\/product_cat?post=14244"},{"taxonomy":"product_tag","embeddable":true,"href":"https:\/\/electro-tot-menage.es\/index.php\/wp-json\/wp\/v2\/product_tag?post=14244"}],"curies":[{"name":"wp","href":"https:\/\/api.w.org\/{rel}","templated":true}]}}