{"id":14232,"date":"2025-05-24T00:46:16","date_gmt":"2025-05-23T22:46:16","guid":{"rendered":"https:\/\/electro-tot-menage.es\/?post_type=product&#038;p=14232"},"modified":"2025-05-28T20:04:20","modified_gmt":"2025-05-28T18:04:20","slug":"robot-de-cocina-kitchenaid-rojo-5kcf0104eer-5","status":"publish","type":"product","link":"https:\/\/electro-tot-menage.es\/index.php\/produit\/robot-de-cocina-kitchenaid-rojo-5kcf0104eer-5\/","title":{"rendered":"Robot de cocina KITCHENAID ROJO 5KCF0104EER\/5"},"content":{"rendered":"<table class=\"font-2\">\n<tbody>\n<tr class=\"odd\">\n<th scope=\"row\">Caracter\u00edsticas del procesador de alimentos\/licuadora<\/th>\n<td class=\"font-2-b\">\n<ul class=\"characteristics\" data-switch=\"\">\n<li class=\"\">Apagado autom\u00e1tico<\/li>\n<li class=\"\">Mezcla delicada al tacto<\/li>\n<\/ul>\n<\/td>\n<\/tr>\n<tr class=\"\">\n<th scope=\"row\">Conectado<\/th>\n<td class=\"font-2-b\">\n<ul class=\"characteristics\" data-switch=\"\">\n<li class=\"\">No<\/li>\n<\/ul>\n<\/td>\n<\/tr>\n<tr class=\"odd\">\n<th scope=\"row\">Capacidad del recipiente<\/th>\n<td class=\"font-2-b\">\n<ul class=\"characteristics\" data-switch=\"\">\n<li class=\"\">4,5 litros<\/li>\n<\/ul>\n<\/td>\n<\/tr>\n<tr class=\"\">\n<th scope=\"row\">Tema principal<\/th>\n<td class=\"font-2-b\">\n<ul class=\"characteristics\" data-switch=\"\">\n<li class=\"\">Metal<\/li>\n<\/ul>\n<\/td>\n<\/tr>\n<tr class=\"odd\">\n<th scope=\"row\">Fuerza<\/th>\n<td class=\"font-2-b\">\n<ul class=\"characteristics\" data-switch=\"\">\n<li class=\"\">450 vatios<\/li>\n<\/ul>\n<\/td>\n<\/tr>\n<tr class=\"\">\n<th scope=\"row\">Libro de recetas<\/th>\n<td class=\"font-2-b\">\n<ul class=\"characteristics\" data-switch=\"\">\n<li class=\"\">S\u00ed<\/li>\n<\/ul>\n<\/td>\n<\/tr>\n<tr class=\"odd\">\n<th scope=\"row\">Mostrar<\/th>\n<td class=\"font-2-b\">\n<ul class=\"characteristics\" data-switch=\"\">\n<li class=\"\">Pantalla digital de temperatura; Visualizaci\u00f3n digital de la hora<\/li>\n<\/ul>\n<\/td>\n<\/tr>\n<tr class=\"\">\n<th scope=\"row\">Tipo cuenco<\/th>\n<td class=\"font-2-b\">\n<ul class=\"characteristics\" data-switch=\"\">\n<li class=\"\">Recipiente abierto durante la preparaci\u00f3n<\/li>\n<\/ul>\n<\/td>\n<\/tr>\n<tr class=\"odd\">\n<th scope=\"row\">Potencia de inducci\u00f3n<\/th>\n<td class=\"font-2-b\">\n<ul class=\"characteristics\" data-switch=\"\">\n<li class=\"\">1500 vatios<\/li>\n<\/ul>\n<\/td>\n<\/tr>\n<tr class=\"\">\n<th scope=\"row\">Temperatura m\u00ednima<\/th>\n<td class=\"font-2-b\">\n<ul class=\"characteristics\" data-switch=\"\">\n<li class=\"\">40\u00b0C<\/li>\n<\/ul>\n<\/td>\n<\/tr>\n<tr class=\"odd\">\n<th scope=\"row\">Accesorios suministrados<\/th>\n<td class=\"font-2-b\">\n<ul class=\"characteristics\" data-switch=\"\">\n<li class=\"\">Batidora Stirassist, batidor de huevos, tapa abatible, canasta vaporera y tapa con tapa, cuchilla amasadora, mini taz\u00f3n y cuchilla, multicuchilla, taz\u00f3n de cocci\u00f3n de 4.5L, taza medidora extra\u00edble, estuche de almacenamiento, libro de recetas. RECIPIENTE MULTIFUNCIONAL PARA REBANAR Y RALLAR<\/li>\n<\/ul>\n<\/td>\n<\/tr>\n<tr class=\"\">\n<th scope=\"row\">Peso<\/th>\n<td class=\"font-2-b\">\n<ul class=\"characteristics\" data-switch=\"\">\n<li class=\"\">10,4 kilogramos<\/li>\n<\/ul>\n<\/td>\n<\/tr>\n<tr class=\"odd\">\n<th scope=\"row\">Altura del producto<\/th>\n<td class=\"font-2-b\">\n<ul class=\"characteristics\" data-switch=\"\">\n<li class=\"\">41,1 cent\u00edmetros<\/li>\n<\/ul>\n<\/td>\n<\/tr>\n<tr class=\"\">\n<th scope=\"row\">Origen de fabricaci\u00f3n<\/th>\n<td class=\"font-2-b\">\n<ul class=\"characteristics\" data-switch=\"\">\n<li class=\"\">Porcelana<\/li>\n<\/ul>\n<\/td>\n<\/tr>\n<tr class=\"odd\">\n<th scope=\"row\">Temperatura (\u00b0C)<\/th>\n<td class=\"font-2-b\">\n<ul class=\"characteristics\" data-switch=\"\">\n<li class=\"\">Temperatura m\u00e1xima (\u00b0C): 140<\/li>\n<\/ul>\n<\/td>\n<\/tr>\n<tr class=\"\">\n<th scope=\"row\">Profundidad del producto<\/th>\n<td class=\"font-2-b\">\n<ul class=\"characteristics\" data-switch=\"\">\n<li class=\"\">34,2 cent\u00edmetros<\/li>\n<\/ul>\n<\/td>\n<\/tr>\n<tr class=\"odd\">\n<th scope=\"row\">Ancho<\/th>\n<td class=\"font-2-b\">\n<ul class=\"characteristics\" data-switch=\"\">\n<li class=\"\">31,4 cent\u00edmetros<\/li>\n<\/ul>\n<\/td>\n<\/tr>\n<tr class=\"\">\n<th scope=\"row\">Funciones del procesador de alimentos\/licuadora<\/th>\n<td class=\"font-2-b\">\n<ul class=\"characteristics\" data-switch=\"\">\n<li class=\"\">Pastas<\/li>\n<li class=\"\">Turbo<\/li>\n<li class=\"\">Cocinar al vapor<\/li>\n<li class=\"\">Cocinar al vapor<\/li>\n<li class=\"\">Hervir a fuego lento<\/li>\n<\/ul>\n<\/td>\n<\/tr>\n<tr class=\"odd\">\n<th scope=\"row\">Disponibilidad de repuestos<\/th>\n<td class=\"font-2-b\">\n<ul class=\"characteristics\" data-switch=\"\">\n<li class=\"\">2 a\u00f1os<\/li>\n<\/ul>\n<\/td>\n<\/tr>\n<\/tbody>\n<\/table>\n","protected":false},"excerpt":{"rendered":"<div class=\"elementor-element elementor-element-0468b6c elementor-icon-list--layout-traditional elementor-list-item-link-full_width elementor-widget elementor-widget-icon-list\" data-id=\"0468b6c\" data-element_type=\"widget\" data-widget_type=\"icon-list.default\">\n<div class=\"elementor-widget-container\">\n<p>\u2705 Env\u00edo gratuito: de 5 a 7 d\u00edas<br \/>\n\u2705 Env\u00edo expr\u00e9s (9\u202f\u20ac): de 2 a 3 d\u00edas<br \/>\n\u2705 Pago seguro<br \/>\n\u2705 Devoluci\u00f3n en 30 d\u00edas<\/p>\n<\/div>\n<\/div>\n<div class=\"elementor-element elementor-element-4377a70 elementor-widget elementor-widget-wpr-product-excerpt\" data-id=\"4377a70\" data-element_type=\"widget\" data-widget_type=\"wpr-product-excerpt.default\">\n<div class=\"elementor-widget-container\">\n<div class=\"wpr-product-excerpt\">\n<p class=\"product_section_title font-2-b\">Los puntos fuertes:<\/p>\n<ul class=\"product_details_items font-2-l\">\n<li class=\"product_details_item\">Robot de cocina multifunci\u00f3n \u2013 Bol de acero inoxidable de 4,5 L<\/li>\n<li class=\"product_details_item\">Motor de 450 vatios \u2013 6 modos de cocci\u00f3n<\/li>\n<li class=\"product_details_item\">Libro de recetas y aplicaci\u00f3n digital<\/li>\n<li class=\"product_details_item\">Kit de reposter\u00eda \u2013 Cesta vaporera \u2013 Batidora \u201cStirassist\u201d<\/li>\n<\/ul>\n<\/div>\n<\/div>\n<\/div>\n","protected":false},"featured_media":14233,"comment_status":"closed","ping_status":"closed","template":"","meta":[],"product_cat":[134],"product_tag":[],"class_list":["post-14232","product","type-product","status-publish","has-post-thumbnail","hentry","product_cat-cocina-coccion"],"_links":{"self":[{"href":"https:\/\/electro-tot-menage.es\/index.php\/wp-json\/wp\/v2\/product\/14232"}],"collection":[{"href":"https:\/\/electro-tot-menage.es\/index.php\/wp-json\/wp\/v2\/product"}],"about":[{"href":"https:\/\/electro-tot-menage.es\/index.php\/wp-json\/wp\/v2\/types\/product"}],"replies":[{"embeddable":true,"href":"https:\/\/electro-tot-menage.es\/index.php\/wp-json\/wp\/v2\/comments?post=14232"}],"version-history":[{"count":2,"href":"https:\/\/electro-tot-menage.es\/index.php\/wp-json\/wp\/v2\/product\/14232\/revisions"}],"predecessor-version":[{"id":14654,"href":"https:\/\/electro-tot-menage.es\/index.php\/wp-json\/wp\/v2\/product\/14232\/revisions\/14654"}],"wp:featuredmedia":[{"embeddable":true,"href":"https:\/\/electro-tot-menage.es\/index.php\/wp-json\/wp\/v2\/media\/14233"}],"wp:attachment":[{"href":"https:\/\/electro-tot-menage.es\/index.php\/wp-json\/wp\/v2\/media?parent=14232"}],"wp:term":[{"taxonomy":"product_cat","embeddable":true,"href":"https:\/\/electro-tot-menage.es\/index.php\/wp-json\/wp\/v2\/product_cat?post=14232"},{"taxonomy":"product_tag","embeddable":true,"href":"https:\/\/electro-tot-menage.es\/index.php\/wp-json\/wp\/v2\/product_tag?post=14232"}],"curies":[{"name":"wp","href":"https:\/\/api.w.org\/{rel}","templated":true}]}}