{"id":14205,"date":"2025-05-24T00:30:55","date_gmt":"2025-05-23T22:30:55","guid":{"rendered":"https:\/\/electro-tot-menage.es\/?post_type=product&#038;p=14205"},"modified":"2025-05-28T20:06:57","modified_gmt":"2025-05-28T18:06:57","slug":"plancha-riviera-et-bar-qpl-630","status":"publish","type":"product","link":"https:\/\/electro-tot-menage.es\/index.php\/produit\/plancha-riviera-et-bar-qpl-630\/","title":{"rendered":"Plancha RIVIERA ET BAR QPL 630"},"content":{"rendered":"<div class=\"product_bloc_content bloc ombre product_bloc_caracteristics_odd\">\n<table class=\"font-2\">\n<tbody>\n<tr class=\"odd\">\n<th scope=\"row\">Fuerza<\/th>\n<td class=\"font-2-b\">\n<ul class=\"characteristics\" data-switch=\"\">\n<li class=\"\">2200 W<\/li>\n<\/ul>\n<\/td>\n<\/tr>\n<tr class=\"\">\n<th scope=\"row\">Tipo de barbacoa<\/th>\n<td class=\"font-2-b\">\n<ul class=\"characteristics\" data-switch=\"\">\n<li class=\"\">Desde la mesa<\/li>\n<\/ul>\n<\/td>\n<\/tr>\n<tr class=\"odd\">\n<th scope=\"row\">Energ\u00eda utilizada<\/th>\n<td class=\"font-2-b\">\n<ul class=\"characteristics\" data-switch=\"\">\n<li class=\"\">El\u00e9ctrico<\/li>\n<\/ul>\n<\/td>\n<\/tr>\n<tr class=\"\">\n<th scope=\"row\">Parrillas y bandejas para hornear<\/th>\n<td class=\"font-2-b\">\n<ul class=\"characteristics\" data-switch=\"\">\n<li class=\"\">Aluminio fundido antiadherente<\/li>\n<\/ul>\n<\/td>\n<\/tr>\n<tr class=\"odd\">\n<th scope=\"row\">Superficie de cocci\u00f3n<\/th>\n<td class=\"font-2-b\">\n<ul class=\"characteristics\" data-switch=\"\">\n<li class=\"\">45 x 24,5 cm o 1100 cm2<\/li>\n<\/ul>\n<\/td>\n<\/tr>\n<tr class=\"\">\n<th scope=\"row\">Accesorios suministrados<\/th>\n<td class=\"font-2-b\">\n<ul class=\"characteristics\" data-switch=\"\">\n<li class=\"\">Se ofrecen 10 ideas de recetas<\/li>\n<\/ul>\n<\/td>\n<\/tr>\n<tr class=\"odd\">\n<th scope=\"row\">N\u00famero de hogares<\/th>\n<td class=\"font-2-b\">\n<ul class=\"characteristics\" data-switch=\"\">\n<li class=\"\">1<\/li>\n<\/ul>\n<\/td>\n<\/tr>\n<tr class=\"\">\n<th scope=\"row\">Temperatura (\u00b0C)<\/th>\n<td class=\"font-2-b\">\n<ul class=\"characteristics\" data-switch=\"\">\n<li class=\"\">Termostato ajustable<\/li>\n<\/ul>\n<\/td>\n<\/tr>\n<tr class=\"odd\">\n<th scope=\"row\">Caracter\u00edsticas adicionales<\/th>\n<td class=\"font-2-b\">\n<ul class=\"characteristics\" data-switch=\"\">\n<li class=\"\">Bandeja recolectora de jugo<\/li>\n<\/ul>\n<\/td>\n<\/tr>\n<tr class=\"\">\n<th scope=\"row\">Dispositivo compatible<\/th>\n<td class=\"font-2-b\">\n<ul class=\"characteristics\" data-switch=\"\">\n<li class=\"\">Plancha<\/li>\n<\/ul>\n<\/td>\n<\/tr>\n<tr class=\"odd\">\n<th scope=\"row\">Altura del producto<\/th>\n<td class=\"font-2-b\">\n<ul class=\"characteristics\" data-switch=\"\">\n<li class=\"\">15 cent\u00edmetros<\/li>\n<\/ul>\n<\/td>\n<\/tr>\n<tr class=\"\">\n<th scope=\"row\">Profundidad del producto<\/th>\n<td class=\"font-2-b\">\n<ul class=\"characteristics\" data-switch=\"\">\n<li class=\"\">30,5 cent\u00edmetros<\/li>\n<\/ul>\n<\/td>\n<\/tr>\n<tr class=\"odd\">\n<th scope=\"row\">Ancho<\/th>\n<td class=\"font-2-b\">\n<ul class=\"characteristics\" data-switch=\"\">\n<li class=\"\">64,5 cent\u00edmetros<\/li>\n<\/ul>\n<\/td>\n<\/tr>\n<tr class=\"\">\n<th scope=\"row\">Peso<\/th>\n<td class=\"font-2-b\">\n<ul class=\"characteristics\" data-switch=\"\">\n<li class=\"\">5,9 kilogramos<\/li>\n<\/ul>\n<\/td>\n<\/tr>\n<tr class=\"odd\">\n<th scope=\"row\">Origen de fabricaci\u00f3n<\/th>\n<td class=\"font-2-b\">\n<ul class=\"characteristics\" data-switch=\"\">\n<li class=\"\">Porcelana<\/li>\n<\/ul>\n<\/td>\n<\/tr>\n<tr class=\"\">\n<th scope=\"row\">Disponibilidad de repuestos<\/th>\n<td class=\"font-2-b\">\n<ul class=\"characteristics\" data-switch=\"\">\n<li class=\"\">5 a\u00f1os<\/li>\n<\/ul>\n<\/td>\n<\/tr>\n<\/tbody>\n<\/table>\n<\/div>\n<div><\/div>\n<div class=\"product_bloc_content bloc ombre font-2\">\n<div class=\"columns\">\n<div><strong>La plancha grill Riviera and Bar QPL 630 con una potencia de 2200 W es la soluci\u00f3n ideal para cocinar simult\u00e1neamente a la plancha tradicional y carnes m\u00e1s gruesas.<\/strong><\/div>\n<div><strong>La gran superficie de cocci\u00f3n combinada con un rendimiento de cocci\u00f3n perfecto lo convierte en un producto esencial para los fan\u00e1ticos de la cocina familiar.<\/strong><\/div>\n<p><strong>Placas:<br \/>\nQPL 630 viene con 2 placas intercambiables:<\/strong><br \/>\n\u2013 plancha: para cocinar todo tipo de carnes y pescados en rodajas, mariscos, verduras, etc.<br \/>\n\u2013 parrilla-barbacoa: para sellar carnes m\u00e1s gruesas, embutidos, pescados, etc.<br \/>\n<strong>Cada placa ofrece una gran\u00a0<\/strong>\u00a0<strong>superficie de cocci\u00f3n de 45 x 24,5 cm\u00a0<\/strong>\u00a0o 1100 cm\u00b2, lo que le asegura poder cocinar una gran cantidad de alimentos: verduras, pescado, mariscos, carnes en rodajas, etc. para deleitar a toda la familia.<\/p>\n<div><strong>\u00a1R\u00e1pido y eficiente<\/strong>\u00a0\u00a0! Las\u00a0\u00a0<b>placas s\u00f3lidas, con elementos calefactores integrados, fabricadas en aluminio fundido<\/b>\u00a0\u00a0con\u00a0\u00a0\u00a0<b>revestimiento antiadherente libre de PFOA<\/b>\u00a0\u00a0permiten una\u00a0\u00a0<strong>\u00a0cocci\u00f3n sana<\/strong>\u00a0, sin\u00a0\u00a0\u00a0<b>grasas\u00a0<\/b>\u00a0<strong>\u00a0y son de f\u00e1cil mantenimiento\u00a0<\/strong>\u00a0<b>.<\/b><\/div>\n<div>\n<div><b>Temperaturas:<\/b><br \/>\nEquipado con 5\u00a0\u00a0<strong>\u00a0niveles de temperatura ajustables\u00a0<\/strong>\u00a0y una\u00a0\u00a0\u00a0<strong>funci\u00f3n para mantener caliente<\/strong>\u00a0, puede ajustar la temperatura de acuerdo con la comida a cocinar (bot\u00f3n de selecci\u00f3n de temperatura grande).<\/div>\n<div>Una luz indica cuando el aparato est\u00e1 precalentando y se est\u00e1 regulando la temperatura.<\/div>\n<div>Gracias a la\u00a0\u00a0\u00a0<b>doble resistencia integrada<\/b>\u00a0, el calor se difunde uniformemente.<\/div>\n<div><b><br \/>\nPracticidad y seguridad:\u00a0<\/b><\/div>\n<div><strong>F\u00e1cil limpieza gracias al revestimiento antiadherente de la placa.<br \/>\n<\/strong>Una\u00a0\u00a0<strong>\u00a0gran bandeja extra\u00edble para recolectar jugos y grasas<\/strong>\u00a0\u00a0le permite recolectar jugos de cocci\u00f3n y grasas para una preparaci\u00f3n sin grasa ni humo (placas inclinadas para drenar grasas y jugos de cocci\u00f3n).<\/div>\n<div>Tiene un\u00a0\u00a0<b>protector de grasa de acero inoxidable s\u00f3lido removible<\/b>\u00a0\u00a0y un bloque de termostato removible con pestillo de extracci\u00f3n.<\/div>\n<div>Tiene\u00a0\u00a0\u00a0<b>2 asas grandes\u00a0<\/b>\u00a0para evitar quemaduras.<\/div>\n<div>\u00d3ptima estabilidad gracias a\u00a0\u00a0\u00a0<b>sus patas antideslizantes<\/b>\u00a0.<\/div>\n<div>\n<p>Placas de cocci\u00f3n, trampas de grasa y bandejas de goteo\u00a0\u00a0<b>\u00a0aptas para lavavajillas .<\/b><\/p>\n<p><b>Accesorios :<\/b><\/p>\n<\/div>\n<div>\n<p>Se proporcionan 10 ideas de recetas.<\/p>\n<p>Garantizado 0% Bisfenol A.<br \/>\nPaneles frontal y trasero de acero inoxidable.<\/p>\n<p><strong><em>Dimensiones: Alto 15 x Largo 64,5 x Fondo 30,5 cm \/ Peso: 5,9 kg.<br \/>\nCable de alimentaci\u00f3n extra largo: 2 metros.<\/em><\/strong><\/p>\n<\/div>\n<\/div>\n<\/div>\n<\/div>\n","protected":false},"excerpt":{"rendered":"<div class=\"elementor-element elementor-element-0468b6c elementor-icon-list--layout-traditional elementor-list-item-link-full_width elementor-widget elementor-widget-icon-list\" data-id=\"0468b6c\" data-element_type=\"widget\" data-widget_type=\"icon-list.default\">\n<div class=\"elementor-widget-container\">\n<p>\u2705 Env\u00edo gratuito: de 5 a 7 d\u00edas<br \/>\n\u2705 Env\u00edo expr\u00e9s (9\u202f\u20ac): de 2 a 3 d\u00edas<br \/>\n\u2705 Pago seguro<br \/>\n\u2705 Devoluci\u00f3n en 30 d\u00edas<\/p>\n<\/div>\n<\/div>\n<div class=\"elementor-element elementor-element-4377a70 elementor-widget elementor-widget-wpr-product-excerpt\" data-id=\"4377a70\" data-element_type=\"widget\" data-widget_type=\"wpr-product-excerpt.default\">\n<div class=\"elementor-widget-container\">\n<div class=\"wpr-product-excerpt\">\n<p class=\"product_section_title font-2-b\">Los puntos fuertes:<\/p>\n<ul class=\"product_details_items font-2-l\">\n<li class=\"product_details_item\">2 placas intercambiables: Plancha o Grill\/Barbacoa<\/li>\n<li class=\"product_details_item\">Placas de aluminio fundido 2 x 1100 cm\u00b2 (45 x 24,5 cm)<\/li>\n<li class=\"product_details_item\">Recubrimiento antiadherente sin PFOA<\/li>\n<li class=\"product_details_item\">5 niveles de temperatura, incluido mantener caliente<\/li>\n<\/ul>\n<\/div>\n<\/div>\n<\/div>\n","protected":false},"featured_media":14206,"comment_status":"closed","ping_status":"closed","template":"","meta":[],"product_cat":[134],"product_tag":[],"class_list":["post-14205","product","type-product","status-publish","has-post-thumbnail","hentry","product_cat-cocina-coccion"],"_links":{"self":[{"href":"https:\/\/electro-tot-menage.es\/index.php\/wp-json\/wp\/v2\/product\/14205"}],"collection":[{"href":"https:\/\/electro-tot-menage.es\/index.php\/wp-json\/wp\/v2\/product"}],"about":[{"href":"https:\/\/electro-tot-menage.es\/index.php\/wp-json\/wp\/v2\/types\/product"}],"replies":[{"embeddable":true,"href":"https:\/\/electro-tot-menage.es\/index.php\/wp-json\/wp\/v2\/comments?post=14205"}],"version-history":[{"count":2,"href":"https:\/\/electro-tot-menage.es\/index.php\/wp-json\/wp\/v2\/product\/14205\/revisions"}],"predecessor-version":[{"id":14658,"href":"https:\/\/electro-tot-menage.es\/index.php\/wp-json\/wp\/v2\/product\/14205\/revisions\/14658"}],"wp:featuredmedia":[{"embeddable":true,"href":"https:\/\/electro-tot-menage.es\/index.php\/wp-json\/wp\/v2\/media\/14206"}],"wp:attachment":[{"href":"https:\/\/electro-tot-menage.es\/index.php\/wp-json\/wp\/v2\/media?parent=14205"}],"wp:term":[{"taxonomy":"product_cat","embeddable":true,"href":"https:\/\/electro-tot-menage.es\/index.php\/wp-json\/wp\/v2\/product_cat?post=14205"},{"taxonomy":"product_tag","embeddable":true,"href":"https:\/\/electro-tot-menage.es\/index.php\/wp-json\/wp\/v2\/product_tag?post=14205"}],"curies":[{"name":"wp","href":"https:\/\/api.w.org\/{rel}","templated":true}]}}