{"id":14192,"date":"2025-05-24T00:22:29","date_gmt":"2025-05-23T22:22:29","guid":{"rendered":"https:\/\/electro-tot-menage.es\/?post_type=product&#038;p=14192"},"modified":"2025-05-28T20:07:30","modified_gmt":"2025-05-28T18:07:30","slug":"extractor-de-jugos-horizontal-omega-8226-80-rpm-cromado","status":"publish","type":"product","link":"https:\/\/electro-tot-menage.es\/index.php\/produit\/extractor-de-jugos-horizontal-omega-8226-80-rpm-cromado\/","title":{"rendered":"Extractor de jugos horizontal OMEGA &#8211; 8226 &#8211; 80 rpm &#8211; Cromado"},"content":{"rendered":"<div id=\"presTitle\" class=\"fpCat testSep\">\n<div class=\"fpCatTitle\">Presentaci\u00f3n del producto: Extractor de jugos horizontal OMEGA \u2013 8226 \u2013 80 rpm \u2013 Cromado<\/div>\n<\/div>\n<div><\/div>\n<div id=\"presContent\" class=\"fpBlk testSep extCode\">El extractor de jugos horizontal de un solo tornillo Omega 8226 es f\u00e1cil de usar y muy duradero. Permite realizar deliciosos zumos de frutas con muy buen rendimiento. El exprimidor horizontal Omega 8226 est\u00e1 equipado con un doble tamiz patentado. Con Omega 8226 podr\u00e1s preparar deliciosos zumos de frutas, verduras o hierbas, as\u00ed como sabrosos y saludables pur\u00e9s, palitos de pan, pastas frescas o mantequillas de frutos secos. F\u00e1cil de usar y muy duradero, el extractor de jugos Omega 8226 ofrece un mejor rendimiento que otros extractores de jugo gracias a su doble tamiz patentado. Su funcionamiento es especialmente eficiente: Paso 1: Primer triturado y filtraci\u00f3n del jugo a trav\u00e9s de la parte de orificio grande del filtro. Paso 2: Se prensa la pulpa y se vuelve a filtrar el jugo. El residuo seco se libera en la parte delantera del extractor. Este proceso de alto rendimiento permite obtener jugos de frutas o verduras saludables, repletos de vitaminas y minerales. Omega 8226, un extractor de jugos duradero y f\u00e1cil de usar. Omega 8226 es muy robusto y f\u00e1cil de usar. Es el electrodom\u00e9stico ideal para todos aquellos que quieran preparar deliciosos zumos con facilidad. Es muy f\u00e1cil de desmontar y limpiar. Simplemente desbloquee el bloque de extracci\u00f3n. Luego s\u00f3lo queda enjuagar el tamiz y el tornillo con agua. Volver a montar el Omega 8226 es muy f\u00e1cil. S\u00f3lo tomar\u00e1 unos segundos. Quienes ya lo poseen aprecian su facilidad de uso y la rapidez con la que limpia. Eligiendo entre los dos colores (blanco y cromo) de este modelo de extractor Omega, podr\u00e1s integrarlo en tu cocina en completa armon\u00eda. Es muy duradero y muy f\u00e1cil de utilizar. Omega 8226 es extremadamente duradero. Su garant\u00eda de 15 a\u00f1os lo demuestra. Su tornillo de presi\u00f3n, fabricado en GE Ultem, es hasta 8 veces m\u00e1s fuerte que el de otros extractores. Omega 8226, un exprimidor con m\u00faltiples funciones para disfrutar de una alimentaci\u00f3n saludable. El Omega 8226 incluye un colador completo. Gracias a \u00e9l, podr\u00e1 preparar platos nutritivos y sabrosos: pur\u00e9s, compotas y sorbetes. Tambi\u00e9n podr\u00e1s utilizarlo para elaborar pasta fresca y colines gracias a las 6 boquillas suministradas con el aparato (2 boquillas para colines, 2 boquillas para fettuccini y 2 boquillas para espaguetis). Su velocidad de trabajo moderada (80 revoluciones por minuto) muele los alimentos sin calentarlos, para una mejor conservaci\u00f3n de las vitaminas y sales minerales.<\/div>\n<div id=\"desc\" class=\"anchor\"><\/div>\n<div id=\"descContent\" class=\"fpBlk testSep\" data-cs-override-id=\"Descriptif\">\n<p class=\"fpMb\">1 extractor de jugos, 2 tamices, 2 recipientes recolectores de pl\u00e1stico, 6 boquillas de extracci\u00f3n, 1 empujador de pl\u00e1stico, 1 colador, 1 cepillo de limpieza \u2013 Velocidad de rotaci\u00f3n: 80 rpm \u2013 Tornillo simple \u2013 Peso ligero: 5,9 kg \u2013 Motor con garant\u00eda de 15 a\u00f1os \u2013 Potencia: 180 W<\/p>\n<div class=\"regBloc no1023 \">\n<div id=\"gpt-R2-300X250BODY2\" data-google-query-id=\"CIrk7smGlugCFdW43god_XMA-A\"><\/div>\n<div class=\"regTxt\"><\/div>\n<\/div>\n<table class=\"fpDescTb fpDescTbPub\">\n<tbody>\n<tr>\n<th colspan=\"2\">Informaci\u00f3n general del producto<\/th>\n<\/tr>\n<tr>\n<td>Marca<\/td>\n<td><a title=\"OMEGA\" href=\"https:\/\/www.cdiscount.com\/m-8476-omega.html\" data-link=\"SFP-ZBN-TNO-DPM\">OMEGA<\/a><\/td>\n<\/tr>\n<tr>\n<td>Nombre del producto<\/td>\n<td>Extractor de jugos horizontal OMEGA \u2013 8226 \u2013 80 rpm<\/td>\n<\/tr>\n<tr>\n<td>Categor\u00eda<\/td>\n<td>EXTRACTOR DE JUGO<\/td>\n<\/tr>\n<tr>\n<th colspan=\"2\">Informaci\u00f3n del producto<\/th>\n<\/tr>\n<tr>\n<td>Bandera)<\/td>\n<td>Cromo<\/td>\n<\/tr>\n<tr>\n<th colspan=\"2\">General<\/th>\n<\/tr>\n<tr>\n<td>Tipo de producto<\/td>\n<td>extractor de jugos<\/td>\n<\/tr>\n<tr>\n<td>Velocidad m\u00e1xima<\/td>\n<td>80 rpm<\/td>\n<\/tr>\n<tr>\n<th colspan=\"2\">Consumo<\/th>\n<\/tr>\n<tr>\n<td>Alimento<\/td>\n<td>230 \u2013 240 V<\/td>\n<\/tr>\n<tr>\n<td>Energ\u00eda el\u00e9ctrica<\/td>\n<td>180 W<\/td>\n<\/tr>\n<tr>\n<th colspan=\"2\">Dimensiones y peso<\/th>\n<\/tr>\n<tr>\n<td>Ancho<\/td>\n<td>36,8 cent\u00edmetros<\/td>\n<\/tr>\n<tr>\n<td>Altura<\/td>\n<td>39,4 cent\u00edmetros<\/td>\n<\/tr>\n<tr>\n<td>Profundidad<\/td>\n<td>16,5 cent\u00edmetros<\/td>\n<\/tr>\n<tr>\n<td>Peso<\/td>\n<td>5,9 kilogramos<\/td>\n<\/tr>\n<tr>\n<th colspan=\"2\">Dimensiones y peso (embalado)<\/th>\n<\/tr>\n<tr>\n<td>Altura (Env\u00edo)<\/td>\n<td>46 cent\u00edmetros<\/td>\n<\/tr>\n<tr>\n<td>Ancho (empaquetado)<\/td>\n<td>23 cent\u00edmetros<\/td>\n<\/tr>\n<tr>\n<td>Profundidad (empaquetada)<\/td>\n<td>34 cent\u00edmetros<\/td>\n<\/tr>\n<tr>\n<td>Peso (Env\u00edo)<\/td>\n<td>6,4 kilogramos<\/td>\n<\/tr>\n<\/tbody>\n<\/table>\n<\/div>\n","protected":false},"excerpt":{"rendered":"<div class=\"elementor-element elementor-element-0468b6c elementor-icon-list--layout-traditional elementor-list-item-link-full_width elementor-widget elementor-widget-icon-list\" data-id=\"0468b6c\" data-element_type=\"widget\" data-widget_type=\"icon-list.default\">\n<div class=\"elementor-widget-container\">\n<p>\u2705 Env\u00edo gratuito: de 5 a 7 d\u00edas<br \/>\n\u2705 Env\u00edo expr\u00e9s (9\u202f\u20ac): de 2 a 3 d\u00edas<br \/>\n\u2705 Pago seguro<br \/>\n\u2705 Devoluci\u00f3n en 30 d\u00edas<\/p>\n<\/div>\n<\/div>\n<div class=\"elementor-element elementor-element-4377a70 elementor-widget elementor-widget-wpr-product-excerpt\" data-id=\"4377a70\" data-element_type=\"widget\" data-widget_type=\"wpr-product-excerpt.default\">\n<div class=\"elementor-widget-container\">\n<div class=\"wpr-product-excerpt\">\n<p>1 extractor de jugos, 2 tamices, 2 recipientes recolectores de pl\u00e1stico, 6 boquillas de extracci\u00f3n, 1 empujador de pl\u00e1stico, 1 colador, 1 cepillo de limpieza \u2013 Velocidad de rotaci\u00f3n: 80 rpm \u2013 Tornillo simple \u2013 Peso ligero: 5,9 kg \u2013 Motor con garant\u00eda de 15 a\u00f1os \u2013 Potencia: 180 W<\/p>\n<\/div>\n<\/div>\n<\/div>\n","protected":false},"featured_media":14193,"comment_status":"closed","ping_status":"closed","template":"","meta":[],"product_cat":[134],"product_tag":[],"class_list":["post-14192","product","type-product","status-publish","has-post-thumbnail","hentry","product_cat-cocina-coccion"],"_links":{"self":[{"href":"https:\/\/electro-tot-menage.es\/index.php\/wp-json\/wp\/v2\/product\/14192"}],"collection":[{"href":"https:\/\/electro-tot-menage.es\/index.php\/wp-json\/wp\/v2\/product"}],"about":[{"href":"https:\/\/electro-tot-menage.es\/index.php\/wp-json\/wp\/v2\/types\/product"}],"replies":[{"embeddable":true,"href":"https:\/\/electro-tot-menage.es\/index.php\/wp-json\/wp\/v2\/comments?post=14192"}],"version-history":[{"count":2,"href":"https:\/\/electro-tot-menage.es\/index.php\/wp-json\/wp\/v2\/product\/14192\/revisions"}],"predecessor-version":[{"id":14660,"href":"https:\/\/electro-tot-menage.es\/index.php\/wp-json\/wp\/v2\/product\/14192\/revisions\/14660"}],"wp:featuredmedia":[{"embeddable":true,"href":"https:\/\/electro-tot-menage.es\/index.php\/wp-json\/wp\/v2\/media\/14193"}],"wp:attachment":[{"href":"https:\/\/electro-tot-menage.es\/index.php\/wp-json\/wp\/v2\/media?parent=14192"}],"wp:term":[{"taxonomy":"product_cat","embeddable":true,"href":"https:\/\/electro-tot-menage.es\/index.php\/wp-json\/wp\/v2\/product_cat?post=14192"},{"taxonomy":"product_tag","embeddable":true,"href":"https:\/\/electro-tot-menage.es\/index.php\/wp-json\/wp\/v2\/product_tag?post=14192"}],"curies":[{"name":"wp","href":"https:\/\/api.w.org\/{rel}","templated":true}]}}