{"id":14160,"date":"2025-05-23T23:56:08","date_gmt":"2025-05-23T21:56:08","guid":{"rendered":"https:\/\/electro-tot-menage.es\/?post_type=product&#038;p=14160"},"modified":"2025-05-28T20:11:48","modified_gmt":"2025-05-28T18:11:48","slug":"moulinex-ce704110-cookeo-smart-multicooker-con-100-recetas-preprogramadas-6-l-blanco","status":"publish","type":"product","link":"https:\/\/electro-tot-menage.es\/index.php\/produit\/moulinex-ce704110-cookeo-smart-multicooker-con-100-recetas-preprogramadas-6-l-blanco\/","title":{"rendered":"MOULINEX CE704110 Cookeo Smart Multicooker con 100 recetas preprogramadas &#8211; 6 L &#8211; Blanco"},"content":{"rendered":"<p class=\"fpMb\">Vaporera multifunci\u00f3n \u2013 100 recetas \u2013 Capacidad: 6L o 6 personas \u2013 7 modos de cocci\u00f3n: Cocci\u00f3n a presi\u00f3n de 105\u00b0 a 109\u00b0 \/ Vapor \/ Dorar 160\u00b0 \/ Recalentar 70\u00b0 \/ Mantener caliente 64\u00b0 \/ Cocci\u00f3n suave \/ Cocci\u00f3n a fuego lento \u2013 Pantalla digital a color \u2013 6 niveles de seguridad \u2013 Cesta de vapor \u2013 Bandeja de recogida de condensaci\u00f3n<\/p>\n<div class=\"regBloc no1023 \">\n<div id=\"gpt-R2-300X250BODY2\" data-google-query-id=\"CObuqbumoegCFYoT0wodMwoExw\"><\/div>\n<div class=\"regTxt\"><\/div>\n<\/div>\n<table class=\"fpDescTb fpDescTbPub\">\n<tbody>\n<tr>\n<th colspan=\"2\">Informaci\u00f3n general del producto<\/th>\n<\/tr>\n<tr>\n<td>Marca<\/td>\n<td>MOULINEX<\/td>\n<\/tr>\n<tr>\n<td>Nombre del producto<\/td>\n<td>MOULINEX CE704110 Cookeo multicocina inteligente<\/td>\n<\/tr>\n<tr>\n<td>Categor\u00eda<\/td>\n<td>MULTICOCINA<\/td>\n<\/tr>\n<tr>\n<th colspan=\"2\">Informaci\u00f3n del producto<\/th>\n<\/tr>\n<tr>\n<td>Procesadores de alimentos | Capacidad del recipiente<\/td>\n<td>6 litros<\/td>\n<\/tr>\n<tr>\n<td>Bandera)<\/td>\n<td>Blanco<\/td>\n<\/tr>\n<tr>\n<td>Composici\u00f3n<\/td>\n<td>Robot solo<\/td>\n<\/tr>\n<tr>\n<th colspan=\"2\">General<\/th>\n<\/tr>\n<tr>\n<td>Tipo de producto<\/td>\n<td>Multicocina<\/td>\n<\/tr>\n<tr>\n<td>N\u00famero de personas<\/td>\n<td>6<\/td>\n<\/tr>\n<tr>\n<td>Funci\u00f3n y par\u00e1metros<\/td>\n<td>Funci\u00f3n de mantener caliente, funci\u00f3n de recalentar<\/td>\n<\/tr>\n<tr>\n<td>Caracter\u00edsticas especiales<\/td>\n<td>Cable desmontable, recipiente extra\u00edble, cazuela de cer\u00e1mica, cocci\u00f3n al vapor, bandeja de condensaci\u00f3n extra\u00edble, tapa con cerradura, 100 recetas preprogramadas, 4 men\u00fas<\/td>\n<\/tr>\n<tr>\n<td>Apto para lavavajillas<\/td>\n<td>Olla, tapa<\/td>\n<\/tr>\n<tr>\n<td>Capacidad<\/td>\n<td>6 litros<\/td>\n<\/tr>\n<tr>\n<th colspan=\"2\">Configuraciones, controles e indicadores<\/th>\n<\/tr>\n<tr>\n<td>N\u00famero de modos de cocci\u00f3n<\/td>\n<td>7<\/td>\n<\/tr>\n<tr>\n<th colspan=\"2\">Consumo<\/th>\n<\/tr>\n<tr>\n<td>Energ\u00eda el\u00e9ctrica<\/td>\n<td>1200 vatios<\/td>\n<\/tr>\n<tr>\n<th colspan=\"2\">Miscel\u00e1neas<\/th>\n<\/tr>\n<tr>\n<td>Caracter\u00edsticas externas<\/td>\n<td>Acabado cromado<\/td>\n<\/tr>\n<tr>\n<th colspan=\"2\">Dimensiones y peso<\/th>\n<\/tr>\n<tr>\n<td>Ancho<\/td>\n<td>38 cent\u00edmetros<\/td>\n<\/tr>\n<tr>\n<td>Altura<\/td>\n<td>32,5 cent\u00edmetros<\/td>\n<\/tr>\n<tr>\n<td>Profundidad<\/td>\n<td>35 cent\u00edmetros<\/td>\n<\/tr>\n<tr>\n<td>Peso<\/td>\n<td>6,4 kilogramos<\/td>\n<\/tr>\n<tr>\n<th colspan=\"2\">Dimensiones y peso (embalado)<\/th>\n<\/tr>\n<tr>\n<td>Altura (Env\u00edo)<\/td>\n<td>35,6 cent\u00edmetros<\/td>\n<\/tr>\n<tr>\n<td>Ancho (empaquetado)<\/td>\n<td>37,6 cent\u00edmetros<\/td>\n<\/tr>\n<tr>\n<td>Profundidad (empaquetada)<\/td>\n<td>35,4 cent\u00edmetros<\/td>\n<\/tr>\n<tr>\n<td>Peso (Env\u00edo)<\/td>\n<td>8,4 kilogramos<\/td>\n<\/tr>\n<tr>\n<th colspan=\"2\">Atributos de b\u00fasqueda<\/th>\n<\/tr>\n<tr>\n<td>Peque\u00f1os electrodom\u00e9sticos | Capacidad<\/td>\n<td>6 litros<\/td>\n<\/tr>\n<tr>\n<th colspan=\"2\">Mostrar<\/th>\n<\/tr>\n<tr>\n<td>Amable<\/td>\n<td>Digital<\/td>\n<\/tr>\n<\/tbody>\n<\/table>\n","protected":false},"excerpt":{"rendered":"<div class=\"elementor-element elementor-element-0468b6c elementor-icon-list--layout-traditional elementor-list-item-link-full_width elementor-widget elementor-widget-icon-list\" data-id=\"0468b6c\" data-element_type=\"widget\" data-widget_type=\"icon-list.default\">\n<div class=\"elementor-widget-container\">\n<p>\u2705 Env\u00edo gratuito: de 5 a 7 d\u00edas<br \/>\n\u2705 Env\u00edo expr\u00e9s (9\u202f\u20ac): de 2 a 3 d\u00edas<br \/>\n\u2705 Pago seguro<br \/>\n\u2705 Devoluci\u00f3n en 30 d\u00edas<\/p>\n<\/div>\n<\/div>\n<div class=\"elementor-element elementor-element-4377a70 elementor-widget elementor-widget-wpr-product-excerpt\" data-id=\"4377a70\" data-element_type=\"widget\" data-widget_type=\"wpr-product-excerpt.default\">\n<div class=\"elementor-widget-container\">\n<div class=\"wpr-product-excerpt\">\n<p>Vaporera multifunci\u00f3n \u2013 100 recetas \u2013 Capacidad: 6L o 6 personas \u2013 7 modos de cocci\u00f3n: Cocci\u00f3n a presi\u00f3n de 105\u00b0 a 109\u00b0 \/ Vapor \/ Dorar 160\u00b0 \/ Recalentar 70\u00b0 \/ Mantener caliente 64\u00b0 \/ Cocci\u00f3n suave \/ Cocci\u00f3n a fuego lento \u2013 Pantalla digital a color \u2013 6 niveles de seguridad \u2013 Cesta de vapor \u2013 Bandeja de recogida de condensaci\u00f3n<\/p>\n<\/div>\n<\/div>\n<\/div>\n","protected":false},"featured_media":14161,"comment_status":"closed","ping_status":"closed","template":"","meta":[],"product_cat":[134],"product_tag":[],"class_list":["post-14160","product","type-product","status-publish","has-post-thumbnail","hentry","product_cat-cocina-coccion"],"_links":{"self":[{"href":"https:\/\/electro-tot-menage.es\/index.php\/wp-json\/wp\/v2\/product\/14160"}],"collection":[{"href":"https:\/\/electro-tot-menage.es\/index.php\/wp-json\/wp\/v2\/product"}],"about":[{"href":"https:\/\/electro-tot-menage.es\/index.php\/wp-json\/wp\/v2\/types\/product"}],"replies":[{"embeddable":true,"href":"https:\/\/electro-tot-menage.es\/index.php\/wp-json\/wp\/v2\/comments?post=14160"}],"version-history":[{"count":3,"href":"https:\/\/electro-tot-menage.es\/index.php\/wp-json\/wp\/v2\/product\/14160\/revisions"}],"predecessor-version":[{"id":14667,"href":"https:\/\/electro-tot-menage.es\/index.php\/wp-json\/wp\/v2\/product\/14160\/revisions\/14667"}],"wp:featuredmedia":[{"embeddable":true,"href":"https:\/\/electro-tot-menage.es\/index.php\/wp-json\/wp\/v2\/media\/14161"}],"wp:attachment":[{"href":"https:\/\/electro-tot-menage.es\/index.php\/wp-json\/wp\/v2\/media?parent=14160"}],"wp:term":[{"taxonomy":"product_cat","embeddable":true,"href":"https:\/\/electro-tot-menage.es\/index.php\/wp-json\/wp\/v2\/product_cat?post=14160"},{"taxonomy":"product_tag","embeddable":true,"href":"https:\/\/electro-tot-menage.es\/index.php\/wp-json\/wp\/v2\/product_tag?post=14160"}],"curies":[{"name":"wp","href":"https:\/\/api.w.org\/{rel}","templated":true}]}}