{"id":14139,"date":"2025-05-23T23:47:20","date_gmt":"2025-05-23T21:47:20","guid":{"rendered":"https:\/\/electro-tot-menage.es\/?post_type=product&#038;p=14139"},"modified":"2025-05-28T20:12:22","modified_gmt":"2025-05-28T18:12:22","slug":"olla-de-coccion-lenta-moulinex-cookeo-ce857800-connect","status":"publish","type":"product","link":"https:\/\/electro-tot-menage.es\/index.php\/produit\/olla-de-coccion-lenta-moulinex-cookeo-ce857800-connect\/","title":{"rendered":"Olla de cocci\u00f3n lenta MOULINEX COOKEO+ CE857800 CONNECT"},"content":{"rendered":"<table class=\"font-2\">\n<tbody>\n<tr class=\"odd\">\n<th scope=\"row\">Gama de productos de cocina<\/th>\n<td class=\"font-2-b\">\n<ul class=\"characteristics\" data-switch=\"\">\n<li class=\"\">Cookeo<\/li>\n<\/ul>\n<\/td>\n<\/tr>\n<tr class=\"\">\n<th scope=\"row\">Caracter\u00edsticas de los electrodom\u00e9sticos de cocina<\/th>\n<td class=\"font-2-b\">\n<ul class=\"characteristics\" data-switch=\"\">\n<li class=\"\">Apagado autom\u00e1tico<\/li>\n<\/ul>\n<\/td>\n<\/tr>\n<tr class=\"odd\">\n<th scope=\"row\">Conectado<\/th>\n<td class=\"font-2-b\">\n<ul class=\"characteristics\" data-switch=\"\">\n<li class=\"\">S\u00ed<\/li>\n<\/ul>\n<\/td>\n<\/tr>\n<tr class=\"\">\n<th scope=\"row\">Fuerza<\/th>\n<td class=\"font-2-b\">\n<ul class=\"characteristics\" data-switch=\"\">\n<li class=\"\">1600 W<\/li>\n<\/ul>\n<\/td>\n<\/tr>\n<tr class=\"odd\">\n<th scope=\"row\">M\u00e9todo de cocci\u00f3n<\/th>\n<td class=\"font-2-b\">\n<ul class=\"characteristics\" data-switch=\"\">\n<li class=\"\">Mantener caliente<\/li>\n<\/ul>\n<\/td>\n<\/tr>\n<tr class=\"\">\n<th scope=\"row\">Programas<\/th>\n<td class=\"font-2-b\">\n<ul class=\"characteristics\" data-switch=\"\">\n<li class=\"\">6 programas: cocci\u00f3n a presi\u00f3n, cocci\u00f3n al vapor, dorar, hervir a fuego lento, cocci\u00f3n suave, recalentar<\/li>\n<\/ul>\n<\/td>\n<\/tr>\n<tr class=\"odd\">\n<th scope=\"row\">Accesorios suministrados<\/th>\n<td class=\"font-2-b\">\n<ul class=\"characteristics\" data-switch=\"\">\n<li class=\"\">Cesta de vapor, un recipiente y una tapa.<\/li>\n<\/ul>\n<\/td>\n<\/tr>\n<tr class=\"\">\n<th scope=\"row\">Capacidad<\/th>\n<td class=\"font-2-b\">\n<ul class=\"characteristics\" data-switch=\"\">\n<li class=\"\">6 litros \u2013 6 personas<\/li>\n<\/ul>\n<\/td>\n<\/tr>\n<tr class=\"odd\">\n<th scope=\"row\">El punto positivo del producto<\/th>\n<td class=\"font-2-b\">\n<ul class=\"characteristics\" data-switch=\"\">\n<li class=\"\"><\/li>\n<\/ul>\n<\/td>\n<\/tr>\n<tr class=\"\">\n<th scope=\"row\">M\u00e9todos de cocci\u00f3n<\/th>\n<td class=\"font-2-b\">\n<ul class=\"characteristics\" data-switch=\"\">\n<li class=\"\">6<\/li>\n<\/ul>\n<\/td>\n<\/tr>\n<tr class=\"odd\">\n<th scope=\"row\">Origen de fabricaci\u00f3n<\/th>\n<td class=\"font-2-b\">\n<ul class=\"characteristics\" data-switch=\"\">\n<li class=\"\">Porcelana<\/li>\n<\/ul>\n<\/td>\n<\/tr>\n<tr class=\"\">\n<th scope=\"row\">Disponibilidad de repuestos<\/th>\n<td class=\"font-2-b\">\n<ul class=\"characteristics\" data-switch=\"\">\n<li class=\"\">10 a\u00f1os<\/li>\n<\/ul>\n<\/td>\n<\/tr>\n<\/tbody>\n<\/table>\n","protected":false},"excerpt":{"rendered":"<div class=\"elementor-element elementor-element-0468b6c elementor-icon-list--layout-traditional elementor-list-item-link-full_width elementor-widget elementor-widget-icon-list\" data-id=\"0468b6c\" data-element_type=\"widget\" data-widget_type=\"icon-list.default\">\n<div class=\"elementor-widget-container\">\n<p>\u2705 Env\u00edo gratuito: de 5 a 7 d\u00edas<br \/>\n\u2705 Env\u00edo expr\u00e9s (9\u202f\u20ac): de 2 a 3 d\u00edas<br \/>\n\u2705 Pago seguro<br \/>\n\u2705 Devoluci\u00f3n en 30 d\u00edas<\/p>\n<\/div>\n<\/div>\n<div class=\"elementor-element elementor-element-4377a70 elementor-widget elementor-widget-wpr-product-excerpt\" data-id=\"4377a70\" data-element_type=\"widget\" data-widget_type=\"wpr-product-excerpt.default\">\n<div class=\"elementor-widget-container\">\n<div class=\"wpr-product-excerpt\">\n<ul class=\"product_details_items font-2-l\">\n<li class=\"product_details_item\">Multicooker conectado v\u00eda Bluetooth a tableta o smartphone<\/li>\n<li class=\"product_details_item\">Gu\u00eda culinaria interactiva e inteligente a trav\u00e9s de pantalla digital<\/li>\n<li class=\"product_details_item\">6 modos de cocci\u00f3n: mantener caliente, inicio diferido<\/li>\n<li class=\"product_details_item\">200 recetas incluidas \u2013 Capacidad de 6 L \u2013 1600 W<\/li>\n<\/ul>\n<\/div>\n<\/div>\n<\/div>\n","protected":false},"featured_media":14140,"comment_status":"closed","ping_status":"closed","template":"","meta":[],"product_cat":[134],"product_tag":[],"class_list":["post-14139","product","type-product","status-publish","has-post-thumbnail","hentry","product_cat-cocina-coccion"],"_links":{"self":[{"href":"https:\/\/electro-tot-menage.es\/index.php\/wp-json\/wp\/v2\/product\/14139"}],"collection":[{"href":"https:\/\/electro-tot-menage.es\/index.php\/wp-json\/wp\/v2\/product"}],"about":[{"href":"https:\/\/electro-tot-menage.es\/index.php\/wp-json\/wp\/v2\/types\/product"}],"replies":[{"embeddable":true,"href":"https:\/\/electro-tot-menage.es\/index.php\/wp-json\/wp\/v2\/comments?post=14139"}],"version-history":[{"count":2,"href":"https:\/\/electro-tot-menage.es\/index.php\/wp-json\/wp\/v2\/product\/14139\/revisions"}],"predecessor-version":[{"id":14669,"href":"https:\/\/electro-tot-menage.es\/index.php\/wp-json\/wp\/v2\/product\/14139\/revisions\/14669"}],"wp:featuredmedia":[{"embeddable":true,"href":"https:\/\/electro-tot-menage.es\/index.php\/wp-json\/wp\/v2\/media\/14140"}],"wp:attachment":[{"href":"https:\/\/electro-tot-menage.es\/index.php\/wp-json\/wp\/v2\/media?parent=14139"}],"wp:term":[{"taxonomy":"product_cat","embeddable":true,"href":"https:\/\/electro-tot-menage.es\/index.php\/wp-json\/wp\/v2\/product_cat?post=14139"},{"taxonomy":"product_tag","embeddable":true,"href":"https:\/\/electro-tot-menage.es\/index.php\/wp-json\/wp\/v2\/product_tag?post=14139"}],"curies":[{"name":"wp","href":"https:\/\/api.w.org\/{rel}","templated":true}]}}