{"id":14127,"date":"2025-05-23T23:41:52","date_gmt":"2025-05-23T21:41:52","guid":{"rendered":"https:\/\/electro-tot-menage.es\/?post_type=product&#038;p=14127"},"modified":"2025-05-28T20:12:40","modified_gmt":"2025-05-28T18:12:40","slug":"olla-de-coccion-lenta-moulinex-cookeo-touch-wifi-ce902800-negra","status":"publish","type":"product","link":"https:\/\/electro-tot-menage.es\/index.php\/produit\/olla-de-coccion-lenta-moulinex-cookeo-touch-wifi-ce902800-negra\/","title":{"rendered":"Olla de cocci\u00f3n lenta MOULINEX COOKEO TOUCH WIFI CE902800 NEGRA"},"content":{"rendered":"<table class=\"font-2\">\n<tbody>\n<tr class=\"odd\">\n<th scope=\"row\">Gama de productos de cocina<\/th>\n<td class=\"font-2-b\">\n<ul class=\"characteristics\" data-switch=\"\">\n<li class=\"\">Cookeo<\/li>\n<\/ul>\n<\/td>\n<\/tr>\n<tr class=\"\">\n<th scope=\"row\">Caracter\u00edsticas de los electrodom\u00e9sticos de cocina<\/th>\n<td class=\"font-2-b\">\n<ul class=\"characteristics\" data-switch=\"\">\n<li class=\"\">Apagado autom\u00e1tico<\/li>\n<li class=\"\">Cambiar<\/li>\n<li class=\"\">Minutero<\/li>\n<li class=\"\">Salida retrasada<\/li>\n<\/ul>\n<\/td>\n<\/tr>\n<tr class=\"odd\">\n<th scope=\"row\">Capacidad \u00fatil<\/th>\n<td class=\"font-2-b\">\n<ul class=\"characteristics\" data-switch=\"\">\n<li class=\"\">6 litros<\/li>\n<\/ul>\n<\/td>\n<\/tr>\n<tr class=\"\">\n<th scope=\"row\">Fuerza<\/th>\n<td class=\"font-2-b\">\n<ul class=\"characteristics\" data-switch=\"\">\n<li class=\"\">1600 W<\/li>\n<\/ul>\n<\/td>\n<\/tr>\n<tr class=\"odd\">\n<th scope=\"row\">Capacidad del tanque<\/th>\n<td class=\"font-2-b\">\n<ul class=\"characteristics\" data-switch=\"\">\n<li class=\"\">6 litros<\/li>\n<\/ul>\n<\/td>\n<\/tr>\n<tr class=\"\">\n<th scope=\"row\">M\u00e9todo de cocci\u00f3n<\/th>\n<td class=\"font-2-b\">\n<ul class=\"characteristics\" data-switch=\"\">\n<li>\n<ul class=\"characteristics\" data-switch=\"\">\n<li class=\"\">\n<table class=\"font-2\">\n<tbody>\n<tr class=\"\">\n<td class=\"font-2-b\">\n<ul class=\"characteristics js-active\" data-switch=\"\">\n<li class=\"\">Mantener caliente<\/li>\n<li class=\"\">Cocci\u00f3n suave<\/li>\n<li class=\"\">Cocina a presi\u00f3n<\/li>\n<li class=\"\">Marr\u00f3n<\/li>\n<li class=\"\">C\u00e1lido<\/li>\n<li class=\"more_characteristic\">Cocinar<\/li>\n<li class=\"more_characteristic\">Cocinar al vapor<\/li>\n<li class=\"more_characteristic\">Hervir a fuego lento<\/li>\n<li class=\"more_characteristic\">Marr\u00f3n<\/li>\n<\/ul>\n<\/td>\n<\/tr>\n<\/tbody>\n<\/table>\n<\/li>\n<\/ul>\n<\/li>\n<\/ul>\n<\/td>\n<\/tr>\n<tr class=\"odd\">\n<th scope=\"row\">Energ\u00eda utilizada<\/th>\n<td class=\"font-2-b\">\n<ul class=\"characteristics\" data-switch=\"\">\n<li class=\"\">El\u00e9ctrico<\/li>\n<\/ul>\n<\/td>\n<\/tr>\n<tr class=\"\">\n<th scope=\"row\">N\u00famero de modos de cocci\u00f3n<\/th>\n<td class=\"font-2-b\">\n<ul class=\"characteristics\" data-switch=\"\">\n<li class=\"\">13<\/li>\n<\/ul>\n<\/td>\n<\/tr>\n<tr class=\"odd\">\n<th scope=\"row\">Revestimiento interior<\/th>\n<td class=\"font-2-b\">\n<ul class=\"characteristics\" data-switch=\"\">\n<li class=\"\">cer\u00e1mica ultraresistente<\/li>\n<\/ul>\n<\/td>\n<\/tr>\n<tr class=\"\">\n<th scope=\"row\">Caracter\u00edsticas adicionales<\/th>\n<td class=\"font-2-b\">\n<ul class=\"characteristics\" data-switch=\"\">\n<li class=\"\">CAPACIDAD 6 L para preparar comidas para hasta 6 personas. APP \u201cMY COOKEO\u201d: \u00a1ya m\u00e1s de 750 recetas en la app! Crea y publica tus propias recetas por turnos.<\/li>\n<\/ul>\n<\/td>\n<\/tr>\n<tr class=\"odd\">\n<th scope=\"row\">El punto positivo del producto<\/th>\n<td class=\"font-2-b\">\n<ul class=\"characteristics\" data-switch=\"\">\n<li class=\"\">Descubra una nueva forma revolucionaria de cocinar con Cookeo Touch, la multicocina de alta presi\u00f3n conectada. Con su gran pantalla t\u00e1ctil inclinable, nunca ha sido tan f\u00e1cil encontrar inspiraci\u00f3n, recetas, t\u00e9cnicas de cocina, consejos, todo ilustrado paso a paso con im\u00e1genes y v\u00eddeos para ayudarte a triunfar en todos tus platos.<\/li>\n<\/ul>\n<\/td>\n<\/tr>\n<tr class=\"\">\n<th scope=\"row\"><\/th>\n<td class=\"font-2-b\"><\/td>\n<\/tr>\n<tr class=\"odd\">\n<th scope=\"row\">Disponibilidad de repuestos<\/th>\n<td class=\"font-2-b\">\n<ul class=\"characteristics\" data-switch=\"\">\n<li class=\"\">10 a\u00f1os<\/li>\n<\/ul>\n<\/td>\n<\/tr>\n<\/tbody>\n<\/table>\n","protected":false},"excerpt":{"rendered":"<div class=\"elementor-element elementor-element-0468b6c elementor-icon-list--layout-traditional elementor-list-item-link-full_width elementor-widget elementor-widget-icon-list\" data-id=\"0468b6c\" data-element_type=\"widget\" data-widget_type=\"icon-list.default\">\n<div class=\"elementor-widget-container\">\n<p>\u2705 Env\u00edo gratuito: de 5 a 7 d\u00edas<br \/>\n\u2705 Env\u00edo expr\u00e9s (9\u202f\u20ac): de 2 a 3 d\u00edas<br \/>\n\u2705 Pago seguro<br \/>\n\u2705 Devoluci\u00f3n en 30 d\u00edas<\/p>\n<\/div>\n<\/div>\n<div class=\"elementor-element elementor-element-4377a70 elementor-widget elementor-widget-wpr-product-excerpt\" data-id=\"4377a70\" data-element_type=\"widget\" data-widget_type=\"wpr-product-excerpt.default\">\n<div class=\"elementor-widget-container\">\n<div class=\"wpr-product-excerpt\">\n<p class=\"product_section_title font-2-b\">Los puntos fuertes:<\/p>\n<ul class=\"product_details_items font-2-l\">\n<li class=\"product_details_item\">Multicocina inteligente de alta presi\u00f3n conectada \u2013 6 litros<\/li>\n<li class=\"product_details_item\">Pantalla t\u00e1ctil a color \u2013 Inclinable<\/li>\n<li class=\"product_details_item\">13 modos de cocci\u00f3n \u2013 Recetas ilimitadas integradas<\/li>\n<li class=\"product_details_item\">Mantener caliente y arranque retardado<\/li>\n<\/ul>\n<\/div>\n<\/div>\n<\/div>\n","protected":false},"featured_media":14128,"comment_status":"closed","ping_status":"closed","template":"","meta":[],"product_cat":[134],"product_tag":[],"class_list":["post-14127","product","type-product","status-publish","has-post-thumbnail","hentry","product_cat-cocina-coccion"],"_links":{"self":[{"href":"https:\/\/electro-tot-menage.es\/index.php\/wp-json\/wp\/v2\/product\/14127"}],"collection":[{"href":"https:\/\/electro-tot-menage.es\/index.php\/wp-json\/wp\/v2\/product"}],"about":[{"href":"https:\/\/electro-tot-menage.es\/index.php\/wp-json\/wp\/v2\/types\/product"}],"replies":[{"embeddable":true,"href":"https:\/\/electro-tot-menage.es\/index.php\/wp-json\/wp\/v2\/comments?post=14127"}],"version-history":[{"count":2,"href":"https:\/\/electro-tot-menage.es\/index.php\/wp-json\/wp\/v2\/product\/14127\/revisions"}],"predecessor-version":[{"id":14670,"href":"https:\/\/electro-tot-menage.es\/index.php\/wp-json\/wp\/v2\/product\/14127\/revisions\/14670"}],"wp:featuredmedia":[{"embeddable":true,"href":"https:\/\/electro-tot-menage.es\/index.php\/wp-json\/wp\/v2\/media\/14128"}],"wp:attachment":[{"href":"https:\/\/electro-tot-menage.es\/index.php\/wp-json\/wp\/v2\/media?parent=14127"}],"wp:term":[{"taxonomy":"product_cat","embeddable":true,"href":"https:\/\/electro-tot-menage.es\/index.php\/wp-json\/wp\/v2\/product_cat?post=14127"},{"taxonomy":"product_tag","embeddable":true,"href":"https:\/\/electro-tot-menage.es\/index.php\/wp-json\/wp\/v2\/product_tag?post=14127"}],"curies":[{"name":"wp","href":"https:\/\/api.w.org\/{rel}","templated":true}]}}