{"id":14113,"date":"2025-05-23T23:26:43","date_gmt":"2025-05-23T21:26:43","guid":{"rendered":"https:\/\/electro-tot-menage.es\/?post_type=product&#038;p=14113"},"modified":"2025-05-28T20:15:35","modified_gmt":"2025-05-28T18:15:35","slug":"maquina-de-pan-moulinex-ow610110-para-baguettes-16-programas-capacidad-15-kg-color-blanco","status":"publish","type":"product","link":"https:\/\/electro-tot-menage.es\/index.php\/produit\/maquina-de-pan-moulinex-ow610110-para-baguettes-16-programas-capacidad-15-kg-color-blanco\/","title":{"rendered":"M\u00e1quina de pan Moulinex OW610110 para baguettes &#8211; 16 programas &#8211; Capacidad 1,5 kg &#8211; Color blanco"},"content":{"rendered":"<div id=\"presContent\" class=\"fpBlk testSep extCode\">\n<div id=\"flix-inpage\">\n<div id=\"flixinpage_1584649104664\">\n<div id=\"flix-std-GroupSEB\">\n<div id=\"flix-std-inpage\" class=\"flix-lang-fr\">\n<div id=\"inpage_container\" class=\"\">\n<div class=\"inpage_selector_info\">\n<div class=\"flix-std-info\">\n<div id=\"block-selector-1-info\" class=\"flix-std-row flix-alignment\">\n<div class=\"flix-std-clmn-lg-12 flix-std-clmn-md-12 flix-std-clmn-sm-12 flix-std-clmn-xs-12 flix-std-info-picture\">\n<p><img decoding=\"async\" class=\"product-groupseb-image\" src=\"https:\/\/media.flixcar.com\/delivery\/static\/inpage\/9\/images\/loading.gif\" srcset=\"\/\/media.flixcar.com\/f360cdn\/Groupe_SEB-59849271-8844869435422.jpg\" alt=\"\" data-flixsrcset=\"\/\/media.flixcar.com\/f360cdn\/Groupe_SEB-59849271-8844869435422.jpg 200w, \/\/media.flixcar.com\/f360cdn\/Groupe_SEB-59849271-8844869435422.jpg 400w, \/\/media.flixcar.com\/f360cdn\/Groupe_SEB-59849271-8844869435422.jpg 600w, \/\/media.flixcar.com\/f360cdn\/Groupe_SEB-59849271-8844869435422.jpg 800w, \/\/media.flixcar.com\/f360cdn\/Groupe_SEB-59849271-8844869435422.jpg 1000w\" data-sizes=\"auto\" \/><\/p>\n<div class=\"flix-keyClaim flix-d-h1\">Pan fresco hasta 1,5 kg y baguettes crujientes<\/div>\n<div class=\"flix-short-desp\">\n<div class=\"flix-std-content\">\n<div class=\"flix-std-desc flix-d-p\">Deleite a toda su familia con pan fresco y deliciosas baguettes. Los 16 programas de la panificadora incluyen: baguettes, baguettes dulces, horneado de baguettes, pan b\u00e1sico, pan franc\u00e9s, pan integral, brioche, pan r\u00e1pido, pan sin gluten, pan sin sal, pan omega 3, horneado, masa de pizza, pasteles, mermeladas, pasta fresca.<\/div>\n<\/div>\n<\/div>\n<\/div>\n<\/div>\n<\/div>\n<\/div>\n<div class=\"inpage_selector_gallery\">\n<div class=\"flix-std-section-title flix-d-h2\">Galer\u00eda de fotos<\/div>\n<div class=\"flix-std-row\">\n<div class=\"flix-std-clmn-lg-12 flix-std-clmn-md-12 flix-std-clmn-sm-12 flix-std-clmn-xs-12\">\n<div class=\"flix-connected\">\n<div class=\"flix-stage\">\n<div class=\"flix-carousel flix_carousel_stage\" data-jcarousel=\"true\">\n<ul>\n<li><img decoding=\"async\" class=\"flix-img-responsive\" src=\"https:\/\/media.flixcar.com\/delivery\/static\/inpage\/9\/images\/loading.gif\" srcset=\"\/\/media.flixcar.com\/f360cdn\/Groupe_SEB-1047520300-1_32132w1000h1000fitscale-zoom.png\" alt=\"imagen\" data-flixsrcset=\"\/\/media.flixcar.com\/f360cdn\/Groupe_SEB-1047520300-1_32132w1000h1000fitscale-zoom.png 200w, \/\/media.flixcar.com\/f360cdn\/Groupe_SEB-1047520300-1_32132w1000h1000fitscale-zoom.png 400w, \/\/media.flixcar.com\/f360cdn\/Groupe_SEB-1047520300-1_32132w1000h1000fitscale-zoom.png 600w, \/\/media.flixcar.com\/f360cdn\/Groupe_SEB-1047520300-1_32132w1000h1000fitscale-zoom.png 800w, \/\/media.flixcar.com\/f360cdn\/Groupe_SEB-1047520300-1_32132w1000h1000fitscale-zoom.png 1000w\" data-sizes=\"auto\" \/><\/li>\n<\/ul>\n<\/div>\n<\/div>\n<div class=\"flix-navigation\">\n<div class=\"flix-carousel flix_carousel_navigation\" data-jcarousel=\"true\"><\/div>\n<\/div>\n<\/div>\n<\/div>\n<\/div>\n<\/div>\n<div class=\"inpage_selector_feature flix-feature-bg\">\n<div class=\"flix-std-section-title flix-d-h2\">Caracter\u00edsticas<\/div>\n<div class=\"flix-std-container-fluid\">\n<div class=\"flix-mod-feature\">\n<div class=\"flix-std-row flix-alignment\">\n<div class=\"flix-std-clmn-lg-2 flix-std-clmn-xs-12\">\n<div class=\"flix-background-image\"><img decoding=\"async\" class=\"flix-img-responsive\" src=\"https:\/\/media.flixcar.com\/delivery\/static\/inpage\/9\/images\/loading.gif\" srcset=\"\/\/media.flixcar.com\/f360cdn\/Groupe_SEB-4189391727-1_32133.png\" alt=\"gruposeb\" data-flixsrcset=\"\/\/media.flixcar.com\/f360cdn\/Groupe_SEB-4189391727-1_32133.png 200w, \/\/media.flixcar.com\/f360cdn\/Groupe_SEB-4189391727-1_32133.png 400w, \/\/media.flixcar.com\/f360cdn\/Groupe_SEB-4189391727-1_32133.png 600w, \/\/media.flixcar.com\/f360cdn\/Groupe_SEB-4189391727-1_32133.png 800w, \/\/media.flixcar.com\/f360cdn\/Groupe_SEB-4189391727-1_32133.png 1000w\" data-sizes=\"auto\" \/><\/div>\n<\/div>\n<div class=\"flix-std-clmn-lg-10 flix-std-clmn-xs-12\">\n<div class=\"flix-std-content\">\n<div class=\"flix-std-title flix-d-h3\"><\/div>\n<div class=\"flix-std-desc flix-d-p\">\n<p>\u00a1Pan y baguettes caseras para satisfacer los deseos de toda la familia!<\/p>\n<ul>\n<li>Placas espec\u00edficas con grigne y pincel de panadero para realizar deliciosas baguettes<\/li>\n<li>Hasta 1,5 kg de pan en el recipiente antiadherente.<\/li>\n<\/ul>\n<\/div>\n<\/div>\n<\/div>\n<\/div>\n<div class=\"flix-std-row flix-alignment\">\n<div class=\"flix-std-clmn-lg-2 flix-std-clmn-lg-push-10 flix-std-clmn-xs-12 flix-std-clmn-xs-push-0\">\n<div class=\"flix-background-image\"><img decoding=\"async\" class=\"flix-img-responsive\" src=\"https:\/\/media.flixcar.com\/delivery\/static\/inpage\/9\/images\/loading.gif\" srcset=\"\/\/media.flixcar.com\/f360cdn\/Groupe_SEB-4189391734-1_33889.png\" alt=\"gruposeb\" data-flixsrcset=\"\/\/media.flixcar.com\/f360cdn\/Groupe_SEB-4189391734-1_33889.png 200w, \/\/media.flixcar.com\/f360cdn\/Groupe_SEB-4189391734-1_33889.png 400w, \/\/media.flixcar.com\/f360cdn\/Groupe_SEB-4189391734-1_33889.png 600w, \/\/media.flixcar.com\/f360cdn\/Groupe_SEB-4189391734-1_33889.png 800w, \/\/media.flixcar.com\/f360cdn\/Groupe_SEB-4189391734-1_33889.png 1000w\" data-sizes=\"auto\" \/><\/div>\n<\/div>\n<div class=\"flix-std-clmn-lg-10 flix-std-clmn-lg-pull-2 flix-std-clmn-xs-12 flix-std-clmn-xs-pull-0\">\n<div class=\"flix-std-content\">\n<div class=\"flix-std-title flix-d-h3\">\u00a1Haz tus propias baguettes!<\/div>\n<div class=\"flix-std-desc flix-d-p\">Prepare hasta 8 mini baguettes en dos tandas de horneado usando bandejas para hornear baguettes y accesorios de panader\u00eda.<\/div>\n<\/div>\n<\/div>\n<\/div>\n<div class=\"flix-std-row flix-alignment\">\n<div class=\"flix-std-clmn-lg-2 flix-std-clmn-xs-12\">\n<div class=\"flix-background-image\"><img decoding=\"async\" class=\"flix-img-responsive\" src=\"https:\/\/media.flixcar.com\/delivery\/static\/inpage\/9\/images\/loading.gif\" srcset=\"\/\/media.flixcar.com\/f360cdn\/Groupe_SEB-4189391748-1_33890.png\" alt=\"gruposeb\" data-flixsrcset=\"\/\/media.flixcar.com\/f360cdn\/Groupe_SEB-4189391748-1_33890.png 200w, \/\/media.flixcar.com\/f360cdn\/Groupe_SEB-4189391748-1_33890.png 400w, \/\/media.flixcar.com\/f360cdn\/Groupe_SEB-4189391748-1_33890.png 600w, \/\/media.flixcar.com\/f360cdn\/Groupe_SEB-4189391748-1_33890.png 800w, \/\/media.flixcar.com\/f360cdn\/Groupe_SEB-4189391748-1_33890.png 1000w\" data-sizes=\"auto\" \/><\/div>\n<\/div>\n<div class=\"flix-std-clmn-lg-10 flix-std-clmn-xs-12\">\n<div class=\"flix-std-content\">\n<div class=\"flix-std-title flix-d-h3\">Tambi\u00e9n puedes conseguir 1,5 kg de pan fresco.<\/div>\n<div class=\"flix-std-desc flix-d-p\">\n<ul>\n<li>Amasado uniforme gracias a las 2 cuchillas con sentido de giro opuesto.<\/li>\n<li>Un recipiente de gran capacidad para hacer panes desde 750 g hasta 1,5 kg.<\/li>\n<\/ul>\n<\/div>\n<\/div>\n<\/div>\n<\/div>\n<div class=\"flix-std-row flix-alignment\">\n<div class=\"flix-std-clmn-lg-2 flix-std-clmn-lg-push-10 flix-std-clmn-xs-12 flix-std-clmn-xs-push-0\">\n<div class=\"flix-background-image\"><img decoding=\"async\" class=\"flix-img-responsive\" src=\"https:\/\/media.flixcar.com\/delivery\/static\/inpage\/9\/images\/loading.gif\" srcset=\"\/\/media.flixcar.com\/f360cdn\/Groupe_SEB-4189391753-1_54057.png\" alt=\"gruposeb\" data-flixsrcset=\"\/\/media.flixcar.com\/f360cdn\/Groupe_SEB-4189391753-1_54057.png 200w, \/\/media.flixcar.com\/f360cdn\/Groupe_SEB-4189391753-1_54057.png 400w, \/\/media.flixcar.com\/f360cdn\/Groupe_SEB-4189391753-1_54057.png 600w, \/\/media.flixcar.com\/f360cdn\/Groupe_SEB-4189391753-1_54057.png 800w, \/\/media.flixcar.com\/f360cdn\/Groupe_SEB-4189391753-1_54057.png 1000w\" data-sizes=\"auto\" \/><\/div>\n<\/div>\n<div class=\"flix-std-clmn-lg-10 flix-std-clmn-lg-pull-2 flix-std-clmn-xs-12 flix-std-clmn-xs-pull-0\">\n<div class=\"flix-std-content\">\n<div class=\"flix-std-title flix-d-h3\">Un libro de recetas para acompa\u00f1arte.<\/div>\n<div class=\"flix-std-desc flix-d-p\">45 recetas dedicadas, incluidas recetas de baguette<\/div>\n<\/div>\n<\/div>\n<\/div>\n<div class=\"flix-std-row flix-alignment\">\n<div class=\"flix-std-clmn-lg-2 flix-std-clmn-xs-12\">\n<div class=\"flix-background-image\"><img decoding=\"async\" class=\"flix-img-responsive\" src=\"https:\/\/media.flixcar.com\/delivery\/static\/inpage\/9\/images\/loading.gif\" srcset=\"\/\/media.flixcar.com\/f360cdn\/Groupe_SEB-4189391765-1_3658.png\" alt=\"gruposeb\" data-flixsrcset=\"\/\/media.flixcar.com\/f360cdn\/Groupe_SEB-4189391765-1_3658.png 200w, \/\/media.flixcar.com\/f360cdn\/Groupe_SEB-4189391765-1_3658.png 400w, \/\/media.flixcar.com\/f360cdn\/Groupe_SEB-4189391765-1_3658.png 600w, \/\/media.flixcar.com\/f360cdn\/Groupe_SEB-4189391765-1_3658.png 800w, \/\/media.flixcar.com\/f360cdn\/Groupe_SEB-4189391765-1_3658.png 1000w\" data-sizes=\"auto\" \/><\/div>\n<\/div>\n<div class=\"flix-std-clmn-lg-10 flix-std-clmn-xs-12\">\n<div class=\"flix-std-content\">\n<div class=\"flix-std-title flix-d-h3\">\u00a1Mucho m\u00e1s que pan!<\/div>\n<div class=\"flix-std-desc flix-d-p\">\u00a1Prepara otras preparaciones caseras: tartas, mermeladas, pastas frescas y masa de pizza!<\/div>\n<\/div>\n<\/div>\n<\/div>\n<div class=\"flix-std-row flix-alignment\">\n<div class=\"flix-std-clmn-lg-2 flix-std-clmn-lg-push-10 flix-std-clmn-xs-12 flix-std-clmn-xs-push-0\">\n<div class=\"flix-background-image\"><img decoding=\"async\" class=\"flix-img-responsive\" src=\"https:\/\/media.flixcar.com\/delivery\/static\/inpage\/9\/images\/loading.gif\" srcset=\"\/\/media.flixcar.com\/f360cdn\/Groupe_SEB-4189391775-1_53869.png\" alt=\"gruposeb\" data-flixsrcset=\"\/\/media.flixcar.com\/f360cdn\/Groupe_SEB-4189391775-1_53869.png 200w, \/\/media.flixcar.com\/f360cdn\/Groupe_SEB-4189391775-1_53869.png 400w, \/\/media.flixcar.com\/f360cdn\/Groupe_SEB-4189391775-1_53869.png 600w, \/\/media.flixcar.com\/f360cdn\/Groupe_SEB-4189391775-1_53869.png 800w, \/\/media.flixcar.com\/f360cdn\/Groupe_SEB-4189391775-1_53869.png 1000w\" data-sizes=\"auto\" \/><\/div>\n<\/div>\n<div class=\"flix-std-clmn-lg-10 flix-std-clmn-lg-pull-2 flix-std-clmn-xs-12 flix-std-clmn-xs-pull-0\">\n<div class=\"flix-std-content\">\n<div class=\"flix-std-title flix-d-h3\">Facilidad de uso<\/div>\n<div class=\"flix-std-desc flix-d-p\">\n<ul>\n<li>16 programas autom\u00e1ticos: a\u00f1ade tus ingredientes, selecciona el programa, \u00a1la m\u00e1quina trabaja por ti, desde amasar hasta cocinar!<\/li>\n<li>3 niveles de tostado.<\/li>\n<\/ul>\n<\/div>\n<\/div>\n<\/div>\n<\/div>\n<div class=\"flix-std-row flix-alignment\">\n<div class=\"flix-std-clmn-lg-2 flix-std-clmn-xs-12\">\n<div class=\"flix-background-image\"><img decoding=\"async\" class=\"flix-img-responsive\" src=\"https:\/\/media.flixcar.com\/delivery\/static\/inpage\/9\/images\/loading.gif\" srcset=\"\/\/media.flixcar.com\/f360cdn\/Groupe_SEB-4189391777-1_40937.png\" alt=\"gruposeb\" data-flixsrcset=\"\/\/media.flixcar.com\/f360cdn\/Groupe_SEB-4189391777-1_40937.png 200w, \/\/media.flixcar.com\/f360cdn\/Groupe_SEB-4189391777-1_40937.png 400w, \/\/media.flixcar.com\/f360cdn\/Groupe_SEB-4189391777-1_40937.png 600w, \/\/media.flixcar.com\/f360cdn\/Groupe_SEB-4189391777-1_40937.png 800w, \/\/media.flixcar.com\/f360cdn\/Groupe_SEB-4189391777-1_40937.png 1000w\" data-sizes=\"auto\" \/><\/div>\n<\/div>\n<div class=\"flix-std-clmn-lg-10 flix-std-clmn-xs-12\">\n<div class=\"flix-std-content\">\n<div class=\"flix-std-title flix-d-h3\">\u00a1Buen pan fresco a cualquier hora!<\/div>\n<div class=\"flix-std-desc flix-d-p\">\u00a1Programa el inicio diferido para tener pan caliente cuando te despiertes o llegues a casa del trabajo!<\/div>\n<\/div>\n<\/div>\n<\/div>\n<\/div>\n<\/div>\n<\/div>\n<\/div>\n<\/div>\n<\/div>\n<p>&nbsp;<\/p>\n<div>\n<p><span id=\"flix-privacy-policy\"><a class=\"flix-privacy-policy-link\" href=\"https:\/\/www.cdiscount.com\/electromenager\/petit-dejeuner-cafe\/moulinex-ow610110-machine-a-pain-home-bread-baguet\/f-1101709-auc3045385782216.html?idOffre=501100006#\"><img decoding=\"async\" title=\"Desarrollado por Flixmedia\" src=\"https:\/\/media.flixcar.com\/delivery\/static\/images\/icon_privacy_policy.gif\" alt=\"Desarrollado por Flixmedia\" \/><\/a><\/span><\/p>\n<div class=\"flix-policytext-container\"><\/div>\n<\/div>\n<\/div>\n<div id=\"flixinpage_1584649104968\"><\/div>\n<\/div>\n<div id=\"wc-power-page\"><\/div>\n<div id=\"LoadBeeContent\" class=\"loadbeeTabContent\">\n<div class=\"loadbeeTab\" data-loadbee-manufacturer=\"EAN\" data-loadbee-product=\"3045385782216\" data-loadbee-language=\"fr_FR\" data-loadbee-button=\"default\" data-loadbee-css=\"default\" data-loadbee-template=\"default\" data-loadbee-buttonlanguage=\"fr_FR\"><\/div>\n<\/div>\n<\/div>\n<div id=\"desc\" class=\"anchor\"><\/div>\n<div id=\"descContent\" class=\"fpBlk testSep\" data-cs-override-id=\"Descriptif\">\n<p class=\"fpMb\">Capacidad: 1,5 kg \u2013 Baguettes \u2013 Inicio diferido \u2013 Libro de recetas \u2013 Accesorios de panader\u00eda \u2013 Color blanco<\/p>\n<div class=\"regBloc no1023 \">\n<div id=\"gpt-R2-300X250BODY2\" data-google-query-id=\"CKOJ-Nisp-gCFQ3juwgdU08FKg\"><\/div>\n<div class=\"regTxt\"><\/div>\n<\/div>\n<table class=\"fpDescTb fpDescTbPub\">\n<tbody>\n<tr>\n<th colspan=\"2\">Informaci\u00f3n general del producto<\/th>\n<\/tr>\n<tr>\n<td>Marca<\/td>\n<td><a title=\"MOULINEX\" href=\"https:\/\/www.cdiscount.com\/m-155-moulinex.html\" data-link=\"SFP-ZBN-TNO-DPM\">MOULINEX<\/a><\/td>\n<\/tr>\n<tr>\n<td>Nombre del producto<\/td>\n<td>M\u00e1quina para hacer pan baguette MOULINEX OW610110<\/td>\n<\/tr>\n<tr>\n<td>Categor\u00eda<\/td>\n<td>M\u00c1QUINA DE PAN<\/td>\n<\/tr>\n<tr>\n<th colspan=\"2\">Informaci\u00f3n del producto<\/th>\n<\/tr>\n<tr>\n<td>Duraci\u00f3n de la disponibilidad de las piezas de repuesto esenciales para el uso del producto<\/td>\n<td>10 a\u00f1os, a partir de la fecha de compra del cliente. venta desde 2012<\/td>\n<\/tr>\n<tr>\n<th colspan=\"2\">General<\/th>\n<\/tr>\n<tr>\n<td>Tipo de producto<\/td>\n<td>M\u00e1quina de pan<\/td>\n<\/tr>\n<tr>\n<td>Contenido de alimentos<\/td>\n<td>1,5 kilogramos<\/td>\n<\/tr>\n<tr>\n<td>Par\u00e1metros de peso<\/td>\n<td>3 configuraciones de peso (750 g, 1 kg, 1,5 kg)<\/td>\n<\/tr>\n<tr>\n<td>Funci\u00f3n y par\u00e1metros<\/td>\n<td>3 niveles de tostado, funci\u00f3n de preparaci\u00f3n de pasteles, funci\u00f3n Omega, funci\u00f3n de mantener caliente hasta por 1 hora<\/td>\n<\/tr>\n<tr>\n<td>Caracter\u00edsticas especiales<\/td>\n<td>Sin gluten, pan franc\u00e9s, pan integral, pan dulce, amasadora, batidora, pan r\u00e1pido<\/td>\n<\/tr>\n<tr>\n<td>N\u00famero de programas<\/td>\n<td>16<\/td>\n<\/tr>\n<tr>\n<th colspan=\"2\">Configuraciones, controles e indicadores<\/th>\n<\/tr>\n<tr>\n<td>Minutero<\/td>\n<td>1 hora<\/td>\n<\/tr>\n<tr>\n<td>Funciones del temporizador<\/td>\n<td>Salida retrasada<\/td>\n<\/tr>\n<tr>\n<th colspan=\"2\">Consumo<\/th>\n<\/tr>\n<tr>\n<td>Energ\u00eda el\u00e9ctrica<\/td>\n<td>1650 vatios<\/td>\n<\/tr>\n<tr>\n<th colspan=\"2\">Miscel\u00e1neas<\/th>\n<\/tr>\n<tr>\n<td>Caracter\u00edsticas externas<\/td>\n<td>Ventana del visor<\/td>\n<\/tr>\n<tr>\n<th colspan=\"2\">Tus garant\u00edas incluidas para los productos vendidos por Cdiscount<\/th>\n<\/tr>\n<tr>\n<td>Garant\u00eda (\u00b2)<\/td>\n<td>2 a\u00f1os \u2013 piezas, mano de obra<\/td>\n<\/tr>\n<\/tbody>\n<\/table>\n<\/div>\n","protected":false},"excerpt":{"rendered":"<div class=\"elementor-element elementor-element-0468b6c elementor-icon-list--layout-traditional elementor-list-item-link-full_width elementor-widget elementor-widget-icon-list\" data-id=\"0468b6c\" data-element_type=\"widget\" data-widget_type=\"icon-list.default\">\n<div class=\"elementor-widget-container\">\n<p>\u2705 Env\u00edo gratuito: de 5 a 7 d\u00edas<br \/>\n\u2705 Env\u00edo expr\u00e9s (9\u202f\u20ac): de 2 a 3 d\u00edas<br \/>\n\u2705 Pago seguro<br \/>\n\u2705 Devoluci\u00f3n en 30 d\u00edas<\/p>\n<\/div>\n<\/div>\n<div class=\"elementor-element elementor-element-4377a70 elementor-widget elementor-widget-wpr-product-excerpt\" data-id=\"4377a70\" data-element_type=\"widget\" data-widget_type=\"wpr-product-excerpt.default\">\n<div class=\"elementor-widget-container\">\n<div class=\"wpr-product-excerpt\">\n<p>Capacidad: 1,5 kg \u2013 Baguettes \u2013 Inicio diferido \u2013 Libro de recetas \u2013 Accesorios de panader\u00eda \u2013 Color blanco<\/p>\n<\/div>\n<\/div>\n<\/div>\n","protected":false},"featured_media":14114,"comment_status":"closed","ping_status":"closed","template":"","meta":[],"product_cat":[134],"product_tag":[],"class_list":["post-14113","product","type-product","status-publish","has-post-thumbnail","hentry","product_cat-cocina-coccion"],"_links":{"self":[{"href":"https:\/\/electro-tot-menage.es\/index.php\/wp-json\/wp\/v2\/product\/14113"}],"collection":[{"href":"https:\/\/electro-tot-menage.es\/index.php\/wp-json\/wp\/v2\/product"}],"about":[{"href":"https:\/\/electro-tot-menage.es\/index.php\/wp-json\/wp\/v2\/types\/product"}],"replies":[{"embeddable":true,"href":"https:\/\/electro-tot-menage.es\/index.php\/wp-json\/wp\/v2\/comments?post=14113"}],"version-history":[{"count":3,"href":"https:\/\/electro-tot-menage.es\/index.php\/wp-json\/wp\/v2\/product\/14113\/revisions"}],"predecessor-version":[{"id":14674,"href":"https:\/\/electro-tot-menage.es\/index.php\/wp-json\/wp\/v2\/product\/14113\/revisions\/14674"}],"wp:featuredmedia":[{"embeddable":true,"href":"https:\/\/electro-tot-menage.es\/index.php\/wp-json\/wp\/v2\/media\/14114"}],"wp:attachment":[{"href":"https:\/\/electro-tot-menage.es\/index.php\/wp-json\/wp\/v2\/media?parent=14113"}],"wp:term":[{"taxonomy":"product_cat","embeddable":true,"href":"https:\/\/electro-tot-menage.es\/index.php\/wp-json\/wp\/v2\/product_cat?post=14113"},{"taxonomy":"product_tag","embeddable":true,"href":"https:\/\/electro-tot-menage.es\/index.php\/wp-json\/wp\/v2\/product_tag?post=14113"}],"curies":[{"name":"wp","href":"https:\/\/api.w.org\/{rel}","templated":true}]}}