{"id":14106,"date":"2025-05-23T23:21:18","date_gmt":"2025-05-23T21:21:18","guid":{"rendered":"https:\/\/electro-tot-menage.es\/?post_type=product&#038;p=14106"},"modified":"2025-05-28T20:16:15","modified_gmt":"2025-05-28T18:16:15","slug":"panificadora-moulinex-de-1-kg-17-programas-color-negro-y-morado-ow220830","status":"publish","type":"product","link":"https:\/\/electro-tot-menage.es\/index.php\/produit\/panificadora-moulinex-de-1-kg-17-programas-color-negro-y-morado-ow220830\/","title":{"rendered":"Panificadora MOULINEX de 1 kg &#8211; 17 programas, color negro y morado &#8211; OW220830"},"content":{"rendered":"<div id=\"presContent\" class=\"fpBlk testSep extCode\">\n<div id=\"flix-inpage\">\n<div id=\"flixinpage_1584647871485\">\n<div id=\"flix-std-GroupSEB\">\n<div id=\"flix-std-inpage\" class=\"flix-lang-fr\">\n<div id=\"inpage_container\" class=\"\">\n<div class=\"inpage_selector_header\">\n<div class=\"flix-std-header\">\n<div class=\"flix-std-row flix-std-table\">\n<div class=\"flix-std-clmn-lg-12 flix-std-clmn-xs-12 flix-std-table-cell\">\n<div class=\"flix-std-logo flix-align-right\"><img decoding=\"async\" src=\"https:\/\/media.flixcar.com\/delivery\/static\/inpage\/53\/images\/logo-moulinex.jpg\" alt=\"\" \/><\/div>\n<\/div>\n<\/div>\n<\/div>\n<\/div>\n<div class=\"inpage_selector_info\">\n<div class=\"flix-std-info\">\n<div id=\"block-selector-1-info\" class=\"flix-std-row flix-alignment\">\n<div class=\"flix-std-clmn-lg-12 flix-std-clmn-md-12 flix-std-clmn-sm-12 flix-std-clmn-xs-12 flix-std-info-picture\">\n<p><img decoding=\"async\" class=\"product-groupseb-image\" src=\"https:\/\/media.flixcar.com\/delivery\/static\/inpage\/9\/images\/loading.gif\" srcset=\"\/\/media.flixcar.com\/f360cdn\/Groupe_SEB-59707909-8844869435422.jpg\" alt=\"\" data-flixsrcset=\"\/\/media.flixcar.com\/f360cdn\/Groupe_SEB-59707909-8844869435422.jpg 200w, \/\/media.flixcar.com\/f360cdn\/Groupe_SEB-59707909-8844869435422.jpg 400w, \/\/media.flixcar.com\/f360cdn\/Groupe_SEB-59707909-8844869435422.jpg 600w, \/\/media.flixcar.com\/f360cdn\/Groupe_SEB-59707909-8844869435422.jpg 800w, \/\/media.flixcar.com\/f360cdn\/Groupe_SEB-59707909-8844869435422.jpg 1000w\" data-sizes=\"auto\" \/><\/p>\n<div class=\"flix-keyClaim flix-d-h1\">\u00a1Placer y bienestar en un abrir y cerrar de ojos!<\/div>\n<div class=\"flix-short-desp\">\n<div class=\"flix-std-content\">\n<div class=\"flix-std-desc flix-d-p\">Con Pain &amp; Plaisir, \u00a1ya no hay que elegir entre sabor y bienestar! Con Pain &amp; Plaisir, \u00a1ya no hay que elegir entre sabor y bienestar! Ideal para personas con intolerancia al gluten o preocupadas por su salud, Pain &amp; Plaisir te permite tener pan fresco adaptado a tus gustos y necesidades. 10 programas para pan: cl\u00e1sico, franc\u00e9s, integral, brioche, r\u00e1pido, sin gluten, centeno, pan sin gluten dulce y salado, pastel sin gluten. 6 programas especiales: pizza, pastel, mermelada, gachas, pasta y cereales. 1 programa de horneado.<\/div>\n<\/div>\n<\/div>\n<\/div>\n<\/div>\n<\/div>\n<\/div>\n<div class=\"inpage_selector_gallery\">\n<div class=\"flix-std-section-title flix-d-h2\">Galer\u00eda de fotos<\/div>\n<div class=\"flix-std-row\">\n<div class=\"flix-std-clmn-lg-12 flix-std-clmn-md-12 flix-std-clmn-sm-12 flix-std-clmn-xs-12\">\n<div class=\"flix-connected\">\n<div class=\"flix-stage\">\n<div class=\"flix-carousel flix_carousel_stage\" data-jcarousel=\"true\">\n<ul>\n<li><img decoding=\"async\" class=\"flix-img-responsive\" src=\"https:\/\/media.flixcar.com\/delivery\/static\/inpage\/9\/images\/loading.gif\" srcset=\"\/\/media.flixcar.com\/f360cdn\/Groupe_SEB-1047521986-1_98335w1000h1000fitscale-zoom.png\" alt=\"imagen\" data-flixsrcset=\"\/\/media.flixcar.com\/f360cdn\/Groupe_SEB-1047521986-1_98335w1000h1000fitscale-zoom.png 200w, \/\/media.flixcar.com\/f360cdn\/Groupe_SEB-1047521986-1_98335w1000h1000fitscale-zoom.png 400w, \/\/media.flixcar.com\/f360cdn\/Groupe_SEB-1047521986-1_98335w1000h1000fitscale-zoom.png 600w, \/\/media.flixcar.com\/f360cdn\/Groupe_SEB-1047521986-1_98335w1000h1000fitscale-zoom.png 800w, \/\/media.flixcar.com\/f360cdn\/Groupe_SEB-1047521986-1_98335w1000h1000fitscale-zoom.png 1000w\" data-sizes=\"auto\" \/><\/li>\n<li><img decoding=\"async\" class=\"flix-img-responsive\" src=\"https:\/\/media.flixcar.com\/delivery\/static\/inpage\/9\/images\/loading.gif\" srcset=\"\/\/media.flixcar.com\/f360cdn\/Groupe_SEB-2340532327-1_98325w1000h1000fitscale-zoom.png\" alt=\"imagen\" data-flixsrcset=\"\/\/media.flixcar.com\/f360cdn\/Groupe_SEB-2340532327-1_98325w1000h1000fitscale-zoom.png 200w, \/\/media.flixcar.com\/f360cdn\/Groupe_SEB-2340532327-1_98325w1000h1000fitscale-zoom.png 400w, \/\/media.flixcar.com\/f360cdn\/Groupe_SEB-2340532327-1_98325w1000h1000fitscale-zoom.png 600w, \/\/media.flixcar.com\/f360cdn\/Groupe_SEB-2340532327-1_98325w1000h1000fitscale-zoom.png 800w, \/\/media.flixcar.com\/f360cdn\/Groupe_SEB-2340532327-1_98325w1000h1000fitscale-zoom.png 1000w\" data-sizes=\"auto\" \/><\/li>\n<\/ul>\n<\/div>\n<\/div>\n<div class=\"flix-navigation\">\n<div class=\"flix-carousel flix_carousel_navigation\" data-jcarousel=\"true\"><\/div>\n<\/div>\n<\/div>\n<\/div>\n<\/div>\n<\/div>\n<div class=\"inpage_selector_feature flix-feature-bg\">\n<div class=\"flix-std-section-title flix-d-h2\">Caracter\u00edsticas<\/div>\n<div class=\"flix-std-container-fluid\">\n<div class=\"flix-mod-feature\">\n<div class=\"flix-std-row flix-alignment\">\n<div class=\"flix-std-clmn-lg-2 flix-std-clmn-xs-12\">\n<div class=\"flix-background-image\"><img decoding=\"async\" class=\"flix-img-responsive\" src=\"https:\/\/media.flixcar.com\/delivery\/static\/inpage\/9\/images\/loading.gif\" srcset=\"\/\/media.flixcar.com\/f360cdn\/Groupe_SEB-4189393279-1_89862.png\" alt=\"gruposeb\" data-flixsrcset=\"\/\/media.flixcar.com\/f360cdn\/Groupe_SEB-4189393279-1_89862.png 200w, \/\/media.flixcar.com\/f360cdn\/Groupe_SEB-4189393279-1_89862.png 400w, \/\/media.flixcar.com\/f360cdn\/Groupe_SEB-4189393279-1_89862.png 600w, \/\/media.flixcar.com\/f360cdn\/Groupe_SEB-4189393279-1_89862.png 800w, \/\/media.flixcar.com\/f360cdn\/Groupe_SEB-4189393279-1_89862.png 1000w\" data-sizes=\"auto\" \/><\/div>\n<\/div>\n<div class=\"flix-std-clmn-lg-10 flix-std-clmn-xs-12\">\n<div class=\"flix-std-content\">\n<div class=\"flix-std-title flix-d-h3\">\u00a1Placer y bienestar en un abrir y cerrar de ojos!<\/div>\n<div class=\"flix-std-desc flix-d-p\">17 programas autom\u00e1ticos para preparar deliciosos panes, pasteles, masa de pizza, mermeladas, papillas y cereales, 3 programas sin gluten incluidos.<\/div>\n<\/div>\n<\/div>\n<\/div>\n<div class=\"flix-std-row flix-alignment\">\n<div class=\"flix-std-clmn-lg-2 flix-std-clmn-lg-push-10 flix-std-clmn-xs-12 flix-std-clmn-xs-push-0\">\n<div class=\"flix-background-image\"><img decoding=\"async\" class=\"flix-img-responsive\" src=\"https:\/\/media.flixcar.com\/delivery\/static\/inpage\/9\/images\/loading.gif\" srcset=\"\/\/media.flixcar.com\/f360cdn\/Groupe_SEB-4189393296-1_89838.png\" alt=\"gruposeb\" data-flixsrcset=\"\/\/media.flixcar.com\/f360cdn\/Groupe_SEB-4189393296-1_89838.png 200w, \/\/media.flixcar.com\/f360cdn\/Groupe_SEB-4189393296-1_89838.png 400w, \/\/media.flixcar.com\/f360cdn\/Groupe_SEB-4189393296-1_89838.png 600w, \/\/media.flixcar.com\/f360cdn\/Groupe_SEB-4189393296-1_89838.png 800w, \/\/media.flixcar.com\/f360cdn\/Groupe_SEB-4189393296-1_89838.png 1000w\" data-sizes=\"auto\" \/><\/div>\n<\/div>\n<div class=\"flix-std-clmn-lg-10 flix-std-clmn-lg-pull-2 flix-std-clmn-xs-12 flix-std-clmn-xs-pull-0\">\n<div class=\"flix-std-content\">\n<div class=\"flix-std-title flix-d-h3\">Pan fresco en s\u00f3lo unos pasos.<\/div>\n<div class=\"flix-std-desc flix-d-p\">Todo es autom\u00e1tico. Coloca tus ingredientes en el bol, selecciona el programa y la panificadora trabajar\u00e1 por ti: desde amasar hasta hornear. Mant\u00e9n el control gracias a la gran pantalla que muestra claramente la configuraci\u00f3n y la hora.<\/div>\n<\/div>\n<\/div>\n<\/div>\n<div class=\"flix-std-row flix-alignment\">\n<div class=\"flix-std-clmn-lg-2 flix-std-clmn-xs-12\">\n<div class=\"flix-background-image\"><img decoding=\"async\" class=\"flix-img-responsive\" src=\"https:\/\/media.flixcar.com\/delivery\/static\/inpage\/9\/images\/loading.gif\" srcset=\"\/\/media.flixcar.com\/f360cdn\/Groupe_SEB-4189393317-1_89832.png\" alt=\"gruposeb\" data-flixsrcset=\"\/\/media.flixcar.com\/f360cdn\/Groupe_SEB-4189393317-1_89832.png 200w, \/\/media.flixcar.com\/f360cdn\/Groupe_SEB-4189393317-1_89832.png 400w, \/\/media.flixcar.com\/f360cdn\/Groupe_SEB-4189393317-1_89832.png 600w, \/\/media.flixcar.com\/f360cdn\/Groupe_SEB-4189393317-1_89832.png 800w, \/\/media.flixcar.com\/f360cdn\/Groupe_SEB-4189393317-1_89832.png 1000w\" data-sizes=\"auto\" \/><\/div>\n<\/div>\n<div class=\"flix-std-clmn-lg-10 flix-std-clmn-xs-12\">\n<div class=\"flix-std-content\">\n<div class=\"flix-std-title flix-d-h3\">3 programas especiales sin gluten<\/div>\n<div class=\"flix-std-desc flix-d-p\">Los 3 programas sin gluten le permiten preparar panes y pasteles sin gluten utilizando una amplia gama de mezclas y harinas de pan sin gluten.<br \/>\nDisfruta de pan fresco adaptado a tus gustos y necesidades.<\/div>\n<\/div>\n<\/div>\n<\/div>\n<div class=\"flix-std-row flix-alignment\">\n<div class=\"flix-std-clmn-lg-2 flix-std-clmn-lg-push-10 flix-std-clmn-xs-12 flix-std-clmn-xs-push-0\">\n<div class=\"flix-background-image\"><img decoding=\"async\" class=\"flix-img-responsive\" src=\"https:\/\/media.flixcar.com\/delivery\/static\/inpage\/9\/images\/loading.gif\" srcset=\"\/\/media.flixcar.com\/f360cdn\/Groupe_SEB-4189393340-1_89837.png\" alt=\"gruposeb\" data-flixsrcset=\"\/\/media.flixcar.com\/f360cdn\/Groupe_SEB-4189393340-1_89837.png 200w, \/\/media.flixcar.com\/f360cdn\/Groupe_SEB-4189393340-1_89837.png 400w, \/\/media.flixcar.com\/f360cdn\/Groupe_SEB-4189393340-1_89837.png 600w, \/\/media.flixcar.com\/f360cdn\/Groupe_SEB-4189393340-1_89837.png 800w, \/\/media.flixcar.com\/f360cdn\/Groupe_SEB-4189393340-1_89837.png 1000w\" data-sizes=\"auto\" \/><\/div>\n<\/div>\n<div class=\"flix-std-clmn-lg-10 flix-std-clmn-lg-pull-2 flix-std-clmn-xs-12 flix-std-clmn-xs-pull-0\">\n<div class=\"flix-std-content\">\n<div class=\"flix-std-title flix-d-h3\">3 configuraciones de peso y 3 niveles de tostado<\/div>\n<div class=\"flix-std-desc flix-d-p\">Panes desde 500g hasta 1kg para peque\u00f1os y grandes apetitos. Seleccione el color de la corteza: ligeramente dorada a muy crujiente.<\/div>\n<\/div>\n<\/div>\n<\/div>\n<div class=\"flix-std-row flix-alignment\">\n<div class=\"flix-std-clmn-lg-2 flix-std-clmn-xs-12\">\n<div class=\"flix-background-image\"><img decoding=\"async\" class=\"flix-img-responsive\" src=\"https:\/\/media.flixcar.com\/delivery\/static\/inpage\/9\/images\/loading.gif\" srcset=\"\/\/media.flixcar.com\/f360cdn\/Groupe_SEB-4189393358-1_89835.png\" alt=\"gruposeb\" data-flixsrcset=\"\/\/media.flixcar.com\/f360cdn\/Groupe_SEB-4189393358-1_89835.png 200w, \/\/media.flixcar.com\/f360cdn\/Groupe_SEB-4189393358-1_89835.png 400w, \/\/media.flixcar.com\/f360cdn\/Groupe_SEB-4189393358-1_89835.png 600w, \/\/media.flixcar.com\/f360cdn\/Groupe_SEB-4189393358-1_89835.png 800w, \/\/media.flixcar.com\/f360cdn\/Groupe_SEB-4189393358-1_89835.png 1000w\" data-sizes=\"auto\" \/><\/div>\n<\/div>\n<div class=\"flix-std-clmn-lg-10 flix-std-clmn-xs-12\">\n<div class=\"flix-std-content\">\n<div class=\"flix-std-title flix-d-h3\">\u00a1Buen pan fresco a cualquier hora!<\/div>\n<div class=\"flix-std-desc flix-d-p\">Inicio retardado de hasta 15 horas y<br \/>\nfunci\u00f3n autom\u00e1tica de mantenimiento del calor durante 1 hora.<\/div>\n<\/div>\n<\/div>\n<\/div>\n<div class=\"flix-std-row flix-alignment\">\n<div class=\"flix-std-clmn-lg-12 flix-std-clmn-xs-12\">\n<div class=\"flix-std-content\">\n<div class=\"flix-std-title flix-d-h3\">Libro de recetas incluido<\/div>\n<div class=\"flix-std-desc flix-d-p\">No hace falta ser cocinero para hacer buen pan en casa. El folleto de 27 recetas describe en im\u00e1genes los pasos del proceso, para hacer f\u00e1cilmente pan, como pan franc\u00e9s, pan r\u00e1pido o pan integral, pero tambi\u00e9n mermeladas, masa de pizza y pasteles.<\/div>\n<\/div>\n<\/div>\n<\/div>\n<div class=\"flix-std-row flix-alignment\">\n<div class=\"flix-std-clmn-lg-2 flix-std-clmn-xs-12\">\n<div class=\"flix-background-image\"><img decoding=\"async\" class=\"flix-img-responsive\" src=\"https:\/\/media.flixcar.com\/delivery\/static\/inpage\/9\/images\/loading.gif\" srcset=\"\/\/media.flixcar.com\/f360cdn\/Groupe_SEB-4189393445-1_89834.png\" alt=\"gruposeb\" data-flixsrcset=\"\/\/media.flixcar.com\/f360cdn\/Groupe_SEB-4189393445-1_89834.png 200w, \/\/media.flixcar.com\/f360cdn\/Groupe_SEB-4189393445-1_89834.png 400w, \/\/media.flixcar.com\/f360cdn\/Groupe_SEB-4189393445-1_89834.png 600w, \/\/media.flixcar.com\/f360cdn\/Groupe_SEB-4189393445-1_89834.png 800w, \/\/media.flixcar.com\/f360cdn\/Groupe_SEB-4189393445-1_89834.png 1000w\" data-sizes=\"auto\" \/><\/div>\n<\/div>\n<div class=\"flix-std-clmn-lg-10 flix-std-clmn-xs-12\">\n<div class=\"flix-std-content\">\n<div class=\"flix-std-title flix-d-h3\">F\u00e1cil de limpiar<\/div>\n<div class=\"flix-std-desc flix-d-p\">Recipiente antiadherente extra\u00edble para retirar el pan f\u00e1cilmente. Apto para lavavajillas<\/div>\n<\/div>\n<\/div>\n<\/div>\n<\/div>\n<\/div>\n<\/div>\n<\/div>\n<\/div>\n<\/div>\n<\/div>\n<div id=\"flixinpage_1584647872092\"><\/div>\n<\/div>\n<div id=\"wc-power-page\"><\/div>\n<div id=\"LoadBeeContent\" class=\"loadbeeTabContent\">\n<div class=\"loadbeeTab\" data-loadbee-manufacturer=\"EAN\" data-loadbee-product=\"3045385783398\" data-loadbee-language=\"fr_FR\" data-loadbee-button=\"default\" data-loadbee-css=\"default\" data-loadbee-template=\"default\" data-loadbee-buttonlanguage=\"fr_FR\"><\/div>\n<\/div>\n<p class=\"fpOfferCom\">PRODUCTO NUEVO generalmente enviado DENTRO de los 5 d\u00edas h\u00e1biles mediante ENV\u00cdO CON SEGUIMIENTO. Env\u00edo profesional y bien protegido.<\/p>\n<\/div>\n<div id=\"desc\" class=\"anchor\"><\/div>\n<div id=\"descContent\" class=\"fpBlk testSep\" data-cs-override-id=\"Descriptif\">\n<p class=\"fpMb\">M\u00e1quina de pan 1 programa (incluido pan sin gluten y de centeno) &#8211; 720W &#8211; Negro\/Morado &#8211; Hasta 1 KG &#8211; Pantalla LCD<\/p>\n<div class=\"regBloc no1023 \">\n<div id=\"gpt-R2-300X250BODY2\" data-google-query-id=\"CN2ztvv_pugCFdegewod5fMFxg\"><\/div>\n<div class=\"regTxt\"><\/div>\n<\/div>\n<table class=\"fpDescTb fpDescTbPub\">\n<tbody>\n<tr>\n<th colspan=\"2\">Informaci\u00f3n general del producto<\/th>\n<\/tr>\n<tr>\n<td>Marca<\/td>\n<td>MOULINEX<\/td>\n<\/tr>\n<tr>\n<td>Nombre del producto<\/td>\n<td>MOULINEX \u2013 Pain plaisir 1kg \u2013 m\u00e1quina de hacer pan 17 programas<\/td>\n<\/tr>\n<tr>\n<td>Categor\u00eda<\/td>\n<td>M\u00c1QUINA DE PAN<\/td>\n<\/tr>\n<tr>\n<th colspan=\"2\">General<\/th>\n<\/tr>\n<tr>\n<td>Tipo de producto<\/td>\n<td>M\u00e1quina de pan<\/td>\n<\/tr>\n<tr>\n<td>Contenido de alimentos<\/td>\n<td>1 kilogramo<\/td>\n<\/tr>\n<tr>\n<td>Material de la caja<\/td>\n<td>Pl\u00e1stico<\/td>\n<\/tr>\n<tr>\n<td>Par\u00e1metros de peso<\/td>\n<td>3 configuraciones de peso (500 g, 750 g, 1 kg)<\/td>\n<\/tr>\n<tr>\n<td>Recubrimiento de superficies<\/td>\n<td>Recubrimiento antiadherente<\/td>\n<\/tr>\n<tr>\n<td>Forma de la cavidad<\/td>\n<td>Cuadrado<\/td>\n<\/tr>\n<tr>\n<td>Funci\u00f3n y par\u00e1metros<\/td>\n<td>Funci\u00f3n de mermelada, funci\u00f3n de preparaci\u00f3n de pasteles, funci\u00f3n de preparaci\u00f3n de papilla, funci\u00f3n de mantener caliente hasta 1 hora, funci\u00f3n de pasta, funci\u00f3n de cereales calientes, funci\u00f3n de hacer pizza, funci\u00f3n sin gluten, funci\u00f3n de levado, funci\u00f3n de cereales integrales, funci\u00f3n de pan franc\u00e9s, funci\u00f3n de pan dulce, funci\u00f3n de horneado, funci\u00f3n de pan normal, funci\u00f3n de pan normal r\u00e1pido, funci\u00f3n de pan integral<\/td>\n<\/tr>\n<tr>\n<td>N\u00famero de programas<\/td>\n<td>17<\/td>\n<\/tr>\n<tr>\n<td>Tipo de producto<\/td>\n<td>M\u00e1quina de pan<\/td>\n<\/tr>\n<tr>\n<th colspan=\"2\">Configuraciones, controles e indicadores<\/th>\n<\/tr>\n<tr>\n<td>Tipo de orden<\/td>\n<td>Electr\u00f3nico<\/td>\n<\/tr>\n<tr>\n<td>Indicadores<\/td>\n<td>S\u00ed<\/td>\n<\/tr>\n<tr>\n<td>Configuraci\u00f3n del temporizador<\/td>\n<td>Inicio retardado con temporizador de 15 horas<\/td>\n<\/tr>\n<tr>\n<th colspan=\"2\">Consumo<\/th>\n<\/tr>\n<tr>\n<td>Energ\u00eda el\u00e9ctrica<\/td>\n<td>720 vatios<\/td>\n<\/tr>\n<tr>\n<th colspan=\"2\">Dimensiones y peso<\/th>\n<\/tr>\n<tr>\n<td>Ancho<\/td>\n<td>31 cent\u00edmetros<\/td>\n<\/tr>\n<tr>\n<td>Altura<\/td>\n<td>29 cent\u00edmetros<\/td>\n<\/tr>\n<tr>\n<td>Profundidad<\/td>\n<td>29 cent\u00edmetros<\/td>\n<\/tr>\n<tr>\n<td>Peso<\/td>\n<td>3,8 kilogramos<\/td>\n<\/tr>\n<tr>\n<th colspan=\"2\">Dimensiones y peso (embalado)<\/th>\n<\/tr>\n<tr>\n<td>Altura (Env\u00edo)<\/td>\n<td>33,9 cent\u00edmetros<\/td>\n<\/tr>\n<tr>\n<td>Ancho (empaquetado)<\/td>\n<td>35,6 cent\u00edmetros<\/td>\n<\/tr>\n<tr>\n<td>Profundidad (empaquetada)<\/td>\n<td>31,8 cent\u00edmetros<\/td>\n<\/tr>\n<tr>\n<td>Peso (Env\u00edo)<\/td>\n<td>5,6 kilogramos<\/td>\n<\/tr>\n<tr>\n<th colspan=\"2\">Mostrar<\/th>\n<\/tr>\n<tr>\n<td>Amable<\/td>\n<td>Pantalla LCD<\/td>\n<\/tr>\n<\/tbody>\n<\/table>\n<\/div>\n","protected":false},"excerpt":{"rendered":"<div class=\"elementor-element elementor-element-0468b6c elementor-icon-list--layout-traditional elementor-list-item-link-full_width elementor-widget elementor-widget-icon-list\" data-id=\"0468b6c\" data-element_type=\"widget\" data-widget_type=\"icon-list.default\">\n<div class=\"elementor-widget-container\">\n<p>\u2705 Env\u00edo gratuito: de 5 a 7 d\u00edas<br \/>\n\u2705 Env\u00edo expr\u00e9s (9\u202f\u20ac): de 2 a 3 d\u00edas<br \/>\n\u2705 Pago seguro<br \/>\n\u2705 Devoluci\u00f3n en 30 d\u00edas<\/p>\n<\/div>\n<\/div>\n<div class=\"elementor-element elementor-element-4377a70 elementor-widget elementor-widget-wpr-product-excerpt\" data-id=\"4377a70\" data-element_type=\"widget\" data-widget_type=\"wpr-product-excerpt.default\">\n<div class=\"elementor-widget-container\">\n<div class=\"wpr-product-excerpt\">\n<p>M\u00e1quina de pan 1 programa (incluido pan sin gluten y de centeno) &#8211; 720W &#8211; Negro\/Morado &#8211; Hasta 1 KG &#8211; Pantalla LCD<\/p>\n<\/div>\n<\/div>\n<\/div>\n","protected":false},"featured_media":14108,"comment_status":"closed","ping_status":"closed","template":"","meta":[],"product_cat":[134],"product_tag":[],"class_list":["post-14106","product","type-product","status-publish","has-post-thumbnail","hentry","product_cat-cocina-coccion"],"_links":{"self":[{"href":"https:\/\/electro-tot-menage.es\/index.php\/wp-json\/wp\/v2\/product\/14106"}],"collection":[{"href":"https:\/\/electro-tot-menage.es\/index.php\/wp-json\/wp\/v2\/product"}],"about":[{"href":"https:\/\/electro-tot-menage.es\/index.php\/wp-json\/wp\/v2\/types\/product"}],"replies":[{"embeddable":true,"href":"https:\/\/electro-tot-menage.es\/index.php\/wp-json\/wp\/v2\/comments?post=14106"}],"version-history":[{"count":3,"href":"https:\/\/electro-tot-menage.es\/index.php\/wp-json\/wp\/v2\/product\/14106\/revisions"}],"predecessor-version":[{"id":14676,"href":"https:\/\/electro-tot-menage.es\/index.php\/wp-json\/wp\/v2\/product\/14106\/revisions\/14676"}],"wp:featuredmedia":[{"embeddable":true,"href":"https:\/\/electro-tot-menage.es\/index.php\/wp-json\/wp\/v2\/media\/14108"}],"wp:attachment":[{"href":"https:\/\/electro-tot-menage.es\/index.php\/wp-json\/wp\/v2\/media?parent=14106"}],"wp:term":[{"taxonomy":"product_cat","embeddable":true,"href":"https:\/\/electro-tot-menage.es\/index.php\/wp-json\/wp\/v2\/product_cat?post=14106"},{"taxonomy":"product_tag","embeddable":true,"href":"https:\/\/electro-tot-menage.es\/index.php\/wp-json\/wp\/v2\/product_tag?post=14106"}],"curies":[{"name":"wp","href":"https:\/\/api.w.org\/{rel}","templated":true}]}}