{"id":14099,"date":"2025-05-23T23:15:50","date_gmt":"2025-05-23T21:15:50","guid":{"rendered":"https:\/\/electro-tot-menage.es\/?post_type=product&#038;p=14099"},"modified":"2025-05-28T20:16:53","modified_gmt":"2025-05-28T18:16:53","slug":"procesador-de-alimentos-kitchenaid-5kfp1335eob-de-3-l-negro-onix","status":"publish","type":"product","link":"https:\/\/electro-tot-menage.es\/index.php\/produit\/procesador-de-alimentos-kitchenaid-5kfp1335eob-de-3-l-negro-onix\/","title":{"rendered":"Procesador de alimentos KITCHENAID 5KFP1335EOB de 3 L &#8211; Negro \u00f3nix"},"content":{"rendered":"<p class=\"fpMb\">Capacidad: 3 L \u2013 Sistema ExactSlice \u2013 Base antideslizante y asa lateral ergon\u00f3mica \u2013 Tapa y cuchillas con junta de silicona perfectamente impermeable \u2013 Accesorios est\u00e1ndar: 2 boles de pl\u00e1stico libres de BPA + Empujador + Disco para rebanar y rallar + Batidor de huevos + Esp\u00e1tula + Estuche<\/p>\n<div class=\"regBloc no1023 \">\n<div id=\"gpt-R2-300X250BODY2\" data-google-query-id=\"CIjBztXso-gCFePjuwgdzakHAQ\"><\/div>\n<div class=\"regTxt\"><\/div>\n<\/div>\n<table class=\"fpDescTb fpDescTbPub\">\n<tbody>\n<tr>\n<th colspan=\"2\">Informaci\u00f3n general del producto<\/th>\n<\/tr>\n<tr>\n<td>Marca<\/td>\n<td>\u00a0 AYUDA DE COCINA<\/td>\n<\/tr>\n<tr>\n<td>Nombre del producto<\/td>\n<td>Procesador de alimentos KITCHENAID 5KFP1335EOB de 3 L \u2013<\/td>\n<\/tr>\n<tr>\n<td>Categor\u00eda<\/td>\n<td>PROCESADOR DE ALIMENTOS<\/td>\n<\/tr>\n<tr>\n<th colspan=\"2\">Informaci\u00f3n del producto<\/th>\n<\/tr>\n<tr>\n<td>Bandera)<\/td>\n<td>\u00f3nix negro<\/td>\n<\/tr>\n<tr>\n<td>Composici\u00f3n<\/td>\n<td>CAROLINA DEL NORTE<\/td>\n<\/tr>\n<tr>\n<th colspan=\"2\">General<\/th>\n<\/tr>\n<tr>\n<td>Tipo de producto<\/td>\n<td>Robot multifunci\u00f3n<\/td>\n<\/tr>\n<tr>\n<td>Color<\/td>\n<td>\u00f3nix negro<\/td>\n<\/tr>\n<tr>\n<td>Capacidad del recipiente<\/td>\n<td>3,1 litros<\/td>\n<\/tr>\n<tr>\n<td>Velocidad m\u00ednima<\/td>\n<td>900 rpm<\/td>\n<\/tr>\n<tr>\n<td>Velocidad m\u00e1xima<\/td>\n<td>1750 rpm<\/td>\n<\/tr>\n<tr>\n<td>Caracter\u00edsticas<\/td>\n<td>Rebanadora, rallador, amasadora, picadora, batidora, emulsionante, batidora<\/td>\n<\/tr>\n<tr>\n<td>N\u00famero de configuraciones de velocidad<\/td>\n<td>2<\/td>\n<\/tr>\n<tr>\n<td>Funciones adicionales<\/td>\n<td>Conducto extra ancho, tapa herm\u00e9tica, sistema ExactSlice<\/td>\n<\/tr>\n<tr>\n<th colspan=\"2\">Configuraciones, controles e indicadores<\/th>\n<\/tr>\n<tr>\n<td>Ajustes de velocidad<\/td>\n<td>2 ajustes preestablecidos<\/td>\n<\/tr>\n<tr>\n<th colspan=\"2\">Consumo<\/th>\n<\/tr>\n<tr>\n<td>Alimento<\/td>\n<td>220 \u2013 240 V \/ 50\/60 Hz<\/td>\n<\/tr>\n<tr>\n<td>Energ\u00eda el\u00e9ctrica<\/td>\n<td>300 vatios<\/td>\n<\/tr>\n<tr>\n<td>Longitud del cable<\/td>\n<td>0,61 metros<\/td>\n<\/tr>\n<tr>\n<th colspan=\"2\">Miscel\u00e1neas<\/th>\n<\/tr>\n<tr>\n<td>Detalles<\/td>\n<td>Pie antideslizante<\/td>\n<\/tr>\n<tr>\n<td>Accesorios adaptables<\/td>\n<td>Batidor plano, cuchilla universal, mini cuchilla, disco rallador reversible (fino y grueso), disco rebanador, mini bol (950 ml), cuchilla amasadora<\/td>\n<\/tr>\n<tr>\n<td>Tambi\u00e9n incluido<\/td>\n<td>Caja de accesorios<br \/>\n3 x<br \/>\nEsp\u00e1tula empujadora<\/td>\n<\/tr>\n<tr>\n<th colspan=\"2\">Dimensiones y peso<\/th>\n<\/tr>\n<tr>\n<td>Ancho<\/td>\n<td>28 cent\u00edmetros<\/td>\n<\/tr>\n<tr>\n<td>Altura<\/td>\n<td>41,5 cent\u00edmetros<\/td>\n<\/tr>\n<tr>\n<td>Profundidad<\/td>\n<td>26 cent\u00edmetros<\/td>\n<\/tr>\n<tr>\n<td>Peso<\/td>\n<td>7,8 kilogramos<\/td>\n<\/tr>\n<\/tbody>\n<\/table>\n","protected":false},"excerpt":{"rendered":"<div class=\"elementor-element elementor-element-0468b6c elementor-icon-list--layout-traditional elementor-list-item-link-full_width elementor-widget elementor-widget-icon-list\" data-id=\"0468b6c\" data-element_type=\"widget\" data-widget_type=\"icon-list.default\">\n<div class=\"elementor-widget-container\">\n<p>\u2705 Env\u00edo gratuito: de 5 a 7 d\u00edas<br \/>\n\u2705 Env\u00edo expr\u00e9s (9\u202f\u20ac): de 2 a 3 d\u00edas<br \/>\n\u2705 Pago seguro<br \/>\n\u2705 Devoluci\u00f3n en 30 d\u00edas<\/p>\n<\/div>\n<\/div>\n<div class=\"elementor-element elementor-element-4377a70 elementor-widget elementor-widget-wpr-product-excerpt\" data-id=\"4377a70\" data-element_type=\"widget\" data-widget_type=\"wpr-product-excerpt.default\">\n<div class=\"elementor-widget-container\">\n<div class=\"wpr-product-excerpt\">\n<ul>\n<li>Rebanadora, rallador, amasadora, picadora, batidora, emulsionante, batidora<\/li>\n<li>Ajustes de velocidad: 2 preajustes<\/li>\n<li>Potencia el\u00e9ctrica: 300 Watts<\/li>\n<li>Capacidad del recipiente: 3,1 litros<\/li>\n<li>Color: Negro \u00f3nix<\/li>\n<\/ul>\n<\/div>\n<\/div>\n<\/div>\n","protected":false},"featured_media":14100,"comment_status":"closed","ping_status":"closed","template":"","meta":[],"product_cat":[134],"product_tag":[],"class_list":["post-14099","product","type-product","status-publish","has-post-thumbnail","hentry","product_cat-cocina-coccion"],"_links":{"self":[{"href":"https:\/\/electro-tot-menage.es\/index.php\/wp-json\/wp\/v2\/product\/14099"}],"collection":[{"href":"https:\/\/electro-tot-menage.es\/index.php\/wp-json\/wp\/v2\/product"}],"about":[{"href":"https:\/\/electro-tot-menage.es\/index.php\/wp-json\/wp\/v2\/types\/product"}],"replies":[{"embeddable":true,"href":"https:\/\/electro-tot-menage.es\/index.php\/wp-json\/wp\/v2\/comments?post=14099"}],"version-history":[{"count":3,"href":"https:\/\/electro-tot-menage.es\/index.php\/wp-json\/wp\/v2\/product\/14099\/revisions"}],"predecessor-version":[{"id":14678,"href":"https:\/\/electro-tot-menage.es\/index.php\/wp-json\/wp\/v2\/product\/14099\/revisions\/14678"}],"wp:featuredmedia":[{"embeddable":true,"href":"https:\/\/electro-tot-menage.es\/index.php\/wp-json\/wp\/v2\/media\/14100"}],"wp:attachment":[{"href":"https:\/\/electro-tot-menage.es\/index.php\/wp-json\/wp\/v2\/media?parent=14099"}],"wp:term":[{"taxonomy":"product_cat","embeddable":true,"href":"https:\/\/electro-tot-menage.es\/index.php\/wp-json\/wp\/v2\/product_cat?post=14099"},{"taxonomy":"product_tag","embeddable":true,"href":"https:\/\/electro-tot-menage.es\/index.php\/wp-json\/wp\/v2\/product_tag?post=14099"}],"curies":[{"name":"wp","href":"https:\/\/api.w.org\/{rel}","templated":true}]}}