{"id":14049,"date":"2025-05-23T22:38:41","date_gmt":"2025-05-23T20:38:41","guid":{"rendered":"https:\/\/electro-tot-menage.es\/?post_type=product&#038;p=14049"},"modified":"2025-05-28T20:21:58","modified_gmt":"2025-05-28T18:21:58","slug":"extractor-de-jugos-magimix-18081f-juice-expert-3-black-exprimidor-cocina-y-cocina","status":"publish","type":"product","link":"https:\/\/electro-tot-menage.es\/index.php\/produit\/extractor-de-jugos-magimix-18081f-juice-expert-3-black-exprimidor-cocina-y-cocina\/","title":{"rendered":"Extractor de jugos Magimix 18081F Juice Expert 3 Black \u2022 Exprimidor \u2022 Cocina y cocina"},"content":{"rendered":"<div id=\"presTitle\" class=\"fpCat testSep\">\n<div class=\"fpCatTitle\">Presentaci\u00f3n del producto: Magimix 18081F Juice Expert 3 Black Extractor de Jugos \u2022 M\u00e1quina de jugos \u2022 Cocina y cocina<\/div>\n<\/div>\n<div id=\"presContent\" class=\"fpBlk testSep extCode\">Magimix 18081F Juice Expert 3 Black Extractor de Zumos \u2022 Color: Negro \u2022 Pantalla LCD: No \u2022 Dimensiones (largo x alto x profundidad): 21,4 x 41,5 x 18,3 cm \u2022 Peso neto: 7,50 Kg \u2022 Garant\u00eda: 2 a\u00f1os \u2022 Incluye: Instrucciones, Extra Press, Filtro para Zumos, cono peque\u00f1o para limones, cono grande para naranjas y pomelos, esp\u00e1tula de limpieza, libro de recetas \u2022 Fabricado en: Francia \u2022 Potencia: 400 W \u2022 Material del cuerpo: Acero inoxidable \u2022 Capacidad: 1,00 L \u2022 Longitud del cable: 1,00 m \u2022 Descubre: Como un Chef \u2022 Peso bruto: 8,25 Kg \u2022 Tipo de producto: Extractor de zumos \u2022 Particularidades: Consejos de nutricionistas App para Apple y Android, todos los m\u00f3viles y tablets \u2022 N\u00famero de velocidades: 1 \u2022 Bloqueo de tapa: S\u00ed \u2022 Posici\u00f3n del aparato: Horizontal \u2022 Velocidad m\u00e1xima (+ info): 1500 rpm \u2022 Jarra vertedora: No \u2022 Sistema antigoteo: No \u2022 Flujo directo: S\u00ed \u2022 Patas antideslizantes: S\u00ed \u2022 Encendido\/apagado: S\u00ed \u2022 Conducto extra ancho: S\u00ed \u2022 Guarda cable: S\u00ed \u2022 Algunas piezas aptas para lavavajillas: S\u00ed \u2022 Motor as\u00edncrono: Motor as\u00edncrono: Permite un bajo consumo y un alto poder de extracci\u00f3n \u2022 Funci\u00f3n exprimidor de c\u00edtricos: S\u00ed \u2022 Bloqueo de dep\u00f3sito: S\u00ed<\/div>\n<div id=\"desc\" class=\"anchor\"><\/div>\n<div id=\"descContent\" class=\"fpBlk testSep\" data-cs-override-id=\"Descriptif\">\n<p class=\"fpMb\">Color: Negro \u2022 Pantalla LCD: No \u2022 Dimensiones (largo x alto x profundidad): 21,4 x 41,5 x 18,3 cm \u2022 Peso neto: 7,50 Kg \u2022 Garant\u00eda: 2 a\u00f1os \u2022 Entregado con: Instrucciones, Exprimidor extra, Filtro de zumo, cono peque\u00f1o para limones, cono grande para naranjas y pomelos, esp\u00e1tula de limpieza, libro de recetas \u2022 Fabricado en: Francia \u2022 Potencia: 400 W \u2022 Material del cuerpo: Acero inoxidable<\/p>\n<div class=\"regBloc no1023 \">\n<div id=\"gpt-R2-300X250BODY2\" data-google-query-id=\"CIT62rD9legCFQcu4AodOB8JVQ\"><\/div>\n<div class=\"regTxt\"><\/div>\n<\/div>\n<table class=\"fpDescTb fpDescTbPub\">\n<tbody>\n<tr>\n<th colspan=\"2\">Informaci\u00f3n general del producto<\/th>\n<\/tr>\n<tr>\n<td>Marca<\/td>\n<td>\u00a0 MAGIMIX<\/td>\n<\/tr>\n<tr>\n<td>Nombre del producto<\/td>\n<td>Magimix 18081F Juice Expert 3 Sin extractor de jugos<\/td>\n<\/tr>\n<tr>\n<td>Categor\u00eda<\/td>\n<td>EXTRACTOR DE JUGO<\/td>\n<\/tr>\n<tr>\n<th colspan=\"2\">General<\/th>\n<\/tr>\n<tr>\n<td>Tipo de producto<\/td>\n<td>Exprimidor \/ Exprimidor de c\u00edtricos<\/td>\n<\/tr>\n<tr>\n<td>Boca de alimentaci\u00f3n ancha<\/td>\n<td>S\u00ed<\/td>\n<\/tr>\n<tr>\n<td>Apto para lavavajillas<\/td>\n<td>Piezas desmontables<\/td>\n<\/tr>\n<tr>\n<th colspan=\"2\">Consumo<\/th>\n<\/tr>\n<tr>\n<td>Energ\u00eda el\u00e9ctrica<\/td>\n<td>400 vatios<\/td>\n<\/tr>\n<tr>\n<th colspan=\"2\">Miscel\u00e1neas<\/th>\n<\/tr>\n<tr>\n<td>Normas de cumplimiento<\/td>\n<td>Libre de BPA<\/td>\n<\/tr>\n<tr>\n<th colspan=\"2\">Dimensiones y peso<\/th>\n<\/tr>\n<tr>\n<td>Ancho<\/td>\n<td>21,4 cent\u00edmetros<\/td>\n<\/tr>\n<tr>\n<td>Altura<\/td>\n<td>41,5 cent\u00edmetros<\/td>\n<\/tr>\n<tr>\n<td>Profundidad<\/td>\n<td>18,3 cent\u00edmetros<\/td>\n<\/tr>\n<tr>\n<td>Peso<\/td>\n<td>7,5 kilogramos<\/td>\n<\/tr>\n<\/tbody>\n<\/table>\n<\/div>\n","protected":false},"excerpt":{"rendered":"<div class=\"elementor-element elementor-element-0468b6c elementor-icon-list--layout-traditional elementor-list-item-link-full_width elementor-widget elementor-widget-icon-list\" data-id=\"0468b6c\" data-element_type=\"widget\" data-widget_type=\"icon-list.default\">\n<div class=\"elementor-widget-container\">\n<p>\u2705 Env\u00edo gratuito: de 5 a 7 d\u00edas<br \/>\n\u2705 Env\u00edo expr\u00e9s (9\u202f\u20ac): de 2 a 3 d\u00edas<br \/>\n\u2705 Pago seguro<br \/>\n\u2705 Devoluci\u00f3n en 30 d\u00edas<\/p>\n<\/div>\n<\/div>\n<div class=\"elementor-element elementor-element-4377a70 elementor-widget elementor-widget-wpr-product-excerpt\" data-id=\"4377a70\" data-element_type=\"widget\" data-widget_type=\"wpr-product-excerpt.default\">\n<div class=\"elementor-widget-container\">\n<div class=\"wpr-product-excerpt\">\n<p>Color: Negro \u2022 Pantalla LCD: No \u2022 Dimensiones (largo x alto x profundidad): 21,4 x 41,5 x 18,3 cm \u2022 Peso neto: 7,50 Kg \u2022 Garant\u00eda: 2 a\u00f1os \u2022 Entregado con: Instrucciones, Exprimidor extra, Filtro de zumo, cono peque\u00f1o para limones, cono grande para naranjas y pomelos, esp\u00e1tula de limpieza, libro de recetas \u2022 Fabricado en: Francia \u2022 Potencia: 400 W \u2022 Material del cuerpo: Acero inoxidable<\/p>\n<\/div>\n<\/div>\n<\/div>\n","protected":false},"featured_media":14050,"comment_status":"closed","ping_status":"closed","template":"","meta":[],"product_cat":[134],"product_tag":[],"class_list":["post-14049","product","type-product","status-publish","has-post-thumbnail","hentry","product_cat-cocina-coccion"],"_links":{"self":[{"href":"https:\/\/electro-tot-menage.es\/index.php\/wp-json\/wp\/v2\/product\/14049"}],"collection":[{"href":"https:\/\/electro-tot-menage.es\/index.php\/wp-json\/wp\/v2\/product"}],"about":[{"href":"https:\/\/electro-tot-menage.es\/index.php\/wp-json\/wp\/v2\/types\/product"}],"replies":[{"embeddable":true,"href":"https:\/\/electro-tot-menage.es\/index.php\/wp-json\/wp\/v2\/comments?post=14049"}],"version-history":[{"count":3,"href":"https:\/\/electro-tot-menage.es\/index.php\/wp-json\/wp\/v2\/product\/14049\/revisions"}],"predecessor-version":[{"id":14687,"href":"https:\/\/electro-tot-menage.es\/index.php\/wp-json\/wp\/v2\/product\/14049\/revisions\/14687"}],"wp:featuredmedia":[{"embeddable":true,"href":"https:\/\/electro-tot-menage.es\/index.php\/wp-json\/wp\/v2\/media\/14050"}],"wp:attachment":[{"href":"https:\/\/electro-tot-menage.es\/index.php\/wp-json\/wp\/v2\/media?parent=14049"}],"wp:term":[{"taxonomy":"product_cat","embeddable":true,"href":"https:\/\/electro-tot-menage.es\/index.php\/wp-json\/wp\/v2\/product_cat?post=14049"},{"taxonomy":"product_tag","embeddable":true,"href":"https:\/\/electro-tot-menage.es\/index.php\/wp-json\/wp\/v2\/product_tag?post=14049"}],"curies":[{"name":"wp","href":"https:\/\/api.w.org\/{rel}","templated":true}]}}