{"id":13993,"date":"2025-05-23T22:07:28","date_gmt":"2025-05-23T20:07:28","guid":{"rendered":"https:\/\/electro-tot-menage.es\/?post_type=product&#038;p=13993"},"modified":"2025-05-28T20:26:19","modified_gmt":"2025-05-28T18:26:19","slug":"barbacoa-a-gas-41-quemadores-fregadero-con-utensilios-incluidos","status":"publish","type":"product","link":"https:\/\/electro-tot-menage.es\/index.php\/produit\/barbacoa-a-gas-41-quemadores-fregadero-con-utensilios-incluidos\/","title":{"rendered":"Barbacoa a gas 4+1 quemadores, fregadero con utensilios incluidos!"},"content":{"rendered":"<div id=\"box_description_title\" class=\"box-collateral-title\">DESCRIPCI\u00d3N DEL PRODUCTO<\/div>\n<div id=\"box_description_content\" class=\"box-collateral-content\">\n<p>La\u00a0\u00a0<strong>barbacoa de gas<\/strong>\u00a0DALLAS \u00a0de Concept Usine es mucho m\u00e1s que una simple barbacoa\u2026 es una\u00a0\u00a0<strong>cocina de exterior completa<\/strong>\u00a0, compuesta por\u00a0\u00a0<strong>5 quemadores independientes<\/strong>\u00a0, un\u00a0<strong>fregadero<\/strong>\u00a0\u00a0y\u00a0<strong>una tabla de cortar lateral<\/strong>\u00a0.<\/p>\n<p>DALLAS se dedica \u00edntegramente a preparar tus comidas al aire libre. \u00a1Cocina como un aut\u00e9ntico chef delante de tus invitados en tu jard\u00edn! Gracias a su sistema de quemador independiente y su term\u00f3metro en la tapa, podr\u00e1s controlar y ajustar la temperatura de cada uno de tus alimentos.<\/p>\n<p>De excepcional calidad, la barbacoa DALLAS est\u00e1 equipada con ganchos y cestas para guardar sus utensilios, pa\u00f1os de cocina y condimentos.<\/p>\n<p>Pr\u00e1ctico, se puede mover f\u00e1cilmente gracias a sus\u00a0\u00a0<strong>8 ruedas<\/strong>\u00a0\u00a0y\u00a0\u00a0<strong>4 sistemas de freno<\/strong>\u00a0\u00a0que garantizan que se mantenga en su lugar en cualquier situaci\u00f3n.<\/p>\n<p>La barbacoa de gas DALLAS nunca abarrotar\u00e1 su espacio y embellecer\u00e1 su jard\u00edn con su estructura de acero tratado.<\/p>\n<p>Es f\u00e1cil de limpiar gracias a\u00a0\u00a0<strong>un recogegrasas de acero tratado<\/strong>\u00a0\u00a0y a su fregadero de acero con pintura epoxi para una mayor protecci\u00f3n contra la oxidaci\u00f3n.<\/p>\n<p>Al comprar su barbacoa de gas DALLAS, Concept Usine le ofrece\u00a0\u00a0<strong>un conjunto de utensilios esenciales<\/strong>\u00a0\u00a0para sus parrilladas.<\/p>\n<h3>VENTAJAS DEL PRODUCTO<\/h3>\n<ul>\n<li>4 potentes quemadores y 1 quemador independiente para calentar tus platos<\/li>\n<li>Un fregadero de acero<\/li>\n<li>Una tabla de cortar de madera<\/li>\n<li>Un term\u00f3metro para facilitar el control de la cocci\u00f3n.<\/li>\n<li>Ganchos y cestas para guardar tus accesorios<\/li>\n<\/ul>\n<h3>CARACTER\u00cdSTICAS T\u00c9CNICAS<\/h3>\n<ul>\n<li>N\u00famero de quemadores: 5 independientes (4 + 1 quemador lateral)<\/li>\n<li>Quemadores: Acero inoxidable<\/li>\n<li>Sistema de encendido: piezoel\u00e9ctrico<\/li>\n<li>Mango de tapa de acero inoxidable<\/li>\n<li>Interruptores de control de nailon cromado<\/li>\n<li>Ruedas: 8, por lo tanto 4 con sistema de freno<\/li>\n<li>Estructura y revestimiento frontal en acero tratado superficialmente con pintura de alta resistencia t\u00e9rmica.<\/li>\n<li>Campana de acero, cubierta de quemador lateral, fregadero y panel de control.<\/li>\n<li>grifo cromado<\/li>\n<li>Tabla de cortar de madera maciza<\/li>\n<li>Rejillas de cocci\u00f3n y calentamiento esmaltadas<\/li>\n<li>Potencia del quemador: 17,2 kW<\/li>\n<li>Colector de grasa fabricado en acero cincado con mango de aleaci\u00f3n<\/li>\n<li>Tipo de gas: butano\/propano<\/li>\n<\/ul>\n<h3>DIMENSIONES<\/h3>\n<ul>\n<li>Tama\u00f1o de la barbacoa: 1980 x 590 x 1120 cm<\/li>\n<li>Superficie de cocci\u00f3n: 63 x 46,5 cm<\/li>\n<\/ul>\n<h3>EMBALAJE<\/h3>\n<p>Se proporcionan instrucciones y manuales de iluminaci\u00f3n.<\/p>\n<p>Producto entregado en 2 cajas:<\/p>\n<ul>\n<li>Caja 1: 780 x 600 x 450 cm<\/li>\n<li>Caja 2: 755 x 655 x 260 cm<\/li>\n<\/ul>\n<p>* Garant\u00eda de 2 a\u00f1os<\/p>\n<\/div>\n","protected":false},"excerpt":{"rendered":"<div class=\"elementor-element elementor-element-0468b6c elementor-icon-list--layout-traditional elementor-list-item-link-full_width elementor-widget elementor-widget-icon-list\" data-id=\"0468b6c\" data-element_type=\"widget\" data-widget_type=\"icon-list.default\">\n<div class=\"elementor-widget-container\">\n<p>\u2705 Env\u00edo gratuito: de 5 a 7 d\u00edas<br \/>\n\u2705 Env\u00edo expr\u00e9s (9\u202f\u20ac): de 2 a 3 d\u00edas<br \/>\n\u2705 Pago seguro<br \/>\n\u2705 Devoluci\u00f3n en 30 d\u00edas<\/p>\n<\/div>\n<\/div>\n<div class=\"elementor-element elementor-element-4377a70 elementor-widget elementor-widget-wpr-product-excerpt\" data-id=\"4377a70\" data-element_type=\"widget\" data-widget_type=\"wpr-product-excerpt.default\">\n<div class=\"elementor-widget-container\">\n<div class=\"wpr-product-excerpt\">\n<div class=\"attribute\"><strong class=\"label\">Recubrimiento:\u00a0<\/strong>\u00a0<span class=\"data\">Pintura altamente resistente al calor.<\/span><\/div>\n<p>&nbsp;<\/p>\n<div class=\"attribute\"><strong class=\"label\">Material:\u00a0<\/strong>\u00a0<span class=\"data\">acero<\/span><\/div>\n<p>&nbsp;<\/p>\n<div class=\"attribute\"><strong class=\"label\">Superficie de cocci\u00f3n:\u00a0<\/strong>\u00a0<span class=\"data\">63 x 46,5 cm<\/span><\/div>\n<p>&nbsp;<\/p>\n<div class=\"attribute\"><strong class=\"label\">Potencia:\u00a0<\/strong>\u00a0<span class=\"data\">17,2 kW<\/span><\/div>\n<p>&nbsp;<\/p>\n<div class=\"attribute\"><strong class=\"label\">Sistema de encendido:\u00a0<\/strong>\u00a0<span class=\"data\">piezoel\u00e9ctrico<\/span><\/div>\n<p>&nbsp;<\/p>\n<div class=\"attribute\"><strong class=\"label\">Dimensiones completas (cm):\u00a0<\/strong>\u00a0<span class=\"data\">198 x 59 x 112 cm<\/span><\/div>\n<p>&nbsp;<\/p>\n<div class=\"attribute\"><strong class=\"label\">Parrilla de cocci\u00f3n:\u00a0<\/strong>\u00a0<span class=\"data\">Acero<\/span><\/div>\n<p>&nbsp;<\/p>\n<div class=\"attribute\"><strong class=\"label\">Tipo de quemador:\u00a0<\/strong>\u00a0<span class=\"data\">Gas (butano\/propano)<\/span><\/div>\n<p>&nbsp;<\/p>\n<div class=\"attribute\"><strong class=\"label\">N\u00famero de quemadores:\u00a0<\/strong>\u00a0<span class=\"data\">5 + 1<\/span><\/div>\n<p>&nbsp;<\/p>\n<div class=\"attribute\"><strong class=\"label\">Colector de grasa:\u00a0<\/strong>\u00a0<span class=\"data\">S\u00ed<\/span><\/div>\n<p>&nbsp;<\/p>\n<div class=\"attribute\"><strong class=\"label\">Cubierta:\u00a0<\/strong>\u00a0<span class=\"data\">S\u00ed<\/span><\/div>\n<p>&nbsp;<\/p>\n<div class=\"attribute\"><strong class=\"label\">Cesta:\u00a0<\/strong>\u00a0<span class=\"data\">S\u00ed<\/span><\/div>\n<p>&nbsp;<\/p>\n<div class=\"attribute\"><strong class=\"label\">Manijas:\u00a0<\/strong>\u00a0<span class=\"data\">S\u00ed<\/span><\/div>\n<p>&nbsp;<\/p>\n<div class=\"attribute\"><strong class=\"label\">Term\u00f3metro:\u00a0<\/strong>\u00a0<span class=\"data\">S\u00ed<\/span><\/div>\n<p>&nbsp;<\/p>\n<div class=\"attribute\"><strong class=\"label\">N\u00famero de ruedas:\u00a0<\/strong>\u00a0<span class=\"data\">8 ruedas + 4 sistemas de freno<\/span><\/div>\n<p>&nbsp;<\/p>\n<div class=\"attribute\"><strong class=\"label\">Montaje:\u00a0<\/strong>\u00a0<span class=\"data\">F\u00e1cil de montar usted mismo. Se proporciona un aviso<\/span><\/div>\n<p>&nbsp;<\/p>\n<div class=\"attribute\"><strong class=\"label\">Entrega:\u00a0<\/strong>\u00a0<span class=\"data\">SI<\/span><\/div>\n<p>&nbsp;<\/p>\n<div class=\"attribute\"><strong class=\"label\">Garant\u00eda:\u00a0<\/strong>\u00a0<span class=\"data\">2 a\u00f1os<\/span><\/div>\n<\/div>\n<\/div>\n<\/div>\n","protected":false},"featured_media":13994,"comment_status":"closed","ping_status":"closed","template":"","meta":[],"product_cat":[134],"product_tag":[],"class_list":["post-13993","product","type-product","status-publish","has-post-thumbnail","hentry","product_cat-cocina-coccion"],"_links":{"self":[{"href":"https:\/\/electro-tot-menage.es\/index.php\/wp-json\/wp\/v2\/product\/13993"}],"collection":[{"href":"https:\/\/electro-tot-menage.es\/index.php\/wp-json\/wp\/v2\/product"}],"about":[{"href":"https:\/\/electro-tot-menage.es\/index.php\/wp-json\/wp\/v2\/types\/product"}],"replies":[{"embeddable":true,"href":"https:\/\/electro-tot-menage.es\/index.php\/wp-json\/wp\/v2\/comments?post=13993"}],"version-history":[{"count":3,"href":"https:\/\/electro-tot-menage.es\/index.php\/wp-json\/wp\/v2\/product\/13993\/revisions"}],"predecessor-version":[{"id":14694,"href":"https:\/\/electro-tot-menage.es\/index.php\/wp-json\/wp\/v2\/product\/13993\/revisions\/14694"}],"wp:featuredmedia":[{"embeddable":true,"href":"https:\/\/electro-tot-menage.es\/index.php\/wp-json\/wp\/v2\/media\/13994"}],"wp:attachment":[{"href":"https:\/\/electro-tot-menage.es\/index.php\/wp-json\/wp\/v2\/media?parent=13993"}],"wp:term":[{"taxonomy":"product_cat","embeddable":true,"href":"https:\/\/electro-tot-menage.es\/index.php\/wp-json\/wp\/v2\/product_cat?post=13993"},{"taxonomy":"product_tag","embeddable":true,"href":"https:\/\/electro-tot-menage.es\/index.php\/wp-json\/wp\/v2\/product_tag?post=13993"}],"curies":[{"name":"wp","href":"https:\/\/api.w.org\/{rel}","templated":true}]}}