{"id":13942,"date":"2025-05-20T14:51:40","date_gmt":"2025-05-20T12:51:40","guid":{"rendered":"https:\/\/electro-tot-menage.es\/?post_type=product&#038;p=13942"},"modified":"2025-05-28T01:20:09","modified_gmt":"2025-05-27T23:20:09","slug":"pergola-independiente-color-grafito-de-belice-38-x-3-m-estructura-de-aluminio-y-policarbonato","status":"publish","type":"product","link":"https:\/\/electro-tot-menage.es\/index.php\/produit\/pergola-independiente-color-grafito-de-belice-38-x-3-m-estructura-de-aluminio-y-policarbonato\/","title":{"rendered":"P\u00e9rgola independiente color grafito de Belice 3,8 x 3 m &#8211; Estructura de aluminio y policarbonato"},"content":{"rendered":"","protected":false},"excerpt":{"rendered":"<p>\u2705 Env\u00edo gratuito: de 5 a 7 d\u00edas<br \/>\n\u2705 Env\u00edo expr\u00e9s (9\u202f\u20ac): de 2 a 3 d\u00edas<br \/>\n\u2705 Pago seguro<br \/>\n\u2705 Devoluci\u00f3n en 30 d\u00edas<\/p>\n<p>Disfrute de hermosos d\u00edas de verano al aire libre con la p\u00e9rgola Hesp\u00e9ride &#8220;BELIZE&#8221;.<\/p>\n<p><strong>Un techo orientable<\/strong><br \/>\nCon sus lamas orientables, la p\u00e9rgola \u201cBELIZE\u201d ofrece la posibilidad de disfrutar de su exterior con total tranquilidad. La mosquitera y las cortinas compatibles Hesp\u00e9ride le permitir\u00e1n disfrutar de su p\u00e9rgola con total tranquilidad.<\/p>\n<p><strong>Una estructura elegante y s\u00f3lida<\/strong><br \/>\nFabricada en aluminio tratado con epoxi, la estructura de la p\u00e9rgola \u201cBELIZE\u201d resistir\u00e1 el \u00f3xido y los rayos UV. Su aspecto moderno har\u00e1 de su jard\u00edn un lugar agradable para entretener a amigos o relajarse.<\/p>\n<p><strong>Un cenador de f\u00e1cil mantenimiento<\/strong><br \/>\nLa estructura de la p\u00e9rgola y su techo de policarbonato son f\u00e1ciles de limpiar con agua y jab\u00f3n.<br \/>\nDisfrute de un aperitivo o una comida familiar bajo su cenador con una mesa baja y sillones de jard\u00edn Hesp\u00e9ride.<\/p>\n<p><strong>Es bueno saberlo<\/strong><br \/>\nAlgunos anexos exteriores en el jard\u00edn (cenadores, p\u00e9rgolas, cocheras, piscinas elevadas) pueden estar sujetos a una autorizaci\u00f3n de planificaci\u00f3n previa antes de su instalaci\u00f3n.<br \/>\nEstos tr\u00e1mites deber\u00e1s realizarlos ante el ayuntamiento de tu municipio. La naturaleza de la autorizaci\u00f3n (declaraci\u00f3n previa de obras o permiso de construcci\u00f3n) depende en particular del car\u00e1cter permanente y de la superficie de la instalaci\u00f3n, de si la zona de construcci\u00f3n est\u00e1 protegida y del plan de ordenaci\u00f3n urbana local (PLU).<\/p>\n","protected":false},"featured_media":13943,"comment_status":"closed","ping_status":"closed","template":"","meta":[],"product_cat":[75,133],"product_tag":[],"class_list":["post-13942","product","type-product","status-publish","has-post-thumbnail","hentry","product_cat-casa-jardin","product_cat-conjunto-de-mesa-y-sillas-de-jardin"],"_links":{"self":[{"href":"https:\/\/electro-tot-menage.es\/index.php\/wp-json\/wp\/v2\/product\/13942"}],"collection":[{"href":"https:\/\/electro-tot-menage.es\/index.php\/wp-json\/wp\/v2\/product"}],"about":[{"href":"https:\/\/electro-tot-menage.es\/index.php\/wp-json\/wp\/v2\/types\/product"}],"replies":[{"embeddable":true,"href":"https:\/\/electro-tot-menage.es\/index.php\/wp-json\/wp\/v2\/comments?post=13942"}],"version-history":[{"count":3,"href":"https:\/\/electro-tot-menage.es\/index.php\/wp-json\/wp\/v2\/product\/13942\/revisions"}],"predecessor-version":[{"id":14469,"href":"https:\/\/electro-tot-menage.es\/index.php\/wp-json\/wp\/v2\/product\/13942\/revisions\/14469"}],"wp:featuredmedia":[{"embeddable":true,"href":"https:\/\/electro-tot-menage.es\/index.php\/wp-json\/wp\/v2\/media\/13943"}],"wp:attachment":[{"href":"https:\/\/electro-tot-menage.es\/index.php\/wp-json\/wp\/v2\/media?parent=13942"}],"wp:term":[{"taxonomy":"product_cat","embeddable":true,"href":"https:\/\/electro-tot-menage.es\/index.php\/wp-json\/wp\/v2\/product_cat?post=13942"},{"taxonomy":"product_tag","embeddable":true,"href":"https:\/\/electro-tot-menage.es\/index.php\/wp-json\/wp\/v2\/product_tag?post=13942"}],"curies":[{"name":"wp","href":"https:\/\/api.w.org\/{rel}","templated":true}]}}