{"id":13931,"date":"2025-05-20T14:41:55","date_gmt":"2025-05-20T12:41:55","guid":{"rendered":"https:\/\/electro-tot-menage.es\/?post_type=product&#038;p=13931"},"modified":"2025-05-28T01:20:37","modified_gmt":"2025-05-27T23:20:37","slug":"equador-parasol-cuadrado-pizarra-descentrado-con-led-3-x-3-m-aluminio-poliester","status":"publish","type":"product","link":"https:\/\/electro-tot-menage.es\/index.php\/produit\/equador-parasol-cuadrado-pizarra-descentrado-con-led-3-x-3-m-aluminio-poliester\/","title":{"rendered":"\u00c9QUADOR Parasol cuadrado pizarra descentrado con LED 3 x 3 m &#8211; Aluminio, poli\u00e9ster"},"content":{"rendered":"","protected":false},"excerpt":{"rendered":"<p>\u2705 Env\u00edo gratuito: de 5 a 7 d\u00edas<br \/>\n\u2705 Env\u00edo expr\u00e9s (9\u202f\u20ac): de 2 a 3 d\u00edas<br \/>\n\u2705 Pago seguro<br \/>\n\u2705 Devoluci\u00f3n en 30 d\u00edas<\/p>\n<p>\u00bfQuieres disfrutar plenamente de tu jard\u00edn o terraza, incluso por la noche? Adopte la sombrilla descentrada Hesp\u00e9ride &#8220;\u00c9QUADOR&#8221; con LED.<\/p>\n<p><strong>Sombra y luz a voluntad<\/strong><br \/>\nDurante el d\u00eda, esta sombrilla grande, recta y de forma cuadrada te proporcionar\u00e1 la sombra que necesitas. Por la noche, permanecer\u00e1 iluminado hasta cuatro horas seguidas gracias a los LED incorporados en su estructura.<\/p>\n<p><strong>Una sombrilla vers\u00e1til<\/strong><br \/>\nEsta sombrilla descentrada &#8220;\u00c9QUADOR&#8221; se despliega f\u00e1cilmente gracias a su manivela y puede girar 360\u00b0. Para evitar cables sueltos, elija entre carga solar o USB.<\/p>\n<p><strong>Un accesorio de f\u00e1cil mantenimiento<\/strong><br \/>\nLa sombrilla descentrada &#8220;\u00c9QUADOR&#8221; tiene una estructura robusta con un m\u00e1stil y varillas de aluminio anodizado que se limpian f\u00e1cilmente con agua jabonosa: tenga cuidado, sin embargo, de no mojar los LED. Mantenga la lona de poli\u00e9ster repelente al agua utilizando un limpiador e impermeabilizante Hesp\u00e9ride.<br \/>\nDota a tu sombrilla de una funda protectora adecuada y estabil\u00edzala con las tejas Hesp\u00e9ride dise\u00f1adas para tal fin.<\/p>\n<p>Tenga en cuenta que las baldosas no est\u00e1n incluidas.<\/p>\n","protected":false},"featured_media":13932,"comment_status":"closed","ping_status":"closed","template":"","meta":[],"product_cat":[75,133],"product_tag":[],"class_list":["post-13931","product","type-product","status-publish","has-post-thumbnail","hentry","product_cat-casa-jardin","product_cat-conjunto-de-mesa-y-sillas-de-jardin"],"_links":{"self":[{"href":"https:\/\/electro-tot-menage.es\/index.php\/wp-json\/wp\/v2\/product\/13931"}],"collection":[{"href":"https:\/\/electro-tot-menage.es\/index.php\/wp-json\/wp\/v2\/product"}],"about":[{"href":"https:\/\/electro-tot-menage.es\/index.php\/wp-json\/wp\/v2\/types\/product"}],"replies":[{"embeddable":true,"href":"https:\/\/electro-tot-menage.es\/index.php\/wp-json\/wp\/v2\/comments?post=13931"}],"version-history":[{"count":2,"href":"https:\/\/electro-tot-menage.es\/index.php\/wp-json\/wp\/v2\/product\/13931\/revisions"}],"predecessor-version":[{"id":14470,"href":"https:\/\/electro-tot-menage.es\/index.php\/wp-json\/wp\/v2\/product\/13931\/revisions\/14470"}],"wp:featuredmedia":[{"embeddable":true,"href":"https:\/\/electro-tot-menage.es\/index.php\/wp-json\/wp\/v2\/media\/13932"}],"wp:attachment":[{"href":"https:\/\/electro-tot-menage.es\/index.php\/wp-json\/wp\/v2\/media?parent=13931"}],"wp:term":[{"taxonomy":"product_cat","embeddable":true,"href":"https:\/\/electro-tot-menage.es\/index.php\/wp-json\/wp\/v2\/product_cat?post=13931"},{"taxonomy":"product_tag","embeddable":true,"href":"https:\/\/electro-tot-menage.es\/index.php\/wp-json\/wp\/v2\/product_tag?post=13931"}],"curies":[{"name":"wp","href":"https:\/\/api.w.org\/{rel}","templated":true}]}}