{"id":13916,"date":"2025-05-20T14:29:17","date_gmt":"2025-05-20T12:29:17","guid":{"rendered":"https:\/\/electro-tot-menage.es\/?post_type=product&#038;p=13916"},"modified":"2025-05-28T01:21:04","modified_gmt":"2025-05-27T23:21:04","slug":"vela-de-sombra-triangular-de-pizarra-shae-4-x-4-x-4-m-poliester","status":"publish","type":"product","link":"https:\/\/electro-tot-menage.es\/index.php\/produit\/vela-de-sombra-triangular-de-pizarra-shae-4-x-4-x-4-m-poliester\/","title":{"rendered":"Vela de sombra triangular de pizarra SHAE 4 x 4 x 4 m &#8211; Poli\u00e9ster"},"content":{"rendered":"","protected":false},"excerpt":{"rendered":"<p>\u2705 Env\u00edo gratuito: de 5 a 7 d\u00edas<br \/>\n\u2705 Env\u00edo expr\u00e9s (9\u202f\u20ac): de 2 a 3 d\u00edas<br \/>\n\u2705 Pago seguro<br \/>\n\u2705 Devoluci\u00f3n en 30 d\u00edas<\/p>\n<p>Disfrute de su aire libre protegido del sol con la vela de sombra triangular Hesp\u00e9ride &#8220;SHAE&#8221;.<\/p>\n<p><strong>Una alternativa original a la sombrilla<\/strong><br \/>\nIdeal para los d\u00edas soleados, elige vestir tu terraza o tu jard\u00edn con la vela de sombra &#8220;SHAE&#8221;. La lluvia ligera y repelente al agua ya no ser\u00e1 un problema.<\/p>\n<p><strong>Para colocar solo o en pila.<\/strong><br \/>\nFijada encima de su mobiliario de jard\u00edn Hesp\u00e9ride o de su mesa extensible, la vela de sombra &#8220;SHAE&#8221; dispone de largas cuerdas y anillas de acero inoxidable para facilitar su instalaci\u00f3n. Juega con las formas combin\u00e1ndolo con un lienzo rectangular.<\/p>\n<p><strong>Durabilidad en el punto de encuentro<\/strong><br \/>\nCon su lona gruesa y sus tratamientos antidecoloraci\u00f3n y anti-UV, la vela de sombra &#8220;SHAE&#8221; se puede lavar con una esponja y agua jabonosa.<br \/>\nProtege la vela con una funda y gu\u00e1rdala durante el invierno.<\/p>\n","protected":false},"featured_media":13917,"comment_status":"closed","ping_status":"closed","template":"","meta":[],"product_cat":[75,133],"product_tag":[],"class_list":["post-13916","product","type-product","status-publish","has-post-thumbnail","hentry","product_cat-casa-jardin","product_cat-conjunto-de-mesa-y-sillas-de-jardin"],"_links":{"self":[{"href":"https:\/\/electro-tot-menage.es\/index.php\/wp-json\/wp\/v2\/product\/13916"}],"collection":[{"href":"https:\/\/electro-tot-menage.es\/index.php\/wp-json\/wp\/v2\/product"}],"about":[{"href":"https:\/\/electro-tot-menage.es\/index.php\/wp-json\/wp\/v2\/types\/product"}],"replies":[{"embeddable":true,"href":"https:\/\/electro-tot-menage.es\/index.php\/wp-json\/wp\/v2\/comments?post=13916"}],"version-history":[{"count":2,"href":"https:\/\/electro-tot-menage.es\/index.php\/wp-json\/wp\/v2\/product\/13916\/revisions"}],"predecessor-version":[{"id":14471,"href":"https:\/\/electro-tot-menage.es\/index.php\/wp-json\/wp\/v2\/product\/13916\/revisions\/14471"}],"wp:featuredmedia":[{"embeddable":true,"href":"https:\/\/electro-tot-menage.es\/index.php\/wp-json\/wp\/v2\/media\/13917"}],"wp:attachment":[{"href":"https:\/\/electro-tot-menage.es\/index.php\/wp-json\/wp\/v2\/media?parent=13916"}],"wp:term":[{"taxonomy":"product_cat","embeddable":true,"href":"https:\/\/electro-tot-menage.es\/index.php\/wp-json\/wp\/v2\/product_cat?post=13916"},{"taxonomy":"product_tag","embeddable":true,"href":"https:\/\/electro-tot-menage.es\/index.php\/wp-json\/wp\/v2\/product_tag?post=13916"}],"curies":[{"name":"wp","href":"https:\/\/api.w.org\/{rel}","templated":true}]}}