{"id":13904,"date":"2025-05-20T14:17:23","date_gmt":"2025-05-20T12:17:23","guid":{"rendered":"https:\/\/electro-tot-menage.es\/?post_type=product&#038;p=13904"},"modified":"2025-05-28T01:22:19","modified_gmt":"2025-05-27T23:22:19","slug":"pantalla-de-privacidad-exterior-zupta-graphite-120-x-28-x-180-cm-aluminio-tratado-con-epoxi","status":"publish","type":"product","link":"https:\/\/electro-tot-menage.es\/index.php\/produit\/pantalla-de-privacidad-exterior-zupta-graphite-120-x-28-x-180-cm-aluminio-tratado-con-epoxi\/","title":{"rendered":"Pantalla de privacidad exterior ZUPTA Graphite 120 x 28 x 180 cm &#8211; Aluminio tratado con epoxi"},"content":{"rendered":"","protected":false},"excerpt":{"rendered":"<p>\u2705 Env\u00edo gratuito: de 5 a 7 d\u00edas<br \/>\n\u2705 Env\u00edo expr\u00e9s (9\u202f\u20ac): de 2 a 3 d\u00edas<br \/>\n\u2705 Pago seguro<br \/>\n\u2705 Devoluci\u00f3n en 30 d\u00edas<\/p>\n<p>Para protegerse de miradas indiscretas, elija la mampara de privacidad para exterior Hesp\u00e9ride &#8220;Zupta&#8221;.<\/p>\n<p><strong>Muebles de jard\u00edn \u00fatiles<\/strong><br \/>\nSi su jard\u00edn o terraza se encuentra enfrente, la mampara de exterior &#8220;Zupta&#8221; le aportar\u00e1 un poco de intimidad. Puedes colocar all\u00ed objetos o plantas para convertirlo en un aut\u00e9ntico elemento decorativo.<\/p>\n<p><strong>Materiales duraderos<\/strong><br \/>\nLa mampara de privacidad exterior \u201cZupta\u201d se caracteriza por una estructura de aluminio tratada con epoxi. De esta manera resistir\u00e1 el \u00f3xido y la lluvia durante todo el verano.<br \/>\nLas mamparas de privacidad son ideales para crear \u00e1reas definidas como una zona de relax con tumbonas Hesp\u00e9ride o una zona de comedor con barbacoa.<\/p>\n","protected":false},"featured_media":13905,"comment_status":"closed","ping_status":"closed","template":"","meta":[],"product_cat":[75,133],"product_tag":[],"class_list":["post-13904","product","type-product","status-publish","has-post-thumbnail","hentry","product_cat-casa-jardin","product_cat-conjunto-de-mesa-y-sillas-de-jardin"],"_links":{"self":[{"href":"https:\/\/electro-tot-menage.es\/index.php\/wp-json\/wp\/v2\/product\/13904"}],"collection":[{"href":"https:\/\/electro-tot-menage.es\/index.php\/wp-json\/wp\/v2\/product"}],"about":[{"href":"https:\/\/electro-tot-menage.es\/index.php\/wp-json\/wp\/v2\/types\/product"}],"replies":[{"embeddable":true,"href":"https:\/\/electro-tot-menage.es\/index.php\/wp-json\/wp\/v2\/comments?post=13904"}],"version-history":[{"count":2,"href":"https:\/\/electro-tot-menage.es\/index.php\/wp-json\/wp\/v2\/product\/13904\/revisions"}],"predecessor-version":[{"id":14473,"href":"https:\/\/electro-tot-menage.es\/index.php\/wp-json\/wp\/v2\/product\/13904\/revisions\/14473"}],"wp:featuredmedia":[{"embeddable":true,"href":"https:\/\/electro-tot-menage.es\/index.php\/wp-json\/wp\/v2\/media\/13905"}],"wp:attachment":[{"href":"https:\/\/electro-tot-menage.es\/index.php\/wp-json\/wp\/v2\/media?parent=13904"}],"wp:term":[{"taxonomy":"product_cat","embeddable":true,"href":"https:\/\/electro-tot-menage.es\/index.php\/wp-json\/wp\/v2\/product_cat?post=13904"},{"taxonomy":"product_tag","embeddable":true,"href":"https:\/\/electro-tot-menage.es\/index.php\/wp-json\/wp\/v2\/product_tag?post=13904"}],"curies":[{"name":"wp","href":"https:\/\/api.w.org\/{rel}","templated":true}]}}