{"id":13883,"date":"2025-05-20T14:11:25","date_gmt":"2025-05-20T12:11:25","guid":{"rendered":"https:\/\/electro-tot-menage.es\/?post_type=product&#038;p=13883"},"modified":"2025-05-28T01:23:08","modified_gmt":"2025-05-27T23:23:08","slug":"paraguas-rectangular-antracita-sunbrella-de-suenyo-4-x-3-m-aluminio-tratado-con-epoxi-acero-acrilico","status":"publish","type":"product","link":"https:\/\/electro-tot-menage.es\/index.php\/produit\/paraguas-rectangular-antracita-sunbrella-de-suenyo-4-x-3-m-aluminio-tratado-con-epoxi-acero-acrilico\/","title":{"rendered":"Paraguas rectangular antracita Sunbrella\u00ae de SUENYO 4 x 3 m &#8211; Aluminio tratado con epoxi, Acero, Acr\u00edlico"},"content":{"rendered":"","protected":false},"excerpt":{"rendered":"<p>\u2705 Env\u00edo gratuito: de 5 a 7 d\u00edas<br \/>\n\u2705 Env\u00edo expr\u00e9s (9\u202f\u20ac): de 2 a 3 d\u00edas<br \/>\n\u2705 Pago seguro<br \/>\n\u2705 Devoluci\u00f3n en 30 d\u00edas<\/p>\n<p>En verano es importante protegerse del sol. La sombrilla descentrada Hesp\u00e9ride &#8220;Suenyo&#8221; se convertir\u00e1 r\u00e1pidamente en tu art\u00edculo imprescindible para tus momentos de relax.<\/p>\n<p><strong>Un dise\u00f1o de calidad<\/strong><br \/>\nVerdadera protecci\u00f3n solar, la gruesa lona Sunbrella es reconocida por su resistencia, resistencia a los rayos UV y f\u00e1cil mantenimiento. Adem\u00e1s, te ofrecer\u00e1 comodidad transpirable ya que el tejido dejar\u00e1 pasar el aire a trav\u00e9s de \u00e9l.<\/p>\n<p><strong>Una sombrilla bien dise\u00f1ada<\/strong><br \/>\nCon su manivela y su sistema de inclinaci\u00f3n hasta 360\u00b0, esta sombrilla rectangular ser\u00e1 muy f\u00e1cil de manejar. Podr\u00e1s protegerte del sol durante todo el d\u00eda sin tener que mover el pie.<\/p>\n<p><strong>Muebles de jard\u00edn que duran<\/strong><br \/>\nA medida que se acerca el invierno, limpie y deje secar su parasol voladizo &#8220;Suenyo&#8221; antes de guardarlo bajo una funda protectora.<br \/>\nElija un conjunto de muebles de jard\u00edn Hesp\u00e9ride para recibir c\u00f3modamente a su familia o amigos en su patio.<\/p>\n<p>Tenga en cuenta que las baldosas no est\u00e1n incluidas.<\/p>\n","protected":false},"featured_media":13884,"comment_status":"closed","ping_status":"closed","template":"","meta":[],"product_cat":[75,133],"product_tag":[],"class_list":["post-13883","product","type-product","status-publish","has-post-thumbnail","hentry","product_cat-casa-jardin","product_cat-conjunto-de-mesa-y-sillas-de-jardin"],"_links":{"self":[{"href":"https:\/\/electro-tot-menage.es\/index.php\/wp-json\/wp\/v2\/product\/13883"}],"collection":[{"href":"https:\/\/electro-tot-menage.es\/index.php\/wp-json\/wp\/v2\/product"}],"about":[{"href":"https:\/\/electro-tot-menage.es\/index.php\/wp-json\/wp\/v2\/types\/product"}],"replies":[{"embeddable":true,"href":"https:\/\/electro-tot-menage.es\/index.php\/wp-json\/wp\/v2\/comments?post=13883"}],"version-history":[{"count":3,"href":"https:\/\/electro-tot-menage.es\/index.php\/wp-json\/wp\/v2\/product\/13883\/revisions"}],"predecessor-version":[{"id":14475,"href":"https:\/\/electro-tot-menage.es\/index.php\/wp-json\/wp\/v2\/product\/13883\/revisions\/14475"}],"wp:featuredmedia":[{"embeddable":true,"href":"https:\/\/electro-tot-menage.es\/index.php\/wp-json\/wp\/v2\/media\/13884"}],"wp:attachment":[{"href":"https:\/\/electro-tot-menage.es\/index.php\/wp-json\/wp\/v2\/media?parent=13883"}],"wp:term":[{"taxonomy":"product_cat","embeddable":true,"href":"https:\/\/electro-tot-menage.es\/index.php\/wp-json\/wp\/v2\/product_cat?post=13883"},{"taxonomy":"product_tag","embeddable":true,"href":"https:\/\/electro-tot-menage.es\/index.php\/wp-json\/wp\/v2\/product_tag?post=13883"}],"curies":[{"name":"wp","href":"https:\/\/api.w.org\/{rel}","templated":true}]}}