{"id":13806,"date":"2025-05-18T16:06:06","date_gmt":"2025-05-18T14:06:06","guid":{"rendered":"https:\/\/electro-tot-menage.es\/?post_type=product&#038;p=13806"},"modified":"2025-05-28T01:26:32","modified_gmt":"2025-05-27T23:26:32","slug":"tegelon-tegelon","status":"publish","type":"product","link":"https:\/\/electro-tot-menage.es\/index.php\/produit\/tegelon-tegelon\/","title":{"rendered":"TEGEL\u00d6N \/ TEGEL\u00d6N"},"content":{"rendered":"<p>\u00bfC\u00f3mo puedes crear muebles duraderos para balcones y terrazas tan c\u00f3modos como los muebles acolchados que tenemos en el interior? El equipo de desarrollo de la silla de exterior TEGEL\u00d6N combin\u00f3 artesan\u00eda tradicional con materiales modernos. El asiento y respaldo de la silla est\u00e1n hechos de una cuerda tejida con un n\u00facleo parecido a la goma. Ofrece un aspecto y una sensaci\u00f3n a juego con tus muebles de interior, tanto en comodidad como en estilo.<\/p>\n","protected":false},"excerpt":{"rendered":"<p>\u2705 Env\u00edo gratuito: de 5 a 7 d\u00edas<br \/>\n\u2705 Env\u00edo expr\u00e9s (9\u202f\u20ac): de 2 a 3 d\u00edas<br \/>\n\u2705 Pago seguro<br \/>\n\u2705 Devoluci\u00f3n en 30 d\u00edas<\/p>\n<p>Mesa con 6 sillas de exterior, gris oscuro\/negro<\/p>\n","protected":false},"featured_media":13808,"comment_status":"closed","ping_status":"closed","template":"","meta":[],"product_cat":[75,133],"product_tag":[],"class_list":["post-13806","product","type-product","status-publish","has-post-thumbnail","hentry","product_cat-casa-jardin","product_cat-conjunto-de-mesa-y-sillas-de-jardin"],"_links":{"self":[{"href":"https:\/\/electro-tot-menage.es\/index.php\/wp-json\/wp\/v2\/product\/13806"}],"collection":[{"href":"https:\/\/electro-tot-menage.es\/index.php\/wp-json\/wp\/v2\/product"}],"about":[{"href":"https:\/\/electro-tot-menage.es\/index.php\/wp-json\/wp\/v2\/types\/product"}],"replies":[{"embeddable":true,"href":"https:\/\/electro-tot-menage.es\/index.php\/wp-json\/wp\/v2\/comments?post=13806"}],"version-history":[{"count":4,"href":"https:\/\/electro-tot-menage.es\/index.php\/wp-json\/wp\/v2\/product\/13806\/revisions"}],"predecessor-version":[{"id":14480,"href":"https:\/\/electro-tot-menage.es\/index.php\/wp-json\/wp\/v2\/product\/13806\/revisions\/14480"}],"wp:featuredmedia":[{"embeddable":true,"href":"https:\/\/electro-tot-menage.es\/index.php\/wp-json\/wp\/v2\/media\/13808"}],"wp:attachment":[{"href":"https:\/\/electro-tot-menage.es\/index.php\/wp-json\/wp\/v2\/media?parent=13806"}],"wp:term":[{"taxonomy":"product_cat","embeddable":true,"href":"https:\/\/electro-tot-menage.es\/index.php\/wp-json\/wp\/v2\/product_cat?post=13806"},{"taxonomy":"product_tag","embeddable":true,"href":"https:\/\/electro-tot-menage.es\/index.php\/wp-json\/wp\/v2\/product_tag?post=13806"}],"curies":[{"name":"wp","href":"https:\/\/api.w.org\/{rel}","templated":true}]}}