{"id":13800,"date":"2025-05-18T15:58:42","date_gmt":"2025-05-18T13:58:42","guid":{"rendered":"https:\/\/electro-tot-menage.es\/?post_type=product&#038;p=13800"},"modified":"2025-05-28T01:26:52","modified_gmt":"2025-05-27T23:26:52","slug":"nammaro-2","status":"publish","type":"product","link":"https:\/\/electro-tot-menage.es\/index.php\/produit\/nammaro-2\/","title":{"rendered":"Novedad N\u00c4MMAR\u00d6"},"content":{"rendered":"<p>Mesa con 4 sillas reclinables, tinte marr\u00f3n claro\/Kuddarna beige gris\u00e1ceo claro, 130 cm<\/p>\n","protected":false},"excerpt":{"rendered":"<p>\u2705 Env\u00edo gratuito: de 5 a 7 d\u00edas<br \/>\n\u2705 Env\u00edo expr\u00e9s (9\u202f\u20ac): de 2 a 3 d\u00edas<br \/>\n\u2705 Pago seguro<br \/>\n\u2705 Devoluci\u00f3n en 30 d\u00edas<\/p>\n<p>Mesa con 4 sillas reclinables, tinte marr\u00f3n claro\/Kuddarna beige gris\u00e1ceo claro, 130 cm<\/p>\n","protected":false},"featured_media":13801,"comment_status":"closed","ping_status":"closed","template":"","meta":[],"product_cat":[75,133],"product_tag":[],"class_list":["post-13800","product","type-product","status-publish","has-post-thumbnail","hentry","product_cat-casa-jardin","product_cat-conjunto-de-mesa-y-sillas-de-jardin"],"_links":{"self":[{"href":"https:\/\/electro-tot-menage.es\/index.php\/wp-json\/wp\/v2\/product\/13800"}],"collection":[{"href":"https:\/\/electro-tot-menage.es\/index.php\/wp-json\/wp\/v2\/product"}],"about":[{"href":"https:\/\/electro-tot-menage.es\/index.php\/wp-json\/wp\/v2\/types\/product"}],"replies":[{"embeddable":true,"href":"https:\/\/electro-tot-menage.es\/index.php\/wp-json\/wp\/v2\/comments?post=13800"}],"version-history":[{"count":3,"href":"https:\/\/electro-tot-menage.es\/index.php\/wp-json\/wp\/v2\/product\/13800\/revisions"}],"predecessor-version":[{"id":14481,"href":"https:\/\/electro-tot-menage.es\/index.php\/wp-json\/wp\/v2\/product\/13800\/revisions\/14481"}],"wp:featuredmedia":[{"embeddable":true,"href":"https:\/\/electro-tot-menage.es\/index.php\/wp-json\/wp\/v2\/media\/13801"}],"wp:attachment":[{"href":"https:\/\/electro-tot-menage.es\/index.php\/wp-json\/wp\/v2\/media?parent=13800"}],"wp:term":[{"taxonomy":"product_cat","embeddable":true,"href":"https:\/\/electro-tot-menage.es\/index.php\/wp-json\/wp\/v2\/product_cat?post=13800"},{"taxonomy":"product_tag","embeddable":true,"href":"https:\/\/electro-tot-menage.es\/index.php\/wp-json\/wp\/v2\/product_tag?post=13800"}],"curies":[{"name":"wp","href":"https:\/\/api.w.org\/{rel}","templated":true}]}}