{"id":13754,"date":"2025-05-18T15:18:14","date_gmt":"2025-05-18T13:18:14","guid":{"rendered":"https:\/\/electro-tot-menage.es\/?post_type=product&#038;p=13754"},"modified":"2025-05-28T01:30:07","modified_gmt":"2025-05-27T23:30:07","slug":"segeron","status":"publish","type":"product","link":"https:\/\/electro-tot-menage.es\/index.php\/produit\/segeron\/","title":{"rendered":"SEGER\u00d6N"},"content":{"rendered":"<p>Crea una zona para comer y descansar en tu balc\u00f3n, patio o terraza. La serie de muebles de exterior SEGER\u00d6N es vers\u00e1til y se ha dise\u00f1ado especialmente para la vida en el exterior, as\u00ed como para todo tipo de actividades al aire libre.<\/p>\n","protected":false},"excerpt":{"rendered":"<p>\u2705 Env\u00edo gratuito: de 5 a 7 d\u00edas<br \/>\n\u2705 Env\u00edo expr\u00e9s (9\u202f\u20ac): de 2 a 3 d\u00edas<br \/>\n\u2705 Pago seguro<br \/>\n\u2705 Devoluci\u00f3n en 30 d\u00edas<\/p>\n<p>Mesa y 6 sillas con reposabrazos, blanco\/beige\/Fr\u00f6s\u00f6n\/Duvholmen beige, 147 cm<\/p>\n","protected":false},"featured_media":13755,"comment_status":"closed","ping_status":"closed","template":"","meta":[],"product_cat":[75,133,20],"product_tag":[],"class_list":["post-13754","product","type-product","status-publish","has-post-thumbnail","hentry","product_cat-casa-jardin","product_cat-conjunto-de-mesa-y-sillas-de-jardin","product_cat-sierras-para-madera"],"_links":{"self":[{"href":"https:\/\/electro-tot-menage.es\/index.php\/wp-json\/wp\/v2\/product\/13754"}],"collection":[{"href":"https:\/\/electro-tot-menage.es\/index.php\/wp-json\/wp\/v2\/product"}],"about":[{"href":"https:\/\/electro-tot-menage.es\/index.php\/wp-json\/wp\/v2\/types\/product"}],"replies":[{"embeddable":true,"href":"https:\/\/electro-tot-menage.es\/index.php\/wp-json\/wp\/v2\/comments?post=13754"}],"version-history":[{"count":2,"href":"https:\/\/electro-tot-menage.es\/index.php\/wp-json\/wp\/v2\/product\/13754\/revisions"}],"predecessor-version":[{"id":14486,"href":"https:\/\/electro-tot-menage.es\/index.php\/wp-json\/wp\/v2\/product\/13754\/revisions\/14486"}],"wp:featuredmedia":[{"embeddable":true,"href":"https:\/\/electro-tot-menage.es\/index.php\/wp-json\/wp\/v2\/media\/13755"}],"wp:attachment":[{"href":"https:\/\/electro-tot-menage.es\/index.php\/wp-json\/wp\/v2\/media?parent=13754"}],"wp:term":[{"taxonomy":"product_cat","embeddable":true,"href":"https:\/\/electro-tot-menage.es\/index.php\/wp-json\/wp\/v2\/product_cat?post=13754"},{"taxonomy":"product_tag","embeddable":true,"href":"https:\/\/electro-tot-menage.es\/index.php\/wp-json\/wp\/v2\/product_tag?post=13754"}],"curies":[{"name":"wp","href":"https:\/\/api.w.org\/{rel}","templated":true}]}}