{"id":13747,"date":"2025-05-18T02:11:24","date_gmt":"2025-05-18T00:11:24","guid":{"rendered":"https:\/\/electro-tot-menage.es\/?post_type=product&#038;p=13747"},"modified":"2025-05-28T01:30:33","modified_gmt":"2025-05-27T23:30:33","slug":"pergola-bioclimatica-adosada-con-lamas-de-aluminio-orientables-estructura-antracita-3-x-3-m","status":"publish","type":"product","link":"https:\/\/electro-tot-menage.es\/index.php\/produit\/pergola-bioclimatica-adosada-con-lamas-de-aluminio-orientables-estructura-antracita-3-x-3-m\/","title":{"rendered":"P\u00e9rgola bioclim\u00e1tica adosada con lamas de aluminio orientables &#8211; Estructura antracita &#8211; 3 x 3 m"},"content":{"rendered":"<p>La p\u00e9rgola bioclim\u00e1tica de aluminio PLUTON 5710 es de alta calidad. La instalaci\u00f3n se monta en la pared y est\u00e1 dise\u00f1ada para cubrir un \u00e1rea de hasta 9 m\u00b2. Con sus perfiles de doble capa, tiene una vida \u00fatil de m\u00e1s de 30 a\u00f1os.<\/p>\n","protected":false},"excerpt":{"rendered":"<p>\u2705 Env\u00edo gratuito: de 5 a 7 d\u00edas<br \/>\n\u2705 Env\u00edo expr\u00e9s (9\u202f\u20ac): de 2 a 3 d\u00edas<br \/>\n\u2705 Pago seguro<br \/>\n\u2705 Devoluci\u00f3n en 30 d\u00edas<\/p>\n","protected":false},"featured_media":13748,"comment_status":"closed","ping_status":"closed","template":"","meta":[],"product_cat":[133],"product_tag":[],"class_list":["post-13747","product","type-product","status-publish","has-post-thumbnail","hentry","product_cat-conjunto-de-mesa-y-sillas-de-jardin"],"_links":{"self":[{"href":"https:\/\/electro-tot-menage.es\/index.php\/wp-json\/wp\/v2\/product\/13747"}],"collection":[{"href":"https:\/\/electro-tot-menage.es\/index.php\/wp-json\/wp\/v2\/product"}],"about":[{"href":"https:\/\/electro-tot-menage.es\/index.php\/wp-json\/wp\/v2\/types\/product"}],"replies":[{"embeddable":true,"href":"https:\/\/electro-tot-menage.es\/index.php\/wp-json\/wp\/v2\/comments?post=13747"}],"version-history":[{"count":2,"href":"https:\/\/electro-tot-menage.es\/index.php\/wp-json\/wp\/v2\/product\/13747\/revisions"}],"predecessor-version":[{"id":14487,"href":"https:\/\/electro-tot-menage.es\/index.php\/wp-json\/wp\/v2\/product\/13747\/revisions\/14487"}],"wp:featuredmedia":[{"embeddable":true,"href":"https:\/\/electro-tot-menage.es\/index.php\/wp-json\/wp\/v2\/media\/13748"}],"wp:attachment":[{"href":"https:\/\/electro-tot-menage.es\/index.php\/wp-json\/wp\/v2\/media?parent=13747"}],"wp:term":[{"taxonomy":"product_cat","embeddable":true,"href":"https:\/\/electro-tot-menage.es\/index.php\/wp-json\/wp\/v2\/product_cat?post=13747"},{"taxonomy":"product_tag","embeddable":true,"href":"https:\/\/electro-tot-menage.es\/index.php\/wp-json\/wp\/v2\/product_tag?post=13747"}],"curies":[{"name":"wp","href":"https:\/\/api.w.org\/{rel}","templated":true}]}}