{"id":13731,"date":"2025-05-18T02:02:52","date_gmt":"2025-05-18T00:02:52","guid":{"rendered":"https:\/\/electro-tot-menage.es\/?post_type=product&#038;p=13731"},"modified":"2025-05-28T01:30:53","modified_gmt":"2025-05-27T23:30:53","slug":"sillon-de-exterior-moon-alu","status":"publish","type":"product","link":"https:\/\/electro-tot-menage.es\/index.php\/produit\/sillon-de-exterior-moon-alu\/","title":{"rendered":"Sill\u00f3n de exterior Moon Alu"},"content":{"rendered":"<p>El sill\u00f3n de sal\u00f3n Moon garden, con su respaldo largo y c\u00f3nico, recuerda la forma de una media luna. Para crear Moon, el dise\u00f1ador se inspir\u00f3 realmente en la luna. La estructura est\u00e1 fabricada en aluminio recubierta con un trenzado de cuerdas de tejido sint\u00e9tico gris. El acolchado es de tejido desenfundable, f\u00e1cil de lavar y resistente a los agentes atmosf\u00e9ricos. El acolchado est\u00e1 hecho de espuma de secado r\u00e1pido.<\/p>\n<p>T\u00c9CNICAS:<br \/>\nDimensiones: L84 x P74 H66 Hs39 cm<\/p>\n<p>Color:<br \/>\n-estructura blanca (A12), tela gris claro (C19) y cuerdas gris claro (R7);<br \/>\n-estructura de grafito (A14), tejido gris oscuro (C17w) y cuerdas gris oscuro (R8);<br \/>\n-estructura de paloma (A13), tela blanca c\u00e1lida (C53) y cuerdas beige (R28).<\/p>\n","protected":false},"excerpt":{"rendered":"<p>\u2705 Env\u00edo gratuito: de 5 a 7 d\u00edas<br \/>\n\u2705 Env\u00edo expr\u00e9s (9\u202f\u20ac): de 2 a 3 d\u00edas<br \/>\n\u2705 Pago seguro<br \/>\n\u2705 Devoluci\u00f3n en 30 d\u00edas<\/p>\n","protected":false},"featured_media":13732,"comment_status":"closed","ping_status":"closed","template":"","meta":[],"product_cat":[133],"product_tag":[],"class_list":["post-13731","product","type-product","status-publish","has-post-thumbnail","hentry","product_cat-conjunto-de-mesa-y-sillas-de-jardin"],"_links":{"self":[{"href":"https:\/\/electro-tot-menage.es\/index.php\/wp-json\/wp\/v2\/product\/13731"}],"collection":[{"href":"https:\/\/electro-tot-menage.es\/index.php\/wp-json\/wp\/v2\/product"}],"about":[{"href":"https:\/\/electro-tot-menage.es\/index.php\/wp-json\/wp\/v2\/types\/product"}],"replies":[{"embeddable":true,"href":"https:\/\/electro-tot-menage.es\/index.php\/wp-json\/wp\/v2\/comments?post=13731"}],"version-history":[{"count":2,"href":"https:\/\/electro-tot-menage.es\/index.php\/wp-json\/wp\/v2\/product\/13731\/revisions"}],"predecessor-version":[{"id":14488,"href":"https:\/\/electro-tot-menage.es\/index.php\/wp-json\/wp\/v2\/product\/13731\/revisions\/14488"}],"wp:featuredmedia":[{"embeddable":true,"href":"https:\/\/electro-tot-menage.es\/index.php\/wp-json\/wp\/v2\/media\/13732"}],"wp:attachment":[{"href":"https:\/\/electro-tot-menage.es\/index.php\/wp-json\/wp\/v2\/media?parent=13731"}],"wp:term":[{"taxonomy":"product_cat","embeddable":true,"href":"https:\/\/electro-tot-menage.es\/index.php\/wp-json\/wp\/v2\/product_cat?post=13731"},{"taxonomy":"product_tag","embeddable":true,"href":"https:\/\/electro-tot-menage.es\/index.php\/wp-json\/wp\/v2\/product_tag?post=13731"}],"curies":[{"name":"wp","href":"https:\/\/api.w.org\/{rel}","templated":true}]}}