{"id":13711,"date":"2025-05-18T01:45:35","date_gmt":"2025-05-17T23:45:35","guid":{"rendered":"https:\/\/electro-tot-menage.es\/?post_type=product&#038;p=13711"},"modified":"2025-05-28T01:32:22","modified_gmt":"2025-05-27T23:32:22","slug":"oriengo-mesa-de-jardin-redonda-de-acacia-y-blanco","status":"publish","type":"product","link":"https:\/\/electro-tot-menage.es\/index.php\/produit\/oriengo-mesa-de-jardin-redonda-de-acacia-y-blanco\/","title":{"rendered":"ORIENGO Mesa de jard\u00edn redonda de acacia y blanco"},"content":{"rendered":"<p>Buen tiempo, ambiente agradable y petits fours&#8230; Completa este cuadro con la Mesa Redonda de Jard\u00edn Hesp\u00e9rides &#8220;ORIENGO&#8221;.<\/p>\n<p>Muebles de jard\u00edn modernos<br \/>\nEsta mesa redonda tiene una estructura de aluminio contrastada y un tablero de listones hecho de madera certificada\u00ae FSC, una organizaci\u00f3n no gubernamental que promueve la gesti\u00f3n responsable de los bosques del mundo, que sea ecol\u00f3gicamente adecuada, socialmente beneficiosa y econ\u00f3micamente viable. Esta etiqueta garantiza la trazabilidad de la madera utilizada a lo largo de toda la cadena de producci\u00f3n. Esta mesa aportar\u00e1 un toque natural a tu decoraci\u00f3n exterior. Sus pies ajustables son muy \u00fatiles para compensar los desniveles del terreno y as\u00ed obtener una buena estabilidad.<\/p>\n<p>Para un ambiente c\u00e1lido<br \/>\nCon capacidad para ocho invitados, le encantar\u00e1 entretener a su familia y amigos alrededor de la mesa de jard\u00edn &#8220;ORIENGO&#8221;. Su forma redonda es propicia para la convivencia.<\/p>\n<p>F\u00e1cil mantenimiento<br \/>\nPara conservar tus muebles, c\u00fabrelos bajo una funda y gu\u00e1rdalos en un lugar protegido durante el invierno. Para limpiar la mesa a diario, basta con una esponja con agua jabonosa.<br \/>\nCompleta tu zona de comedor con sillones de jard\u00edn Hesp\u00e9ride y una l\u00e1mpara de exterior Atmosphera.<\/p>\n","protected":false},"excerpt":{"rendered":"<p>\u2705 Env\u00edo gratuito: de 5 a 7 d\u00edas<br \/>\n\u2705 Env\u00edo expr\u00e9s (9\u202f\u20ac): de 2 a 3 d\u00edas<br \/>\n\u2705 Pago seguro<br \/>\n\u2705 Devoluci\u00f3n en 30 d\u00edas<\/p>\n","protected":false},"featured_media":13712,"comment_status":"closed","ping_status":"closed","template":"","meta":[],"product_cat":[133],"product_tag":[],"class_list":["post-13711","product","type-product","status-publish","has-post-thumbnail","hentry","product_cat-conjunto-de-mesa-y-sillas-de-jardin"],"_links":{"self":[{"href":"https:\/\/electro-tot-menage.es\/index.php\/wp-json\/wp\/v2\/product\/13711"}],"collection":[{"href":"https:\/\/electro-tot-menage.es\/index.php\/wp-json\/wp\/v2\/product"}],"about":[{"href":"https:\/\/electro-tot-menage.es\/index.php\/wp-json\/wp\/v2\/types\/product"}],"replies":[{"embeddable":true,"href":"https:\/\/electro-tot-menage.es\/index.php\/wp-json\/wp\/v2\/comments?post=13711"}],"version-history":[{"count":2,"href":"https:\/\/electro-tot-menage.es\/index.php\/wp-json\/wp\/v2\/product\/13711\/revisions"}],"predecessor-version":[{"id":14491,"href":"https:\/\/electro-tot-menage.es\/index.php\/wp-json\/wp\/v2\/product\/13711\/revisions\/14491"}],"wp:featuredmedia":[{"embeddable":true,"href":"https:\/\/electro-tot-menage.es\/index.php\/wp-json\/wp\/v2\/media\/13712"}],"wp:attachment":[{"href":"https:\/\/electro-tot-menage.es\/index.php\/wp-json\/wp\/v2\/media?parent=13711"}],"wp:term":[{"taxonomy":"product_cat","embeddable":true,"href":"https:\/\/electro-tot-menage.es\/index.php\/wp-json\/wp\/v2\/product_cat?post=13711"},{"taxonomy":"product_tag","embeddable":true,"href":"https:\/\/electro-tot-menage.es\/index.php\/wp-json\/wp\/v2\/product_tag?post=13711"}],"curies":[{"name":"wp","href":"https:\/\/api.w.org\/{rel}","templated":true}]}}