{"id":13704,"date":"2025-05-18T01:41:07","date_gmt":"2025-05-17T23:41:07","guid":{"rendered":"https:\/\/electro-tot-menage.es\/?post_type=product&#038;p=13704"},"modified":"2025-05-28T01:32:48","modified_gmt":"2025-05-27T23:32:48","slug":"mesa-de-jardin-rectangular-180-x-90-cm-y-8-sillas-metalicas","status":"publish","type":"product","link":"https:\/\/electro-tot-menage.es\/index.php\/produit\/mesa-de-jardin-rectangular-180-x-90-cm-y-8-sillas-metalicas\/","title":{"rendered":"Mesa de jard\u00edn rectangular 180 x 90 cm y 8 sillas met\u00e1licas"},"content":{"rendered":"<p>La mesa de jard\u00edn rectangular de 180 x 90 cm con sus patas ligeramente c\u00f3nicas y las 8 sillas apilables de metal con recubrimiento en polvo con acabado epoxi son opciones perfectas para crear un espacio exterior acogedor y est\u00e9tico. Disponible en varios colores, este conjunto ofrece versatilidad en cuanto a dise\u00f1o y se adapta a diferentes estilos de jard\u00edn. Gracias a su s\u00f3lida construcci\u00f3n y mano de obra de alta calidad, esta mesa y sillas de jard\u00edn no solo son resistentes a la intemperie, sino tambi\u00e9n duraderas. Adem\u00e1s de su calidad de construcci\u00f3n, este conjunto tambi\u00e9n ofrece una comodidad \u00f3ptima. Las sillas apilables son ergon\u00f3micas y ofrecen un excelente soporte lumbar, lo que permite pasar largas horas disfrutando del aire libre con total relajaci\u00f3n. En t\u00e9rminos de funcionalidad, la mesa rectangular ofrece espacio suficiente para sentar c\u00f3modamente hasta 8 comensales. Es perfecto para comidas familiares, reuniones con amigos o barbacoas de verano. Adem\u00e1s, las patas ligeramente c\u00f3nicas a\u00f1aden un toque de sofisticaci\u00f3n al conjunto y contribuyen a una estabilidad adicional. En resumen, la mesa de jard\u00edn rectangular con sus 8 sillas apilables de metal con recubrimiento en polvo ofrece una combinaci\u00f3n perfecta de estilo, durabilidad y funcionalidad. Su dise\u00f1o vers\u00e1til, resistencia a la intemperie y comodidad \u00f3ptima lo convierten en una opci\u00f3n ideal para crear un espacio de vida al aire libre atractivo y acogedor.<\/p>\n","protected":false},"excerpt":{"rendered":"<p>\u2705 Env\u00edo gratuito: de 5 a 7 d\u00edas<br \/>\n\u2705 Env\u00edo expr\u00e9s (9\u202f\u20ac): de 2 a 3 d\u00edas<br \/>\n\u2705 Pago seguro<br \/>\n\u2705 Devoluci\u00f3n en 30 d\u00edas<\/p>\n","protected":false},"featured_media":13705,"comment_status":"closed","ping_status":"closed","template":"","meta":[],"product_cat":[133],"product_tag":[],"class_list":["post-13704","product","type-product","status-publish","has-post-thumbnail","hentry","product_cat-conjunto-de-mesa-y-sillas-de-jardin"],"_links":{"self":[{"href":"https:\/\/electro-tot-menage.es\/index.php\/wp-json\/wp\/v2\/product\/13704"}],"collection":[{"href":"https:\/\/electro-tot-menage.es\/index.php\/wp-json\/wp\/v2\/product"}],"about":[{"href":"https:\/\/electro-tot-menage.es\/index.php\/wp-json\/wp\/v2\/types\/product"}],"replies":[{"embeddable":true,"href":"https:\/\/electro-tot-menage.es\/index.php\/wp-json\/wp\/v2\/comments?post=13704"}],"version-history":[{"count":2,"href":"https:\/\/electro-tot-menage.es\/index.php\/wp-json\/wp\/v2\/product\/13704\/revisions"}],"predecessor-version":[{"id":14492,"href":"https:\/\/electro-tot-menage.es\/index.php\/wp-json\/wp\/v2\/product\/13704\/revisions\/14492"}],"wp:featuredmedia":[{"embeddable":true,"href":"https:\/\/electro-tot-menage.es\/index.php\/wp-json\/wp\/v2\/media\/13705"}],"wp:attachment":[{"href":"https:\/\/electro-tot-menage.es\/index.php\/wp-json\/wp\/v2\/media?parent=13704"}],"wp:term":[{"taxonomy":"product_cat","embeddable":true,"href":"https:\/\/electro-tot-menage.es\/index.php\/wp-json\/wp\/v2\/product_cat?post=13704"},{"taxonomy":"product_tag","embeddable":true,"href":"https:\/\/electro-tot-menage.es\/index.php\/wp-json\/wp\/v2\/product_tag?post=13704"}],"curies":[{"name":"wp","href":"https:\/\/api.w.org\/{rel}","templated":true}]}}