{"id":13678,"date":"2025-05-17T03:17:57","date_gmt":"2025-05-17T01:17:57","guid":{"rendered":"https:\/\/electro-tot-menage.es\/?post_type=product&#038;p=13678"},"modified":"2025-05-28T03:50:48","modified_gmt":"2025-05-28T01:50:48","slug":"lavavajillas-de-60-cm-bosch-sms8tci01e-serie-8-secado-de-zeolita","status":"publish","type":"product","link":"https:\/\/electro-tot-menage.es\/index.php\/produit\/lavavajillas-de-60-cm-bosch-sms8tci01e-serie-8-secado-de-zeolita\/","title":{"rendered":"lavavajillas de 60 cm BOSCH SMS8TCI01E, Serie 8, Secado de zeolita"},"content":{"rendered":"<ul role=\"list\">\n<li class=\"product-features__item\" role=\"listitem\">\n<p class=\"product-features__label\"><strong><span style=\"vertical-align: inherit;\"><span style=\"vertical-align: inherit;\">Instalaci\u00f3n<\/span><\/span><\/strong><\/p>\n<ul role=\"list\">\n<li class=\"product-features__item-list__item\" role=\"listitem\"><span class=\"is--medium\">Ventaja de ser independiente:<\/span>\u00a0se puede colocar libremente en la cocina y tiene su propio frente.<\/li>\n<li class=\"product-features__item-list__item\" role=\"listitem\"><span class=\"is--medium\">Frontal decorativo:<\/span>\u00a0No es necesario para este dispositivo<\/li>\n<li class=\"product-features__item-list__item\" role=\"listitem\"><span class=\"is--medium\">Dimensiones fuera de la parte superior:<\/span>\u00a081,5 cm<\/li>\n<li class=\"product-features__item-list__item\" role=\"listitem\"><span class=\"is--medium\">Pies ajustables:<\/span>\u00a0S\u00ed<\/li>\n<li class=\"product-features__item-list__item\" role=\"listitem\"><span class=\"is--medium\">Parte superior desmontable:<\/span>\u00a0S\u00ed, dise\u00f1ada para su instalaci\u00f3n debajo de la encimera sin a\u00f1adir una placa de cubierta adicional<\/li>\n<\/ul>\n<\/li>\n<li class=\"product-features__item\" role=\"listitem\">\n<p class=\"product-features__label\"><strong>Comodidad sonora<\/strong><\/p>\n<ul role=\"list\">\n<li class=\"product-features__item-list__item\" role=\"listitem\"><span class=\"is--medium\">Nivel de sonido medido en decibelios:<\/span>\u00a043 dB<\/li>\n<li class=\"product-features__item-list__item\" role=\"listitem\"><span class=\"is--medium\">Clase de eficiencia sonora:<\/span>\u00a0B<\/li>\n<li class=\"product-features__item-list__item\" role=\"listitem\"><span class=\"is--medium\">Programa diferido:<\/span>\u00a024 horas<\/li>\n<li class=\"product-features__item-list__item\" role=\"listitem\"><span class=\"is--medium\">Ventaja del programa diferido:<\/span>\u00a0Permite programar un ciclo de lavado en horas de baja demanda o cuando no est\u00e1s presente.<\/li>\n<li class=\"product-features__item-list__item\" role=\"listitem\"><span class=\"is--medium\">Programa silencioso:<\/span>\u00a0S\u00ed<\/li>\n<li class=\"product-features__item-list__item\" role=\"listitem\"><span class=\"is--medium\">Ventaja del programa silencioso:<\/span>\u00a0Permite operar con un nivel de ruido reducido<\/li>\n<\/ul>\n<\/li>\n<li class=\"product-features__item\" role=\"listitem\">\n<p class=\"product-features__label\"><strong>El secado<\/strong><\/p>\n<ul role=\"list\">\n<li class=\"product-features__item-list__item\" role=\"listitem\"><span class=\"is--medium\">Tipo de secado:<\/span>\u00a0mejorado gracias a la piedra de secado Zeolith + apertura de la puerta al final del ciclo<\/li>\n<li class=\"product-features__item-list__item\" role=\"listitem\"><span class=\"is--medium\">Apertura autom\u00e1tica de puerta:<\/span>\u00a0S\u00ed<\/li>\n<li class=\"product-features__item-list__item\" role=\"listitem\"><span class=\"is--medium\">Ventaja de la apertura autom\u00e1tica de la puerta:<\/span>\u00a0Despu\u00e9s del ciclo de lavado, la puerta del lavavajillas se abre autom\u00e1ticamente para dejar salir el vapor. Esto permite que el aire penetre en el interior y seque los utensilios, platos y cubiertos.<\/li>\n<\/ul>\n<\/li>\n<li class=\"product-features__item\" role=\"listitem\">\n<p class=\"product-features__label\"><strong>Dise\u00f1o de interiores<\/strong><\/p>\n<ul role=\"list\">\n<li class=\"product-features__item-list__item\" role=\"listitem\"><span class=\"is--medium\">N\u00famero de cubiertos est\u00e1ndar:<\/span>\u00a014 cubiertos<\/li>\n<li class=\"product-features__item-list__item\" role=\"listitem\"><span class=\"is--medium\">Cesta para cubiertos:<\/span>\u00a0Sin cesta<\/li>\n<li class=\"product-features__item-list__item\" role=\"listitem\"><span class=\"is--medium\">Caj\u00f3n para cubiertos:<\/span>\u00a0S\u00ed, se encuentra en la parte superior del lavavajillas y proporciona un 25% m\u00e1s de espacio en el cesto inferior.<\/li>\n<li class=\"product-features__item-list__item\" role=\"listitem\"><span class=\"is--medium\">Cesta superior regulable en altura:<\/span>\u00a0S\u00ed, cargada<\/li>\n<li class=\"product-features__item-list__item\" role=\"listitem\"><span class=\"is--medium\">Ventaja de la cesta superior regulable en altura:<\/span>\u00a0Permite lavar platos grandes o copas de tallo grande.<\/li>\n<li class=\"product-features__item-list__item\" role=\"listitem\"><span class=\"is--medium\">Cesta inferior elevable:<\/span>\u00a0No<\/li>\n<li class=\"product-features__item-list__item\" role=\"listitem\"><span class=\"is--medium\">P\u00faas plegables:<\/span>\u00a0S\u00ed<\/li>\n<li class=\"product-features__item-list__item\" role=\"listitem\"><span class=\"is--medium\">Portavasos plegable:<\/span>\u00a0S\u00ed<\/li>\n<li class=\"product-features__item-list__item\" role=\"listitem\"><span class=\"is--medium\">Disposici\u00f3n espec\u00edfica de vidrio:<\/span>\u00a0S\u00ed<\/li>\n<li class=\"product-features__item-list__item\" role=\"listitem\"><span class=\"is--medium\">Ventaja de la disposici\u00f3n espec\u00edfica de los cristales:<\/span>\u00a0protege los cristales fr\u00e1giles durante el ciclo de lavado.<\/li>\n<li class=\"product-features__item-list__item\" role=\"listitem\"><span class=\"is--medium\">Caja del producto MaxiPerformance:<\/span>\u00a0S\u00ed<\/li>\n<li class=\"product-features__item-list__item\" role=\"listitem\"><span class=\"is--medium\">Ventaja de la caja de producto maxiPerformance:<\/span>\u00a0Permite una distribuci\u00f3n uniforme de la pastilla de limpieza en toda la m\u00e1quina<\/li>\n<\/ul>\n<\/li>\n<li class=\"product-features__item\" role=\"listitem\">\n<p class=\"product-features__label\"><strong><span style=\"vertical-align: inherit;\"><span style=\"vertical-align: inherit;\">Programas<\/span><\/span><\/strong><\/p>\n<ul role=\"list\">\n<li class=\"product-features__item-list__item\" role=\"listitem\"><span class=\"is--medium\">N\u00famero de programas:<\/span>\u00a08<\/li>\n<li class=\"product-features__item-list__item\" role=\"listitem\"><span class=\"is--medium\">Detalles del programa y temperaturas:<\/span>\u00a0Eco 50\u00b0C, Auto 45-65\u00b0C, Inteligente, Intensivo 70\u00b0C, Express 60\u00b0C, Cristal 40\u00b0C, Silencio 50\u00b0C, Favorito<\/li>\n<li class=\"product-features__item-list__item\" role=\"listitem\"><span class=\"is--medium\">Programa de media carga:<\/span>\u00a0No<\/li>\n<li class=\"product-features__item-list__item\" role=\"listitem\"><span class=\"is--medium\">Sensor de suciedad:<\/span>\u00a0S\u00ed<\/li>\n<\/ul>\n<\/li>\n<li class=\"product-features__item\" role=\"listitem\">\n<p class=\"product-features__label\"><strong>Sentido pr\u00e1ctico<\/strong><\/p>\n<ul role=\"list\">\n<li class=\"product-features__item-list__item\" role=\"listitem\"><span class=\"is--medium\">Exhibici\u00f3n en piso:<\/span>\u00a0No<\/li>\n<li class=\"product-features__item-list__item\" role=\"listitem\"><span class=\"is--medium\">Visualizaci\u00f3n del tiempo restante:<\/span>\u00a0S\u00ed<\/li>\n<li class=\"product-features__item-list__item\" role=\"listitem\"><span class=\"is--medium\">Pantalla de tira de luz:<\/span>\u00a0No<\/li>\n<li class=\"product-features__item-list__item\" role=\"listitem\"><span class=\"is--medium\">Conectado:<\/span>\u00a0S\u00ed<\/li>\n<li class=\"product-features__item-list__item\" role=\"listitem\"><span class=\"is--medium\">Iluminaci\u00f3n interior:<\/span>\u00a0S\u00ed<\/li>\n<li class=\"product-features__item-list__item\" role=\"listitem\"><span class=\"is--medium\">Dosificaci\u00f3n autom\u00e1tica:<\/span>\u00a0No<\/li>\n<li class=\"product-features__item-list__item\" role=\"listitem\"><span class=\"is--medium\">Apertura de puerta asistida:<\/span>\u00a0Apertura f\u00e1cil y sin esfuerzo, simplemente aplique una ligera presi\u00f3n en la parte superior de la puerta o tire ligeramente del tirador para quienes dispongan de \u00e9l para que la puerta del lavavajillas se abra autom\u00e1ticamente.<\/li>\n<\/ul>\n<\/li>\n<li class=\"product-features__item\" role=\"listitem\">\n<p class=\"product-features__label\"><strong><span style=\"vertical-align: inherit;\"><span style=\"vertical-align: inherit;\">Conectado<\/span><\/span><\/strong><\/p>\n<ul role=\"list\">\n<li class=\"product-features__item-list__item\" role=\"listitem\"><span class=\"is--medium\">P\u00eddele consejo directamente a tu asistente (v\u00eda App o voz seg\u00fan compatibilidad):<\/span>\u00a0S\u00ed<\/li>\n<li class=\"product-features__item-list__item\" role=\"listitem\"><span class=\"is--medium\">Encuentra el programa m\u00e1s adecuado con la gu\u00eda de lavado:<\/span>\u00a0S\u00ed<\/li>\n<li class=\"product-features__item-list__item\" role=\"listitem\"><span class=\"is--medium\">Alertas sobre niveles de consumo, sal y abrillantador:<\/span>\u00a0S\u00ed<\/li>\n<li class=\"product-features__item-list__item\" role=\"listitem\"><span class=\"is--medium\">Consejos de acceso, manuales de usuario y soporte de mantenimiento:<\/span>\u00a0S\u00ed<\/li>\n<li class=\"product-features__item-list__item\" role=\"listitem\"><span class=\"is--medium\">Programas adicionales disponibles (que a menudo incluyen un programa silencioso):<\/span>\u00a0S\u00ed<\/li>\n<li class=\"product-features__item-list__item\" role=\"listitem\"><span class=\"is--medium\">Contador de tabletas:<\/span>\u00a0registra la cantidad de tabletas compradas y, con cada lavado, la aplicaci\u00f3n Home Connect realizar\u00e1 una cuenta regresiva para avisarte tan pronto como se est\u00e9n agotando.<\/li>\n<\/ul>\n<\/li>\n<li class=\"product-features__item\" role=\"listitem\">\n<p class=\"product-features__label\"><strong>Consumo y ahorro de energ\u00eda<\/strong><\/p>\n<ul role=\"list\">\n<li class=\"product-features__item-list__item\" role=\"listitem\"><span class=\"is--medium\">Hemos calculado para usted:<\/span>\u00a0el consumo de los electrodom\u00e9sticos (lavadora, lavadora-secadora, lavavajillas, secadora) se calcula con el programa eco 40 60\u00b0<\/li>\n<li class=\"product-features__item-list__item\" role=\"listitem\"><span class=\"is--medium\">Duraci\u00f3n del ciclo del programa de referencia (programa eco):<\/span>\u00a05 horas<\/li>\n<li class=\"product-features__item-list__item\" role=\"listitem\"><span class=\"is--medium\">\u00bfSab\u00edas que:<\/span>\u00a0Boulanger se basa en un coste unitario medio de 0,2016 \u20ac\/KWh para la electricidad con la tarifa azul de EDF para un contrato de 6 kVa y un precio del agua de 0,0044 \u20ac\/litro de V\u00e9olia (tarifas actuales)?<\/li>\n<li class=\"product-features__item-list__item\" role=\"listitem\"><span class=\"is--medium\">Consumo el\u00e9ctrico por 100 ciclos (programa eco):<\/span>\u00a054 kWh<\/li>\n<li class=\"product-features__item-list__item\" role=\"listitem\"><span class=\"is--medium\">Consumo de agua (programa eco):<\/span>\u00a09,5 litros\/ciclo<\/li>\n<li class=\"product-features__item-list__item\" role=\"listitem\"><span class=\"is--medium\">Coste anual de la electricidad (basado en 280 ciclos):<\/span>\u00a030 euros al a\u00f1o<\/li>\n<li class=\"product-features__item-list__item\" role=\"listitem\"><span class=\"is--medium\">Coste anual del agua (basado en 280 ciclos):<\/span>\u00a012 euros al a\u00f1o<\/li>\n<li class=\"product-features__item-list__item\" role=\"listitem\"><span class=\"is--medium\">Coste anual de uso (basado en 280 ciclos):<\/span>\u00a042 euros al a\u00f1o<\/li>\n<li class=\"product-features__item-list__item\" role=\"listitem\"><span class=\"is--medium\">Etiqueta energ\u00e9tica:<\/span>\u00a0A<\/li>\n<li class=\"product-features__item-list__item\" role=\"listitem\"><span class=\"is--medium\">Bajo consumo:<\/span> hasta un 50% de ahorro energ\u00e9tico respecto a la clase F<\/li>\n<li class=\"product-features__item-list__item\" role=\"listitem\"><span class=\"is--medium\">Compatible con conexi\u00f3n de agua caliente:<\/span>\u00a0S\u00ed<\/li>\n<\/ul>\n<\/li>\n<li class=\"product-features__item\" role=\"listitem\">\n<p class=\"product-features__label\"><strong>Concepci\u00f3n<\/strong><\/p>\n<ul role=\"list\">\n<li class=\"product-features__item-list__item\" role=\"listitem\"><span class=\"is--medium\">Tipo de motor:<\/span>\u00a0Inducci\u00f3n<\/li>\n<li class=\"product-features__item-list__item\" role=\"listitem\"><span class=\"is--medium\">Ventaja de este motor:<\/span>\u00a0Ultraplano, permite aumentar la altura del tanque y el espacio dedicado al lavado sin cambiar el tama\u00f1o del aparato. \u00a1Disfrutar\u00e1s de un lavavajillas m\u00e1s duradero, m\u00e1s silencioso y con menor consumo energ\u00e9tico!<\/li>\n<li class=\"product-features__item-list__item\" role=\"listitem\"><span class=\"is--medium\">Pared del tanque:<\/span>\u00a0acero inoxidable<\/li>\n<li class=\"product-features__item-list__item\" role=\"listitem\"><span class=\"is--medium\">Ventaja del acero inoxidable:<\/span>\u00a0El acero inoxidable es un material de alta resistencia, garant\u00eda de calidad y durabilidad. \u00a1Adem\u00e1s, el acero inoxidable ayuda a prevenir los olores desagradables!<\/li>\n<li class=\"product-features__item-list__item\" role=\"listitem\"><span class=\"is--medium\">Fondo del tanque:<\/span>\u00a0acero inoxidable<\/li>\n<\/ul>\n<\/li>\n<li class=\"product-features__item\" role=\"listitem\">\n<p class=\"product-features__label\"><strong>Seguridad<\/strong><\/p>\n<ul role=\"list\">\n<li class=\"product-features__item-list__item\" role=\"listitem\"><span class=\"is--medium\">Seguridad infantil:<\/span>\u00a0No<\/li>\n<li class=\"product-features__item-list__item\" role=\"listitem\"><span class=\"is--medium\">Seguridad Aquastop:<\/span>\u00a0S\u00ed<\/li>\n<li class=\"product-features__item-list__item\" role=\"listitem\"><span class=\"is--medium\">Principio Aquastop:<\/span>\u00a0corta el suministro de agua al lavavajillas si se detecta una fuga o un desbordamiento.<\/li>\n<\/ul>\n<\/li>\n<li class=\"product-features__item\" role=\"listitem\">\n<p class=\"product-features__label\"><strong>Dimensiones<\/strong><\/p>\n<ul role=\"list\">\n<li class=\"product-features__item-list__item\" role=\"listitem\"><span class=\"is--medium\">Altura sin tapa:<\/span>\u00a081,5 cm<\/li>\n<li class=\"product-features__item-list__item\" role=\"listitem\"><span class=\"is--medium\">Longitud del cable de alimentaci\u00f3n:<\/span>\u00a0175 cm<\/li>\n<li class=\"product-features__item-list__item\" role=\"listitem\"><span class=\"is--medium\">Peso neto:<\/span>\u00a054,1 kg<\/li>\n<li class=\"product-features__item-list__item\" role=\"listitem\"><span class=\"is--medium\">Peso bruto:<\/span>\u00a056,0 kg<\/li>\n<li class=\"product-features__item-list__item\" role=\"listitem\"><span class=\"is--medium\">Largo x Alto x Profundidad:<\/span>\u00a060 x 84,5 x 60 cm<\/li>\n<\/ul>\n<\/li>\n<li class=\"product-features__item\" role=\"listitem\">\n<p class=\"product-features__label\"><strong>Informaci\u00f3n adicional<\/strong><\/p>\n<ul role=\"list\">\n<li class=\"product-features__item-list__item\" role=\"listitem\"><span class=\"is--medium\">Hecho en:<\/span>\u00a0Alemania<\/li>\n<li class=\"product-features__item-list__item\" role=\"listitem\"><span class=\"is--medium\">Garant\u00eda:<\/span>\u00a02 a\u00f1os<\/li>\n<li class=\"product-features__item-list__item\" role=\"listitem\"><span class=\"is--medium\">Disponibilidad de repuestos (datos del proveedor):<\/span>\u00a0Durante 15 a\u00f1os, a partir de la fecha de compra<\/li>\n<li class=\"product-features__item-list__item\" role=\"listitem\"><span class=\"is--medium\">Referencia del fabricante:<\/span>\u00a0SMS8TCI01E Serenity active<\/li>\n<li class=\"product-features__item-list__item\" role=\"listitem\"><span class=\"is--medium\">Marca:<\/span>\u00a0BOSCH<\/li>\n<li class=\"product-features__item-list__item\" role=\"listitem\"><span class=\"is--medium\">\u00cdndice de reparabilidad:<\/span>\u00a08,8\/10<\/li>\n<\/ul>\n<\/li>\n<\/ul>\n","protected":false},"excerpt":{"rendered":"<p>\u2705 Env\u00edo gratuito: de 5 a 7 d\u00edas<br \/>\n\u2705 Env\u00edo expr\u00e9s (9\u202f\u20ac): de 2 a 3 d\u00edas<br \/>\n\u2705 Pago seguro<br \/>\n\u2705 Devoluci\u00f3n en 30 d\u00edas<\/p>\n<p>&nbsp;<\/p>\n<ul role=\"list\">\n<li class=\"keypoints__item\" role=\"listitem\">Independiente con panel de control invisible<\/li>\n<li class=\"keypoints__item\" role=\"listitem\">Largo x Alto x Profundidad: 60 x 84,5 x 60 cm<\/li>\n<li class=\"keypoints__item\" role=\"listitem\">Almacenamiento de cubiertos: Caj\u00f3n<\/li>\n<li class=\"keypoints__item\" role=\"listitem\">Muy silencioso 43 dB &#8211; 14 cubiertos<\/li>\n<li class=\"keypoints__item keypoints__item--advantage\" role=\"listitem\"><strong>La funci\u00f3n +:<\/strong>\u00a0Perfect Dry garantiza un secado perfecto gracias a la Zeolita, incluso sobre pl\u00e1stico.<\/li>\n<\/ul>\n","protected":false},"featured_media":13679,"comment_status":"closed","ping_status":"closed","template":"","meta":[],"product_cat":[104],"product_tag":[],"class_list":["post-13678","product","type-product","status-publish","has-post-thumbnail","hentry","product_cat-lavadora"],"_links":{"self":[{"href":"https:\/\/electro-tot-menage.es\/index.php\/wp-json\/wp\/v2\/product\/13678"}],"collection":[{"href":"https:\/\/electro-tot-menage.es\/index.php\/wp-json\/wp\/v2\/product"}],"about":[{"href":"https:\/\/electro-tot-menage.es\/index.php\/wp-json\/wp\/v2\/types\/product"}],"replies":[{"embeddable":true,"href":"https:\/\/electro-tot-menage.es\/index.php\/wp-json\/wp\/v2\/comments?post=13678"}],"version-history":[{"count":4,"href":"https:\/\/electro-tot-menage.es\/index.php\/wp-json\/wp\/v2\/product\/13678\/revisions"}],"predecessor-version":[{"id":14575,"href":"https:\/\/electro-tot-menage.es\/index.php\/wp-json\/wp\/v2\/product\/13678\/revisions\/14575"}],"wp:featuredmedia":[{"embeddable":true,"href":"https:\/\/electro-tot-menage.es\/index.php\/wp-json\/wp\/v2\/media\/13679"}],"wp:attachment":[{"href":"https:\/\/electro-tot-menage.es\/index.php\/wp-json\/wp\/v2\/media?parent=13678"}],"wp:term":[{"taxonomy":"product_cat","embeddable":true,"href":"https:\/\/electro-tot-menage.es\/index.php\/wp-json\/wp\/v2\/product_cat?post=13678"},{"taxonomy":"product_tag","embeddable":true,"href":"https:\/\/electro-tot-menage.es\/index.php\/wp-json\/wp\/v2\/product_tag?post=13678"}],"curies":[{"name":"wp","href":"https:\/\/api.w.org\/{rel}","templated":true}]}}