{"id":12910,"date":"2023-12-02T11:18:18","date_gmt":"2023-12-02T10:18:18","guid":{"rendered":"https:\/\/electro-tot-menage.es\/?post_type=product&#038;p=12910"},"modified":"2025-05-28T03:32:56","modified_gmt":"2025-05-28T01:32:56","slug":"myyingele","status":"publish","type":"product","link":"https:\/\/electro-tot-menage.es\/index.php\/produit\/myyingele\/","title":{"rendered":"MYYINGELE &#8211; Patinete para adultos port\u00e1til, con pantalla inteligente, ajustes de velocidad, plegable, ajustable, ligero, color negro, para 3 adultos, color negro"},"content":{"rendered":"<p>Equipado con todas las luces de seguridad para garantizar una conducci\u00f3n segura. Luz delantera LED y luz trasera de seguridad. Luz roja brillante para garantizar la seguridad al conducir de noche. Es bueno y seguro que los peatones lo recuerden.<br \/>\nPotente rendimiento con una velocidad m\u00e1xima de hasta 30 km\/h. Equipado con un motor de 350W, ideal para desplazamientos diarios.<br \/>\nRueda neum\u00e1tica y antideslizante de 8 pulgadas, mango estable, resistente al desgaste y seguro. Es adecuado para diferentes tipos de carreteras.<br \/>\nSistema de frenado y sistema de absorci\u00f3n de impactos, equipado con frenos de doble disco en las ruedas delanteras y traseras. El sistema de doble absorci\u00f3n de impactos garantiza una conducci\u00f3n c\u00f3moda.<br \/>\nServicio garantizado: Le ofrecemos un reembolso r\u00e1pido de 90 d\u00edas y un servicio al cliente profesional las 24 horas. Si tienes alguna pregunta, por favor cont\u00e1ctanos. Nuestro equipo profesional de atenci\u00f3n al cliente est\u00e1 disponible para usted las 24 horas del d\u00eda.<\/p>\n<p>Descripci\u00f3n t\u00e9cnica<\/p>\n<p>Grupo de edad: Adultos<br \/>\nTipo de freno: freno de disco<br \/>\nColor: Negro<br \/>\nCaracter\u00edsticas: Plegable<br \/>\nMarca: \u200eMYYINGELE<br \/>\nCapacidad m\u00e1xima de peso: 250 kilogramos<br \/>\nFabricante: \u200eMYYINGELE<br \/>\nReferencia del fabricante: \u200eFRN\/ZHDD-07eb21<br \/>\nPeso del art\u00edculo: 15 kilogramos<br \/>\nASIN: \u200eB08C5CDSQG<\/p>\n","protected":false},"excerpt":{"rendered":"<p>\u2705 Env\u00edo gratuito: de 5 a 7 d\u00edas<br \/>\n\u2705 Env\u00edo expr\u00e9s (9\u202f\u20ac): de 2 a 3 d\u00edas<br \/>\n\u2705 Pago seguro<br \/>\n\u2705 Devoluci\u00f3n en 30 d\u00edas<\/p>\n","protected":false},"featured_media":13034,"comment_status":"closed","ping_status":"closed","template":"","meta":[],"product_cat":[92,132],"product_tag":[],"class_list":["post-12910","product","type-product","status-publish","has-post-thumbnail","hentry","product_cat-deportes-y-ocio","product_cat-patinete-electrico"],"_links":{"self":[{"href":"https:\/\/electro-tot-menage.es\/index.php\/wp-json\/wp\/v2\/product\/12910"}],"collection":[{"href":"https:\/\/electro-tot-menage.es\/index.php\/wp-json\/wp\/v2\/product"}],"about":[{"href":"https:\/\/electro-tot-menage.es\/index.php\/wp-json\/wp\/v2\/types\/product"}],"replies":[{"embeddable":true,"href":"https:\/\/electro-tot-menage.es\/index.php\/wp-json\/wp\/v2\/comments?post=12910"}],"version-history":[{"count":5,"href":"https:\/\/electro-tot-menage.es\/index.php\/wp-json\/wp\/v2\/product\/12910\/revisions"}],"predecessor-version":[{"id":14553,"href":"https:\/\/electro-tot-menage.es\/index.php\/wp-json\/wp\/v2\/product\/12910\/revisions\/14553"}],"wp:featuredmedia":[{"embeddable":true,"href":"https:\/\/electro-tot-menage.es\/index.php\/wp-json\/wp\/v2\/media\/13034"}],"wp:attachment":[{"href":"https:\/\/electro-tot-menage.es\/index.php\/wp-json\/wp\/v2\/media?parent=12910"}],"wp:term":[{"taxonomy":"product_cat","embeddable":true,"href":"https:\/\/electro-tot-menage.es\/index.php\/wp-json\/wp\/v2\/product_cat?post=12910"},{"taxonomy":"product_tag","embeddable":true,"href":"https:\/\/electro-tot-menage.es\/index.php\/wp-json\/wp\/v2\/product_tag?post=12910"}],"curies":[{"name":"wp","href":"https:\/\/api.w.org\/{rel}","templated":true}]}}