{"id":12865,"date":"2023-12-02T11:17:57","date_gmt":"2023-12-02T10:17:57","guid":{"rendered":"https:\/\/electro-tot-menage.es\/?post_type=product&#038;p=12865"},"modified":"2025-05-28T03:34:38","modified_gmt":"2025-05-28T01:34:38","slug":"beeper-cross-trottinette-electrique-tout-terrain-1000w-batterie-plomb-36v-12ah-fx1000-s","status":"publish","type":"product","link":"https:\/\/electro-tot-menage.es\/index.php\/produit\/beeper-cross-trottinette-electrique-tout-terrain-1000w-batterie-plomb-36v-12ah-fx1000-s\/","title":{"rendered":"BEEPER &#8211; Patinete el\u00e9ctrico todoterreno Cross 1000W Bater\u00eda 36V 12Ah FX1000-S"},"content":{"rendered":"<p>Acerca de este art\u00edculo<\/p>\n<p>BEEPER &#8211; Patinete el\u00e9ctrico todoterreno Cross de 1000 W, bater\u00eda de plomo de 36 V y 12 Ah, FX1000-S<br \/>\nTODO TERRENO \u00a1El patinete el\u00e9ctrico Beeper FX1000-S es EL patinete todo terreno! Gracias a sus neum\u00e1ticos inflados y dentados te llevar\u00e1 a cualquier lugar.<br \/>\nMOTOR DE ALTO RENDIMIENTO DE 1000W Su motor BRUSH de 1000W puede alcanzar una velocidad m\u00e1xima de 25 km\/h. Con su bater\u00eda de plomo de 36 V 12 Ah podr\u00e1s recorrer hasta 30 km<br \/>\nULTRA ROBUSTO \u00bfYa te has pasado a los patinetes el\u00e9ctricos pero buscas un patinete que pueda superar cualquier obst\u00e1culo? \u00a1No busques m\u00e1s y elige el patinete el\u00e9ctrico todoterreno Beeper CROSS! Esto le permite conducir un scooter el\u00e9ctrico cl\u00e1sico en terrenos inaccesibles. Su construcci\u00f3n con guardabarros, amplia plataforma y transmisi\u00f3n por cadena lo convierten en un producto robusto y confiable!<br \/>\nGARANT\u00cdA DE 3 A\u00d1OS<\/p>\n<p>Descripci\u00f3n t\u00e9cnica<\/p>\n<p>Grupo de edad: Adultos<br \/>\nTipo de freno: Freno trasero<br \/>\nColor FX1000-S<br \/>\nTama\u00f1o FX1000-S<br \/>\nEstilo: Cl\u00e1sico<br \/>\nMaterial del marco: metal<br \/>\nTipo de material: aluminio<br \/>\nCaracter\u00edsticas: sill\u00edn, plataforma ancha.<br \/>\nSuspensi\u00f3n \u200eSuspensi\u00f3n total<br \/>\nTama\u00f1o de la rueda: 14 pulgadas<br \/>\nComponentes incluidos: Patinete el\u00e9ctrico, cargador, instrucciones.<br \/>\n\u00bfBaterias incluidas? S\u00ed<br \/>\nMarca \u200eBEEPER<br \/>\nCapacidad m\u00e1xima de peso: 120 kilogramos<br \/>\nServicio mixto<br \/>\nFabricante \u200eIXIT BEEPER<br \/>\nN\u00famero de modelo del art\u00edculo \u200eFX1000-S<br \/>\nDimensiones del producto (largo x ancho x alto) \u200e145 x 31 x 120 cm; 45 kilogramos<br \/>\nASIN \u200eB07RD5SDYP<\/p>\n","protected":false},"excerpt":{"rendered":"<p>\u2705 Env\u00edo gratuito: de 5 a 7 d\u00edas<br \/>\n\u2705 Env\u00edo expr\u00e9s (9\u202f\u20ac): de 2 a 3 d\u00edas<br \/>\n\u2705 Pago seguro<br \/>\n\u2705 Devoluci\u00f3n en 30 d\u00edas<\/p>\n","protected":false},"featured_media":13019,"comment_status":"closed","ping_status":"closed","template":"","meta":[],"product_cat":[92,132],"product_tag":[],"class_list":["post-12865","product","type-product","status-publish","has-post-thumbnail","hentry","product_cat-deportes-y-ocio","product_cat-patinete-electrico"],"_links":{"self":[{"href":"https:\/\/electro-tot-menage.es\/index.php\/wp-json\/wp\/v2\/product\/12865"}],"collection":[{"href":"https:\/\/electro-tot-menage.es\/index.php\/wp-json\/wp\/v2\/product"}],"about":[{"href":"https:\/\/electro-tot-menage.es\/index.php\/wp-json\/wp\/v2\/types\/product"}],"replies":[{"embeddable":true,"href":"https:\/\/electro-tot-menage.es\/index.php\/wp-json\/wp\/v2\/comments?post=12865"}],"version-history":[{"count":5,"href":"https:\/\/electro-tot-menage.es\/index.php\/wp-json\/wp\/v2\/product\/12865\/revisions"}],"predecessor-version":[{"id":14557,"href":"https:\/\/electro-tot-menage.es\/index.php\/wp-json\/wp\/v2\/product\/12865\/revisions\/14557"}],"wp:featuredmedia":[{"embeddable":true,"href":"https:\/\/electro-tot-menage.es\/index.php\/wp-json\/wp\/v2\/media\/13019"}],"wp:attachment":[{"href":"https:\/\/electro-tot-menage.es\/index.php\/wp-json\/wp\/v2\/media?parent=12865"}],"wp:term":[{"taxonomy":"product_cat","embeddable":true,"href":"https:\/\/electro-tot-menage.es\/index.php\/wp-json\/wp\/v2\/product_cat?post=12865"},{"taxonomy":"product_tag","embeddable":true,"href":"https:\/\/electro-tot-menage.es\/index.php\/wp-json\/wp\/v2\/product_tag?post=12865"}],"curies":[{"name":"wp","href":"https:\/\/api.w.org\/{rel}","templated":true}]}}