{"id":12863,"date":"2023-12-02T11:17:57","date_gmt":"2023-12-02T10:17:57","guid":{"rendered":"https:\/\/electro-tot-menage.es\/?post_type=product&#038;p=12863"},"modified":"2025-05-28T03:33:36","modified_gmt":"2025-05-28T01:33:36","slug":"patinete-electrico-para-adultos-plegable-de-11-isinwheel-gt2-8oow-bateria-de-15-ah-autonomia-de-45-km-3-modos-de-velocidad-velocidad-maxima-de-25-km-h-carga-maxima-de-150-kg","status":"publish","type":"product","link":"https:\/\/electro-tot-menage.es\/index.php\/produit\/patinete-electrico-para-adultos-plegable-de-11-isinwheel-gt2-8oow-bateria-de-15-ah-autonomia-de-45-km-3-modos-de-velocidad-velocidad-maxima-de-25-km-h-carga-maxima-de-150-kg\/","title":{"rendered":"Patinete el\u00e9ctrico para adultos plegable de 11&#8243;, Isinwheel GT2 8OOW, bater\u00eda de 15 Ah, autonom\u00eda de 45 km, 3 modos de velocidad, velocidad m\u00e1xima de 25 km\/h, carga m\u00e1xima de 150 kg."},"content":{"rendered":"<p>Acerca de este art\u00edculo<\/p>\n<p>ALTO RENDIMIENTO: El scooter el\u00e9ctrico GT2 tiene un motor de alto rendimiento de 8OOW, la velocidad m\u00e1xima puede alcanzar los 25 km\/h y admite una pendiente de 35\u00b0. Tres modos de velocidad, active la funci\u00f3n de crucero para configurar la velocidad. El scooter el\u00e9ctrico utiliza neum\u00e1ticos todoterreno de 11 pulgadas resistentes y resistentes al desgaste, que pueden proporcionar una capacidad de carga m\u00e1xima de 150 a 200 kg.<br \/>\nSISTEMA DE FRENO DE SEGURIDAD: El scooter el\u00e9ctrico GT2 se ha actualizado completamente para cumplir con los requisitos cu\u00e1druples de frenos de disco mec\u00e1nicos duales delanteros y traseros y frenos el\u00e9ctricos delanteros y traseros, lo que hace que los frenos sean m\u00e1s seguros y estables. El cuerpo del scooter el\u00e9ctrico est\u00e1 hecho de aleaci\u00f3n de aluminio de alta calidad, que es m\u00e1s duradera, y los m\u00e9todos de absorci\u00f3n de impactos hidr\u00e1ulicos duales delanteros y traseros hacen que la conducci\u00f3n sea m\u00e1s c\u00f3moda.<br \/>\nEXCELENTE DURACI\u00d3N DE LA BATER\u00cdA: El scooter el\u00e9ctrico GT2 utiliza una bater\u00eda de 48 V 13 Ah de gran capacidad. La carga tarda s\u00f3lo 6 horas y la duraci\u00f3n de la bater\u00eda puede ser de unos 40-45 km. Modo de velocidad ajustable de 10\/15\/25 km\/h (presione brevemente el bot\u00f3n M cinco veces para ingresar al modo de alta velocidad despu\u00e9s de encender la m\u00e1quina), que puede satisfacer completamente sus necesidades de viaje diarias.<br \/>\nDISE\u00d1O DE ILUMINACI\u00d3N SEGURA: El scooter el\u00e9ctrico GT2 est\u00e1 equipado con faros LED delanteros y traseros brillantes, luces de freno traseras, luces de marcha coloridas y se\u00f1ales de giro izquierda\/derecha para brindarle una vista clara mientras conduce y un estilo de conducci\u00f3n fresco en la oscuridad. La bocina electr\u00f3nica\/luz trasera puede recordar a los veh\u00edculos delanteros y traseros que mantengan la distancia, garantizar un paso suave d\u00eda y noche y aumentar la seguridad.<br \/>\nDISE\u00d1O PLEGABLE PARA F\u00c1CIL MOVILIDAD: Gracias al sistema de plegado de un solo gancho, el proceso de plegado del scooter el\u00e9ctrico GT2 para adultos es extremadamente conveniente, lo que le permite plegar el scooter el\u00e9ctrico en segundos. El scooter el\u00e9ctrico plegado es m\u00e1s c\u00f3modo de almacenar y transportar. Tama\u00f1o del art\u00edculo (desplegado: 122 x 63 x 125 cm, plegado: 126 x 22 x 57 cm).<br \/>\nPANTALLA LCD INTELIGENTE: El scooter el\u00e9ctrico GT2 tiene instrumentos inteligentes que pueden comprender claramente informaci\u00f3n como la velocidad del veh\u00edculo, la energ\u00eda de la bater\u00eda \/ faro \/ indicador de posici\u00f3n de marcha \/ posici\u00f3n de marcha \/ acumulaci\u00f3n de kilometraje, etc. El c\u00f3digo de par\u00e1metro del dispositivo puede juzgar el error. Si necesita ayuda, comun\u00edquese con el servicio de atenci\u00f3n al cliente. El equipo de isinwheel le responder\u00e1 en 24 horas.<\/p>\n<p>Descripci\u00f3n t\u00e9cnica<\/p>\n<p>Grupo de edad: Adultos<br \/>\nTipo de freno: frenado de la rueda delantera, frenado de la rueda trasera<br \/>\nColor GT2<br \/>\nTama\u00f1o 11&#8243;<br \/>\nPatinete el\u00e9ctrico para adultos del equipo isinwheel<br \/>\nMaterial del marco: aluminio<br \/>\nTipo de material: aluminio<br \/>\nN\u00famero de elementos \u200e1<br \/>\nCaracter\u00edsticas: El patinete el\u00e9ctrico GT2 es plegable y viene con una bolsa negra muy impermeable, clasificaci\u00f3n de impermeabilidad N\u00edvea IPX4<br \/>\nTama\u00f1o de la rueda: 11 pulgadas<br \/>\nMarca \u200eisinwheel<br \/>\nCapacidad m\u00e1xima de peso: 200 kilogramos<br \/>\nServicio mixto<br \/>\nFabricante: YongKang Sumeide Industry And Trade Co., Ltd.<br \/>\nReferencia del fabricante \u200eCL#HBGT2-XT01<br \/>\nDimensiones del producto (largo x ancho x alto) \u200e122 x 63 x 125 cm; 24,3 kilogramos<br \/>\nASIN \u200eB0BZ3SCFLK<\/p>\n","protected":false},"excerpt":{"rendered":"<p>\u2705 Env\u00edo gratuito: de 5 a 7 d\u00edas<br \/>\n\u2705 Env\u00edo expr\u00e9s (9\u202f\u20ac): de 2 a 3 d\u00edas<br \/>\n\u2705 Pago seguro<br \/>\n\u2705 Devoluci\u00f3n en 30 d\u00edas<\/p>\n","protected":false},"featured_media":13007,"comment_status":"closed","ping_status":"closed","template":"","meta":[],"product_cat":[92,132],"product_tag":[],"class_list":["post-12863","product","type-product","status-publish","has-post-thumbnail","hentry","product_cat-deportes-y-ocio","product_cat-patinete-electrico"],"_links":{"self":[{"href":"https:\/\/electro-tot-menage.es\/index.php\/wp-json\/wp\/v2\/product\/12863"}],"collection":[{"href":"https:\/\/electro-tot-menage.es\/index.php\/wp-json\/wp\/v2\/product"}],"about":[{"href":"https:\/\/electro-tot-menage.es\/index.php\/wp-json\/wp\/v2\/types\/product"}],"replies":[{"embeddable":true,"href":"https:\/\/electro-tot-menage.es\/index.php\/wp-json\/wp\/v2\/comments?post=12863"}],"version-history":[{"count":5,"href":"https:\/\/electro-tot-menage.es\/index.php\/wp-json\/wp\/v2\/product\/12863\/revisions"}],"predecessor-version":[{"id":14555,"href":"https:\/\/electro-tot-menage.es\/index.php\/wp-json\/wp\/v2\/product\/12863\/revisions\/14555"}],"wp:featuredmedia":[{"embeddable":true,"href":"https:\/\/electro-tot-menage.es\/index.php\/wp-json\/wp\/v2\/media\/13007"}],"wp:attachment":[{"href":"https:\/\/electro-tot-menage.es\/index.php\/wp-json\/wp\/v2\/media?parent=12863"}],"wp:term":[{"taxonomy":"product_cat","embeddable":true,"href":"https:\/\/electro-tot-menage.es\/index.php\/wp-json\/wp\/v2\/product_cat?post=12863"},{"taxonomy":"product_tag","embeddable":true,"href":"https:\/\/electro-tot-menage.es\/index.php\/wp-json\/wp\/v2\/product_tag?post=12863"}],"curies":[{"name":"wp","href":"https:\/\/api.w.org\/{rel}","templated":true}]}}