{"id":12818,"date":"2023-12-02T11:17:27","date_gmt":"2023-12-02T10:17:27","guid":{"rendered":"https:\/\/electro-tot-menage.es\/?post_type=product&#038;p=12818"},"modified":"2025-05-28T03:45:40","modified_gmt":"2025-05-28T01:45:40","slug":"televisor-samsung-50q60c-4k-qled-de-50-2023-clase-energetica-e","status":"publish","type":"product","link":"https:\/\/electro-tot-menage.es\/index.php\/produit\/televisor-samsung-50q60c-4k-qled-de-50-2023-clase-energetica-e\/","title":{"rendered":"Televisor Samsung 50Q60C 4K QLED de 50&#8243; (2023) [Clase energ\u00e9tica E]"},"content":{"rendered":"<p>Acerca de este art\u00edculo<br \/>\nTecnolog\u00eda de puntos cu\u00e1nticos: convierte la luz en m\u00e1s de mil millones de colores puros, incluso en el nivel de brillo m\u00e1s alto.<br \/>\nQuantum HDR10+: Descubre el poder de cada imagen m\u00e1s all\u00e1 de cualquier est\u00e1ndar, resaltando los detalles y el contraste.<br \/>\nSmart TV con tecnolog\u00eda Tizen: disfruta de tu contenido, juega en la nube con Gaming Hub o controla tus dispositivos conectados con SmartThings.<br \/>\nMulti View: Disfruta de hasta 4 contenidos simult\u00e1neamente dividiendo tu TV en m\u00faltiples pantallas. Elige el tama\u00f1o y volumen de cada uno de ellos.<br \/>\nQ-Symphony: Disfruta de todos tus altavoces al mismo tiempo. Esta tecnolog\u00eda exclusiva de Samsung combina el sonido de tu televisor con el de tu barra de sonido, sin cancelar ninguno de los dos.<br \/>\nDescripci\u00f3n t\u00e9cnica<br \/>\nMarca Samsung<br \/>\nTama\u00f1o de pantalla \u200e50 pulgadas<br \/>\nTecnolog\u00eda de pantalla QLED<br \/>\nFrecuencia de escaneo \u200e50<br \/>\nFormato HD \u200e4K Ultra HD<br \/>\nRelaci\u00f3n de aspecto \u200e4:3<br \/>\nConexiones \u200eBluetooth^HDMI^USB^Wi-Fi<br \/>\nN\u00famero de puertos HDMI \u200e3<br \/>\nN\u00famero total de puertos USB \u200e2<br \/>\nGarant\u00eda del fabricante de 2 a\u00f1os<\/p>\n","protected":false},"excerpt":{"rendered":"<p>\u2705 Env\u00edo gratuito: de 5 a 7 d\u00edas<br \/>\n\u2705 Env\u00edo expr\u00e9s (9\u202f\u20ac): de 2 a 3 d\u00edas<br \/>\n\u2705 Pago seguro<br \/>\n\u2705 Devoluci\u00f3n en 30 d\u00edas<\/p>\n<p>Tama\u00f1o de pantalla 50 pulgadas<br \/>\nMarca Samsung<br \/>\nServicios de Internet compatibles con Netflix<br \/>\nTecnolog\u00eda de pantalla QLED<br \/>\nDimensiones del producto 1D x 111,8W x 68,2H cent\u00edmetros<br \/>\nResoluci\u00f3n 4K<br \/>\nFrecuencia de actualizaci\u00f3n 50<br \/>\nComponentes incluidos Control remoto, manual de usuario, manual electr\u00f3nico, cable de alimentaci\u00f3n.<br \/>\nTecnolog\u00eda de conectividad Bluetooth^HDMI^USB^Wi-Fi<br \/>\nPeso del art\u00edculo 11,8 kilogramos<\/p>\n","protected":false},"featured_media":12978,"comment_status":"closed","ping_status":"closed","template":"","meta":[],"product_cat":[129,130],"product_tag":[],"class_list":["post-12818","product","type-product","status-publish","has-post-thumbnail","hentry","product_cat-imagen-y-sonido","product_cat-televisor"],"_links":{"self":[{"href":"https:\/\/electro-tot-menage.es\/index.php\/wp-json\/wp\/v2\/product\/12818"}],"collection":[{"href":"https:\/\/electro-tot-menage.es\/index.php\/wp-json\/wp\/v2\/product"}],"about":[{"href":"https:\/\/electro-tot-menage.es\/index.php\/wp-json\/wp\/v2\/types\/product"}],"replies":[{"embeddable":true,"href":"https:\/\/electro-tot-menage.es\/index.php\/wp-json\/wp\/v2\/comments?post=12818"}],"version-history":[{"count":4,"href":"https:\/\/electro-tot-menage.es\/index.php\/wp-json\/wp\/v2\/product\/12818\/revisions"}],"predecessor-version":[{"id":14566,"href":"https:\/\/electro-tot-menage.es\/index.php\/wp-json\/wp\/v2\/product\/12818\/revisions\/14566"}],"wp:featuredmedia":[{"embeddable":true,"href":"https:\/\/electro-tot-menage.es\/index.php\/wp-json\/wp\/v2\/media\/12978"}],"wp:attachment":[{"href":"https:\/\/electro-tot-menage.es\/index.php\/wp-json\/wp\/v2\/media?parent=12818"}],"wp:term":[{"taxonomy":"product_cat","embeddable":true,"href":"https:\/\/electro-tot-menage.es\/index.php\/wp-json\/wp\/v2\/product_cat?post=12818"},{"taxonomy":"product_tag","embeddable":true,"href":"https:\/\/electro-tot-menage.es\/index.php\/wp-json\/wp\/v2\/product_tag?post=12818"}],"curies":[{"name":"wp","href":"https:\/\/api.w.org\/{rel}","templated":true}]}}