{"id":12771,"date":"2023-12-02T11:17:00","date_gmt":"2023-12-02T10:17:00","guid":{"rendered":"https:\/\/electro-tot-menage.es\/?post_type=product&#038;p=12771"},"modified":"2025-05-28T03:47:51","modified_gmt":"2025-05-28T01:47:51","slug":"televisor","status":"publish","type":"product","link":"https:\/\/electro-tot-menage.es\/index.php\/produit\/televisor\/","title":{"rendered":"Televisor LED inteligente 4K Philips Ambilight PUS8508 de 139 cm (55 pulgadas) | UHD y HDR10+"},"content":{"rendered":"<p>Acerca de este art\u00edculo<br \/>\nIM\u00c1GENES ULTRA N\u00cdTIDAS: El motor de imagen P5 Perfect Picture Engine optimiza la calidad de la imagen para obtener im\u00e1genes ultra n\u00edtidas y vibrantes, compatible con HDR10+, Dolby Vision y HLG.<br \/>\nAMBILIGHT INMERSIVO: experimente un espect\u00e1culo de luces impresionante gracias a la tecnolog\u00eda de retroiluminaci\u00f3n Ambilight de 3 lados con funciones Wall Colour Adaptive, Lounge Mode, Game Mode, Ambilight Music y AmbiSleep.<br \/>\nSMART TV: Con Google TV, accede a Amazon Prime Video, Netflix, Disney+ y YouTube, control por voz a trav\u00e9s de Alexa o Google Assistant y compatibilidad con TV interactiva HbbTV.<br \/>\nIDEAL PARA JUEGOS: frecuencia de actualizaci\u00f3n de 60 Hz, ajuste autom\u00e1tico de latencia de entrada baja, HDMI 2.0 y Geforce Now para juegos de calidad.<br \/>\nSONIDO CINEMATOGR\u00c1FICO: Altavoces integrados de 20 W, I.A. Sonido y ecualizador, Dolby Atmos, mejora de graves y nivelador de volumen brindan un sonido incre\u00edblemente realista, rico y envolvente en su hogar.<br \/>\nDescripci\u00f3n t\u00e9cnica<br \/>\nMarca Philips<br \/>\nColor \u200eMarco gris antracita<br \/>\nTama\u00f1o de pantalla \u200e55 pulgadas<br \/>\nTecnolog\u00eda de pantalla LED<br \/>\nCaracter\u00edsticas de Ambilight<br \/>\nFrecuencia de escaneo \u200e60 Hz<br \/>\nFormato HD \u200e3840 x 2160 p\u00edxeles<br \/>\nSintonizador DVB-T2<br \/>\nPotencia \u200e20 vatios<br \/>\nTipo de instalaci\u00f3n \u200eMontado en la pared<br \/>\nRelaci\u00f3n de aspecto \u200e16:9<br \/>\nConexiones Wi-Fi Bluetooth<br \/>\nN\u00famero de puertos HDMI \u200e4<br \/>\nN\u00famero total de puertos USB \u200e2<br \/>\nGarant\u00eda del fabricante de 2 a\u00f1os<\/p>\n","protected":false},"excerpt":{"rendered":"<p>\u2705 Env\u00edo gratuito: de 5 a 7 d\u00edas<br \/>\n\u2705 Env\u00edo expr\u00e9s (9\u202f\u20ac): de 2 a 3 d\u00edas<br \/>\n\u2705 Pago seguro<br \/>\n\u2705 Devoluci\u00f3n en 30 d\u00edas<\/p>\n<p>Televisor LED inteligente 4K Philips Ambilight PUS8508 de 139 cm (55 pulgadas) | UHD y HDR10+ | 60 Hz | P5 Motor de im\u00e1genes perfecto | Dolby Atmos | Altavoces de 20W | Compatible con Google Assistant y Alexa [Clase energ\u00e9tica F]<\/p>\n<p>Tama\u00f1o de pantalla 55 pulgadas<br \/>\nMarca Philips<br \/>\nServicios de Internet compatibles Netflix, Prime Video, Apple TV, Google TV<br \/>\nTecnolog\u00eda de pantalla LED<br \/>\nDimensiones del producto: 8,1 cm de profundidad x 123,1 cm de ancho x 72 cm de alto.<br \/>\nResoluci\u00f3n 4K<br \/>\nFrecuencia de actualizaci\u00f3n 60 Hz<br \/>\nCaracter\u00edsticas especiales Ambilight, Altavoz incorporado, Modo de juego, Pantalla plana<br \/>\nNombre del modelo 55PUS8508\/12<br \/>\nComponentes incluidos Cable de alimentaci\u00f3n, control remoto, 2 pilas AAA, soporte de mesa, gu\u00eda de inicio r\u00e1pido<\/p>\n","protected":false},"featured_media":13480,"comment_status":"closed","ping_status":"closed","template":"","meta":[],"product_cat":[129,130],"product_tag":[],"class_list":["post-12771","product","type-product","status-publish","has-post-thumbnail","hentry","product_cat-imagen-y-sonido","product_cat-televisor"],"_links":{"self":[{"href":"https:\/\/electro-tot-menage.es\/index.php\/wp-json\/wp\/v2\/product\/12771"}],"collection":[{"href":"https:\/\/electro-tot-menage.es\/index.php\/wp-json\/wp\/v2\/product"}],"about":[{"href":"https:\/\/electro-tot-menage.es\/index.php\/wp-json\/wp\/v2\/types\/product"}],"replies":[{"embeddable":true,"href":"https:\/\/electro-tot-menage.es\/index.php\/wp-json\/wp\/v2\/comments?post=12771"}],"version-history":[{"count":4,"href":"https:\/\/electro-tot-menage.es\/index.php\/wp-json\/wp\/v2\/product\/12771\/revisions"}],"predecessor-version":[{"id":14570,"href":"https:\/\/electro-tot-menage.es\/index.php\/wp-json\/wp\/v2\/product\/12771\/revisions\/14570"}],"wp:featuredmedia":[{"embeddable":true,"href":"https:\/\/electro-tot-menage.es\/index.php\/wp-json\/wp\/v2\/media\/13480"}],"wp:attachment":[{"href":"https:\/\/electro-tot-menage.es\/index.php\/wp-json\/wp\/v2\/media?parent=12771"}],"wp:term":[{"taxonomy":"product_cat","embeddable":true,"href":"https:\/\/electro-tot-menage.es\/index.php\/wp-json\/wp\/v2\/product_cat?post=12771"},{"taxonomy":"product_tag","embeddable":true,"href":"https:\/\/electro-tot-menage.es\/index.php\/wp-json\/wp\/v2\/product_tag?post=12771"}],"curies":[{"name":"wp","href":"https:\/\/api.w.org\/{rel}","templated":true}]}}