{"id":12770,"date":"2023-12-02T11:17:00","date_gmt":"2023-12-02T10:17:00","guid":{"rendered":"https:\/\/electro-tot-menage.es\/?post_type=product&#038;p=12770"},"modified":"2025-05-28T03:47:36","modified_gmt":"2025-05-28T01:47:36","slug":"tcl-50cf630-televisor-fire-tv-qled-de-126-cm-50-pulgadas-4k-ultra-hd-hdr-10-dolby-vision-y-atmos-smart-tv-game-master-60-hz-motion-clarity-presiona-y-pregunta-a-alexa-color-negro","status":"publish","type":"product","link":"https:\/\/electro-tot-menage.es\/index.php\/produit\/tcl-50cf630-televisor-fire-tv-qled-de-126-cm-50-pulgadas-4k-ultra-hd-hdr-10-dolby-vision-y-atmos-smart-tv-game-master-60-hz-motion-clarity-presiona-y-pregunta-a-alexa-color-negro\/","title":{"rendered":"TCL 50CF630 &#8211; Televisor Fire TV QLED de 126 cm (50 pulgadas) (4K Ultra HD, HDR 10+, Dolby Vision y Atmos, Smart TV, Game Master, 60 Hz Motion Clarity, Presiona y pregunta a Alexa), color negro"},"content":{"rendered":"<p>Acerca de este art\u00edculo<br \/>\nEntretenimiento sin fin: con Fire TV integrado, disfruta de entretenimiento ilimitado con miles de aplicaciones y canales, incluidos Netflix, Prime Video, YouTube, Disney, MyCanal, Molotov y muchos m\u00e1s. (Pueden aplicarse tarifas de suscripci\u00f3n).<br \/>\nColores QLED excepcionales: equipado con tecnolog\u00eda Quantum Dot, este televisor TCL con Fire TV ofrece una imagen verdaderamente cinematogr\u00e1fica compuesta por m\u00e1s de un mill\u00f3n de colores y sombras. Todos los colores que las c\u00e1maras profesionales pueden capturar. Esta tecnolog\u00eda permite reproducir cada matiz, cada detalle y cada profundidad de una forma que un televisor LED u OLED no puede igualar.<br \/>\nControl de voz inteligente: controle su televisor inteligente m\u00e1s f\u00e1cilmente con el control remoto de voz Alexa incluido. Cambiar canales, ajustar el volumen, abrir aplicaciones y mucho m\u00e1s. Puedes controlar con tu voz otros dispositivos de tu hogar que sean compatibles con tu casa inteligente<br \/>\n4K HDR PRO: HDR PRO combinado con tecnolog\u00eda Quantum Dot proporciona una experiencia de alto rango din\u00e1mico superior con hermoso contraste, detalles de sombras y colores v\u00edvidos y precisos. Disfrute de una calidad incre\u00edble tal como la concibieron los productores.<br \/>\nGAME MASTER: Para los gamers, adem\u00e1s de tener una calidad de video y sonido impresionante, la capacidad de respuesta de este televisor tambi\u00e9n es importante. El Fire TV TCL CF630 cuenta con entrada HDMI 2.1 y tambi\u00e9n ALLM para brindar la mejor experiencia de juego sin demoras.<br \/>\nDOLBY VISION y ATMOS: Con Dolby Vision y Dolby Atmos, Fire TV da vida al entretenimiento con una calidad de imagen excepcional, brillo, color, contraste y detalles incre\u00edbles.<br \/>\nDescripci\u00f3n t\u00e9cnica<br \/>\nMarca TCL<br \/>\nTama\u00f1o de pantalla \u200e50 pulgadas<br \/>\nTecnolog\u00eda de pantalla QLED<br \/>\nFunciones planas<br \/>\nFrecuencia de escaneo \u200e60<br \/>\nFormato HD \u200e3840&#215;2160 p\u00edxeles<br \/>\nRelaci\u00f3n de aspecto \u200e16:9<br \/>\nConexiones Wi-Fi<br \/>\nN\u00famero de puertos HDMI \u200e4<br \/>\nGarant\u00eda del fabricante 2 a\u00f1os.<\/p>\n","protected":false},"excerpt":{"rendered":"<p>\u2705 Env\u00edo gratuito: de 5 a 7 d\u00edas<br \/>\n\u2705 Env\u00edo expr\u00e9s (9\u202f\u20ac): de 2 a 3 d\u00edas<br \/>\n\u2705 Pago seguro<br \/>\n\u2705 Devoluci\u00f3n en 30 d\u00edas<\/p>\n","protected":false},"featured_media":12969,"comment_status":"closed","ping_status":"closed","template":"","meta":[],"product_cat":[129,130],"product_tag":[],"class_list":["post-12770","product","type-product","status-publish","has-post-thumbnail","hentry","product_cat-imagen-y-sonido","product_cat-televisor"],"_links":{"self":[{"href":"https:\/\/electro-tot-menage.es\/index.php\/wp-json\/wp\/v2\/product\/12770"}],"collection":[{"href":"https:\/\/electro-tot-menage.es\/index.php\/wp-json\/wp\/v2\/product"}],"about":[{"href":"https:\/\/electro-tot-menage.es\/index.php\/wp-json\/wp\/v2\/types\/product"}],"replies":[{"embeddable":true,"href":"https:\/\/electro-tot-menage.es\/index.php\/wp-json\/wp\/v2\/comments?post=12770"}],"version-history":[{"count":4,"href":"https:\/\/electro-tot-menage.es\/index.php\/wp-json\/wp\/v2\/product\/12770\/revisions"}],"predecessor-version":[{"id":14569,"href":"https:\/\/electro-tot-menage.es\/index.php\/wp-json\/wp\/v2\/product\/12770\/revisions\/14569"}],"wp:featuredmedia":[{"embeddable":true,"href":"https:\/\/electro-tot-menage.es\/index.php\/wp-json\/wp\/v2\/media\/12969"}],"wp:attachment":[{"href":"https:\/\/electro-tot-menage.es\/index.php\/wp-json\/wp\/v2\/media?parent=12770"}],"wp:term":[{"taxonomy":"product_cat","embeddable":true,"href":"https:\/\/electro-tot-menage.es\/index.php\/wp-json\/wp\/v2\/product_cat?post=12770"},{"taxonomy":"product_tag","embeddable":true,"href":"https:\/\/electro-tot-menage.es\/index.php\/wp-json\/wp\/v2\/product_tag?post=12770"}],"curies":[{"name":"wp","href":"https:\/\/api.w.org\/{rel}","templated":true}]}}