{"id":12768,"date":"2023-12-02T11:17:00","date_gmt":"2023-12-02T10:17:00","guid":{"rendered":"https:\/\/electro-tot-menage.es\/?post_type=product&#038;p=12768"},"modified":"2025-05-28T03:46:24","modified_gmt":"2025-05-28T01:46:24","slug":"sony-tv-bravia-kd-55x80l-tv-4k-ultra-hd-led-hdr-google-tv-pack-eco-bravia-core-2023","status":"publish","type":"product","link":"https:\/\/electro-tot-menage.es\/index.php\/produit\/sony-tv-bravia-kd-55x80l-tv-4k-ultra-hd-led-hdr-google-tv-pack-eco-bravia-core-2023\/","title":{"rendered":"Sony TV Bravia &#8211; KD-55X80L: Televisor 4K Ultra HD LED | HDR | Google TV | Pack ECO | BRAVIA Core 2023"},"content":{"rendered":"<p>&nbsp;<\/p>\n<ul class=\"a-unordered-list a-vertical a-spacing-mini\">\n<li class=\"a-spacing-mini\">\n<h3 class=\"\" data-start=\"59\" data-end=\"118\">\ud83d\udcfa Una imagen m\u00e1s n\u00edtida, \u00a1sea cual sea el contenido!<\/h3>\n<p class=\"\" data-start=\"119\" data-end=\"333\">Miles de millones de colores mostrados en pantalla con <strong data-start=\"174\" data-end=\"192\">Triluminos Pro<\/strong>. Gracias al <strong data-start=\"205\" data-end=\"222\">Procesador X1<\/strong>, las escenas se analizan y mejoran en tiempo real para dar vida a cada detalle, haci\u00e9ndolo lucir m\u00e1s realista.<\/p>\n<h3 class=\"\" data-start=\"335\" data-end=\"364\">\ud83d\udd0a El sonido cobra vida<\/h3>\n<p class=\"\" data-start=\"365\" data-end=\"585\">Los <strong data-start=\"369\" data-end=\"393\">altavoces X-Balanced<\/strong> te brindan una experiencia de audio emocionante, de alta calidad y con bajos potentes. Combinados con <strong data-start=\"496\" data-end=\"512\">Dolby Vision<\/strong> y <strong data-start=\"515\" data-end=\"530\">Dolby Atmos<\/strong>, reproducen una verdadera experiencia de cine en casa.<\/p>\n<h3 class=\"\" data-start=\"587\" data-end=\"618\">\ud83d\uddbc\ufe0f Un dise\u00f1o minimalista<\/h3>\n<p class=\"\" data-start=\"619\" data-end=\"869\">Minimalista y atemporal, este televisor se adapta perfectamente a tu hogar. El marco sin bordes permite mantener el enfoque en la imagen, y las patas con doble posici\u00f3n (ancha o centrada) ofrecen la m\u00e1xima comodidad, adapt\u00e1ndose a diferentes muebles.<\/p>\n<h3 class=\"\" data-start=\"871\" data-end=\"904\">\ud83c\udfac Entretenimiento infinito<\/h3>\n<p class=\"\" data-start=\"905\" data-end=\"1161\">\u00a1Cientos de pel\u00edculas te esperan en <strong data-start=\"941\" data-end=\"956\">BRAVIA CORE<\/strong>! Exclusivo para los propietarios de televisores BRAVIA. Adem\u00e1s, tienes acceso a m\u00e1s de <strong data-start=\"1044\" data-end=\"1074\">700 000 pel\u00edculas y series<\/strong> gracias a <strong data-start=\"1085\" data-end=\"1098\">Google TV<\/strong> y <strong data-start=\"1101\" data-end=\"1116\">Crunchyroll<\/strong>, la colecci\u00f3n de anime m\u00e1s grande del mundo.<\/p>\n<h3 class=\"\" data-start=\"1163\" data-end=\"1193\">\ud83c\udf31 Centro de control ECO<\/h3>\n<p class=\"\" data-start=\"1194\" data-end=\"1429\">\u00a1Incluso puedes ahorrar hasta un 32\u00a0% m\u00e1s de energ\u00eda con tu televisor! Nuestro nuevo <strong data-start=\"1279\" data-end=\"1304\">Centro de Control ECO<\/strong> agrupa todos los ajustes ecol\u00f3gicos en un \u00fanico lugar intuitivo y f\u00e1cil de usar, para que puedas ahorrar energ\u00eda f\u00e1cilmente.<\/p>\n<\/li>\n<\/ul>\n<div class=\"a-row\">\n<div class=\"a-column a-span6\">\n<h1 class=\"a-size-medium a-spacing-small\">Descripci\u00f3n t\u00e9cnica<\/h1>\n<\/div>\n<\/div>\n<div class=\"a-expander-content a-expander-extend-content\" aria-expanded=\"true\">\n<div class=\"a-row a-expander-container a-expander-inline-container\">\n<div class=\"a-expander-content a-expander-section-content a-section-expander-inner\" aria-expanded=\"true\">\n<table id=\"productDetails_techSpec_section_1\" class=\"a-keyvalue prodDetTable\" role=\"presentation\">\n<tbody>\n<tr>\n<th class=\"a-color-secondary a-size-base prodDetSectionEntry\">Marca<\/th>\n<td class=\"a-size-base prodDetAttrValue\">\u200eSony<\/td>\n<\/tr>\n<tr>\n<th class=\"a-color-secondary a-size-base prodDetSectionEntry\">Color<\/th>\n<td class=\"a-size-base prodDetAttrValue\">Negro<\/td>\n<\/tr>\n<tr>\n<th class=\"a-color-secondary a-size-base prodDetSectionEntry\">Tama\u00f1o de pantalla<\/th>\n<td class=\"a-size-base prodDetAttrValue\">\u200e55 pulgadas<\/td>\n<\/tr>\n<tr>\n<th class=\"a-color-secondary a-size-base prodDetSectionEntry\">Tecnolog\u00eda de pantalla<\/th>\n<td class=\"a-size-base prodDetAttrValue\">\u200eLCD<\/td>\n<\/tr>\n<tr>\n<th class=\"a-color-secondary a-size-base prodDetSectionEntry\">Funciones<\/th>\n<td class=\"a-size-base prodDetAttrValue\">\u200eDolby Vision<\/td>\n<\/tr>\n<tr>\n<th class=\"a-color-secondary a-size-base prodDetSectionEntry\">Frecuencia de actualizaci\u00f3n<\/th>\n<td class=\"a-size-base prodDetAttrValue\">\u200e60 Hz<\/td>\n<\/tr>\n<tr>\n<th class=\"a-color-secondary a-size-base prodDetSectionEntry\">Resoluci\u00f3n HD<\/th>\n<td class=\"a-size-base prodDetAttrValue\">\u200e3840 x 2160p\u00edxeles<\/td>\n<\/tr>\n<tr>\n<th class=\"a-color-secondary a-size-base prodDetSectionEntry\">Formato de imagen<\/th>\n<td class=\"a-size-base prodDetAttrValue\">\u200e16:9<\/td>\n<\/tr>\n<tr>\n<th class=\"a-color-secondary a-size-base prodDetSectionEntry\">Conexiones<\/th>\n<td class=\"a-size-base prodDetAttrValue\">\u200eHDMI<\/td>\n<\/tr>\n<tr>\n<th class=\"a-color-secondary a-size-base prodDetSectionEntry\">N\u00famero de puertos HDMI<\/th>\n<td class=\"a-size-base prodDetAttrValue\">\u200e4<\/td>\n<\/tr>\n<tr>\n<th class=\"a-color-secondary a-size-base prodDetSectionEntry\">Garant\u00eda del fabricante<\/th>\n<td class=\"a-size-base prodDetAttrValue\">\u200e2 a\u00f1os de garant\u00eda del fabricante<\/td>\n<\/tr>\n<\/tbody>\n<\/table>\n<\/div>\n<\/div>\n<\/div>\n","protected":false},"excerpt":{"rendered":"<p>\u2705 Env\u00edo gratuito: de 5 a 7 d\u00edas<br \/>\n\u2705 Env\u00edo expr\u00e9s (9\u202f\u20ac): de 2 a 3 d\u00edas<br \/>\n\u2705 Pago seguro<br \/>\n\u2705 Devoluci\u00f3n en 30 d\u00edas<\/p>\n<table class=\"a-normal a-spacing-micro\">\n<tbody>\n<tr class=\"a-spacing-small po-display.size\">\n<td class=\"a-span3\">Tama\u00f1o de la pantalla<\/td>\n<td class=\"a-span9\"><span class=\"a-size-base po-break-word\">55 pulgadas<\/span><\/td>\n<\/tr>\n<tr class=\"a-spacing-small po-brand\">\n<td class=\"a-span3\">Marca<\/td>\n<td class=\"a-span9\"><span class=\"a-size-base po-break-word\">Sony<\/span><\/td>\n<\/tr>\n<tr class=\"a-spacing-small po-supported_internet_services\">\n<td class=\"a-span3\">Servicios de Internet compatibles<\/td>\n<td class=\"a-span9\">Google TV<\/td>\n<\/tr>\n<tr class=\"a-spacing-small po-display.technology\">\n<td class=\"a-span3\">Tecnolog\u00eda de visualizaci\u00f3n<\/td>\n<td class=\"a-span9\"><span class=\"a-size-base po-break-word\">LCD<\/span><\/td>\n<\/tr>\n<tr class=\"a-spacing-small po-item_depth_width_height\">\n<td class=\"a-span3\">Dimensiones del producto<\/td>\n<td class=\"a-span9\">123,3 cm (profundidad) x 33,9 cm (ancho) x 78,3 cm (alto)<\/td>\n<\/tr>\n<tr class=\"a-spacing-small po-resolution\">\n<td class=\"a-span3\">Resoluci\u00f3n<\/td>\n<td class=\"a-span9\"><span class=\"a-size-base po-break-word\">4K<\/span><\/td>\n<\/tr>\n<tr class=\"a-spacing-small po-refresh_rate\">\n<td class=\"a-span3\">Frecuencia de actualizaci\u00f3n<\/td>\n<td class=\"a-span9\"><span class=\"a-size-base po-break-word\">60 Hz<\/span><\/td>\n<\/tr>\n<tr class=\"a-spacing-small po-special_feature\">\n<td class=\"a-span3\">Caracter\u00edstica especial<\/td>\n<td class=\"a-span9\"><span class=\"a-size-base po-break-word\">Dolby Vision<\/span><\/td>\n<\/tr>\n<tr class=\"a-spacing-small po-model_name\">\n<td class=\"a-span3\">Nombre del modelo<\/td>\n<td class=\"a-span9\"><span class=\"a-size-base po-break-word\">KD55X80LPAEP<\/span><\/td>\n<\/tr>\n<tr class=\"a-spacing-small po-included_components\">\n<td class=\"a-span3\">Componentes incluidos<\/td>\n<td class=\"a-span9\">Mando a distancia<\/td>\n<\/tr>\n<\/tbody>\n<\/table>\n<p>&nbsp;<\/p>\n<p>&nbsp;<\/p>\n","protected":false},"featured_media":12961,"comment_status":"closed","ping_status":"closed","template":"","meta":[],"product_cat":[129,130],"product_tag":[],"class_list":["post-12768","product","type-product","status-publish","has-post-thumbnail","hentry","product_cat-imagen-y-sonido","product_cat-televisor"],"_links":{"self":[{"href":"https:\/\/electro-tot-menage.es\/index.php\/wp-json\/wp\/v2\/product\/12768"}],"collection":[{"href":"https:\/\/electro-tot-menage.es\/index.php\/wp-json\/wp\/v2\/product"}],"about":[{"href":"https:\/\/electro-tot-menage.es\/index.php\/wp-json\/wp\/v2\/types\/product"}],"replies":[{"embeddable":true,"href":"https:\/\/electro-tot-menage.es\/index.php\/wp-json\/wp\/v2\/comments?post=12768"}],"version-history":[{"count":5,"href":"https:\/\/electro-tot-menage.es\/index.php\/wp-json\/wp\/v2\/product\/12768\/revisions"}],"predecessor-version":[{"id":14567,"href":"https:\/\/electro-tot-menage.es\/index.php\/wp-json\/wp\/v2\/product\/12768\/revisions\/14567"}],"wp:featuredmedia":[{"embeddable":true,"href":"https:\/\/electro-tot-menage.es\/index.php\/wp-json\/wp\/v2\/media\/12961"}],"wp:attachment":[{"href":"https:\/\/electro-tot-menage.es\/index.php\/wp-json\/wp\/v2\/media?parent=12768"}],"wp:term":[{"taxonomy":"product_cat","embeddable":true,"href":"https:\/\/electro-tot-menage.es\/index.php\/wp-json\/wp\/v2\/product_cat?post=12768"},{"taxonomy":"product_tag","embeddable":true,"href":"https:\/\/electro-tot-menage.es\/index.php\/wp-json\/wp\/v2\/product_tag?post=12768"}],"curies":[{"name":"wp","href":"https:\/\/api.w.org\/{rel}","templated":true}]}}