{"id":12767,"date":"2023-12-02T11:16:59","date_gmt":"2023-12-02T10:16:59","guid":{"rendered":"https:\/\/electro-tot-menage.es\/?post_type=product&#038;p=12767"},"modified":"2023-12-02T11:18:49","modified_gmt":"2023-12-02T10:18:49","slug":"saeco-xelsis-suprema-machine-expresso-cafe-a-grain-connexion-wi-fi-22-specialites-de-cafe-ecran-tactile-intuitif-de-78-8-profils-utilisateur-broyeur-en-ceramique-sm8889-00","status":"publish","type":"product","link":"https:\/\/electro-tot-menage.es\/index.php\/produit\/saeco-xelsis-suprema-machine-expresso-cafe-a-grain-connexion-wi-fi-22-specialites-de-cafe-ecran-tactile-intuitif-de-78-8-profils-utilisateur-broyeur-en-ceramique-sm8889-00\/","title":{"rendered":"Saeco Xelsis Suprema Machine Expresso &#8211; Caf\u00e9 \u00e0 Grain &#8211; Connexion Wi-Fi, 22 Sp\u00e9cialit\u00e9s de Caf\u00e9, \u00c9cran Tactile Intuitif De 7,8&#8243;, 8 Profils Utilisateur, Broyeur en C\u00e9ramique (SM8889\/00)"},"content":{"rendered":"<div id=\"productOverview_feature_div\" class=\"celwidget\" data-feature-name=\"productOverview\" data-csa-c-type=\"widget\" data-csa-c-content-id=\"productOverview\" data-csa-c-slot-id=\"productOverview_feature_div\" data-csa-c-asin=\"B09BVPF7R6\" data-csa-c-is-in-initial-active-row=\"false\" data-csa-c-id=\"2aivrg-1golk4-mpxtiz-hqp06j\" data-cel-widget=\"productOverview_feature_div\">\n<div id=\"poExpander\" class=\"a-expander-collapsed-height a-row a-expander-container a-spacing-none a-expander-partial-collapse-container\" data-a-expander-name=\"product_overview\" data-a-expander-collapsed-height=\"210\">\n<div class=\"a-expander-content a-expander-partial-collapse-content a-expander-content-expanded\" aria-expanded=\"true\">\n<div class=\"a-section a-spacing-small a-spacing-top-small\">\n<table class=\"a-normal a-spacing-micro\">\n<tbody>\n<tr class=\"a-spacing-small po-brand\">\n<td class=\"a-span3\"><span class=\"a-size-base a-text-bold\">Marque<\/span><\/td>\n<td class=\"a-span9\"><span class=\"a-size-base po-break-word\">Philips Domestic Appliances<\/span><\/td>\n<\/tr>\n<tr class=\"a-spacing-small po-color\">\n<td class=\"a-span3\"><span class=\"a-size-base a-text-bold\">Couleur<\/span><\/td>\n<td class=\"a-span9\"><span class=\"a-size-base po-break-word\">Acier Inoxydable<\/span><\/td>\n<\/tr>\n<tr class=\"a-spacing-small po-item_depth_width_height\">\n<td class=\"a-span3\"><span class=\"a-size-base a-text-bold\">Dimensions du produit<\/span><\/td>\n<td class=\"a-span9\"><span class=\"a-size-base po-break-word\">28,7P x 48,7l x 39,6H centim\u00e8tres<\/span><\/td>\n<\/tr>\n<tr class=\"a-spacing-small po-special_feature\">\n<td class=\"a-span3\"><span class=\"a-size-base a-text-bold\">Caract\u00e9ristique sp\u00e9ciale<\/span><\/td>\n<td class=\"a-span9\"><span class=\"a-size-base po-break-word\">Filtre \u00e0 eau<\/span><\/td>\n<\/tr>\n<tr class=\"a-spacing-small po-coffee_maker_type\">\n<td class=\"a-span3\"><span class=\"a-size-base a-text-bold\">Type de cafeti\u00e8re<\/span><\/td>\n<td class=\"a-span9\"><span class=\"a-size-base po-break-word\">Machine \u00e0 espresso<\/span><\/td>\n<\/tr>\n<tr class=\"a-spacing-small po-filter_type\">\n<td class=\"a-span3\"><span class=\"a-size-base a-text-bold\">Type de filtre<\/span><\/td>\n<td class=\"a-span9\"><span class=\"a-size-base po-break-word\">R\u00e9utilisable<\/span><\/td>\n<\/tr>\n<tr class=\"a-spacing-small po-style\">\n<td class=\"a-span3\"><span class=\"a-size-base a-text-bold\">Style<\/span><\/td>\n<td class=\"a-span9\"><span class=\"a-size-base po-break-word\">Avec Connectivit\u00e9 Wi-Fi<\/span><\/td>\n<\/tr>\n<tr class=\"a-spacing-small po-specific_uses_for_product\">\n<td class=\"a-span3\"><span class=\"a-size-base a-text-bold\">Usages sp\u00e9cifiques pour le produit<\/span><\/td>\n<td class=\"a-span9\"><span class=\"a-size-base po-break-word\">Coupe chaude, Cr\u00e8me glac\u00e9e<\/span><\/td>\n<\/tr>\n<tr class=\"a-spacing-small po-recommended_uses_for_product\">\n<td class=\"a-span3\"><span class=\"a-size-base a-text-bold\">Usages recommand\u00e9s pour le produit<\/span><\/td>\n<td class=\"a-span9\"><span class=\"a-size-base po-break-word\">Reisen<\/span><\/td>\n<\/tr>\n<tr class=\"a-spacing-small po-operation_mode\">\n<td class=\"a-span3\"><span class=\"a-size-base a-text-bold\">Mode de fonctionnement<\/span><\/td>\n<td class=\"a-span9\"><span class=\"a-size-base po-break-word\">Fully Automatic<\/span><\/td>\n<\/tr>\n<\/tbody>\n<\/table>\n<\/div>\n<\/div>\n<div id=\"poToggleButton\" class=\"a-expander-header a-expander-partial-collapse-header\"><\/div>\n<\/div>\n<div id=\"glance_icons_div\" class=\"a-section a-spacing-top-base\">\n<hr class=\"a-divider-normal\" aria-hidden=\"true\" \/>\n<table class=\"a-normal\" style=\"height: 123px;\" width=\"520\">\n<tbody>\n<tr class=\"a-spacing-base\">\n<td class=\"a-span6\">\n<table class=\"a-normal\">\n<tbody>\n<tr>\n<td><img decoding=\"async\" src=\"https:\/\/m.media-amazon.com\/images\/I\/01dD7oHxg7L.svg\" alt=\"\" width=\"36px\" height=\"36px\" \/><\/td>\n<td><span class=\"a-size-base handle-overflow a-text-bold\">Capacit\u00e9<\/span><br \/>\n<span class=\"a-size-base handle-overflow\">7,8 Onces<\/span><\/td>\n<\/tr>\n<\/tbody>\n<\/table>\n<\/td>\n<td class=\"a-span6\">\n<table class=\"a-normal\">\n<tbody>\n<tr>\n<td><img decoding=\"async\" src=\"https:\/\/m.media-amazon.com\/images\/I\/01a9-dByS4L.svg\" alt=\"\" width=\"36px\" height=\"36px\" \/><\/td>\n<td><span class=\"a-size-base handle-overflow a-text-bold\">Mat\u00e9riau<\/span><br \/>\n<span class=\"a-size-base handle-overflow\">Acier inoxydable<\/span><\/td>\n<\/tr>\n<\/tbody>\n<\/table>\n<\/td>\n<\/tr>\n<tr class=\"a-spacing-base\">\n<td class=\"a-span6\">\n<table class=\"a-normal\">\n<tbody>\n<tr>\n<td><img decoding=\"async\" src=\"https:\/\/m.media-amazon.com\/images\/I\/015-tk7Ca2L.svg\" alt=\"\" width=\"36px\" height=\"36px\" \/><\/td>\n<td><span class=\"a-size-base handle-overflow a-text-bold\">Poids de l&#8217;article<\/span><br \/>\n<span class=\"a-size-base handle-overflow\">12 Kilogrammes<\/span><\/td>\n<\/tr>\n<\/tbody>\n<\/table>\n<\/td>\n<td class=\"a-span6\">\n<table class=\"a-normal\">\n<tbody>\n<tr>\n<td><img decoding=\"async\" src=\"https:\/\/m.media-amazon.com\/images\/I\/01IY5kEWkBL.svg\" alt=\"\" width=\"36px\" height=\"36px\" \/><\/td>\n<td><span class=\"a-size-base handle-overflow a-text-bold\">Tension<\/span><br \/>\n<span class=\"a-size-base handle-overflow\">230<\/span><\/td>\n<\/tr>\n<\/tbody>\n<\/table>\n<\/td>\n<\/tr>\n<\/tbody>\n<\/table>\n<\/div>\n<\/div>\n<div id=\"featurebullets_feature_div\" class=\"celwidget\" data-feature-name=\"featurebullets\" data-csa-c-type=\"widget\" data-csa-c-content-id=\"featurebullets\" data-csa-c-slot-id=\"featurebullets_feature_div\" data-csa-c-asin=\"B09BVPF7R6\" data-csa-c-is-in-initial-active-row=\"false\" data-csa-c-id=\"69ltdc-uih27s-9abo7h-i2fdwk\" data-cel-widget=\"featurebullets_feature_div\">\n<div id=\"feature-bullets\" class=\"a-section a-spacing-medium a-spacing-top-small\">\n<hr \/>\n<h1 class=\"a-size-base-plus a-text-bold\">\u00c0 propos de cet article<\/h1>\n<ul class=\"a-unordered-list a-vertical a-spacing-mini\">\n<li class=\"a-spacing-mini\"><span class=\"a-list-item\">Contr\u00f4le simple : Wi-Fi int\u00e9gr\u00e9 pour am\u00e9liorer en permanence la pr\u00e9paration de vos caf\u00e9s pr\u00e9f\u00e9r\u00e9s et int\u00e9grer de nouvelles recettes, fonctionnalit\u00e9s et profiter des mises \u00e0 jour logicielles, directement sur l&#8217;\u00e9cran et sans avoir besoin d&#8217;une application mobile<\/span><\/li>\n<li class=\"a-spacing-mini\"><span class=\"a-list-item\">22 Sp\u00e9cialit\u00e9s de Caf\u00e9 en toute simplicit\u00e9 : D\u00e9couvrez tout un univers de caf\u00e9 &#8211; Expresso, cappuccino, macchiato et toute une gamme d&#8217;options<\/span><\/li>\n<li class=\"a-spacing-mini\"><span class=\"a-list-item\">Profitez pleinement de vos grains de caf\u00e9 : Le syst\u00e8me BeanMaestro ajuste automatiquement les param\u00e8tres de pr\u00e9paration pour obtenir les meilleurs ar\u00f4mes et saveurs en fonction du type et de la torr\u00e9faction de vos grains de caf\u00e9<\/span><\/li>\n<li class=\"a-spacing-mini\"><span class=\"a-list-item\">Choisissez vos pr\u00e9f\u00e9rences : Les caf\u00e9s pr\u00e9f\u00e9r\u00e9s de chacun peuvent \u00eatre enregistr\u00e9s pour 8 Profils utilisateur pour une s\u00e9lection instantan\u00e9e. Personnalisez facilement chaque profil jusque dans les moindres d\u00e9tails<\/span><\/li>\n<li class=\"a-spacing-mini\"><span class=\"a-list-item\">La connectivit\u00e9 de l&#8217;appareil est disponible dans les pays suivants : Allemagne, Autriche, Suisse, France, Belgique, Pays-Bas, Luxembourg, Italie, Hongrie, R\u00e9publique tch\u00e8que, Croatie, Serbie, Bulgarie, Pologne, Slov\u00e9nie, Slovaquie, Roumanie, Lettonie, Lituanie, Estonie, Espagne, Portugal. La fonctionnalit\u00e9 d&#8217;achat sur Amazon est disponible dans les pays suivants : France, Allemagne, Italie, Espagne<\/span><\/li>\n<\/ul>\n<\/div>\n<\/div>\n","protected":false},"excerpt":{"rendered":"<p>Marque Philips Domestic Appliances Couleur Acier Inoxydable Dimensions du produit 28,7P x 48,7l x 39,6H centim\u00e8tres Caract\u00e9ristique sp\u00e9ciale Filtre \u00e0<\/p>\n","protected":false},"featured_media":12956,"comment_status":"open","ping_status":"closed","template":"","meta":[],"product_cat":[128],"product_tag":[],"class_list":["post-12767","product","type-product","status-publish","has-post-thumbnail","hentry","product_cat-maquina-de-cafe"],"_links":{"self":[{"href":"https:\/\/electro-tot-menage.es\/index.php\/wp-json\/wp\/v2\/product\/12767"}],"collection":[{"href":"https:\/\/electro-tot-menage.es\/index.php\/wp-json\/wp\/v2\/product"}],"about":[{"href":"https:\/\/electro-tot-menage.es\/index.php\/wp-json\/wp\/v2\/types\/product"}],"replies":[{"embeddable":true,"href":"https:\/\/electro-tot-menage.es\/index.php\/wp-json\/wp\/v2\/comments?post=12767"}],"version-history":[{"count":1,"href":"https:\/\/electro-tot-menage.es\/index.php\/wp-json\/wp\/v2\/product\/12767\/revisions"}],"predecessor-version":[{"id":12960,"href":"https:\/\/electro-tot-menage.es\/index.php\/wp-json\/wp\/v2\/product\/12767\/revisions\/12960"}],"wp:featuredmedia":[{"embeddable":true,"href":"https:\/\/electro-tot-menage.es\/index.php\/wp-json\/wp\/v2\/media\/12956"}],"wp:attachment":[{"href":"https:\/\/electro-tot-menage.es\/index.php\/wp-json\/wp\/v2\/media?parent=12767"}],"wp:term":[{"taxonomy":"product_cat","embeddable":true,"href":"https:\/\/electro-tot-menage.es\/index.php\/wp-json\/wp\/v2\/product_cat?post=12767"},{"taxonomy":"product_tag","embeddable":true,"href":"https:\/\/electro-tot-menage.es\/index.php\/wp-json\/wp\/v2\/product_tag?post=12767"}],"curies":[{"name":"wp","href":"https:\/\/api.w.org\/{rel}","templated":true}]}}