{"id":12723,"date":"2023-12-02T11:16:33","date_gmt":"2023-12-02T10:16:33","guid":{"rendered":"https:\/\/electro-tot-menage.es\/?post_type=product&#038;p=12723"},"modified":"2025-04-18T19:59:33","modified_gmt":"2025-04-18T17:59:33","slug":"cafetera-expreso-philips-serie-3200-cafe-en-grano-espumador-de-leche-clasico-4-especialidades-de-cafe-pantalla-tactil-intuitiva-negro-brillante-ep3221-40","status":"publish","type":"product","link":"https:\/\/electro-tot-menage.es\/index.php\/produit\/cafetera-expreso-philips-serie-3200-cafe-en-grano-espumador-de-leche-clasico-4-especialidades-de-cafe-pantalla-tactil-intuitiva-negro-brillante-ep3221-40\/","title":{"rendered":"Cafetera expreso Philips Serie 3200 &#8211; Caf\u00e9 en grano &#8211; Espumador de leche cl\u00e1sico, 4 especialidades de caf\u00e9, pantalla t\u00e1ctil intuitiva, negro brillante (EP3221\/40)"},"content":{"rendered":"<p>Electrodom\u00e9sticos de la marca Philips<br \/>\nColor negro<br \/>\nDimensiones del producto: 24,6 cm de profundidad x 37,1 cm de ancho x 43,3 cm de alto.<br \/>\nCaracter\u00edstica especial Piezas aptas para lavavajillas, Compatible con filtro AquaClean, Pantalla t\u00e1ctil<br \/>\nTipo de cafetera M\u00e1quina de espresso<br \/>\nTipo de filtro reutilizable<br \/>\nEstilo sin conectividad Wi-Fi<br \/>\nUsos espec\u00edficos del producto Filtro de agua, Cap\u00f3, Espumador de leche, Molinillo de caf\u00e9 integrado, Programable<br \/>\nUsos recomendados para el producto Reisen<br \/>\nComponentes incluidos Tubo y smeermiddel Maatschepje Probador para agua hardheid AquaClean-filter<\/p>\n<p>Capacidad<br \/>\n275 gramos<br \/>\nMaterial<br \/>\nPl\u00e1stico<br \/>\nFuerza<br \/>\n1500 vatios<br \/>\nTensi\u00f3n<br \/>\n230 voltios<\/p>\n<p>Acerca de este art\u00edculo<\/p>\n<p>Espuma suave y aterciopelada: espumador de leche Panarello para una espuma de leche con una textura perfecta &#8211; Fabricado en solo dos piezas, para una limpieza f\u00e1cil<br \/>\nControl simple: Esta cafetera cuenta con una pantalla t\u00e1ctil intuitiva que le permite seleccionar f\u00e1cilmente el caf\u00e9 que necesita y desea.<br \/>\nPersonalice su experiencia de caf\u00e9: ajuste la intensidad y el volumen de su caf\u00e9 especial con el men\u00fa My Coffee Choice. Elija f\u00e1cilmente entre tres configuraciones para adaptarse a sus preferencias<br \/>\nFiltro potente y f\u00e1cil mantenimiento: Gracias a AquaClean, disfruta de agua clara y purificada, cambiando el filtro despu\u00e9s de que la m\u00e1quina lo indique, podr\u00e1s disfrutar de hasta 5.000 tazas sin descalcificar.<br \/>\nMolinillo potente: 100 % cer\u00e1mica. Con 12 configuraciones para ajustar la molienda de sus granos, desde ultrafina hasta una molienda m\u00e1s gruesa.<br \/>\nAltura del ca\u00f1o ajustable: 85-145 mm<\/p>\n","protected":false},"excerpt":{"rendered":"<p>Electrodom\u00e9sticos de la marca Philips Color negro Dimensiones del producto: 24,6 cm de profundidad x 37,1 cm de ancho x<\/p>\n","protected":false},"featured_media":12951,"comment_status":"closed","ping_status":"closed","template":"","meta":[],"product_cat":[128],"product_tag":[],"class_list":["post-12723","product","type-product","status-publish","has-post-thumbnail","hentry","product_cat-maquina-de-cafe"],"_links":{"self":[{"href":"https:\/\/electro-tot-menage.es\/index.php\/wp-json\/wp\/v2\/product\/12723"}],"collection":[{"href":"https:\/\/electro-tot-menage.es\/index.php\/wp-json\/wp\/v2\/product"}],"about":[{"href":"https:\/\/electro-tot-menage.es\/index.php\/wp-json\/wp\/v2\/types\/product"}],"replies":[{"embeddable":true,"href":"https:\/\/electro-tot-menage.es\/index.php\/wp-json\/wp\/v2\/comments?post=12723"}],"version-history":[{"count":3,"href":"https:\/\/electro-tot-menage.es\/index.php\/wp-json\/wp\/v2\/product\/12723\/revisions"}],"predecessor-version":[{"id":13471,"href":"https:\/\/electro-tot-menage.es\/index.php\/wp-json\/wp\/v2\/product\/12723\/revisions\/13471"}],"wp:featuredmedia":[{"embeddable":true,"href":"https:\/\/electro-tot-menage.es\/index.php\/wp-json\/wp\/v2\/media\/12951"}],"wp:attachment":[{"href":"https:\/\/electro-tot-menage.es\/index.php\/wp-json\/wp\/v2\/media?parent=12723"}],"wp:term":[{"taxonomy":"product_cat","embeddable":true,"href":"https:\/\/electro-tot-menage.es\/index.php\/wp-json\/wp\/v2\/product_cat?post=12723"},{"taxonomy":"product_tag","embeddable":true,"href":"https:\/\/electro-tot-menage.es\/index.php\/wp-json\/wp\/v2\/product_tag?post=12723"}],"curies":[{"name":"wp","href":"https:\/\/api.w.org\/{rel}","templated":true}]}}