{"id":12720,"date":"2023-12-02T11:16:32","date_gmt":"2023-12-02T10:16:32","guid":{"rendered":"https:\/\/electro-tot-menage.es\/?post_type=product&#038;p=12720"},"modified":"2025-04-18T20:02:58","modified_gmt":"2025-04-18T18:02:58","slug":"cafetera-philips-senseo-switch-hd6592-84-de-capsulas-y-filtro-tecnologia-de-preparacion-2-en-1-deposito-de-agua-de-1-litro-7-tazas-de-una-sola-vez-color-rojo-monza","status":"publish","type":"product","link":"https:\/\/electro-tot-menage.es\/index.php\/produit\/cafetera-philips-senseo-switch-hd6592-84-de-capsulas-y-filtro-tecnologia-de-preparacion-2-en-1-deposito-de-agua-de-1-litro-7-tazas-de-una-sola-vez-color-rojo-monza\/","title":{"rendered":"Cafetera Philips SENSEO Switch HD6592\/84 de c\u00e1psulas y filtro, tecnolog\u00eda de preparaci\u00f3n 2 en 1, dep\u00f3sito de agua de 1 litro, 7 tazas de una sola vez, color rojo Monza"},"content":{"rendered":"<p>Electrodom\u00e9sticos de la marca Philips<br \/>\nColor rojo<br \/>\nCaracter\u00edstica especial Tanque extra\u00edble (Tanque extra\u00edble)<br \/>\nTipo de cafetera Cafetera el\u00e9ctrica de filtro<br \/>\nEstilo moderno<br \/>\nUsos espec\u00edficos del producto Espresso<br \/>\nUsos recomendados para el producto Reisen<br \/>\nModo de funcionamiento semiautom\u00e1tico<br \/>\nN\u00famero de art\u00edculos: 1<br \/>\nEntrada de interfaz humana<br \/>\nCapacidad<br \/>\n1 litro<\/p>\n<p>Material<br \/>\nAcero inoxidable<\/p>\n<p>Peso del art\u00edculo<br \/>\n3600 gramos<\/p>\n<p>Fuerza<br \/>\n1450 vatios<br \/>\nAcerca de este art\u00edculo<br \/>\nTermo de acero inoxidable: El recipiente t\u00e9rmico de acero inoxidable conserva la temperatura y el aroma durante horas.<br \/>\nOperaci\u00f3n con un solo toque: Los tres botones de control simples le permiten preparar 1 taza, 2 tazas o una cafetera con solo un toque.<br \/>\nCrema deliciosa: la excelente selecci\u00f3n de monodosis SENSEO y la tecnolog\u00eda de preparaci\u00f3n 2 en 1 garantizan que su taza de caf\u00e9 SENSEO siempre tenga una crema deliciosa.<br \/>\nDep\u00f3sito de agua de 1 litro: Con el tanque de agua de 1 litro, podr\u00e1s preparar hasta 7 tazas de caf\u00e9 sin tener que rellenarlo.<br \/>\nJarra t\u00e9rmica de 7 tazas: con la cafetera t\u00e9rmica de acero inoxidable, puede preparar hasta 7 tazas de aut\u00e9ntico caf\u00e9 de filtro a la vez.<\/p>\n","protected":false},"excerpt":{"rendered":"<p>Electrodom\u00e9sticos de la marca Philips Color rojo Caracter\u00edstica especial Tanque extra\u00edble (Tanque extra\u00edble) Tipo de cafetera Cafetera el\u00e9ctrica de filtro<\/p>\n","protected":false},"featured_media":12935,"comment_status":"closed","ping_status":"closed","template":"","meta":[],"product_cat":[128],"product_tag":[],"class_list":["post-12720","product","type-product","status-publish","has-post-thumbnail","hentry","product_cat-maquina-de-cafe"],"_links":{"self":[{"href":"https:\/\/electro-tot-menage.es\/index.php\/wp-json\/wp\/v2\/product\/12720"}],"collection":[{"href":"https:\/\/electro-tot-menage.es\/index.php\/wp-json\/wp\/v2\/product"}],"about":[{"href":"https:\/\/electro-tot-menage.es\/index.php\/wp-json\/wp\/v2\/types\/product"}],"replies":[{"embeddable":true,"href":"https:\/\/electro-tot-menage.es\/index.php\/wp-json\/wp\/v2\/comments?post=12720"}],"version-history":[{"count":2,"href":"https:\/\/electro-tot-menage.es\/index.php\/wp-json\/wp\/v2\/product\/12720\/revisions"}],"predecessor-version":[{"id":13478,"href":"https:\/\/electro-tot-menage.es\/index.php\/wp-json\/wp\/v2\/product\/12720\/revisions\/13478"}],"wp:featuredmedia":[{"embeddable":true,"href":"https:\/\/electro-tot-menage.es\/index.php\/wp-json\/wp\/v2\/media\/12935"}],"wp:attachment":[{"href":"https:\/\/electro-tot-menage.es\/index.php\/wp-json\/wp\/v2\/media?parent=12720"}],"wp:term":[{"taxonomy":"product_cat","embeddable":true,"href":"https:\/\/electro-tot-menage.es\/index.php\/wp-json\/wp\/v2\/product_cat?post=12720"},{"taxonomy":"product_tag","embeddable":true,"href":"https:\/\/electro-tot-menage.es\/index.php\/wp-json\/wp\/v2\/product_tag?post=12720"}],"curies":[{"name":"wp","href":"https:\/\/api.w.org\/{rel}","templated":true}]}}