{"id":12685,"date":"2023-12-02T11:16:10","date_gmt":"2023-12-02T10:16:10","guid":{"rendered":"https:\/\/electro-tot-menage.es\/?post_type=product&#038;p=12685"},"modified":"2025-05-28T03:10:35","modified_gmt":"2025-05-28T01:10:35","slug":"aspirateur-kobold-vr300-robot-vorwerk","status":"publish","type":"product","link":"https:\/\/electro-tot-menage.es\/index.php\/produit\/aspirateur-kobold-vr300-robot-vorwerk\/","title":{"rendered":"Robot aspirador Kobold VR300 \u2013 Vorwerk"},"content":{"rendered":"<p>EFICIENTE<\/p>\n<p>MOTOR 100 % VORWERK<br \/>\nSu motor dise\u00f1ado y fabricado por Vorwerk garantiza un excelente rendimiento de succi\u00f3n.<\/p>\n<p>BATER\u00cdA DE IONES DE LITIO<br \/>\nEl robot aspirador VR300 tiene una bater\u00eda de larga duraci\u00f3n de hasta 90 minutos o 120 m\u00b2.<\/p>\n<p>CEPILLO GIRATORIO<br \/>\nSus cepillos giratorios giran 1800 veces por minuto y son adecuados para todas las superficies.<\/p>\n<p>VAC\u00cdO PROFUNDO<br \/>\nAspira toda la suciedad, incluso el pelo de mascota m\u00e1s incrustado.<\/p>\n<p>INTELIGENTE<\/p>\n<p>ESC\u00c1NER L\u00c1SER DE 360\u00b0<br \/>\nGracias a su esc\u00e1ner l\u00e1ser de 360\u00b0, el robot aspirador mapea con precisi\u00f3n tus habitaciones, incluidos los obst\u00e1culos.<\/p>\n<p>14 SENSORES<br \/>\nEquipado con 14 sensores, detecta huecos, como escaleras, y obst\u00e1culos, como muebles o mascotas.<\/p>\n<p>DEVOLUCIONES AUTOM\u00c1TICAS<br \/>\nRegresa autom\u00e1ticamente a su base para cargarse y reanuda la limpieza donde la dej\u00f3.<\/p>\n<p>CONECTADO<\/p>\n<p>CARTOGRAF\u00cdA<br \/>\nDesde la aplicaci\u00f3n m\u00f3vil, podr\u00e1s visualizar planos personalizados de tu interior y delimitar zonas de limpieza mediante barreras virtuales.<\/p>\n<p>PLANIFICACI\u00d3N<br \/>\nPuedes programar d\u00edas de limpieza (d\u00eda, hora, recurrencia) desde la aplicaci\u00f3n m\u00f3vil.<\/p>\n<p>LANZAMIENTO REMOTO<br \/>\nDesde la aplicaci\u00f3n m\u00f3vil, puedes comenzar a limpiar de forma remota y recibir\u00e1s una notificaci\u00f3n tan pronto como se complete la limpieza.<\/p>\n<p>PR\u00c1CTICO<\/p>\n<p>SOLO 9 CM DE ALTURA<br \/>\nCon 9 cm de altura, cabe f\u00e1cilmente debajo de tus camas y sof\u00e1s.<\/p>\n<p>FORMA DE D<br \/>\nSu forma en D y su cepillo lateral le permiten aspirar eficazmente, incluso en los rincones.<\/p>\n<p>RUEDAS ARTICULADAS<br \/>\nSus ruedas articuladas le permiten superar obst\u00e1culos de hasta 2 cm.<\/p>\n<p>F\u00c1CIL DE MANTENER<br \/>\nEquipado con un dep\u00f3sito de polvo extra\u00edble, puedes vaciarlo f\u00e1cilmente.<\/p>\n<p>Peso: 5 kg<br \/>\nLongitud: 34 cm<br \/>\nAncho: 34 cm<br \/>\nAltura: 9 cm<br \/>\nGarant\u00eda de 2 a\u00f1os<\/p>\n<p>CONTENIDO<br \/>\n1 estaci\u00f3n de carga<br \/>\n1 cable de alimentaci\u00f3n<br \/>\n1 cepillo lateral<br \/>\n1 cubo de basura<br \/>\n1 filtro<br \/>\n1 Instrucciones de uso<\/p>\n","protected":false},"excerpt":{"rendered":"<p>\u2705 Env\u00edo gratuito: de 5 a 7 d\u00edas<br \/>\n\u2705 Env\u00edo expr\u00e9s (9\u202f\u20ac): de 2 a 3 d\u00edas<br \/>\n\u2705 Pago seguro<br \/>\n\u2705 Devoluci\u00f3n en 30 d\u00edas<\/p>\n<p>Inteligencia al servicio del rendimiento.<\/p>\n<p>F\u00e1cil de usar y equipado con inteligencia de navegaci\u00f3n, \u00a1el nuevo robot aspirador Kobold VR300 garantiza un alto rendimiento de limpieza!<\/p>\n<p>Garant\u00eda de devoluci\u00f3n de dinero de 30 d\u00edas.<\/p>\n","protected":false},"featured_media":12928,"comment_status":"closed","ping_status":"closed","template":"","meta":[],"product_cat":[99,127],"product_tag":[],"class_list":["post-12685","product","type-product","status-publish","has-post-thumbnail","hentry","product_cat-cuidado-del-suelo","product_cat-robot-aspirador"],"_links":{"self":[{"href":"https:\/\/electro-tot-menage.es\/index.php\/wp-json\/wp\/v2\/product\/12685"}],"collection":[{"href":"https:\/\/electro-tot-menage.es\/index.php\/wp-json\/wp\/v2\/product"}],"about":[{"href":"https:\/\/electro-tot-menage.es\/index.php\/wp-json\/wp\/v2\/types\/product"}],"replies":[{"embeddable":true,"href":"https:\/\/electro-tot-menage.es\/index.php\/wp-json\/wp\/v2\/comments?post=12685"}],"version-history":[{"count":4,"href":"https:\/\/electro-tot-menage.es\/index.php\/wp-json\/wp\/v2\/product\/12685\/revisions"}],"predecessor-version":[{"id":14545,"href":"https:\/\/electro-tot-menage.es\/index.php\/wp-json\/wp\/v2\/product\/12685\/revisions\/14545"}],"wp:featuredmedia":[{"embeddable":true,"href":"https:\/\/electro-tot-menage.es\/index.php\/wp-json\/wp\/v2\/media\/12928"}],"wp:attachment":[{"href":"https:\/\/electro-tot-menage.es\/index.php\/wp-json\/wp\/v2\/media?parent=12685"}],"wp:term":[{"taxonomy":"product_cat","embeddable":true,"href":"https:\/\/electro-tot-menage.es\/index.php\/wp-json\/wp\/v2\/product_cat?post=12685"},{"taxonomy":"product_tag","embeddable":true,"href":"https:\/\/electro-tot-menage.es\/index.php\/wp-json\/wp\/v2\/product_tag?post=12685"}],"curies":[{"name":"wp","href":"https:\/\/api.w.org\/{rel}","templated":true}]}}