{"id":12682,"date":"2023-12-02T11:16:10","date_gmt":"2023-12-02T10:16:10","guid":{"rendered":"https:\/\/electro-tot-menage.es\/?post_type=product&#038;p=12682"},"modified":"2025-05-28T03:09:28","modified_gmt":"2025-05-28T01:09:28","slug":"aspirateur-robot-botvac-d85-70-db-noir","status":"publish","type":"product","link":"https:\/\/electro-tot-menage.es\/index.php\/produit\/aspirateur-robot-botvac-d85-70-db-noir\/","title":{"rendered":"Robot aspirador Botvac D85 \u2013 70 dB \u2013 Negro"},"content":{"rendered":"<p>Neato Botvac D85<br \/>\nEl robot aspirador de alto rendimiento, especialmente dise\u00f1ado para recoger todo tipo de pelo, ideal para hogares con mascotas.<br \/>\nVerlo en acci\u00f3n<\/p>\n<p>Potente robot aspirador con tecnolog\u00eda de navegaci\u00f3n LaserSmart.<br \/>\nAspiradora robot de alto rendimiento con tecnolog\u00eda de navegaci\u00f3n ultraprecisa LaserSmart de Neato y detecci\u00f3n de objetos en tiempo real. El robot Neato escanea y mapea la habitaci\u00f3n, planifica y limpia met\u00f3dicamente, sin chocar con las paredes. Programa tu robot para que limpie diariamente. La funci\u00f3n SpinFlow proporciona una potente succi\u00f3n para limpiar la suciedad, las migas y el pelo de las mascotas en todo tipo de suelos. Ideal para hogares con mascotas.<\/p>\n<p>El robot regresa autom\u00e1ticamente a su base para recargarse y reanuda la limpieza hasta que todos los pisos est\u00e9n limpios.<\/p>\n<p>La soluci\u00f3n ideal para deshacerse del pelo de las mascotas.<\/p>\n<p>Tecnolog\u00eda D-shape y CornerClever<br \/>\nLa forma en D permite que el robot aspire la suciedad de todos los rincones.<br \/>\nEl cepillo principal cubre todo el ancho del robot, para una ruta de limpieza eficiente.<br \/>\nLimpia lo m\u00e1s cerca posible de las paredes y los objetos.<br \/>\nPuntos principales<br \/>\nCaracter\u00edsticas principales del robot aspirador Botvac D85<\/p>\n<p>Succi\u00f3n \u00f3ptima del cabello<br \/>\nParquet, baldosas, laminados y moqueta\u2026 Mantenga sus suelos impecables, libres de polvo, pelos de mascotas y cualquier otra suciedad.<\/p>\n<p>Robot aspirador inteligente y potente<br \/>\nLos robots Neato se encuentran entre los robots aspiradores m\u00e1s inteligentes y potentes del mercado. La navegaci\u00f3n l\u00e1ser, la potente succi\u00f3n y el ingenioso dise\u00f1o de los robots Neato permiten a las personas ocupadas y a los due\u00f1os de mascotas mantener sus hogares impecables sin tener que pasar la aspiradora.<br \/>\n1CNET \u2013 Agosto de 2016 https:\/\/www.cnet.com\/products\/neato-botvac-connected-robot-vacuum\/2\/ \u2013 Adem\u00e1s, los robots Neato utilizan tecnolog\u00eda de navegaci\u00f3n l\u00e1ser de gran precisi\u00f3n, que les permite navegar incluso en habitaciones oscuras, a diferencia de los robots con c\u00e1mara o los robots que se mueven aleatoriamente.<\/p>\n<p>Accesorios certificados por Neato<\/p>\n<p>Utilice siempre accesorios certificados por Neato<br \/>\nAseg\u00farese de que las bater\u00edas de repuesto, filtros, cepillos y otros componentes sean accesorios certificados por Neato.<\/p>\n<p>Los accesorios producidos por terceros pueden da\u00f1ar su robot o causar problemas de rendimiento y tambi\u00e9n anular\u00e1n la garant\u00eda del producto.<\/p>\n<p>-10% para miembros de A Volont\u00e9 con el c\u00f3digo VIPCDAV Negro \u2013 70 dB \u2013 Autonom\u00eda: 60 min \u2013 Tiempo de carga: 2h \u2013 Muro virtual \u2013 2 programas \u2013 Capacidad: 700ML \u2013 Retorno autom\u00e1tico a la base \u2013 Tecnolog\u00eda CornerClever \u2013 Incluye: 2 filtros + 3 cepillos \u2013 Garant\u00eda: 2 a\u00f1os<\/p>\n<p>Recolecci\u00f3n de polvo sin bolsa<br \/>\nModo de limpieza en seco<br \/>\nTipo de robot limpiador<br \/>\nAspiradora tipo Uso general<br \/>\nCaracter\u00edsticas especiales: Modo de limpieza programada diaria, Retorno autom\u00e1tico a la base de carga, Modo de limpieza programada semanal, Sistema de aspiraci\u00f3n de pelo de mascotas, Modo de limpieza de montaje en pared, Tecnolog\u00eda LaserSmart, Sistema de limpieza a presi\u00f3n SpinFlow, Tecnolog\u00eda CornerClever<br \/>\nConsumo<br \/>\nTipo de fuente de alimentaci\u00f3n Bater\u00edas recargables<br \/>\nHerramientas incluidas: cepillo espiral, cepillo lateral, cepillo combinado<br \/>\nCaracter\u00edsticas externas Dise\u00f1o en forma de D<br \/>\nDimensiones y peso<br \/>\nAncho 33,5 cm<br \/>\nProfundidad 32,1 cm<br \/>\nAltura 10 cm<br \/>\nDimensiones y peso (embalado)<br \/>\nAltura (Env\u00edo) 13,9 cm<br \/>\nAncho (embalaje) 39,8 cm<br \/>\nProfundidad (embalado) 56,3 cm<br \/>\nPeso (Env\u00edo) 7 kg<br \/>\nAtributos de b\u00fasqueda<br \/>\nLimpieza | Modo de limpieza en seco<\/p>\n","protected":false},"excerpt":{"rendered":"<div class=\"woocommerce-product-details__short-description\">\n<p>\u2705 Env\u00edo gratuito: de 5 a 7 d\u00edas<br \/>\n\u2705 Env\u00edo expr\u00e9s (9\u202f\u20ac): de 2 a 3 d\u00edas<br \/>\n\u2705 Pago seguro<br \/>\n\u2705 Devoluci\u00f3n en 30 d\u00edas<\/p>\n<p>Negro \u2013 70 dB \u2013 Autonom\u00eda: 60 min \u2013 Tiempo de carga: 2h \u2013 Pared virtual \u2013 2 programas \u2013 Capacidad: 700ML \u2013 Retorno autom\u00e1tico a la base \u2013 Tecnolog\u00eda CornerClever \u2013 Incluye: 2 filtros + 3 cepillos \u2013 Garant\u00eda: 2 a\u00f1os<\/p>\n<\/div>\n","protected":false},"featured_media":12912,"comment_status":"closed","ping_status":"closed","template":"","meta":[],"product_cat":[99,126],"product_tag":[],"class_list":["post-12682","product","type-product","status-publish","has-post-thumbnail","hentry","product_cat-cuidado-del-suelo","product_cat-limpiador-a-vapor"],"_links":{"self":[{"href":"https:\/\/electro-tot-menage.es\/index.php\/wp-json\/wp\/v2\/product\/12682"}],"collection":[{"href":"https:\/\/electro-tot-menage.es\/index.php\/wp-json\/wp\/v2\/product"}],"about":[{"href":"https:\/\/electro-tot-menage.es\/index.php\/wp-json\/wp\/v2\/types\/product"}],"replies":[{"embeddable":true,"href":"https:\/\/electro-tot-menage.es\/index.php\/wp-json\/wp\/v2\/comments?post=12682"}],"version-history":[{"count":4,"href":"https:\/\/electro-tot-menage.es\/index.php\/wp-json\/wp\/v2\/product\/12682\/revisions"}],"predecessor-version":[{"id":14543,"href":"https:\/\/electro-tot-menage.es\/index.php\/wp-json\/wp\/v2\/product\/12682\/revisions\/14543"}],"wp:featuredmedia":[{"embeddable":true,"href":"https:\/\/electro-tot-menage.es\/index.php\/wp-json\/wp\/v2\/media\/12912"}],"wp:attachment":[{"href":"https:\/\/electro-tot-menage.es\/index.php\/wp-json\/wp\/v2\/media?parent=12682"}],"wp:term":[{"taxonomy":"product_cat","embeddable":true,"href":"https:\/\/electro-tot-menage.es\/index.php\/wp-json\/wp\/v2\/product_cat?post=12682"},{"taxonomy":"product_tag","embeddable":true,"href":"https:\/\/electro-tot-menage.es\/index.php\/wp-json\/wp\/v2\/product_tag?post=12682"}],"curies":[{"name":"wp","href":"https:\/\/api.w.org\/{rel}","templated":true}]}}