{"id":12681,"date":"2023-12-02T11:16:10","date_gmt":"2023-12-02T10:16:10","guid":{"rendered":"https:\/\/electro-tot-menage.es\/?post_type=product&#038;p=12681"},"modified":"2025-05-28T03:09:02","modified_gmt":"2025-05-28T01:09:02","slug":"aspirateur-nettoyeur-vapeur-unico-mcv85_total-clean-turbo","status":"publish","type":"product","link":"https:\/\/electro-tot-menage.es\/index.php\/produit\/aspirateur-nettoyeur-vapeur-unico-mcv85_total-clean-turbo\/","title":{"rendered":"Unico MCV85_Total Clean &#038; Turbo Limpiador a vapor &#8211; Aspiradora"},"content":{"rendered":"<h3 class=\"\" data-start=\"61\" data-end=\"97\">\ud83e\uddfc <strong data-start=\"68\" data-end=\"97\">Descripci\u00f3n del producto:<\/strong><\/h3>\n<p class=\"\" data-start=\"99\" data-end=\"564\">\u2013 Aspirado, limpieza a vapor y secado<br data-start=\"136\" data-end=\"139\" \/>\u2013 Recogida de polvo: Sin bolsa<br data-start=\"169\" data-end=\"172\" \/>\u2013 Modo de limpieza: Vapor<br data-start=\"197\" data-end=\"200\" \/>\u2013 Presi\u00f3n: 6 BARES<br data-start=\"218\" data-end=\"221\" \/>\u2013 Incluye 17 accesorios: Cepillo multifunci\u00f3n, cepillo turbo para suelos, mini cepillo turbo, cepillo 2 en 1, rascador para ventanas, concentrador de vapor, 3 cepillos peque\u00f1os de nailon, boquilla de succi\u00f3n, lanza 2 en 1, mango vertical, accesorio para parquet, 2 mopas, 2 pa\u00f1os Frescoaspira, soporte para accesorios<br data-start=\"538\" data-end=\"541\" \/><strong data-start=\"541\" data-end=\"564\">FABRICADO EN ITALIA<\/strong><\/p>\n<hr class=\"\" data-start=\"566\" data-end=\"569\" \/>\n<h3 class=\"\" data-start=\"571\" data-end=\"615\">\ud83d\udce6 <strong data-start=\"578\" data-end=\"615\">Informaci\u00f3n general del producto:<\/strong><\/h3>\n<p class=\"\" data-start=\"617\" data-end=\"739\"><strong data-start=\"617\" data-end=\"627\">Marca:<\/strong> POLTI<br data-start=\"633\" data-end=\"636\" \/><strong data-start=\"636\" data-end=\"660\">Nombre del producto:<\/strong> POLTI Unico Limpiador a vapor MCV85_Total<br data-start=\"702\" data-end=\"705\" \/><strong data-start=\"705\" data-end=\"719\">Categor\u00eda:<\/strong> LIMPIADOR A VAPOR<\/p>\n<h4 class=\"\" data-start=\"741\" data-end=\"761\">\u2699\ufe0f <strong data-start=\"749\" data-end=\"761\">General:<\/strong><\/h4>\n<ul data-start=\"763\" data-end=\"1310\">\n<li class=\"\" data-start=\"763\" data-end=\"795\">\n<p class=\"\" data-start=\"765\" data-end=\"795\">Tipo de producto: Aspiradora<\/p>\n<\/li>\n<li class=\"\" data-start=\"796\" data-end=\"828\">\n<p class=\"\" data-start=\"798\" data-end=\"828\">Recogida de polvo: Sin bolsa<\/p>\n<\/li>\n<li class=\"\" data-start=\"829\" data-end=\"867\">\n<p class=\"\" data-start=\"831\" data-end=\"867\">Capacidad del dep\u00f3sito: 0,8 litros<\/p>\n<\/li>\n<li class=\"\" data-start=\"868\" data-end=\"910\">\n<p class=\"\" data-start=\"870\" data-end=\"910\">Modos de limpieza: Vapor, seco, h\u00famedo<\/p>\n<\/li>\n<li class=\"\" data-start=\"911\" data-end=\"953\">\n<p class=\"\" data-start=\"913\" data-end=\"953\">Potencia m\u00e1xima del motor: 1350 vatios<\/p>\n<\/li>\n<li class=\"\" data-start=\"954\" data-end=\"989\">\n<p class=\"\" data-start=\"956\" data-end=\"989\">N\u00famero de etapas de filtrado: 5<\/p>\n<\/li>\n<li class=\"\" data-start=\"990\" data-end=\"1018\">\n<p class=\"\" data-start=\"992\" data-end=\"1018\">Tipo de filtro HEPA: H13<\/p>\n<\/li>\n<li class=\"\" data-start=\"1019\" data-end=\"1049\">\n<p class=\"\" data-start=\"1021\" data-end=\"1049\">Tipo de trineo de limpieza<\/p>\n<\/li>\n<li class=\"\" data-start=\"1050\" data-end=\"1081\">\n<p class=\"\" data-start=\"1052\" data-end=\"1081\">Potencia de vapor: 95 g\/min<\/p>\n<\/li>\n<li class=\"\" data-start=\"1082\" data-end=\"1111\">\n<p class=\"\" data-start=\"1084\" data-end=\"1111\">Presi\u00f3n de vapor: 6 bares<\/p>\n<\/li>\n<li class=\"\" data-start=\"1112\" data-end=\"1157\">\n<p class=\"\" data-start=\"1114\" data-end=\"1157\">Potencia m\u00e1xima de succi\u00f3n (AirWatt): 236<\/p>\n<\/li>\n<li class=\"\" data-start=\"1158\" data-end=\"1194\">\n<p class=\"\" data-start=\"1160\" data-end=\"1194\">Tipo de aspiradora: Multifunci\u00f3n<\/p>\n<\/li>\n<li class=\"\" data-start=\"1195\" data-end=\"1241\">\n<p class=\"\" data-start=\"1197\" data-end=\"1241\">Caracter\u00edsticas especiales: Filtro lavable<\/p>\n<\/li>\n<li class=\"\" data-start=\"1242\" data-end=\"1270\">\n<p class=\"\" data-start=\"1244\" data-end=\"1270\">Tecnolog\u00eda cicl\u00f3nica: S\u00ed<\/p>\n<\/li>\n<li class=\"\" data-start=\"1271\" data-end=\"1310\">\n<p class=\"\" data-start=\"1273\" data-end=\"1310\">Eliminaci\u00f3n de pelo de mascotas: S\u00ed<\/p>\n<\/li>\n<\/ul>\n<h4 class=\"\" data-start=\"1312\" data-end=\"1348\">\ud83d\udd27 <strong data-start=\"1320\" data-end=\"1348\">Controles e indicadores:<\/strong><\/h4>\n<ul data-start=\"1350\" data-end=\"1430\">\n<li class=\"\" data-start=\"1350\" data-end=\"1430\">\n<p class=\"\" data-start=\"1352\" data-end=\"1430\">Indicadores: Luz de control de vapor, indicador de bajo nivel de agua limpia<\/p>\n<\/li>\n<\/ul>\n<h4 class=\"\" data-start=\"1432\" data-end=\"1451\">\u26a1 <strong data-start=\"1439\" data-end=\"1451\">Consumo:<\/strong><\/h4>\n<ul data-start=\"1453\" data-end=\"1538\">\n<li class=\"\" data-start=\"1453\" data-end=\"1488\">\n<p class=\"\" data-start=\"1455\" data-end=\"1488\">Potencia el\u00e9ctrica: 2200 vatios<\/p>\n<\/li>\n<li class=\"\" data-start=\"1489\" data-end=\"1538\">\n<p class=\"\" data-start=\"1491\" data-end=\"1538\">Tipo de fuente de alimentaci\u00f3n: Red el\u00e9ctrica<\/p>\n<\/li>\n<\/ul>\n<h4 class=\"\" data-start=\"1540\" data-end=\"1559\">\ud83e\uddf0 <strong data-start=\"1548\" data-end=\"1559\">Varios:<\/strong><\/h4>\n<ul data-start=\"1561\" data-end=\"1831\">\n<li class=\"\" data-start=\"1561\" data-end=\"1585\">\n<p class=\"\" data-start=\"1563\" data-end=\"1585\">Radio de acci\u00f3n: 9 m<\/p>\n<\/li>\n<li class=\"\" data-start=\"1586\" data-end=\"1831\">\n<p class=\"\" data-start=\"1588\" data-end=\"1831\">Accesorios incluidos: Pa\u00f1o para suelos, mini cepillo turbo, boquilla de vapor, cepillo turbo, boquilla de succi\u00f3n, cepillo multifunci\u00f3n, funda, mopa (x2), cepillo de nailon r\u00edgido (3), lanza pulverizadora doble, cepillo para muebles\/ventanas<\/p>\n<\/li>\n<\/ul>\n<h4 class=\"\" data-start=\"1833\" data-end=\"1864\">\ud83d\udccf <strong data-start=\"1841\" data-end=\"1864\">Dimensiones y peso:<\/strong><\/h4>\n<ul data-start=\"1866\" data-end=\"1939\">\n<li class=\"\" data-start=\"1866\" data-end=\"1882\">\n<p class=\"\" data-start=\"1868\" data-end=\"1882\">Ancho: 51 cm<\/p>\n<\/li>\n<li class=\"\" data-start=\"1883\" data-end=\"1905\">\n<p class=\"\" data-start=\"1885\" data-end=\"1905\">Profundidad: 26 cm<\/p>\n<\/li>\n<li class=\"\" data-start=\"1906\" data-end=\"1923\">\n<p class=\"\" data-start=\"1908\" data-end=\"1923\">Altura: 45 cm<\/p>\n<\/li>\n<li class=\"\" data-start=\"1924\" data-end=\"1939\">\n<p class=\"\" data-start=\"1926\" data-end=\"1939\">Peso: 10 kg<\/p>\n<\/li>\n<\/ul>\n<h4 class=\"\" data-start=\"1941\" data-end=\"1975\">\ud83d\udd0d <strong data-start=\"1949\" data-end=\"1975\">Atributos de b\u00fasqueda:<\/strong><\/h4>\n<p class=\"\" data-start=\"1977\" data-end=\"2026\">Limpieza | Modos de limpieza: h\u00famedo, seco, vapor<\/p>\n","protected":false},"excerpt":{"rendered":"<ul>\n<li data-start=\"56\" data-end=\"95\">\u2705 Env\u00edo gratuito: de 5 a 7 d\u00edas<br \/>\n\u2705 Env\u00edo expr\u00e9s (9\u202f\u20ac): de 2 a 3 d\u00edas<br \/>\n\u2705 Pago seguro<br \/>\n\u2705 Devoluci\u00f3n en 30 d\u00edas<\/li>\n<li class=\"\" data-start=\"56\" data-end=\"95\">\n<p class=\"\" data-start=\"58\" data-end=\"95\"><strong data-start=\"58\" data-end=\"83\">Recolecci\u00f3n de polvo:<\/strong> Sin bolsa<\/p>\n<\/li>\n<li class=\"\" data-start=\"96\" data-end=\"149\">\n<p class=\"\" data-start=\"98\" data-end=\"149\"><strong data-start=\"98\" data-end=\"121\">M\u00e9todo de limpieza:<\/strong> Vapor, en seco, en h\u00famedo<\/p>\n<\/li>\n<li class=\"\" data-start=\"150\" data-end=\"192\">\n<p class=\"\" data-start=\"152\" data-end=\"192\"><strong data-start=\"152\" data-end=\"179\">Capacidad del dep\u00f3sito:<\/strong> 0,8 litros<\/p>\n<\/li>\n<li class=\"\" data-start=\"193\" data-end=\"232\">\n<p class=\"\" data-start=\"195\" data-end=\"232\"><strong data-start=\"195\" data-end=\"218\">Potencia el\u00e9ctrica:<\/strong> 2200 vatios<\/p>\n<\/li>\n<li class=\"\" data-start=\"233\" data-end=\"261\">\n<p class=\"\" data-start=\"235\" data-end=\"261\"><strong data-start=\"235\" data-end=\"254\">Tipo de filtro:<\/strong> HEPA<\/p>\n<\/li>\n<li class=\"\" data-start=\"262\" data-end=\"397\">\n<p class=\"\" data-start=\"264\" data-end=\"397\"><strong data-start=\"264\" data-end=\"291\">Herramientas incluidas:<\/strong> Pa\u00f1o para suelos, mini cepillo turbo, boquilla de vapor, cepillo turbo, boquilla de aspiraci\u00f3n, cepillo<\/p>\n<\/li>\n<\/ul>\n","protected":false},"featured_media":12903,"comment_status":"closed","ping_status":"closed","template":"","meta":[],"product_cat":[99,126],"product_tag":[],"class_list":["post-12681","product","type-product","status-publish","has-post-thumbnail","hentry","product_cat-cuidado-del-suelo","product_cat-limpiador-a-vapor"],"_links":{"self":[{"href":"https:\/\/electro-tot-menage.es\/index.php\/wp-json\/wp\/v2\/product\/12681"}],"collection":[{"href":"https:\/\/electro-tot-menage.es\/index.php\/wp-json\/wp\/v2\/product"}],"about":[{"href":"https:\/\/electro-tot-menage.es\/index.php\/wp-json\/wp\/v2\/types\/product"}],"replies":[{"embeddable":true,"href":"https:\/\/electro-tot-menage.es\/index.php\/wp-json\/wp\/v2\/comments?post=12681"}],"version-history":[{"count":5,"href":"https:\/\/electro-tot-menage.es\/index.php\/wp-json\/wp\/v2\/product\/12681\/revisions"}],"predecessor-version":[{"id":14542,"href":"https:\/\/electro-tot-menage.es\/index.php\/wp-json\/wp\/v2\/product\/12681\/revisions\/14542"}],"wp:featuredmedia":[{"embeddable":true,"href":"https:\/\/electro-tot-menage.es\/index.php\/wp-json\/wp\/v2\/media\/12903"}],"wp:attachment":[{"href":"https:\/\/electro-tot-menage.es\/index.php\/wp-json\/wp\/v2\/media?parent=12681"}],"wp:term":[{"taxonomy":"product_cat","embeddable":true,"href":"https:\/\/electro-tot-menage.es\/index.php\/wp-json\/wp\/v2\/product_cat?post=12681"},{"taxonomy":"product_tag","embeddable":true,"href":"https:\/\/electro-tot-menage.es\/index.php\/wp-json\/wp\/v2\/product_tag?post=12681"}],"curies":[{"name":"wp","href":"https:\/\/api.w.org\/{rel}","templated":true}]}}