{"id":12679,"date":"2023-12-02T11:16:10","date_gmt":"2023-12-02T10:16:10","guid":{"rendered":"https:\/\/electro-tot-menage.es\/?post_type=product&#038;p=12679"},"modified":"2025-05-28T01:41:14","modified_gmt":"2025-05-27T23:41:14","slug":"aspiradora-inalambrica-dyson-v11-absolute-extra-pro-purificador-de-aire-con-ventilador-dyson-pure-cool-me","status":"publish","type":"product","link":"https:\/\/electro-tot-menage.es\/index.php\/produit\/aspiradora-inalambrica-dyson-v11-absolute-extra-pro-purificador-de-aire-con-ventilador-dyson-pure-cool-me\/","title":{"rendered":"Aspiradora inal\u00e1mbrica Dyson V11 Absolute Extra Pro + Purificador de aire con ventilador Dyson Pure Cool Me"},"content":{"rendered":"<p>Informaci\u00f3n del producto<\/p>\n<p>Marca DYSON<br \/>\nGeneralmente<br \/>\nTipo de producto aspiradora<br \/>\nRecogida de polvo sin bolsa<br \/>\nCapacidad del colector 0,76 litros<br \/>\nModo de limpieza en seco<br \/>\nColor Azul\/N\u00edquel<br \/>\nLimpiador tipo escoba\/mano<br \/>\nPotencia m\u00e1xima de succi\u00f3n (vatios de aire) 220<br \/>\nDYSON V11 absolute extra professional<br \/>\nPara m\u00ed, DYSON es simplemente genial.<\/p>\n","protected":false},"excerpt":{"rendered":"<p>\u2705 Env\u00edo gratuito: de 5 a 7 d\u00edas<br \/>\n\u2705 Env\u00edo expr\u00e9s (9\u202f\u20ac): de 2 a 3 d\u00edas<br \/>\n\u2705 Pago seguro<br \/>\n\u2705 Devoluci\u00f3n en 30 d\u00edas<\/p>\n<p>Este paquete incluye: \u2013 una aspiradora inal\u00e1mbrica V11 Absolute Extra Pro con dos bater\u00edas y una estaci\u00f3n de almacenamiento \u2013 un purificador de aire con ventilador Dyson Pure Cool MeTM: ventila el aire purificado a tu alrededor<\/p>\n","protected":false},"featured_media":12894,"comment_status":"closed","ping_status":"closed","template":"","meta":[],"product_cat":[101,99],"product_tag":[],"class_list":["post-12679","product","type-product","status-publish","has-post-thumbnail","hentry","product_cat-aspiradora-escoba","product_cat-cuidado-del-suelo"],"_links":{"self":[{"href":"https:\/\/electro-tot-menage.es\/index.php\/wp-json\/wp\/v2\/product\/12679"}],"collection":[{"href":"https:\/\/electro-tot-menage.es\/index.php\/wp-json\/wp\/v2\/product"}],"about":[{"href":"https:\/\/electro-tot-menage.es\/index.php\/wp-json\/wp\/v2\/types\/product"}],"replies":[{"embeddable":true,"href":"https:\/\/electro-tot-menage.es\/index.php\/wp-json\/wp\/v2\/comments?post=12679"}],"version-history":[{"count":4,"href":"https:\/\/electro-tot-menage.es\/index.php\/wp-json\/wp\/v2\/product\/12679\/revisions"}],"predecessor-version":[{"id":14503,"href":"https:\/\/electro-tot-menage.es\/index.php\/wp-json\/wp\/v2\/product\/12679\/revisions\/14503"}],"wp:featuredmedia":[{"embeddable":true,"href":"https:\/\/electro-tot-menage.es\/index.php\/wp-json\/wp\/v2\/media\/12894"}],"wp:attachment":[{"href":"https:\/\/electro-tot-menage.es\/index.php\/wp-json\/wp\/v2\/media?parent=12679"}],"wp:term":[{"taxonomy":"product_cat","embeddable":true,"href":"https:\/\/electro-tot-menage.es\/index.php\/wp-json\/wp\/v2\/product_cat?post=12679"},{"taxonomy":"product_tag","embeddable":true,"href":"https:\/\/electro-tot-menage.es\/index.php\/wp-json\/wp\/v2\/product_tag?post=12679"}],"curies":[{"name":"wp","href":"https:\/\/api.w.org\/{rel}","templated":true}]}}