{"id":12641,"date":"2023-12-02T11:15:44","date_gmt":"2023-12-02T10:15:44","guid":{"rendered":"https:\/\/electro-tot-menage.es\/?post_type=product&#038;p=12641"},"modified":"2025-05-28T01:43:05","modified_gmt":"2025-05-27T23:43:05","slug":"aspirateur-balai-sans-fil-8000-series-xc8049-01-philips","status":"publish","type":"product","link":"https:\/\/electro-tot-menage.es\/index.php\/produit\/aspirateur-balai-sans-fil-8000-series-xc8049-01-philips\/","title":{"rendered":"Aspiradora de varilla inal\u00e1mbrica \u2013 Serie 8000 \u2013 XC8049\/01 | Philips"},"content":{"rendered":"<p>Una casa completamente limpia.<br \/>\nM\u00e1xima potencia de larga duraci\u00f3n*.<br \/>\nCepillo de succi\u00f3n de 360\u00b0<br \/>\nHasta 70 min, 28 min en modo Turbo<br \/>\nMini cepillo turbo, kit para coche<br \/>\nFiltro adicional<br \/>\nModo Turbo de larga duraci\u00f3n: m\u00e1s de 125 m\u00b2 por carga<\/p>\n<p>Para un rendimiento \u00f3ptimo, es mejor utilizar la configuraci\u00f3n M\u00c1XIMA en su dispositivo. Esto no siempre es posible con una aspiradora inal\u00e1mbrica, ya que la duraci\u00f3n de la bater\u00eda en modo Turbo suele ser baja. Sin embargo, imagina una aspiradora inal\u00e1mbrica con la autonom\u00eda necesaria para limpiar toda tu casa de una sola pasada. Gracias a su bater\u00eda de iones de litio de \u00faltima generaci\u00f3n, este aparato ofrece una autonom\u00eda inigualable para un aspirador escoba en posici\u00f3n MAX*, para limpiar m\u00e1s de 125 m\u00b2 con una sola carga.<\/p>\n<p>La bater\u00eda de iones de litio proporciona hasta 70 minutos de autonom\u00eda.<\/p>\n<p>Diferentes necesidades requieren diferentes opciones. Nuestras robustas y duraderas bater\u00edas de iones de litio de 25,2 V proporcionan hasta 70 minutos de funcionamiento en modo Eco, 35 minutos en modo Normal y 28 minutos en modo Turbo, antes de necesitar recargarse.<\/p>\n<p>Aspira hasta el 99,7 % del polvo y la suciedad con cada pasada*<\/p>\n<p>Cuando est\u00e1s limpiando, quieres estar seguro de que toda la suciedad del piso sea aspirada de una sola pasada por tu m\u00e1quina, sin tener que hacer varias pasadas sobre la misma superficie. El cepillo universal de 360\u00b0 elimina hasta el 99,7 % del polvo y la suciedad en cada pasada, \u00a1sin dejar nada en el suelo! \u00a1Su tecnolog\u00eda patentada de succi\u00f3n 360\u00b0 le permite aspirar m\u00e1s polvo y suciedad de todos los lados del cepillo, para optimizar cada uno de tus movimientos!<\/p>\n<p>Revela el polvo oculto con LED en el cepillo<\/p>\n<p>\u00bfQu\u00e9 har\u00edas si descubrieras que tu suelo est\u00e1 cubierto de polvo y suciedad invisibles? La mayor parte de la suciedad no es visible a simple vista. Ahora el polvo, la pelusa, el pelo y las migas son f\u00e1ciles de localizar y aspirar gracias a los LED del cepillo. Los LED del cepillo revelan el polvo y la suciedad ocultos, ayud\u00e1ndote a limpiar cualquier superficie en cualquier momento.<\/p>\n<p>PowerCyclone 10 mantiene una mayor potencia de succi\u00f3n durante m\u00e1s tiempo<\/p>\n<p>Nuestra \u00faltima tecnolog\u00eda sin bolsa, Philips PowerCyclone 10, ahora est\u00e1 integrada en una aspiradora inal\u00e1mbrica. Philips PowerCyclone 10 mantiene una succi\u00f3n m\u00e1s potente durante m\u00e1s tiempo, con un 30 % m\u00e1s de eficiencia.<\/p>\n<p>Motor digital PowerBlade, f\u00e1cil de controlar a trav\u00e9s de la pantalla inteligente<\/p>\n<p>El motor digital PowerBlade genera un flujo de aire extremadamente alto que permite que el cepillo aspire m\u00e1s polvo y suciedad de todos los lados. \u00a1La pantalla digital inteligente le brinda la posibilidad de monitorear constantemente el motor y ajustar su velocidad seg\u00fan sus necesidades! Nuestra pantalla digital inteligente le avisar\u00e1 cuando el filtro necesite limpieza. El indicador de limpieza del filtro le ayudar\u00e1 a realizar el mantenimiento del producto para garantizar un rendimiento \u00f3ptimo.<\/p>\n<p>Cepillo y herramienta para grietas integrados, adem\u00e1s de accesorios adicionales<\/p>\n<p>Diferentes superficies requieren diferentes cepillos y accesorios. En las aspiradoras de escoba Philips, los accesorios son acoplables, f\u00e1ciles de usar y est\u00e1n siempre al alcance, ya sea la peque\u00f1a herramienta para rincones integrada en la aspiradora o el cepillo integrado en el tubo. Si es necesario, tambi\u00e9n puedes utilizar el mini cepillo Turbo, ideal para eliminar el pelo de las mascotas, y la herramienta para grietas extra larga para zonas de dif\u00edcil acceso.<\/p>\n<p>Acceso completo a todas partes, incluso debajo de muebles bajos.<\/p>\n<p>La aspiradora inal\u00e1mbrica Philips Serie 8000 es flexible y f\u00e1cil de maniobrar en rincones estrechos y \u00e1reas de dif\u00edcil acceso. El contenedor de polvo est\u00e1 ubicado en la parte superior de la aspiradora inal\u00e1mbrica, lo que le permite aumentar su inclinaci\u00f3n o incluso colocarla en el piso para limpiar debajo de los muebles.<\/p>\n","protected":false},"excerpt":{"rendered":"<p><strong>\u2705 Env\u00edo gratuito: de 5 a 7 d\u00edas<br \/>\n\u2705 Env\u00edo expr\u00e9s (9\u202f\u20ac): de 2 a 3 d\u00edas<br \/>\n\u2705 Pago seguro<br \/>\n\u2705 Devoluci\u00f3n en 30 d\u00edas<\/strong><\/p>\n<p><strong>Una casa completamente limpia.<\/strong><\/p>\n<p class=\"p-body-copy-02\">Limpia toda tu casa con m\u00e1xima potencia con una sola carga gracias a la aspiradora sin cable Philips serie 8000. Es la \u00fanica aspiradora escoba recargable de alta potencia capaz de limpiar m\u00e1s de 125 m\u00b2 con una sola carga*, gracias a su cepillo de succi\u00f3n de 360\u00b0.<\/p>\n","protected":false},"featured_media":12886,"comment_status":"closed","ping_status":"closed","template":"","meta":[],"product_cat":[101,99],"product_tag":[],"class_list":["post-12641","product","type-product","status-publish","has-post-thumbnail","hentry","product_cat-aspiradora-escoba","product_cat-cuidado-del-suelo"],"_links":{"self":[{"href":"https:\/\/electro-tot-menage.es\/index.php\/wp-json\/wp\/v2\/product\/12641"}],"collection":[{"href":"https:\/\/electro-tot-menage.es\/index.php\/wp-json\/wp\/v2\/product"}],"about":[{"href":"https:\/\/electro-tot-menage.es\/index.php\/wp-json\/wp\/v2\/types\/product"}],"replies":[{"embeddable":true,"href":"https:\/\/electro-tot-menage.es\/index.php\/wp-json\/wp\/v2\/comments?post=12641"}],"version-history":[{"count":3,"href":"https:\/\/electro-tot-menage.es\/index.php\/wp-json\/wp\/v2\/product\/12641\/revisions"}],"predecessor-version":[{"id":14504,"href":"https:\/\/electro-tot-menage.es\/index.php\/wp-json\/wp\/v2\/product\/12641\/revisions\/14504"}],"wp:featuredmedia":[{"embeddable":true,"href":"https:\/\/electro-tot-menage.es\/index.php\/wp-json\/wp\/v2\/media\/12886"}],"wp:attachment":[{"href":"https:\/\/electro-tot-menage.es\/index.php\/wp-json\/wp\/v2\/media?parent=12641"}],"wp:term":[{"taxonomy":"product_cat","embeddable":true,"href":"https:\/\/electro-tot-menage.es\/index.php\/wp-json\/wp\/v2\/product_cat?post=12641"},{"taxonomy":"product_tag","embeddable":true,"href":"https:\/\/electro-tot-menage.es\/index.php\/wp-json\/wp\/v2\/product_tag?post=12641"}],"curies":[{"name":"wp","href":"https:\/\/api.w.org\/{rel}","templated":true}]}}