{"id":12639,"date":"2023-12-02T11:15:43","date_gmt":"2023-12-02T10:15:43","guid":{"rendered":"https:\/\/electro-tot-menage.es\/?post_type=product&#038;p=12639"},"modified":"2025-05-28T01:44:30","modified_gmt":"2025-05-27T23:44:30","slug":"aspirateur-balai-dyson-v11-absolute-gris-bleu","status":"publish","type":"product","link":"https:\/\/electro-tot-menage.es\/index.php\/produit\/aspirateur-balai-dyson-v11-absolute-gris-bleu\/","title":{"rendered":"Aspiradora vertical Dyson V11 Absolute gris\/azul"},"content":{"rendered":"<p>Descripci\u00f3n \u2013 DYSON \u2013 V11 Absolute Grey\/Blue<br \/>\nGarant\u00eda de 2 a\u00f1os<br \/>\nBeneficios de la aspiradora vertical Dyson V11 Absolute gris\/azul:<br \/>\nLigero y pr\u00e1ctico<br \/>\nInal\u00e1mbrico<br \/>\nPoderoso<br \/>\nSistema de optimizaci\u00f3n del rendimiento<br \/>\nF\u00e1cil recarga y almacenamiento.<br \/>\nUsar:<\/p>\n<p>Esta aspiradora de escoba ligera, pr\u00e1ctica y potente le permitir\u00e1 limpiar su hogar de forma f\u00e1cil y completa. Gracias a sus accesorios suministrados se adapta a todas las superficies.<\/p>\n<p>La aspiradora vertical Dyson V11 Absolute le ayuda a quitar el polvo y limpiar su hogar.\u00a0Ligero y manejable, este modelo sin cable le permite una gran movilidad y se desliza sobre todas las superficies: parquet, baldosas, moquetas, alfombras, etc.<\/p>\n<p>Potente y eficiente:<\/p>\n<p>Su motor digital Dyson de 185 AW gira hasta 60 veces por segundo. Directamente alineado con el colector y los 14 ciclones, produce m\u00e1s de 79.000 G de fuerza de succi\u00f3n. Con tanta potencia, este dispositivo aspira todo el polvo y las migas que encuentra a su paso. Incluso puede atrapar part\u00edculas microsc\u00f3picas menores de 0,3 micrones gracias a su filtro HEPA. Su dise\u00f1o ac\u00fastico absorbe las vibraciones y minimiza el ruido emitido.<\/p>\n<p>Aut\u00f3nomo e inteligente:<\/p>\n<p>Equipada con una bater\u00eda de siete celdas hecha de aleaci\u00f3n de n\u00edquel-cobalto-aluminio, la aspiradora vertical Dyson V11 Absolute puede limpiar y quitar el polvo durante hasta una hora con una potencia que no falla. Gracias a un sistema de optimizaci\u00f3n espec\u00edfico de Dyson, esta autonom\u00eda puede ampliarse. Dependiendo de tus tareas, este dispositivo tambi\u00e9n ofrece varios modos de limpieza ajustando su potencia y autonom\u00eda. Su rendimiento se muestra en tiempo real en una peque\u00f1a pantalla LCD.<\/p>\n<p>Siempre pr\u00e1ctico:<\/p>\n<p>Esta aspiradora de escoba ocupa poco espacio y se recarga autom\u00e1ticamente gracias a su estaci\u00f3n de pared.\u00a0No es necesario desenchufarlo, la carga se detiene una vez que la bater\u00eda est\u00e1 llena. Adem\u00e1s, viene con varios accesorios que te permiten limpiar todas las superficies y rincones de tu interior. El vaciado del contenedor se realiza de forma higi\u00e9nica.<\/p>\n<p>Caracter\u00edsticas :<br \/>\nMarca: Dyson<br \/>\nRango: V11 Absolute<br \/>\nPotencia m\u00e1xima de succi\u00f3n: 185 AW<br \/>\nVolumen del colector: 0,76 L<br \/>\nTecnolog\u00eda cicl\u00f3nica: 14 ciclones conc\u00e9ntricos<br \/>\nAutonom\u00eda: hasta 60 min<br \/>\nTiempo de carga: 4,5 horas<br \/>\nFiltraci\u00f3n: sistema de filtraci\u00f3n completo<br \/>\nCepillo principal: alto torque<br \/>\nPeso: 3,05 kg<br \/>\nDimensiones: 126 x 125 x 26 cm<\/p>\n<p>Ficha t\u00e9cnica \u2013 DYSON \u2013 V11 Absolute Grey\/Blue<br \/>\nPeso<br \/>\n3.05<br \/>\nAncho<br \/>\n26.1<br \/>\nTiempo de carga<br \/>\n4.3<br \/>\nAltura<br \/>\n126.1<br \/>\nCapacidad<br \/>\n0,76<br \/>\nCapacidad<br \/>\n0,76<br \/>\nSoporte de carga<br \/>\nEstaci\u00f3n de pared<br \/>\nPincel iluminado<br \/>\nPincel sin iluminaci\u00f3n<br \/>\nAspiradora de mano incorporada<br \/>\nCon aspiradora de mano<br \/>\nAccesorios para aspiradoras<br \/>\nOtros pinceles espec\u00edficos<br \/>\nColor<br \/>\nGris\/Azul<br \/>\nProfundidad<br \/>\n25<br \/>\nFunci\u00f3n de aspiradora<br \/>\nAspirante<br \/>\nInal\u00e1mbrico<br \/>\nInal\u00e1mbrico<br \/>\nBolsa<br \/>\nSin bolsa<br \/>\nConectado<br \/>\nNo conectado<br \/>\nAutonom\u00eda<br \/>\n60<br \/>\nNivel de sonido<br \/>\n74<br \/>\nPotencia (voltios)<br \/>\n29.4<\/p>\n","protected":false},"excerpt":{"rendered":"<p>\u2705 Env\u00edo gratuito: de 5 a 7 d\u00edas<br \/>\n\u2705 Env\u00edo expr\u00e9s (9\u202f\u20ac): de 2 a 3 d\u00edas<br \/>\n\u2705 Pago seguro<br \/>\n\u2705 Devoluci\u00f3n en 30 d\u00edas<\/p>\n<p>Aspiradora escoba V11 Absolute Dyson Gris\/Azul. Est\u00e1 equipada con un motor potente, un sistema de optimizaci\u00f3n del rendimiento y varios accesorios pr\u00e1cticos.<\/p>\n","protected":false},"featured_media":12874,"comment_status":"closed","ping_status":"closed","template":"","meta":[],"product_cat":[101,99],"product_tag":[],"class_list":["post-12639","product","type-product","status-publish","has-post-thumbnail","hentry","product_cat-aspiradora-escoba","product_cat-cuidado-del-suelo"],"_links":{"self":[{"href":"https:\/\/electro-tot-menage.es\/index.php\/wp-json\/wp\/v2\/product\/12639"}],"collection":[{"href":"https:\/\/electro-tot-menage.es\/index.php\/wp-json\/wp\/v2\/product"}],"about":[{"href":"https:\/\/electro-tot-menage.es\/index.php\/wp-json\/wp\/v2\/types\/product"}],"replies":[{"embeddable":true,"href":"https:\/\/electro-tot-menage.es\/index.php\/wp-json\/wp\/v2\/comments?post=12639"}],"version-history":[{"count":4,"href":"https:\/\/electro-tot-menage.es\/index.php\/wp-json\/wp\/v2\/product\/12639\/revisions"}],"predecessor-version":[{"id":14505,"href":"https:\/\/electro-tot-menage.es\/index.php\/wp-json\/wp\/v2\/product\/12639\/revisions\/14505"}],"wp:featuredmedia":[{"embeddable":true,"href":"https:\/\/electro-tot-menage.es\/index.php\/wp-json\/wp\/v2\/media\/12874"}],"wp:attachment":[{"href":"https:\/\/electro-tot-menage.es\/index.php\/wp-json\/wp\/v2\/media?parent=12639"}],"wp:term":[{"taxonomy":"product_cat","embeddable":true,"href":"https:\/\/electro-tot-menage.es\/index.php\/wp-json\/wp\/v2\/product_cat?post=12639"},{"taxonomy":"product_tag","embeddable":true,"href":"https:\/\/electro-tot-menage.es\/index.php\/wp-json\/wp\/v2\/product_tag?post=12639"}],"curies":[{"name":"wp","href":"https:\/\/api.w.org\/{rel}","templated":true}]}}