{"id":12638,"date":"2023-12-02T11:15:43","date_gmt":"2023-12-02T10:15:43","guid":{"rendered":"https:\/\/electro-tot-menage.es\/?post_type=product&#038;p=12638"},"modified":"2025-05-28T01:46:16","modified_gmt":"2025-05-27T23:46:16","slug":"aspirateur-balai-dyson-v11-animal-plus-violet-2","status":"publish","type":"product","link":"https:\/\/electro-tot-menage.es\/index.php\/produit\/aspirateur-balai-dyson-v11-animal-plus-violet-2\/","title":{"rendered":"Aspiradora inal\u00e1mbrica Dyson V11 Animal Plus Purple"},"content":{"rendered":"<p>Descripci\u00f3n \u2013 DYSON \u2013 V11 Animal Plus P\u00farpura<br \/>\nGarant\u00eda de 2 a\u00f1os<\/p>\n<p>Beneficios de la aspiradora de varilla Dyson V11 Animal Plus morada:<br \/>\nMotor potente<br \/>\nUso inal\u00e1mbrico<br \/>\nAspiradora de mano desmontable<br \/>\nFiltro HEPA<br \/>\nPantalla LCD<br \/>\nUsar:<\/p>\n<p>Esta aspiradora de escoba le ayuda con las tareas del hogar, sin importar cu\u00e1n grandes o peque\u00f1as sean. Este modelo es adecuado para aspirar polvo en alfombras, tapetes, techos y todo tipo de suelos.<\/p>\n<p>Equipado con equipos de \u00faltima generaci\u00f3n:<\/p>\n<p>La aspiradora de escoba Dyson V11 Animal Plus se destaca de otros modelos por su pantalla LCD que permite ajustar f\u00e1cilmente los modos de limpieza: Boost, Med y Eco. Esta pantalla tambi\u00e9n muestra un informe inteligente del rendimiento del dispositivo a medida que se utiliza.<\/p>\n<p>Este electrodom\u00e9stico tambi\u00e9n cuenta con un potente e ingenioso motor V11. Su conducto es lo suficientemente ancho para permitir el paso de part\u00edculas grandes. El cepillo de accionamiento directo presenta cerdas de nailon r\u00edgidas y recubiertas y cerdas de fibra de carbono.\u00a0Adecuado para todo tipo de suelos, este accesorio elimina el polvo de superficies duras y toda la suciedad incrustada en sus alfombras y tapetes.\u00a0La boquilla larga y el mini cepillo motorizado est\u00e1n dise\u00f1ados para limpiar lugares estrechos. En cuanto al mini cepillo suave, es eficaz en superficies delicadas.<\/p>\n<p>Funciona eficientemente:<\/p>\n<p>La aspiradora de escoba V11 Animal Plus lleva a cabo su misi\u00f3n bas\u00e1ndose en la tecnolog\u00eda de succi\u00f3n multicicl\u00f3nica.\u00a0De hecho, est\u00e1 equipado con 14 ciclones que generan movimientos rotacionales, con aceleraciones de hasta 79.000G. Este dispositivo ofrece una potencia m\u00e1xima de 545 vatios.\u00a0Con su bater\u00eda de litio de siete celdas, puede funcionar continuamente durante 60 minutos.<\/p>\n<p>Gracias al filtro HEPA integrado, este modelo aspira y atrapa incluso las part\u00edculas m\u00e1s peque\u00f1as como bacterias y polen. As\u00ed, con esta aspiradora de escoba, podr\u00e1s disfrutar de un suelo y una alfombra limpios. Adem\u00e1s, respiras un aire m\u00e1s sano.<\/p>\n<p>Caracter\u00edsticas :<br \/>\nTecnolog\u00eda de succi\u00f3n: multicicl\u00f3nica<br \/>\nMotor: motor digital V11<br \/>\nPotencia m\u00e1xima: 545 W<br \/>\nPotencia: 29,4 V<br \/>\nBater\u00eda: Litio<br \/>\nAutonom\u00eda: 60 min<br \/>\nTiempo de carga: 4 h 18 min<br \/>\nN\u00famero de velocidades: 2 velocidades y 1 booster<br \/>\nCapacidad de la bolsa\/contenedor: 0,8 L<br \/>\nCepillo principal: cepillo motorizado<br \/>\nNivel de sonido: 74 dB<br \/>\nPeso neto: 2 kg<br \/>\nColor: Morado<br \/>\nDimensiones: 26,1 x 126,1 x 25 cm<\/p>\n<p>&nbsp;<\/p>\n<p>Ficha t\u00e9cnica \u2013 DYSON \u2013 V11 Animal Plus Purple<br \/>\nColor<br \/>\nP\u00farpura<br \/>\nProfundidad<br \/>\n25<br \/>\nAltura<br \/>\n126.1<br \/>\nPosici\u00f3n de estacionamiento<br \/>\nSin posici\u00f3n de estacionamiento<br \/>\nSoporte de carga<br \/>\nEstaci\u00f3n de pared<br \/>\nPincel iluminado<br \/>\nPincel sin iluminaci\u00f3n<br \/>\nAspiradora de mano incorporada<br \/>\nCon aspiradora de mano<br \/>\nTiempo de carga<br \/>\n4<br \/>\nAccesorios para aspiradoras<br \/>\nOtros pinceles espec\u00edficos<br \/>\nFunci\u00f3n de aspiradora<br \/>\nAspirante<br \/>\nPeso<br \/>\n2<br \/>\nInal\u00e1mbrico<br \/>\nInal\u00e1mbrico<br \/>\nCapacidad<br \/>\n8<br \/>\nBolsa<br \/>\nSin bolsa<br \/>\nConectado<br \/>\nNo conectado<br \/>\nTipo de bater\u00eda<br \/>\nBater\u00eda<br \/>\nCapacidad<br \/>\n8<br \/>\nAutonom\u00eda<br \/>\n60<br \/>\nNivel de sonido<br \/>\n74<br \/>\nPotencia (voltios)<br \/>\n29.4<br \/>\nColor<br \/>\nP\u00farpura<br \/>\nProfundidad<br \/>\n25<br \/>\nAltura<br \/>\n126.1<br \/>\nPosici\u00f3n de estacionamiento<br \/>\nSin posici\u00f3n de estacionamiento<\/p>\n","protected":false},"excerpt":{"rendered":"<p>\u2705 Env\u00edo gratuito: de 5 a 7 d\u00edas<br \/>\n\u2705 Env\u00edo expr\u00e9s (9\u202f\u20ac): de 2 a 3 d\u00edas<br \/>\n\u2705 Pago seguro<br \/>\n\u2705 Devoluci\u00f3n en 30 d\u00edas<\/p>\n<p><strong>Aspiradora escoba V11 Animal Plus Dyson Violeta, equipada con tecnolog\u00edas avanzadas como la pantalla LCD y el motor potente. Sigue siendo pr\u00e1ctica gracias a su dise\u00f1o sin cable y sin bolsa.<\/strong><\/p>\n","protected":false},"featured_media":12869,"comment_status":"closed","ping_status":"closed","template":"","meta":[],"product_cat":[101,99],"product_tag":[],"class_list":["post-12638","product","type-product","status-publish","has-post-thumbnail","hentry","product_cat-aspiradora-escoba","product_cat-cuidado-del-suelo"],"_links":{"self":[{"href":"https:\/\/electro-tot-menage.es\/index.php\/wp-json\/wp\/v2\/product\/12638"}],"collection":[{"href":"https:\/\/electro-tot-menage.es\/index.php\/wp-json\/wp\/v2\/product"}],"about":[{"href":"https:\/\/electro-tot-menage.es\/index.php\/wp-json\/wp\/v2\/types\/product"}],"replies":[{"embeddable":true,"href":"https:\/\/electro-tot-menage.es\/index.php\/wp-json\/wp\/v2\/comments?post=12638"}],"version-history":[{"count":3,"href":"https:\/\/electro-tot-menage.es\/index.php\/wp-json\/wp\/v2\/product\/12638\/revisions"}],"predecessor-version":[{"id":14506,"href":"https:\/\/electro-tot-menage.es\/index.php\/wp-json\/wp\/v2\/product\/12638\/revisions\/14506"}],"wp:featuredmedia":[{"embeddable":true,"href":"https:\/\/electro-tot-menage.es\/index.php\/wp-json\/wp\/v2\/media\/12869"}],"wp:attachment":[{"href":"https:\/\/electro-tot-menage.es\/index.php\/wp-json\/wp\/v2\/media?parent=12638"}],"wp:term":[{"taxonomy":"product_cat","embeddable":true,"href":"https:\/\/electro-tot-menage.es\/index.php\/wp-json\/wp\/v2\/product_cat?post=12638"},{"taxonomy":"product_tag","embeddable":true,"href":"https:\/\/electro-tot-menage.es\/index.php\/wp-json\/wp\/v2\/product_tag?post=12638"}],"curies":[{"name":"wp","href":"https:\/\/api.w.org\/{rel}","templated":true}]}}