{"id":12636,"date":"2023-12-02T11:15:43","date_gmt":"2023-12-02T10:15:43","guid":{"rendered":"https:\/\/electro-tot-menage.es\/?post_type=product&#038;p=12636"},"modified":"2025-05-28T03:51:23","modified_gmt":"2025-05-28T01:51:23","slug":"lavadora-frontal-sharp-eshfb7143wd","status":"publish","type":"product","link":"https:\/\/electro-tot-menage.es\/index.php\/produit\/lavadora-frontal-sharp-eshfb7143wd\/","title":{"rendered":"Lavadora frontal SHARP ESHFB7143WD"},"content":{"rendered":"<p>CARACTER\u00cdSTICAS<br \/>\nGENERAL<br \/>\nTipo Lavadora de carga frontal<br \/>\nFunci\u00f3n de secado No<br \/>\nTipo de carga frontal<br \/>\nCapacidad de lavado 7 kg<br \/>\nClase de eficiencia energ\u00e9tica D<br \/>\nClase de eficiencia de lavado N\/C<br \/>\nVelocidad de centrifugado 1400 rpm<br \/>\nClase de eficiencia de centrifugado B<br \/>\nNivel de ruido de lavado (dB) 58<br \/>\nM\u00e1x. nivel de sonido (dB) 79<br \/>\nClase de emisi\u00f3n de ruido (en hilatura) C<br \/>\nConso. energ\u00eda\/100 ciclos (kWh) 69<br \/>\nConso. ciclo del agua &#8221;Eco 40-60&#8221; (L\/ciclo) 45<br \/>\nTiempo de ciclo &#8221;Eco 40-60&#8221; (h:min) 3:25<br \/>\nVolumen del tambor (L) 49<br \/>\nLavadora conectada No<br \/>\nProgramador electr\u00f3nico S\u00ed<br \/>\nColor blanco<br \/>\nPROGRAMAS<br \/>\nN\u00famero de programas: 15<br \/>\nAlgod\u00f3n S\u00ed<br \/>\nSint\u00e9ticos S\u00ed<br \/>\nDelicado S\u00ed<br \/>\nLana S\u00ed<br \/>\nR\u00e1pido s\u00ed<br \/>\nS\u00ed Camisas<br \/>\nMixto S\u00ed<br \/>\nProgramas especiales Algod\u00f3n 90\u00b0C, Prelavado Algod\u00f3n 60\u00b0C, Algod\u00f3n 60\u00b0C, Eco 40-60\u00b0C, Algod\u00f3n 20\u00b0C, Sint\u00e9tico 40\u00b0C, Lana 30\u00b0C, Aclarado, Centrifugado, AllergySmart, SuperJet 15&#8242;<br \/>\nTECLAS \/ OPCIONES<br \/>\nSalida retrasada S\u00ed<br \/>\nTipo de salida retrasada 23 h<br \/>\nF\u00e1cil planchado S\u00ed<br \/>\nTeclas especiales Funci\u00f3n antial\u00e9rgica, sistema EcoLogic, WaveCabinet<br \/>\nPANTALLA Y PANTALLA<br \/>\nPantalla S\u00ed<br \/>\nLuces indicadoras del ciclo de lavado<br \/>\nEQUIPO<br \/>\nMaterial del tanque: acero inoxidable<br \/>\nSEGURIDAD<br \/>\nSeguridad contra desbordamiento S\u00ed<br \/>\nDetector antidesequilibrio S\u00ed<br \/>\nDetector antiespumante S\u00ed<br \/>\nSeguridad infantil S\u00ed<br \/>\nDIMENSIONES Y PESO<br \/>\nAltura (cm) 84,5<br \/>\nAncho (cm) 59,7<br \/>\nProfundidad (cm) 52,7<br \/>\nPeso (kg) 62,5<br \/>\nNORMAS EUROPEAS (marzo de 2021)<br \/>\nCapacidad nominal del programa &#8220;Eco 40-60&#8243; (kg) 7<br \/>\nIEEE 80<br \/>\nClase de eficiencia energ\u00e9tica D<br \/>\n\u00cdndice de eficiencia de lavado 1.040<br \/>\nEficiencia de enjuague (g\/kg) 5<br \/>\nConso. energ\u00eda ponderada por 100 ciclos (kWh) 69<br \/>\nConso. Consumo energ\u00e9tico del ciclo de lavado &#8221;Eco 40-60&#8221; (kWh) 0,69<br \/>\nConso. agua ponderada por ciclo (litros) 45<br \/>\nTemperatura. m\u00e1x. (\u00b0C) en el interior del textil tratado (capacidad nominal) 44<br \/>\nTemperatura. m\u00e1x. (\u00b0C) en el interior del tejido tratado (mitad) 29<br \/>\nTemperatura. m\u00e1x. (\u00b0C) en el interior del textil tratado (cuarto) 20<br \/>\nContenido de humedad residual ponderado (%) 53,4<br \/>\nVelocidad de centrifugado (rpm) 1330<br \/>\nClase de eficiencia de centrifugado B<br \/>\nDuraci\u00f3n del programa &#8221;Eco 40-60&#8221; capacidad nominal (h:min) 3:25<br \/>\nDuraci\u00f3n del programa &#8221;Eco 40-60&#8221; media (h:min) 2:42<br \/>\nDuraci\u00f3n del programa &#8221;Eco 40-60&#8221; cuarto (h:min) 2:40<br \/>\nEmisiones de ruido ac\u00fastico en el aire (dB(A)) 79<br \/>\nClase C de emisi\u00f3n de ruido ac\u00fastico a\u00e9reo<br \/>\nModo apagado (W) 0,50<br \/>\nModo de espera (W) 1,00<br \/>\nSalida retrasada (W) 4.00<br \/>\nREPUESTOS Y REPARACIONES<br \/>\n\u00cdndice de reparabilidad (Valoraci\u00f3n \/10) 5,5<br \/>\nFecha de entrada en vigor de la compra del consumidor<br \/>\nDisponibilidad de repuestos (a\u00f1o) 006<\/p>\n","protected":false},"excerpt":{"rendered":"<p>\u2705 Env\u00edo gratuito: de 5 a 7 d\u00edas<br \/>\n\u2705 Env\u00edo expr\u00e9s (9\u202f\u20ac): de 2 a 3 d\u00edas<br \/>\n\u2705 Pago seguro<br \/>\n\u2705 Devoluci\u00f3n en 30 d\u00edas<\/p>\n","protected":false},"featured_media":12848,"comment_status":"closed","ping_status":"closed","template":"","meta":[],"product_cat":[103,104,123],"product_tag":[],"class_list":["post-12636","product","type-product","status-publish","has-post-thumbnail","hentry","product_cat-electrodomesticos-gordos","product_cat-lavadora","product_cat-lavadora-ullauge"],"_links":{"self":[{"href":"https:\/\/electro-tot-menage.es\/index.php\/wp-json\/wp\/v2\/product\/12636"}],"collection":[{"href":"https:\/\/electro-tot-menage.es\/index.php\/wp-json\/wp\/v2\/product"}],"about":[{"href":"https:\/\/electro-tot-menage.es\/index.php\/wp-json\/wp\/v2\/types\/product"}],"replies":[{"embeddable":true,"href":"https:\/\/electro-tot-menage.es\/index.php\/wp-json\/wp\/v2\/comments?post=12636"}],"version-history":[{"count":4,"href":"https:\/\/electro-tot-menage.es\/index.php\/wp-json\/wp\/v2\/product\/12636\/revisions"}],"predecessor-version":[{"id":14578,"href":"https:\/\/electro-tot-menage.es\/index.php\/wp-json\/wp\/v2\/product\/12636\/revisions\/14578"}],"wp:featuredmedia":[{"embeddable":true,"href":"https:\/\/electro-tot-menage.es\/index.php\/wp-json\/wp\/v2\/media\/12848"}],"wp:attachment":[{"href":"https:\/\/electro-tot-menage.es\/index.php\/wp-json\/wp\/v2\/media?parent=12636"}],"wp:term":[{"taxonomy":"product_cat","embeddable":true,"href":"https:\/\/electro-tot-menage.es\/index.php\/wp-json\/wp\/v2\/product_cat?post=12636"},{"taxonomy":"product_tag","embeddable":true,"href":"https:\/\/electro-tot-menage.es\/index.php\/wp-json\/wp\/v2\/product_tag?post=12636"}],"curies":[{"name":"wp","href":"https:\/\/api.w.org\/{rel}","templated":true}]}}