{"id":12328,"date":"2023-12-02T11:12:52","date_gmt":"2023-12-02T10:12:52","guid":{"rendered":"https:\/\/electro-tot-menage.es\/?post_type=product&#038;p=12328"},"modified":"2025-05-28T04:05:36","modified_gmt":"2025-05-28T02:05:36","slug":"refrigerador-multipuerta-samsung-rf24b2660eql","status":"publish","type":"product","link":"https:\/\/electro-tot-menage.es\/index.php\/produit\/refrigerador-multipuerta-samsung-rf24b2660eql\/","title":{"rendered":"Refrigerador multipuerta SAMSUNG RF24B2660EQL"},"content":{"rendered":"<p>CARACTER\u00cdSTICAS<br \/>\nNORMAS EUROPEAS (marzo de 2021)<br \/>\nTipo de construcci\u00f3n Independiente<br \/>\nIEEE 100<br \/>\nVolumen total (L) 674<br \/>\nClase de eficiencia energ\u00e9tica E<br \/>\nNivel de sonido (dB) 38<br \/>\nClase C de emisi\u00f3n de ruido ac\u00fastico a\u00e9reo<br \/>\nConso. energ\u00eda anual (kWh\/a\u00f1o) 338<br \/>\nClase clim\u00e1tica SN-T. Este dispositivo est\u00e1 dise\u00f1ado para utilizarse a una temperatura ambiente entre 10 \u00b0C y 43 \u00b0C.<br \/>\nConfiguraci\u00f3n de invierno No<br \/>\nVolumen del refrigerador (L) 487<br \/>\nTemperatura recomendada para el almacenamiento optimizado de alimentos frescos (\u00b0C) 3<br \/>\nModo de descongelaci\u00f3n autom\u00e1tica del refrigerador<br \/>\nVolumen del congelador (L) 187<br \/>\nTemperatura recomendada para el almacenamiento optimizado de alimentos en el compartimento de 4 estrellas (\u00b0C) -19<br \/>\nModo de descongelaci\u00f3n autom\u00e1tica del congelador<br \/>\nPoder de congelaci\u00f3n espec\u00edfico (kg\/24h) 12<br \/>\nDispositivo de congelaci\u00f3n r\u00e1pida S\u00ed<br \/>\nTipo de fuente de luz LED<br \/>\nFuente de luz de clase de eficiencia energ\u00e9tica G<br \/>\nGENERAL<br \/>\nTipo Frigor\u00edfico multipuerta<br \/>\nTipo de refrigerador Refrigerador multipuerta<br \/>\nClase energ\u00e9tica E<br \/>\nVolumen (L) 674<br \/>\nAutonom\u00eda (h) 10<br \/>\nN\u00famero de puerta(s) 2<br \/>\nRegulaci\u00f3n electr\u00f3nica de la temperatura<br \/>\nConectado S\u00ed<br \/>\nDistribuidor de 3 funciones S\u00ed<br \/>\nBarra empotrada (Home Bar) No<br \/>\nVarios chefs de moda, m\u00e1quinas para hacer bebidas y m\u00e1quinas autom\u00e1ticas para hacer helados.<br \/>\nColor acero inoxidable<br \/>\nREFRIGERADOR<br \/>\nTipo de descongelaci\u00f3n Autom\u00e1tico<br \/>\nRefrigerador ventilado fr\u00edo<br \/>\nN\u00famero total de estantes: 4<br \/>\nN\u00famero de estantes ajustables 1<br \/>\nN\u00famero de balcones de puerta 8<br \/>\nTipo de iluminaci\u00f3n LED<br \/>\nCONGELADOR<br \/>\nN\u00famero de estrellas: 4<br \/>\nPosici\u00f3n del congelador inferior<br \/>\nDescongelaci\u00f3n autom\u00e1tica del congelador<br \/>\nCongelador ventilado fr\u00edo<br \/>\nN\u00famero de caj\u00f3n(es) 2<br \/>\nIluminaci\u00f3n LED para congeladores<br \/>\nEQUIPO<br \/>\nTipo de puerta(s) Acero inoxidable antihuellas<br \/>\nPuerta reversible No<br \/>\nTipo de manija(s) Integrada<br \/>\nDispensador de agua S\u00ed<br \/>\nF\u00e1brica de helados S\u00ed<br \/>\nDispensador de hielo S\u00ed<br \/>\nEquipamiento frigor\u00edfico con 4 cajones incluidos 2 cajones para frutas y verduras, jarra de llenado autom\u00e1tico.<br \/>\nEquipo de congelaci\u00f3n de 2 cajones<br \/>\nTipo de compresor Inverter digital<br \/>\nFUNCIONES<br \/>\nNo hay wifi<br \/>\nRefrigeraci\u00f3n R\u00e1pida o S\u00faper Refrigeraci\u00f3n S\u00ed<br \/>\nCongelador. Congelaci\u00f3n r\u00e1pida o s\u00faper congelaci\u00f3n S\u00ed<br \/>\nAlarma de puerta abierta S\u00ed<br \/>\nAlarma de puerta abierta tipo Audible<br \/>\nPANTALLA Y PANTALLA<br \/>\nPantalla S\u00ed<br \/>\nDIMENSIONES Y PESO<br \/>\nAltura (cm) 177,8<br \/>\nAncho (cm) 90,8<br \/>\nProfundidad (cm) 73<br \/>\nPeso (kg) 146<br \/>\nREPUESTOS Y REPARACIONES<br \/>\nDisponibilidad de repuestos (a\u00f1o) 010<br \/>\nFecha efectiva de compra del consumidor.<\/p>\n","protected":false},"excerpt":{"rendered":"<p>\u2705 Env\u00edo gratuito: de 5 a 7 d\u00edas<br \/>\n\u2705 Env\u00edo expr\u00e9s (9\u202f\u20ac): de 2 a 3 d\u00edas<br \/>\n\u2705 Pago seguro<br \/>\n\u2705 Devoluci\u00f3n en 30 d\u00edas<\/p>\n","protected":false},"featured_media":12560,"comment_status":"closed","ping_status":"closed","template":"","meta":[],"product_cat":[103,115,121],"product_tag":[],"class_list":["post-12328","product","type-product","status-publish","has-post-thumbnail","hentry","product_cat-electrodomesticos-gordos","product_cat-refrigerador","product_cat-refrigerador-multipuerta"],"_links":{"self":[{"href":"https:\/\/electro-tot-menage.es\/index.php\/wp-json\/wp\/v2\/product\/12328"}],"collection":[{"href":"https:\/\/electro-tot-menage.es\/index.php\/wp-json\/wp\/v2\/product"}],"about":[{"href":"https:\/\/electro-tot-menage.es\/index.php\/wp-json\/wp\/v2\/types\/product"}],"replies":[{"embeddable":true,"href":"https:\/\/electro-tot-menage.es\/index.php\/wp-json\/wp\/v2\/comments?post=12328"}],"version-history":[{"count":4,"href":"https:\/\/electro-tot-menage.es\/index.php\/wp-json\/wp\/v2\/product\/12328\/revisions"}],"predecessor-version":[{"id":14591,"href":"https:\/\/electro-tot-menage.es\/index.php\/wp-json\/wp\/v2\/product\/12328\/revisions\/14591"}],"wp:featuredmedia":[{"embeddable":true,"href":"https:\/\/electro-tot-menage.es\/index.php\/wp-json\/wp\/v2\/media\/12560"}],"wp:attachment":[{"href":"https:\/\/electro-tot-menage.es\/index.php\/wp-json\/wp\/v2\/media?parent=12328"}],"wp:term":[{"taxonomy":"product_cat","embeddable":true,"href":"https:\/\/electro-tot-menage.es\/index.php\/wp-json\/wp\/v2\/product_cat?post=12328"},{"taxonomy":"product_tag","embeddable":true,"href":"https:\/\/electro-tot-menage.es\/index.php\/wp-json\/wp\/v2\/product_tag?post=12328"}],"curies":[{"name":"wp","href":"https:\/\/api.w.org\/{rel}","templated":true}]}}